{"id":2233,"date":"2023-08-01T08:24:43","date_gmt":"2023-08-01T06:24:43","guid":{"rendered":"https:\/\/anelsrb.com\/prodavnica\/?page_id=2233"},"modified":"2023-08-02T15:29:28","modified_gmt":"2023-08-02T13:29:28","slug":"kupovina-za-pravna-lica","status":"publish","type":"page","link":"https:\/\/anelsrb.com\/prodavnica\/kupovina-za-pravna-lica\/","title":{"rendered":"Kupovina za pravna lica"},"content":{"rendered":"\n<h4 class=\"wp-block-heading\">Po\u0161tovani klijenti,<\/h4>\n\n\n\n<p><br>Komercijalna slu\u017eba na\u0161e kompanije i sektor prodaje Vas o\u010dekuju da se dogovorimo kako bi postali jedan od na\u0161ih mnogobrojnih, a jednako po\u0161tovanih, bitnih i uva\u017eenih kupaca, koji svoje potrebe za p\u010delarskom opremom podmiruju kupovinom putem na\u0161e veleprodaje. Veliki asortiman proizvoda, povoljne cene, konstantno popunjen lager sa kratkim rokovima isporuke garant su zajedni\u010dkog uspeha. Slu\u017eba prodaje kao i na\u0161a tehni\u010dka podr\u0161ka, specijalizovani su za poslovne korisnike, kojima mogu ponuditi re\u0161enja koja im po ceni i tehni\u010dkim karakteristikama najvi\u0161e odgovaraju.<br>Na samom po\u010detku, saradnje, mo\u017eete nam se obratiti putem e-maila\u00a0<a href=\"mailto:kontakt@anelsrb.\">kontakt@anelsrb.<\/a>com\u00a0ili putem slede\u0107ih telefona\u00a0034\/850-250\u00a0odnosno\u00a0067\/7-850-250\u00a0i zatra\u017eiti od nas aktuelni katalog i cenovnik proizvoda. Dokumenti \u0107e vam biti poslati putem elektronske po\u0161te ili u \u0161tampanom izdanju putem regularne po\u0161te ili kurirske slu\u017ebe, na adresu koju navedete u zahtevu. Sve cene u cenovniku su aktuelne, i va\u017ee od datuma specificiranog na istom, izra\u017eene su kao jedini\u010dne u dinarima ili eurima. Sve veleprodajne cene su izra\u017eene bez PDV-a.<\/p>\n\n\n\n<p><br>Za kupovinu kod nas nije neophodno da dostavljate svoju dokumentaciju, obrazac za identifikaciju i sl. Dovoljno je samo da nam po\u0161aljete podatke pravnog lica i spisak potrebne robe, najbolje koriste\u0107i \u0161ifre iz na\u0161eg kataloga odnosno online prodavnice. Svaki artikal u na\u0161oj ponudi ima jedinstvenu oznaku u vidu \u0161ifre na koju je dovoljno pozvati se prilikom naru\u010divanja. Ako se pak ne sna\u0111ete u naru\u010divanju putem \u0161ifara, nije problem ni da nam uputite narud\u017ebinu u obliku i formi koja vama odgovara, a na\u0161e ljubazno osoblje \u0107e vas kontaktirati i precizirati zajedno sa vama ta\u010dno koji proizvod vam je potreban.<br>Ukoliko nam se obra\u0107ate sa namerom dugoro\u010dne saradnje i snabdevanja va\u0161ih objekata robom iz na\u0161eg asortimana ili iz razloga otvaranja novog prodajnog objekta, mo\u017eemo na osnovu va\u0161ih potreba i obostranih interesa zaklju\u010diti ugovor o snabdevanju kojim \u0107emo nedvosmisleno definisati na\u0161e odnose na na\u010din koji Vama najvi\u0161e odgovara, i u skladu sa dogovorenim zapo\u010deti, nadamo se, uspe\u0161nu saradnju. Nakon zaklju\u010denja ugovora, saradnja po\u010dinje odmah! Ono \u0161to \u017eelimo da napomenemo jeste da smo izrazito fleksibilni po pitanju zamene ili povra\u0107aja robe, a \u0161to vama kao kupcu mo\u017ee dati jednu sigurnost da iako na\u010dinite gre\u0161ke u nabavci robe, mi smo tu da te gre\u0161ke ispravimo i tako u\u010dinimo da se ose\u0107ate sigurnije uz nas. Robu koju ne prodate, koja ne odgovara va\u0161im zahtevima po pitanju kvaliteta, karakteristika, veli\u010dina, boje i sl. mo\u017eete zameniti za drugu robu ili vratiti, mi smo tu da vam pomognemo da uskladimo va\u0161 asortiman sa potrebama va\u0161ih kupaca. Potrebno je samo da roba koju vra\u0107ate bude u originalnoj ambala\u017ei i ne kori\u0161\u0107ena.<br>Ukoliko \u017eelite saradnju sa nama ili ste se ve\u0107 opredelili za neki od proizvoda i re\u0161enja iz na\u0161e ponude ili imate bilo kakve nedoumice i pitanja u vezi toga, mo\u017eete se obratiti na\u0161oj slu\u017ebi prodaje na e-mail adresu\u00a0<a href=\"mailto:kontakt@anelsrb.\">kontakt@anelsrb.<\/a>com\u00a0ili putem nekog od slede\u0107ih telefona <a href=\"tel:+38134850250\" data-type=\"tel\" data-id=\"tel:+38134850250\">034\/850-250<\/a>, odnosno <a href=\"tel:+381677850250\" data-type=\"tel\" data-id=\"tel:+381677850250\">067\/7-850-250<\/a>.<\/p>\n","protected":false},"excerpt":{"rendered":"<p>Po\u0161tovani klijenti, Komercijalna slu\u017eba na\u0161e kompanije i sektor prodaje Vas o\u010dekuju da se dogovorimo kako bi postali jedan od na\u0161ih mnogobrojnih, a jednako po\u0161tovanih, bitnih i uva\u017eenih kupaca, koji svoje potrebe za p\u010delarskom opremom podmiruju kupovinom putem na\u0161e veleprodaje. Veliki asortiman proizvoda, povoljne cene, konstantno popunjen lager sa kratkim rokovima isporuke garant su zajedni\u010dkog uspeha. [&hellip;]<\/p>\n","protected":false},"author":1,"featured_media":0,"parent":0,"menu_order":0,"comment_status":"closed","ping_status":"closed","template":"","meta":{"site-sidebar-layout":"default","site-content-layout":"","ast-site-content-layout":"default","site-content-style":"default","site-sidebar-style":"default","ast-global-header-display":"","ast-banner-title-visibility":"","ast-main-header-display":"","ast-hfb-above-header-display":"","ast-hfb-below-header-display":"","ast-hfb-mobile-header-display":"","site-post-title":"","ast-breadcrumbs-content":"","ast-featured-img":"","footer-sml-layout":"","ast-disable-related-posts":"","theme-transparent-header-meta":"","adv-header-id-meta":"","stick-header-meta":"","header-above-stick-meta":"","header-main-stick-meta":"","header-below-stick-meta":"","astra-migrate-meta-layouts":"default","ast-page-background-enabled":"default","ast-page-background-meta":{"desktop":{"background-color":"var(--ast-global-color-4)","background-image":"","background-repeat":"repeat","background-position":"center center","background-size":"auto","background-attachment":"scroll","background-type":"","background-media":"","overlay-type":"","overlay-color":"","overlay-opacity":"","overlay-gradient":""},"tablet":{"background-color":"","background-image":"","background-repeat":"repeat","background-position":"center center","background-size":"auto","background-attachment":"scroll","background-type":"","background-media":"","overlay-type":"","overlay-color":"","overlay-opacity":"","overlay-gradient":""},"mobile":{"background-color":"","background-image":"","background-repeat":"repeat","background-position":"center center","background-size":"auto","background-attachment":"scroll","background-type":"","background-media":"","overlay-type":"","overlay-color":"","overlay-opacity":"","overlay-gradient":""}},"ast-content-background-meta":{"desktop":{"background-color":"var(--ast-global-color-5)","background-image":"","background-repeat":"repeat","background-position":"center center","background-size":"auto","background-attachment":"scroll","background-type":"","background-media":"","overlay-type":"","overlay-color":"","overlay-opacity":"","overlay-gradient":""},"tablet":{"background-color":"var(--ast-global-color-5)","background-image":"","background-repeat":"repeat","background-position":"center center","background-size":"auto","background-attachment":"scroll","background-type":"","background-media":"","overlay-type":"","overlay-color":"","overlay-opacity":"","overlay-gradient":""},"mobile":{"background-color":"var(--ast-global-color-5)","background-image":"","background-repeat":"repeat","background-position":"center center","background-size":"auto","background-attachment":"scroll","background-type":"","background-media":"","overlay-type":"","overlay-color":"","overlay-opacity":"","overlay-gradient":""}},"footnotes":""},"class_list":["post-2233","page","type-page","status-publish","hentry"],"_links":{"self":[{"href":"https:\/\/anelsrb.com\/prodavnica\/wp-json\/wp\/v2\/pages\/2233","targetHints":{"allow":["GET"]}}],"collection":[{"href":"https:\/\/anelsrb.com\/prodavnica\/wp-json\/wp\/v2\/pages"}],"about":[{"href":"https:\/\/anelsrb.com\/prodavnica\/wp-json\/wp\/v2\/types\/page"}],"author":[{"embeddable":true,"href":"https:\/\/anelsrb.com\/prodavnica\/wp-json\/wp\/v2\/users\/1"}],"replies":[{"embeddable":true,"href":"https:\/\/anelsrb.com\/prodavnica\/wp-json\/wp\/v2\/comments?post=2233"}],"version-history":[{"count":3,"href":"https:\/\/anelsrb.com\/prodavnica\/wp-json\/wp\/v2\/pages\/2233\/revisions"}],"predecessor-version":[{"id":2281,"href":"https:\/\/anelsrb.com\/prodavnica\/wp-json\/wp\/v2\/pages\/2233\/revisions\/2281"}],"wp:attachment":[{"href":"https:\/\/anelsrb.com\/prodavnica\/wp-json\/wp\/v2\/media?parent=2233"}],"curies":[{"name":"wp","href":"https:\/\/api.w.org\/{rel}","templated":true}]}}