{"id":1189,"date":"2023-01-31T17:02:15","date_gmt":"2023-01-31T16:02:15","guid":{"rendered":"https:\/\/anelsrb.com\/prodavnica\/?post_type=product&#038;p=1189"},"modified":"2025-12-01T07:31:15","modified_gmt":"2025-12-01T06:31:15","slug":"cep-za-ventilaciju-leto-i-prihranu-pcela-anel","status":"publish","type":"product","link":"https:\/\/anelsrb.com\/prodavnica\/product\/cep-za-ventilaciju-leto-i-prihranu-pcela-anel\/","title":{"rendered":"\u010cep za ventilaciju, leto i prihranu p\u010dela ANEL"},"content":{"rendered":"<p>Inovativni novi ANEL proizvod!<br \/>\nOvo je novi ANEL \u010dep za ko\u0161nice koji je ujedno ulaz(leto), ventilacija i \u010dep za prihranu.<br \/>\nVi\u0161estruka upotreba:<br \/>\n\u2022 Ventilacioni paravan i \/ ili mesto za dodatak prihrane.<br \/>\n\u2022 Ako rotirate mehanizam, jednostavnim KLIKOM pretvara se u mali sigurnosni ulaz za p\u010dele.<br \/>\n\u2022 Uklonite mehanizam u potpunosti i mo\u017eete ga koristiti kao veliki ulaz ili \u010dep za prihranu.<\/p>\n<p>Da biste ga primenili u svom p\u010delinjaku, bic\u0301e vam potrebno:<br \/>\n\u2022 Bu\u0161ilica sa testerom za rupu od 43 mm<br \/>\n\u2022 \u010cetiri zavrtnja 3,5 x 13 mm<br \/>\n\u2022 Poliuretanski zaptiva\u010d (silikon)<\/p>\n<p>Na unutra\u0161nju povr\u0161inu \u010depa nanosimo PU zaptiva\u010d. Pratimo iste korake i za drvenu ko\u0161nicu.<\/p>\n<p>Novi \u010dep dolazi sa \u0161arkom i otvara se bo\u010dno.<br \/>\nSavetuje se da ga otvorite pomo\u0107u p\u010delarskog no\u017ea ili ru\u010dno.<br \/>\nZbog bo\u010dnog otvaranja \u010dep ne mo\u017ee zatvoriti vetar.<br \/>\nPostavite poklopac na 90 stepeni od tela da biste ga uklonili. Ovo je vrlo korisno jer c\u0301e potencijalnom lopovu biti potrebna posebna oprema.<br \/>\nNovi \u010dep za ulaz, ventilaciju i prihranu ANEL mo\u017ee se koristiti na vi\u0161e na\u010dina. Kao \u010dep za dodavanje prihrane na gornjem poklopcu, kao ventilacija ili ulaz na prednjoj \/ zadnjoj strani gornjeg poklopca, kao mali ulaz sa strane ko\u0161nice koji \u0161titi p\u010dele od potencijalnih neprijatelja, kao ventilacija na bokovima ili kao veliki ulaz u ko\u0161nicu. Alternativni ulaz u ko\u0161nicu je veoma va\u017ean. U slu\u010daju plja\u010dke (grabe\u017ei), mali ulaz ostavljamo otvorenim, tako da samo nekoliko p\u010dela mo\u017ee u\u0107i i rukovati uljezima. Zatvaramo prednja leto i vodimo p\u010dele na alternativni ulaz koji ve\u0107 znaju i koriste. Za jo\u0161 drasti\u010dnije mere ako \u017eelimo da spre\u010dimo plja\u010dku (grabe\u017e), samo zatvorimo \u010depove na gornjem poklopacu.<\/p>\n<p>Neki drugi primeri kako se koristi novi ANEL \u010dep za ulaz, ventilaciju i hranjenje. Tokom prole\u0107a, ako \u017eelimo da koristimo drugo telo ko\u0161nice, vrlo je korisno imati drugi ulaz u gornjem delu ko\u0161nice za lak\u0161i izlazak p\u010dela u pro\u010distni let. Drugi ulaz tako\u0111e poma\u017ee p\u010delama da lak\u0161e sakupljaju med, posebno ako koristimo mati\u010dnu re\u0161etku.<\/p>\n<p>Tako\u0111e, tokom prole\u0107a ako imamo ko\u0161nicu sa deset okvira koja je u procesu rojenja, mo\u017eemo je podeliti i imati dva nezavisna roja. \u00a0Polovina okvira mo\u017ee se preneti u novo telo ko\u0161nice. Koristimo presvlaku od tkanine da spre\u010dimo me\u0161anje feromona i mati\u010dnu re\u0161etku da bismo dr\u017eali dve matice dalje od sebe. Postavljamo novo telo ko\u0161nice na vrh. Originalni roj koristi prednji ulaz, dok novi koristi ulaz na zadnjem delu.<\/p>\n<p>Ako \u017eelimo da imamo 2 roja u jednoj ko\u0161nici, mo\u017eemo im obezbediti dva nezavisna ulaza sa obe strane. Dr\u017eimo ih podeljene uz pomoc\u0301 vertikalne pregrade za ko\u0161nice ANEL. Tako\u0111e mo\u017eemo imati 3 roja u istom p\u010delinjaku uz upotrebu 2 pregrade. Ovaj roj koristi ulaz sa desne strane, ovaj koristi ulaz sa leve strane, a srednji roj koristi ulaz sa zadnje strane. U tom slu\u010daju c\u0301e nam trebati gornja hranilica da ih dr\u017eimo odvojeno i hranimo ih nezavisno sirupom ili poga\u010dama.<\/p>\n","protected":false},"excerpt":{"rendered":"<p>Ovo je novi ANEL \u010dep za ko\u0161nice koji je ujedno ulaz(leto), ventilacija i \u010dep za prihranu.<\/p>\n","protected":false},"featured_media":1420,"comment_status":"open","ping_status":"closed","template":"","meta":{"site-sidebar-layout":"no-sidebar","site-content-layout":"content-boxed-container","ast-site-content-layout":"normal-width-container","site-content-style":"boxed","site-sidebar-style":"unboxed","ast-global-header-display":"","ast-banner-title-visibility":"","ast-main-header-display":"","ast-hfb-above-header-display":"","ast-hfb-below-header-display":"","ast-hfb-mobile-header-display":"","site-post-title":"disabled","ast-breadcrumbs-content":"","ast-featured-img":"disabled","footer-sml-layout":"","ast-disable-related-posts":"","theme-transparent-header-meta":"default","adv-header-id-meta":"","stick-header-meta":"","header-above-stick-meta":"","header-main-stick-meta":"","header-below-stick-meta":"","astra-migrate-meta-layouts":"set","ast-page-background-enabled":"default","ast-page-background-meta":{"desktop":{"background-color":"var(--ast-global-color-4)","background-image":"","background-repeat":"repeat","background-position":"center center","background-size":"auto","background-attachment":"scroll","background-type":"","background-media":"","overlay-type":"","overlay-color":"","overlay-opacity":"","overlay-gradient":""},"tablet":{"background-color":"","background-image":"","background-repeat":"repeat","background-position":"center center","background-size":"auto","background-attachment":"scroll","background-type":"","background-media":"","overlay-type":"","overlay-color":"","overlay-opacity":"","overlay-gradient":""},"mobile":{"background-color":"","background-image":"","background-repeat":"repeat","background-position":"center center","background-size":"auto","background-attachment":"scroll","background-type":"","background-media":"","overlay-type":"","overlay-color":"","overlay-opacity":"","overlay-gradient":""}},"ast-content-background-meta":{"desktop":{"background-color":"var(--ast-global-color-5)","background-image":"","background-repeat":"repeat","background-position":"center center","background-size":"auto","background-attachment":"scroll","background-type":"","background-media":"","overlay-type":"","overlay-color":"","overlay-opacity":"","overlay-gradient":""},"tablet":{"background-color":"var(--ast-global-color-5)","background-image":"","background-repeat":"repeat","background-position":"center center","background-size":"auto","background-attachment":"scroll","background-type":"","background-media":"","overlay-type":"","overlay-color":"","overlay-opacity":"","overlay-gradient":""},"mobile":{"background-color":"var(--ast-global-color-5)","background-image":"","background-repeat":"repeat","background-position":"center center","background-size":"auto","background-attachment":"scroll","background-type":"","background-media":"","overlay-type":"","overlay-color":"","overlay-opacity":"","overlay-gradient":""}}},"product_brand":[],"product_cat":[54],"product_tag":[],"class_list":{"0":"post-1189","1":"product","2":"type-product","3":"status-publish","4":"has-post-thumbnail","6":"product_cat-dodaci-z-kosnuice","7":"desktop-align-center","8":"tablet-align-left","9":"mobile-align-left","11":"first","12":"instock","13":"shipping-taxable","14":"purchasable","15":"product-type-simple","16":"add-to-wishlist-after_add_to_cart"},"_links":{"self":[{"href":"https:\/\/anelsrb.com\/prodavnica\/wp-json\/wp\/v2\/product\/1189","targetHints":{"allow":["GET"]}}],"collection":[{"href":"https:\/\/anelsrb.com\/prodavnica\/wp-json\/wp\/v2\/product"}],"about":[{"href":"https:\/\/anelsrb.com\/prodavnica\/wp-json\/wp\/v2\/types\/product"}],"replies":[{"embeddable":true,"href":"https:\/\/anelsrb.com\/prodavnica\/wp-json\/wp\/v2\/comments?post=1189"}],"wp:featuredmedia":[{"embeddable":true,"href":"https:\/\/anelsrb.com\/prodavnica\/wp-json\/wp\/v2\/media\/1420"}],"wp:attachment":[{"href":"https:\/\/anelsrb.com\/prodavnica\/wp-json\/wp\/v2\/media?parent=1189"}],"wp:term":[{"taxonomy":"product_brand","embeddable":true,"href":"https:\/\/anelsrb.com\/prodavnica\/wp-json\/wp\/v2\/product_brand?post=1189"},{"taxonomy":"product_cat","embeddable":true,"href":"https:\/\/anelsrb.com\/prodavnica\/wp-json\/wp\/v2\/product_cat?post=1189"},{"taxonomy":"product_tag","embeddable":true,"href":"https:\/\/anelsrb.com\/prodavnica\/wp-json\/wp\/v2\/product_tag?post=1189"}],"curies":[{"name":"wp","href":"https:\/\/api.w.org\/{rel}","templated":true}]}}