{"id":1203,"date":"2023-01-31T17:06:48","date_gmt":"2023-01-31T16:06:48","guid":{"rendered":"https:\/\/anelsrb.com\/prodavnica\/?post_type=product&#038;p=1203"},"modified":"2026-01-29T12:05:00","modified_gmt":"2026-01-29T11:05:00","slug":"kasicica-za-maticnu-mlec-anel","status":"publish","type":"product","link":"https:\/\/anelsrb.com\/prodavnica\/product\/kasicica-za-maticnu-mlec-anel\/","title":{"rendered":"ANEL Ka\u0161i\u010dica za mati\u010dnu mle\u010d"},"content":{"rendered":"<p>U\u017eivajte u svakom trenutku konzumiranja dragocenog mati\u010dnog mle\u010da uz na\u0161u plasti\u010dnu ka\u0161i\u010dicu, dizajniranu sa pa\u017enjom kako bi pru\u017eila ne samo prakti\u010dnost, ve\u0107 i udobnost tokom upotrebe.<\/p>\n<p>Ova ka\u0161i\u010dica je savr\u0161eno uskla\u0111ena sa novom ANEL posudom za mati\u010dni mle\u010d koja sadr\u017ei poseban oslonac za ka\u0161iku, pru\u017eaju\u0107i vam kompletno iskustvo konzumacije. Bez obzira da li ste kod ku\u0107e ili u pokretu, ova ka\u0161i\u010dica omogu\u0107ava jednostavno i precizno uzimanje mati\u010dnog mle\u010da.<\/p>\n<p>U setu od 50 komada, ova ka\u0161i\u010dica je neophodan dodatak va\u0161oj svakodnevnoj rutini konzumiranja mati\u010dne mle\u010di. Izra\u0111ena od 100% novih plasti\u010dnih materijala, bez recikla\u017ee, garantuje sigurnost i \u010disto\u0107u, a istovremeno je prikladna za pakovanje prehrambenih namirnica. Sa svojim besprekornim dizajnom i izuzetnom izradom, ova ka\u0161i\u010dica osigurava da svaki gutljaj mati\u010dne mle\u010di bude jednako u\u017eivanje.<\/p>\n","protected":false},"excerpt":{"rendered":"<p>KA\u0160I\u010cICA ZA MATI\u010cNU MLE\u010c ANEL REF.: AN56112-1<br \/>\n-Plasti\u010dna ka\u0161i\u010dica za konzumiranje mati\u010dnog mle\u010da.<br \/>\n-Idealno se kombinuje sa novom ANEL posudom za mati\u010dni mle\u010d koja ima poseban oslonac za ka\u0161iku.<br \/>\n-Set od 50 komada.<br \/>\n-Napravljena od 100% novih plasti\u010dnih materijala (bez recikla\u017ee) pogodnih za pakovanje prehrambenih namirnica.<\/p>\n","protected":false},"featured_media":1395,"comment_status":"open","ping_status":"closed","template":"","meta":{"site-sidebar-layout":"no-sidebar","site-content-layout":"content-boxed-container","ast-site-content-layout":"normal-width-container","site-content-style":"boxed","site-sidebar-style":"unboxed","ast-global-header-display":"","ast-banner-title-visibility":"","ast-main-header-display":"","ast-hfb-above-header-display":"","ast-hfb-below-header-display":"","ast-hfb-mobile-header-display":"","site-post-title":"disabled","ast-breadcrumbs-content":"","ast-featured-img":"disabled","footer-sml-layout":"","ast-disable-related-posts":"","theme-transparent-header-meta":"default","adv-header-id-meta":"","stick-header-meta":"default","header-above-stick-meta":"","header-main-stick-meta":"","header-below-stick-meta":"","astra-migrate-meta-layouts":"set","ast-page-background-enabled":"default","ast-page-background-meta":{"desktop":{"background-color":"var(--ast-global-color-4)","background-image":"","background-repeat":"repeat","background-position":"center center","background-size":"auto","background-attachment":"scroll","background-type":"","background-media":"","overlay-type":"","overlay-color":"","overlay-opacity":"","overlay-gradient":""},"tablet":{"background-color":"","background-image":"","background-repeat":"repeat","background-position":"center center","background-size":"auto","background-attachment":"scroll","background-type":"","background-media":"","overlay-type":"","overlay-color":"","overlay-opacity":"","overlay-gradient":""},"mobile":{"background-color":"","background-image":"","background-repeat":"repeat","background-position":"center center","background-size":"auto","background-attachment":"scroll","background-type":"","background-media":"","overlay-type":"","overlay-color":"","overlay-opacity":"","overlay-gradient":""}},"ast-content-background-meta":{"desktop":{"background-color":"var(--ast-global-color-5)","background-image":"","background-repeat":"repeat","background-position":"center center","background-size":"auto","background-attachment":"scroll","background-type":"","background-media":"","overlay-type":"","overlay-color":"","overlay-opacity":"","overlay-gradient":""},"tablet":{"background-color":"var(--ast-global-color-5)","background-image":"","background-repeat":"repeat","background-position":"center center","background-size":"auto","background-attachment":"scroll","background-type":"","background-media":"","overlay-type":"","overlay-color":"","overlay-opacity":"","overlay-gradient":""},"mobile":{"background-color":"var(--ast-global-color-5)","background-image":"","background-repeat":"repeat","background-position":"center center","background-size":"auto","background-attachment":"scroll","background-type":"","background-media":"","overlay-type":"","overlay-color":"","overlay-opacity":"","overlay-gradient":""}}},"product_brand":[],"product_cat":[118],"product_tag":[],"class_list":{"0":"post-1203","1":"product","2":"type-product","3":"status-publish","4":"has-post-thumbnail","6":"product_cat-pakovanje-za-maticni-mlec","7":"desktop-align-center","8":"tablet-align-left","9":"mobile-align-left","11":"first","12":"instock","13":"shipping-taxable","14":"purchasable","15":"product-type-simple","16":"add-to-wishlist-after_add_to_cart"},"_links":{"self":[{"href":"https:\/\/anelsrb.com\/prodavnica\/wp-json\/wp\/v2\/product\/1203","targetHints":{"allow":["GET"]}}],"collection":[{"href":"https:\/\/anelsrb.com\/prodavnica\/wp-json\/wp\/v2\/product"}],"about":[{"href":"https:\/\/anelsrb.com\/prodavnica\/wp-json\/wp\/v2\/types\/product"}],"replies":[{"embeddable":true,"href":"https:\/\/anelsrb.com\/prodavnica\/wp-json\/wp\/v2\/comments?post=1203"}],"wp:featuredmedia":[{"embeddable":true,"href":"https:\/\/anelsrb.com\/prodavnica\/wp-json\/wp\/v2\/media\/1395"}],"wp:attachment":[{"href":"https:\/\/anelsrb.com\/prodavnica\/wp-json\/wp\/v2\/media?parent=1203"}],"wp:term":[{"taxonomy":"product_brand","embeddable":true,"href":"https:\/\/anelsrb.com\/prodavnica\/wp-json\/wp\/v2\/product_brand?post=1203"},{"taxonomy":"product_cat","embeddable":true,"href":"https:\/\/anelsrb.com\/prodavnica\/wp-json\/wp\/v2\/product_cat?post=1203"},{"taxonomy":"product_tag","embeddable":true,"href":"https:\/\/anelsrb.com\/prodavnica\/wp-json\/wp\/v2\/product_tag?post=1203"}],"curies":[{"name":"wp","href":"https:\/\/api.w.org\/{rel}","templated":true}]}}