{"id":1217,"date":"2023-01-31T17:11:17","date_gmt":"2023-01-31T16:11:17","guid":{"rendered":"https:\/\/anelsrb.com\/prodavnica\/?post_type=product&#038;p=1217"},"modified":"2026-04-02T11:20:20","modified_gmt":"2026-04-02T09:20:20","slug":"tvorac-magle-anel-fogger","status":"publish","type":"product","link":"https:\/\/anelsrb.com\/prodavnica\/product\/tvorac-magle-anel-fogger\/","title":{"rendered":"Tvorac magle (ANEL FOGGER)"},"content":{"rendered":"<p>Borite se sa Varroa-om pomoc\u0301u novog fogera ANEL-a!<\/p>\n<p>Novi ANEL-ov Fogger je nabr\u017ei i najfektivniji na\u010din da odradite tretman protiv varoe.<\/p>\n<p>Aktivna supstanca u obliku magle mo\u017ee da prodre u sve delove ko\u0161nice, \u0161to osigurava najbolje nano\u0161enje, kao i najmanje ostatke.<\/p>\n<p>Za tretiranje je potrebno samo 4 sekunde za svaku ko\u0161nicu \u0161to zna\u010di da je ovo daleko najbr\u017ei na\u010din od bilo kog drugog poznatog koji se koristi za le\u010denje p\u010dela.<\/p>\n<p>Njegove prednosti:<\/p>\n<p>-Nema potrebe za elektri\u010dnom energijom po\u0161to koristi gas (butan\/propan boca)<br \/>\n-Lagan i malih dimenzija<br \/>\n-Jednostavan za kori\u0161\u0107enje (uvek sa za\u0161titnom maskom)<br \/>\n-Za vi\u0161ekratnu upotrebu<br \/>\n-Lako se sa njim napravi magla (glicerin, mineralno ili drugo organsko poput maslinovog ulja)<br \/>\n-Maksimalna iskori\u0161\u0107enost<br \/>\n-Veoma lak pristup ko\u0161nici<\/p>\n<p><strong>Izra\u017eena cena je za tvorac magle, boca nije ura\u010dunata.<\/strong><\/p>\n<p>Koristi<br \/>\nButan-propan GAS BOCA 220gr\/400ml<\/p>\n","protected":false},"excerpt":{"rendered":"[embed]https:\/\/www.youtube.com\/watch?v=HaxrDSwD3-g[\/embed]\n","protected":false},"featured_media":2956,"comment_status":"open","ping_status":"closed","template":"","meta":{"site-sidebar-layout":"no-sidebar","site-content-layout":"content-boxed-container","ast-site-content-layout":"normal-width-container","site-content-style":"boxed","site-sidebar-style":"unboxed","ast-global-header-display":"","ast-banner-title-visibility":"","ast-main-header-display":"","ast-hfb-above-header-display":"","ast-hfb-below-header-display":"","ast-hfb-mobile-header-display":"","site-post-title":"disabled","ast-breadcrumbs-content":"","ast-featured-img":"disabled","footer-sml-layout":"","ast-disable-related-posts":"","theme-transparent-header-meta":"default","adv-header-id-meta":"","stick-header-meta":"default","header-above-stick-meta":"","header-main-stick-meta":"","header-below-stick-meta":"","astra-migrate-meta-layouts":"set","ast-page-background-enabled":"default","ast-page-background-meta":{"desktop":{"background-color":"var(--ast-global-color-4)","background-image":"","background-repeat":"repeat","background-position":"center center","background-size":"auto","background-attachment":"scroll","background-type":"","background-media":"","overlay-type":"","overlay-color":"","overlay-opacity":"","overlay-gradient":""},"tablet":{"background-color":"","background-image":"","background-repeat":"repeat","background-position":"center center","background-size":"auto","background-attachment":"scroll","background-type":"","background-media":"","overlay-type":"","overlay-color":"","overlay-opacity":"","overlay-gradient":""},"mobile":{"background-color":"","background-image":"","background-repeat":"repeat","background-position":"center center","background-size":"auto","background-attachment":"scroll","background-type":"","background-media":"","overlay-type":"","overlay-color":"","overlay-opacity":"","overlay-gradient":""}},"ast-content-background-meta":{"desktop":{"background-color":"var(--ast-global-color-5)","background-image":"","background-repeat":"repeat","background-position":"center center","background-size":"auto","background-attachment":"scroll","background-type":"","background-media":"","overlay-type":"","overlay-color":"","overlay-opacity":"","overlay-gradient":""},"tablet":{"background-color":"var(--ast-global-color-5)","background-image":"","background-repeat":"repeat","background-position":"center center","background-size":"auto","background-attachment":"scroll","background-type":"","background-media":"","overlay-type":"","overlay-color":"","overlay-opacity":"","overlay-gradient":""},"mobile":{"background-color":"var(--ast-global-color-5)","background-image":"","background-repeat":"repeat","background-position":"center center","background-size":"auto","background-attachment":"scroll","background-type":"","background-media":"","overlay-type":"","overlay-color":"","overlay-opacity":"","overlay-gradient":""}}},"product_brand":[],"product_cat":[60,59],"product_tag":[],"class_list":{"0":"post-1217","1":"product","2":"type-product","3":"status-publish","4":"has-post-thumbnail","6":"product_cat-uredjaji-za-primenu-tretmana","7":"product_cat-zastita-pcela","8":"desktop-align-center","9":"tablet-align-left","10":"mobile-align-left","12":"first","13":"instock","14":"shipping-taxable","15":"purchasable","16":"product-type-simple","17":"add-to-wishlist-after_add_to_cart"},"_links":{"self":[{"href":"https:\/\/anelsrb.com\/prodavnica\/wp-json\/wp\/v2\/product\/1217","targetHints":{"allow":["GET"]}}],"collection":[{"href":"https:\/\/anelsrb.com\/prodavnica\/wp-json\/wp\/v2\/product"}],"about":[{"href":"https:\/\/anelsrb.com\/prodavnica\/wp-json\/wp\/v2\/types\/product"}],"replies":[{"embeddable":true,"href":"https:\/\/anelsrb.com\/prodavnica\/wp-json\/wp\/v2\/comments?post=1217"}],"wp:featuredmedia":[{"embeddable":true,"href":"https:\/\/anelsrb.com\/prodavnica\/wp-json\/wp\/v2\/media\/2956"}],"wp:attachment":[{"href":"https:\/\/anelsrb.com\/prodavnica\/wp-json\/wp\/v2\/media?parent=1217"}],"wp:term":[{"taxonomy":"product_brand","embeddable":true,"href":"https:\/\/anelsrb.com\/prodavnica\/wp-json\/wp\/v2\/product_brand?post=1217"},{"taxonomy":"product_cat","embeddable":true,"href":"https:\/\/anelsrb.com\/prodavnica\/wp-json\/wp\/v2\/product_cat?post=1217"},{"taxonomy":"product_tag","embeddable":true,"href":"https:\/\/anelsrb.com\/prodavnica\/wp-json\/wp\/v2\/product_tag?post=1217"}],"curies":[{"name":"wp","href":"https:\/\/api.w.org\/{rel}","templated":true}]}}