{"id":1229,"date":"2023-01-31T17:15:12","date_gmt":"2023-01-31T16:15:12","guid":{"rendered":"https:\/\/anelsrb.com\/prodavnica\/?post_type=product&#038;p=1229"},"modified":"2026-04-21T13:36:07","modified_gmt":"2026-04-21T11:36:07","slug":"sprej-10ml-mamac-za-rojeve-allure-anel-copy","status":"publish","type":"product","link":"https:\/\/anelsrb.com\/prodavnica\/product\/sprej-10ml-mamac-za-rojeve-allure-anel-copy\/","title":{"rendered":"ANEL Gel &#8211; Mamac za rojeve ALLURE &#8211; pakovanje 20 komada"},"content":{"rendered":"<p>MAMAC ZA ROJEVE ALLURE ANEL<br \/>\nZa vreme intenzivnog perioda rojenja p\u010delinjih dru\u0161tava namamite roj novim Allure mamcem za rojeve od ANEL-a!<br \/>\nGarantuju sigurno i efikasno re\u0161enje!<\/p>\n<p>Kesica Allure Ref.: AN66045<br \/>\n-Formula sa sporim osloba\u0111anjem mirisa, sa trajanjem delovanja do 4 meseca.<\/p>\n<p>-Postavlja se na 50m od ko\u0161nica na max. visinu 1,80m.<br \/>\n-Otcepi se kesica i zaka\u010di po uputsvu.<br \/>\n-Miris lako \u00abmami\u00bb rojeve! Idealna visina za primenu je 1,80 m.<br \/>\nSedam sastojaka imitiraju savr\u0161eno Nazanovljev feromon p\u010dela radilica \u0161to \u010dini ANEL mamce najefikasnijim na tr\u017ei\u0161tu<\/p>\n<p>&nbsp;<\/p>\n","protected":false},"excerpt":{"rendered":"<p>MAMAC ZA ROJEVE ALLURE ANEL<br \/>\nZa vreme intenzivnog perioda rojenja p\u010delinjih dru\u0161tava namamite<br \/>\nroj novim Allure mamcem za rojeve od ANEL-a!<br \/>\nGarantuju sigurno i efikasno re\u0161enje! Pakovanje sadr\u017ei 20 kesica gela.<\/p>\n[video width=\"576\" height=\"720\" mp4=\"https:\/\/anelsrb.com\/prodavnica\/wp-content\/uploads\/2023\/01\/02-05-66040b3da0a79f2d1c57bf58f390ff5e3529afbf8caa97a995121c0f037241b2-475dd0ffbd1a5e52.mp4\"][\/video]\n","protected":false},"featured_media":1286,"comment_status":"open","ping_status":"closed","template":"","meta":{"site-sidebar-layout":"no-sidebar","site-content-layout":"content-boxed-container","ast-site-content-layout":"normal-width-container","site-content-style":"boxed","site-sidebar-style":"unboxed","ast-global-header-display":"","ast-banner-title-visibility":"","ast-main-header-display":"","ast-hfb-above-header-display":"","ast-hfb-below-header-display":"","ast-hfb-mobile-header-display":"","site-post-title":"disabled","ast-breadcrumbs-content":"","ast-featured-img":"disabled","footer-sml-layout":"","ast-disable-related-posts":"","theme-transparent-header-meta":"default","adv-header-id-meta":"","stick-header-meta":"default","header-above-stick-meta":"","header-main-stick-meta":"","header-below-stick-meta":"","astra-migrate-meta-layouts":"set","ast-page-background-enabled":"default","ast-page-background-meta":{"desktop":{"background-color":"var(--ast-global-color-4)","background-image":"","background-repeat":"repeat","background-position":"center center","background-size":"auto","background-attachment":"scroll","background-type":"","background-media":"","overlay-type":"","overlay-color":"","overlay-opacity":"","overlay-gradient":""},"tablet":{"background-color":"","background-image":"","background-repeat":"repeat","background-position":"center center","background-size":"auto","background-attachment":"scroll","background-type":"","background-media":"","overlay-type":"","overlay-color":"","overlay-opacity":"","overlay-gradient":""},"mobile":{"background-color":"","background-image":"","background-repeat":"repeat","background-position":"center center","background-size":"auto","background-attachment":"scroll","background-type":"","background-media":"","overlay-type":"","overlay-color":"","overlay-opacity":"","overlay-gradient":""}},"ast-content-background-meta":{"desktop":{"background-color":"var(--ast-global-color-5)","background-image":"","background-repeat":"repeat","background-position":"center center","background-size":"auto","background-attachment":"scroll","background-type":"","background-media":"","overlay-type":"","overlay-color":"","overlay-opacity":"","overlay-gradient":""},"tablet":{"background-color":"var(--ast-global-color-5)","background-image":"","background-repeat":"repeat","background-position":"center center","background-size":"auto","background-attachment":"scroll","background-type":"","background-media":"","overlay-type":"","overlay-color":"","overlay-opacity":"","overlay-gradient":""},"mobile":{"background-color":"var(--ast-global-color-5)","background-image":"","background-repeat":"repeat","background-position":"center center","background-size":"auto","background-attachment":"scroll","background-type":"","background-media":"","overlay-type":"","overlay-color":"","overlay-opacity":"","overlay-gradient":""}}},"product_brand":[],"product_cat":[80,79,72],"product_tag":[],"class_list":{"0":"post-1229","1":"product","2":"type-product","3":"status-publish","4":"has-post-thumbnail","6":"product_cat-feromonski-mamci-roja-pcela-allure-od-anel","7":"product_cat-mamci-za-rojeve","8":"product_cat-rojenje","9":"desktop-align-center","10":"tablet-align-left","11":"mobile-align-left","13":"first","14":"instock","15":"featured","16":"shipping-taxable","17":"purchasable","18":"product-type-simple","19":"add-to-wishlist-after_add_to_cart"},"_links":{"self":[{"href":"https:\/\/anelsrb.com\/prodavnica\/wp-json\/wp\/v2\/product\/1229","targetHints":{"allow":["GET"]}}],"collection":[{"href":"https:\/\/anelsrb.com\/prodavnica\/wp-json\/wp\/v2\/product"}],"about":[{"href":"https:\/\/anelsrb.com\/prodavnica\/wp-json\/wp\/v2\/types\/product"}],"replies":[{"embeddable":true,"href":"https:\/\/anelsrb.com\/prodavnica\/wp-json\/wp\/v2\/comments?post=1229"}],"wp:featuredmedia":[{"embeddable":true,"href":"https:\/\/anelsrb.com\/prodavnica\/wp-json\/wp\/v2\/media\/1286"}],"wp:attachment":[{"href":"https:\/\/anelsrb.com\/prodavnica\/wp-json\/wp\/v2\/media?parent=1229"}],"wp:term":[{"taxonomy":"product_brand","embeddable":true,"href":"https:\/\/anelsrb.com\/prodavnica\/wp-json\/wp\/v2\/product_brand?post=1229"},{"taxonomy":"product_cat","embeddable":true,"href":"https:\/\/anelsrb.com\/prodavnica\/wp-json\/wp\/v2\/product_cat?post=1229"},{"taxonomy":"product_tag","embeddable":true,"href":"https:\/\/anelsrb.com\/prodavnica\/wp-json\/wp\/v2\/product_tag?post=1229"}],"curies":[{"name":"wp","href":"https:\/\/api.w.org\/{rel}","templated":true}]}}