{"id":1722,"date":"2023-07-18T09:14:25","date_gmt":"2023-07-18T07:14:25","guid":{"rendered":"https:\/\/anelsrb.com\/prodavnica\/?post_type=product&#038;p=1722"},"modified":"2026-04-29T13:41:03","modified_gmt":"2026-04-29T11:41:03","slug":"plasticna-podnjaca-za-kosnicu-anel-klasik-zatvorena-1-set-zatvaraca-leta-ukljucen","status":"publish","type":"product","link":"https:\/\/anelsrb.com\/prodavnica\/product\/plasticna-podnjaca-za-kosnicu-anel-klasik-zatvorena-1-set-zatvaraca-leta-ukljucen\/","title":{"rendered":"ANEL Plasti\u010dna podnja\u010da za ko\u0161nicu klasik (zatvorena) (1 set zatvara\u010da leta uklju\u010den)"},"content":{"rendered":"<p>Osnovna verzija podnja\u010de prvi put se pojavila na trzi\u0161te 1999. godine.<br \/>\nIzdr\u017eava mnoge godine kontinuirane upotrebe bez problema i odoleva svim vremenskim prilikama jo\u0161 uvek!<br \/>\nTo je primer ANEL kvaliteta!<br \/>\n&#8211; Otporna na udarce, sunce, hladnoc\u0301u i promenu temperature.<br \/>\n&#8211; Nije potrebno apsolutno nikakvo odr\u017eavanje ili farbanje.<br \/>\n&#8211; Odoleva uticaju termita ili drugih insekata, gljivica ili drugih mikroorganizama.<br \/>\n&#8211; Veoma se lako pretvara u sakuplja\u010d polena. Nabavkom seta za sakupljanje polena (Ref.: AN57100) mo\u017eete pretvoriti svoju ANEL plasti\u010dnu podnja\u010du za ko\u0161nicu u sakuplja\u010d polena kad god po\u017eelite!<br \/>\n&#8211; Mo\u017ee se koristiti sa NOVIM ANEL LAKI KLIK VRATIMA! Ref.: AN51004B<br \/>\n&#8211; Napravljena od 100% novih plasti\u010dnih materijala (bez recikla\u017ee) pogodnih za pakovanje prehrambenih namirnica<\/p>\n","protected":false},"excerpt":{"rendered":"<p>Osnovna verzija podnja\u010de prvi put se pojavila na trzi\u0161te 1999. godine.<br \/>\nIzdr\u017eava mnoge godine kontinuirane upotrebe bez problema i odoleva svim vremenskim prilikama jo\u0161 uvek!<br \/>\nTo je primer ANEL kvaliteta!<\/p>\n","protected":false},"featured_media":2863,"comment_status":"open","ping_status":"closed","template":"","meta":{"site-sidebar-layout":"no-sidebar","site-content-layout":"content-boxed-container","ast-site-content-layout":"normal-width-container","site-content-style":"boxed","site-sidebar-style":"unboxed","ast-global-header-display":"","ast-banner-title-visibility":"","ast-main-header-display":"","ast-hfb-above-header-display":"","ast-hfb-below-header-display":"","ast-hfb-mobile-header-display":"","site-post-title":"disabled","ast-breadcrumbs-content":"","ast-featured-img":"disabled","footer-sml-layout":"","ast-disable-related-posts":"","theme-transparent-header-meta":"default","adv-header-id-meta":"","stick-header-meta":"default","header-above-stick-meta":"","header-main-stick-meta":"","header-below-stick-meta":"","astra-migrate-meta-layouts":"set","ast-page-background-enabled":"default","ast-page-background-meta":{"desktop":{"background-color":"var(--ast-global-color-4)","background-image":"","background-repeat":"repeat","background-position":"center center","background-size":"auto","background-attachment":"scroll","background-type":"","background-media":"","overlay-type":"","overlay-color":"","overlay-opacity":"","overlay-gradient":""},"tablet":{"background-color":"","background-image":"","background-repeat":"repeat","background-position":"center center","background-size":"auto","background-attachment":"scroll","background-type":"","background-media":"","overlay-type":"","overlay-color":"","overlay-opacity":"","overlay-gradient":""},"mobile":{"background-color":"","background-image":"","background-repeat":"repeat","background-position":"center center","background-size":"auto","background-attachment":"scroll","background-type":"","background-media":"","overlay-type":"","overlay-color":"","overlay-opacity":"","overlay-gradient":""}},"ast-content-background-meta":{"desktop":{"background-color":"var(--ast-global-color-5)","background-image":"","background-repeat":"repeat","background-position":"center center","background-size":"auto","background-attachment":"scroll","background-type":"","background-media":"","overlay-type":"","overlay-color":"","overlay-opacity":"","overlay-gradient":""},"tablet":{"background-color":"var(--ast-global-color-5)","background-image":"","background-repeat":"repeat","background-position":"center center","background-size":"auto","background-attachment":"scroll","background-type":"","background-media":"","overlay-type":"","overlay-color":"","overlay-opacity":"","overlay-gradient":""},"mobile":{"background-color":"var(--ast-global-color-5)","background-image":"","background-repeat":"repeat","background-position":"center center","background-size":"auto","background-attachment":"scroll","background-type":"","background-media":"","overlay-type":"","overlay-color":"","overlay-opacity":"","overlay-gradient":""}}},"product_brand":[],"product_cat":[45],"product_tag":[],"class_list":{"0":"post-1722","1":"product","2":"type-product","3":"status-publish","4":"has-post-thumbnail","6":"product_cat-anel-plasticna-podnjaca","7":"desktop-align-center","8":"tablet-align-left","9":"mobile-align-left","11":"first","12":"instock","13":"shipping-taxable","14":"purchasable","15":"product-type-simple","16":"add-to-wishlist-after_add_to_cart"},"_links":{"self":[{"href":"https:\/\/anelsrb.com\/prodavnica\/wp-json\/wp\/v2\/product\/1722","targetHints":{"allow":["GET"]}}],"collection":[{"href":"https:\/\/anelsrb.com\/prodavnica\/wp-json\/wp\/v2\/product"}],"about":[{"href":"https:\/\/anelsrb.com\/prodavnica\/wp-json\/wp\/v2\/types\/product"}],"replies":[{"embeddable":true,"href":"https:\/\/anelsrb.com\/prodavnica\/wp-json\/wp\/v2\/comments?post=1722"}],"wp:featuredmedia":[{"embeddable":true,"href":"https:\/\/anelsrb.com\/prodavnica\/wp-json\/wp\/v2\/media\/2863"}],"wp:attachment":[{"href":"https:\/\/anelsrb.com\/prodavnica\/wp-json\/wp\/v2\/media?parent=1722"}],"wp:term":[{"taxonomy":"product_brand","embeddable":true,"href":"https:\/\/anelsrb.com\/prodavnica\/wp-json\/wp\/v2\/product_brand?post=1722"},{"taxonomy":"product_cat","embeddable":true,"href":"https:\/\/anelsrb.com\/prodavnica\/wp-json\/wp\/v2\/product_cat?post=1722"},{"taxonomy":"product_tag","embeddable":true,"href":"https:\/\/anelsrb.com\/prodavnica\/wp-json\/wp\/v2\/product_tag?post=1722"}],"curies":[{"name":"wp","href":"https:\/\/api.w.org\/{rel}","templated":true}]}}