{"id":1745,"date":"2023-07-18T09:56:14","date_gmt":"2023-07-18T07:56:14","guid":{"rendered":"https:\/\/anelsrb.com\/prodavnica\/?post_type=product&#038;p=1745"},"modified":"2026-02-03T10:59:30","modified_gmt":"2026-02-03T09:59:30","slug":"telo-kosnice-od-plastike-sa-pu-izolacijom-anel-farrar-17cm","status":"publish","type":"product","link":"https:\/\/anelsrb.com\/prodavnica\/product\/telo-kosnice-od-plastike-sa-pu-izolacijom-anel-farrar-17cm\/","title":{"rendered":"TELO Ko\u0161nice od plastike sa PU izolacijom ANEL Farrar &#8211; 17cm"},"content":{"rendered":"<p>Telo ko\u0161nice koje ima samo prednosti!<\/p>\n<p>Ispunjen izolacijom od poliuretanske pene.<\/p>\n<p>Veoma je lagan. Ne deformi\u0161e se, ne puca \/ ne otvara se i ne trune.<\/p>\n<p>Ima integrisane ergonomski dizajnirane ru\u010dke za podizanje na prednjoj i zadnjoj strani, dizajnirane za udobno no\u0161enje.<\/p>\n<p>Toplo zimi i hladno leti.<\/p>\n<p>Mo\u017ee se kombinovati sa drvenim Langstrot delovima ko\u0161nice.<\/p>\n<p>\u2022 Gornje i donje povr\u0161ine protiv klizanja \u2022 Mo\u017ee se bu\u0161iti, za\u0161rafljivati ili udarati po \u017eelji. Sve mo\u017ee da izdr\u017ei! \u2022 Dostupan u beloj, sivoj, plavoj, \u017eutoj i zelenoj \u2022 Robustan i veoma izdr\u017eljiv \u2022 Mo\u017ee se obele\u017eavati uz pomoc\u0301 elekti\u010dnog ili plinslog obele\u017eiva\u010da, kao za\u0161tita od lopova \u2022 Svi materijali koji su u dodoitu sa ple\u010dama su 100% novi plasti\u010dnih materijali (bez recikla\u017ee) pogodni za pakovanje prehrambenih proizvoda \u2022 Za spajanje delova mo\u017eete koristiti \u017ei\u010dane pri\u010dvr\u0161c\u0301iva\u010de desno i levo ili podesive zatvara\u010de napred i pozadi ili \u010dak trake za pri\u010dvr\u0161c\u0301ivanje<\/p>\n","protected":false},"excerpt":{"rendered":"<p>Telo ko\u0161nice koje ima samo prednosti!<\/p>\n<p>Ispunjen izolacijom od poliuretanske pene.<\/p>\n<p>Veoma je lagan. Ne deformi\u0161e se, ne puca \/ ne otvara se i ne trune.<\/p>\n<p>Ima integrisane ergonomski dizajnirane ru\u010dke za podizanje na prednjoj i zadnjoj strani, dizajnirane za udobno no\u0161enje.<\/p>\n<p>Toplo zimi i hladno leti.<\/p>\n<p>Mo\u017ee se kombinovati sa drvenim Langstrot delovima ko\u0161nice.<\/p>\n","protected":false},"featured_media":1756,"comment_status":"open","ping_status":"closed","template":"","meta":{"site-sidebar-layout":"default","site-content-layout":"default","ast-site-content-layout":"default","site-content-style":"default","site-sidebar-style":"default","ast-global-header-display":"","ast-banner-title-visibility":"","ast-main-header-display":"","ast-hfb-above-header-display":"","ast-hfb-below-header-display":"","ast-hfb-mobile-header-display":"","site-post-title":"","ast-breadcrumbs-content":"","ast-featured-img":"","footer-sml-layout":"","ast-disable-related-posts":"","theme-transparent-header-meta":"default","adv-header-id-meta":"","stick-header-meta":"default","header-above-stick-meta":"","header-main-stick-meta":"","header-below-stick-meta":"","astra-migrate-meta-layouts":"set","ast-page-background-enabled":"default","ast-page-background-meta":{"desktop":{"background-color":"var(--ast-global-color-4)","background-image":"","background-repeat":"repeat","background-position":"center center","background-size":"auto","background-attachment":"scroll","background-type":"","background-media":"","overlay-type":"","overlay-color":"","overlay-opacity":"","overlay-gradient":""},"tablet":{"background-color":"","background-image":"","background-repeat":"repeat","background-position":"center center","background-size":"auto","background-attachment":"scroll","background-type":"","background-media":"","overlay-type":"","overlay-color":"","overlay-opacity":"","overlay-gradient":""},"mobile":{"background-color":"","background-image":"","background-repeat":"repeat","background-position":"center center","background-size":"auto","background-attachment":"scroll","background-type":"","background-media":"","overlay-type":"","overlay-color":"","overlay-opacity":"","overlay-gradient":""}},"ast-content-background-meta":{"desktop":{"background-color":"var(--ast-global-color-5)","background-image":"","background-repeat":"repeat","background-position":"center center","background-size":"auto","background-attachment":"scroll","background-type":"","background-media":"","overlay-type":"","overlay-color":"","overlay-opacity":"","overlay-gradient":""},"tablet":{"background-color":"var(--ast-global-color-5)","background-image":"","background-repeat":"repeat","background-position":"center center","background-size":"auto","background-attachment":"scroll","background-type":"","background-media":"","overlay-type":"","overlay-color":"","overlay-opacity":"","overlay-gradient":""},"mobile":{"background-color":"var(--ast-global-color-5)","background-image":"","background-repeat":"repeat","background-position":"center center","background-size":"auto","background-attachment":"scroll","background-type":"","background-media":"","overlay-type":"","overlay-color":"","overlay-opacity":"","overlay-gradient":""}}},"product_brand":[],"product_cat":[44],"product_tag":[],"class_list":{"0":"post-1745","1":"product","2":"type-product","3":"status-publish","4":"has-post-thumbnail","6":"product_cat-telo-kosnice-od-plastike-sa-pu-izolacijom","7":"desktop-align-center","8":"tablet-align-left","9":"mobile-align-left","11":"first","12":"instock","13":"shipping-taxable","14":"purchasable","15":"product-type-variable","16":"add-to-wishlist-after_add_to_cart"},"_links":{"self":[{"href":"https:\/\/anelsrb.com\/prodavnica\/wp-json\/wp\/v2\/product\/1745","targetHints":{"allow":["GET"]}}],"collection":[{"href":"https:\/\/anelsrb.com\/prodavnica\/wp-json\/wp\/v2\/product"}],"about":[{"href":"https:\/\/anelsrb.com\/prodavnica\/wp-json\/wp\/v2\/types\/product"}],"replies":[{"embeddable":true,"href":"https:\/\/anelsrb.com\/prodavnica\/wp-json\/wp\/v2\/comments?post=1745"}],"wp:featuredmedia":[{"embeddable":true,"href":"https:\/\/anelsrb.com\/prodavnica\/wp-json\/wp\/v2\/media\/1756"}],"wp:attachment":[{"href":"https:\/\/anelsrb.com\/prodavnica\/wp-json\/wp\/v2\/media?parent=1745"}],"wp:term":[{"taxonomy":"product_brand","embeddable":true,"href":"https:\/\/anelsrb.com\/prodavnica\/wp-json\/wp\/v2\/product_brand?post=1745"},{"taxonomy":"product_cat","embeddable":true,"href":"https:\/\/anelsrb.com\/prodavnica\/wp-json\/wp\/v2\/product_cat?post=1745"},{"taxonomy":"product_tag","embeddable":true,"href":"https:\/\/anelsrb.com\/prodavnica\/wp-json\/wp\/v2\/product_tag?post=1745"}],"curies":[{"name":"wp","href":"https:\/\/api.w.org\/{rel}","templated":true}]}}