{"id":1793,"date":"2023-07-18T12:03:46","date_gmt":"2023-07-18T10:03:46","guid":{"rendered":"https:\/\/anelsrb.com\/prodavnica\/?post_type=product&#038;p=1793"},"modified":"2025-12-01T07:31:14","modified_gmt":"2025-12-01T06:31:14","slug":"gornja-hranilica-anel-sa-dve-pregrade-43-litara-lr-i-db10","status":"publish","type":"product","link":"https:\/\/anelsrb.com\/prodavnica\/product\/gornja-hranilica-anel-sa-dve-pregrade-43-litara-lr-i-db10\/","title":{"rendered":"ANEL Gornja hranilica sa dve pregrade 4+3 litara LR i DB10"},"content":{"rendered":"<p>Gornja hranilica sa dva pregrade za istovremeno hranjenje te\u010dne i \u010dvrste hrane.<br \/>\nOba odeljka mogu da se koriste za sve vrste hrane zahvaljujuc\u0301i rupicama i specijalnim \u010depovima koji dolaze uz hranilicu. Dakle, mo\u017eete izabrati da istovremeno hranite svoje p\u010dele zamenom za polen zajedno sa \u0161ec\u0301erom-vodom ili p\u010delinjim poga\u010dama. Ili izaberite da napunite oba odeljka samo vodom sa \u0161ec\u0301erom. Odeljci mogu da prime 4, odnosno 3 kg \u0161ec\u0301era-vode.<br \/>\n\u0160tavi\u0161e, hranilica je podeljena iznutra i ispod na 6 nezavisnih delova, tako da ako imate vi\u0161e od jednog roja u istoj ko\u0161nici mo\u017eete ih sve hraniti nezavisno, a da oni ne dolaze u kontakt. Ovo je idealno za odgajiva\u010de matica i stvaranje novih p\u010delinjih rojeva tokom prolec\u0301a.<br \/>\n\u2022 Obezbe\u0111uje izolaciju unutra\u0161njosti ko\u0161nice po hladnom i toplom vremenu.<br \/>\n\u2022 Kada punite hranilicu, ne uznemiravate p\u010dele, jer su one potpuno izolovane iza pregrada i ne dolazite u kontakt sa njima. Idealno za brzo hranjenje.<br \/>\n\u2022 Uklapa se u poklopac ko\u0161nice i menja visinu ko\u0161nice samo za nekoliko mm.<br \/>\n\u2022 Ima otvore za odzra\u010divanje koji omoguc\u0301avaju da vlaga iza\u0111e iz ko\u0161nice.<br \/>\n\u2022 Ne zahteva apsolutno nikakvo odr\u017eavanje.<br \/>\n\u2022 Napravljena od 100% novih plasti\u010dnih materijala (bez recikla\u017ee) pogodnih za pakovanje prehrambenih namirnica.<\/p>\n","protected":false},"excerpt":{"rendered":"<p>Gornja hranilica sa dva pregrade za istovremeno hranjenje te\u010dne i \u010dvrste hrane.<br \/>\nOba odeljka mogu da se koriste za sve vrste hrane zahvaljujuc\u0301i rupicama i specijalnim \u010depovima koji dolaze uz hranilicu. Dakle, mo\u017eete izabrati da istovremeno hranite svoje p\u010dele zamenom za polen zajedno sa \u0161ec\u0301erom-vodom ili p\u010delinjim poga\u010dama. Ili izaberite da napunite oba odeljka samo vodom sa \u0161ec\u0301erom. Odeljci mogu da prime 4, odnosno 3 kg \u0161ec\u0301era-vode.<\/p>\n","protected":false},"featured_media":2895,"comment_status":"open","ping_status":"closed","template":"","meta":{"site-sidebar-layout":"default","site-content-layout":"default","ast-site-content-layout":"default","site-content-style":"default","site-sidebar-style":"default","ast-global-header-display":"","ast-banner-title-visibility":"","ast-main-header-display":"","ast-hfb-above-header-display":"","ast-hfb-below-header-display":"","ast-hfb-mobile-header-display":"","site-post-title":"","ast-breadcrumbs-content":"","ast-featured-img":"","footer-sml-layout":"","ast-disable-related-posts":"","theme-transparent-header-meta":"default","adv-header-id-meta":"","stick-header-meta":"default","header-above-stick-meta":"","header-main-stick-meta":"","header-below-stick-meta":"","astra-migrate-meta-layouts":"set","ast-page-background-enabled":"default","ast-page-background-meta":{"desktop":{"background-color":"var(--ast-global-color-4)","background-image":"","background-repeat":"repeat","background-position":"center center","background-size":"auto","background-attachment":"scroll","background-type":"","background-media":"","overlay-type":"","overlay-color":"","overlay-opacity":"","overlay-gradient":""},"tablet":{"background-color":"","background-image":"","background-repeat":"repeat","background-position":"center center","background-size":"auto","background-attachment":"scroll","background-type":"","background-media":"","overlay-type":"","overlay-color":"","overlay-opacity":"","overlay-gradient":""},"mobile":{"background-color":"","background-image":"","background-repeat":"repeat","background-position":"center center","background-size":"auto","background-attachment":"scroll","background-type":"","background-media":"","overlay-type":"","overlay-color":"","overlay-opacity":"","overlay-gradient":""}},"ast-content-background-meta":{"desktop":{"background-color":"var(--ast-global-color-5)","background-image":"","background-repeat":"repeat","background-position":"center center","background-size":"auto","background-attachment":"scroll","background-type":"","background-media":"","overlay-type":"","overlay-color":"","overlay-opacity":"","overlay-gradient":""},"tablet":{"background-color":"var(--ast-global-color-5)","background-image":"","background-repeat":"repeat","background-position":"center center","background-size":"auto","background-attachment":"scroll","background-type":"","background-media":"","overlay-type":"","overlay-color":"","overlay-opacity":"","overlay-gradient":""},"mobile":{"background-color":"var(--ast-global-color-5)","background-image":"","background-repeat":"repeat","background-position":"center center","background-size":"auto","background-attachment":"scroll","background-type":"","background-media":"","overlay-type":"","overlay-color":"","overlay-opacity":"","overlay-gradient":""}}},"product_brand":[],"product_cat":[58],"product_tag":[],"class_list":{"0":"post-1793","1":"product","2":"type-product","3":"status-publish","4":"has-post-thumbnail","6":"product_cat-gornje-hranilice","7":"desktop-align-center","8":"tablet-align-left","9":"mobile-align-left","11":"first","12":"instock","13":"shipping-taxable","14":"purchasable","15":"product-type-simple","16":"add-to-wishlist-after_add_to_cart"},"_links":{"self":[{"href":"https:\/\/anelsrb.com\/prodavnica\/wp-json\/wp\/v2\/product\/1793","targetHints":{"allow":["GET"]}}],"collection":[{"href":"https:\/\/anelsrb.com\/prodavnica\/wp-json\/wp\/v2\/product"}],"about":[{"href":"https:\/\/anelsrb.com\/prodavnica\/wp-json\/wp\/v2\/types\/product"}],"replies":[{"embeddable":true,"href":"https:\/\/anelsrb.com\/prodavnica\/wp-json\/wp\/v2\/comments?post=1793"}],"wp:featuredmedia":[{"embeddable":true,"href":"https:\/\/anelsrb.com\/prodavnica\/wp-json\/wp\/v2\/media\/2895"}],"wp:attachment":[{"href":"https:\/\/anelsrb.com\/prodavnica\/wp-json\/wp\/v2\/media?parent=1793"}],"wp:term":[{"taxonomy":"product_brand","embeddable":true,"href":"https:\/\/anelsrb.com\/prodavnica\/wp-json\/wp\/v2\/product_brand?post=1793"},{"taxonomy":"product_cat","embeddable":true,"href":"https:\/\/anelsrb.com\/prodavnica\/wp-json\/wp\/v2\/product_cat?post=1793"},{"taxonomy":"product_tag","embeddable":true,"href":"https:\/\/anelsrb.com\/prodavnica\/wp-json\/wp\/v2\/product_tag?post=1793"}],"curies":[{"name":"wp","href":"https:\/\/api.w.org\/{rel}","templated":true}]}}