{"id":1799,"date":"2023-07-18T12:19:29","date_gmt":"2023-07-18T10:19:29","guid":{"rendered":"https:\/\/anelsrb.com\/prodavnica\/?post_type=product&#038;p=1799"},"modified":"2025-12-01T07:31:14","modified_gmt":"2025-12-01T06:31:14","slug":"gornja-hranilica-anel-za-10-ramne-kosnice-lr-i-db10-eco-75kg","status":"publish","type":"product","link":"https:\/\/anelsrb.com\/prodavnica\/product\/gornja-hranilica-anel-za-10-ramne-kosnice-lr-i-db10-eco-75kg\/","title":{"rendered":"ANEL Gornja hranilica za 10 ramne ko\u0161nice LR i DB10, ECO 7,5kg"},"content":{"rendered":"<p>Niskobud\u017eetno re\u0161enje za krovnu hranilicu. Jedina stvar koja se menja je izdr\u017eljivost plastike kada je izlo\u017eena suncu. Ako hranilice ne izlo\u017eite suncu, nec\u0301ete imati problema.<\/p>\n<p>Profesionalna krovna hranilica, vrhunski alat za ishranu p\u010dela, nudi sledec\u0301e:<\/p>\n<p>\u2022 Obezbe\u0111uje izolaciju unutra\u0161njosti ko\u0161nice u hladnom i toplom vremenu.<\/p>\n<p>\u2022 Kada punite hranilicu, ne uznemiravate p\u010dele, jer su one potpuno izolovane iza pregrada.<\/p>\n<p>\u2022 Bez obzira na nagib va\u0161e ko\u0161nice, p\u010dele mogu pojesti sav sirup.<\/p>\n<p>\u2022 Pogodno za te\u010dnu (sirup) i \u010dvrstu (p\u010delinje poga\u010de) hranu. Nikada vi\u0161e nec\u0301ete do\u017eiveti curenje.<\/p>\n<p>\u2022 Uklapa se u poklopac i ne menja visinu ko\u0161nice.<\/p>\n<p>\u2022 Ima otvore za odzra\u010divanje koji omoguc\u0301avaju da vlaga iza\u0111e iz ko\u0161nice.<\/p>\n<p>\u2022 Ne zahteva apsolutno nikakvo odr\u017eavanje. Izra\u0111en od veoma izdr\u017eljivog materijala<\/p>\n","protected":false},"excerpt":{"rendered":"<p>GORNJE HRANILICE ZA P\u010cELE ANEL<br \/>\n\u0160irom sveta p\u010delari ih rado koriste kao najprakti\u010dnije i najbezbednije sredstvo za ishranu p\u010dela.<br \/>\n-Idealne za \u010dvrstu i te\u010dnu hranu.<br \/>\n-Slu\u017ee i kao izolatori.<br \/>\n-Prilikom prihranjivanja p\u010dele se uop\u0161te ne uznemiravaju.<br \/>\n-Savr\u0161ena kombinacija sa ANEL \u010depovima za hranjenje.<br \/>\n-U bilo kom polo\u017eaju ko\u0161nice, p\u010dele c\u0301e iskoristiti sav sirup.<br \/>\n-Poseduje dva okrugla, potpuno hermeti\u010dki zatvorena poklopca koji se mogu ukloniti da biste stavili \u010dvrstu<br \/>\nhranu (poga\u010de), sa otvorenom stranom nadole, tako da se ne su\u0161i. Zamenu poga\u010da za prihranu p\u010dela mo\u017eete<br \/>\nodraditi bez pote\u0161koc\u0301a Ref.: AN30030, Ref.: AN30023, Ref.: AN30024, Ref.: AN30026.<br \/>\n-Ne zahtevaju odr\u017eavanje.<br \/>\n-Sme\u0161taju se unutar poklopca ko\u0161nice i ne menjaju visinu ko\u0161nice.<br \/>\n-Opremljene su neophodnim otvorima za ventilaciju.<br \/>\n-Spre\u010davaju kra\u0111u p\u010dela iz drugih ko\u0161nica.<br \/>\n-Napravljena od 100% novih plasti\u010dnih materijala (bez recikla\u017ee) pogodnih za pakovanje prehrambenih<br \/>\nnamirnica.<\/p>\n","protected":false},"featured_media":1802,"comment_status":"open","ping_status":"closed","template":"","meta":{"site-sidebar-layout":"default","site-content-layout":"default","ast-site-content-layout":"default","site-content-style":"default","site-sidebar-style":"default","ast-global-header-display":"","ast-banner-title-visibility":"","ast-main-header-display":"","ast-hfb-above-header-display":"","ast-hfb-below-header-display":"","ast-hfb-mobile-header-display":"","site-post-title":"","ast-breadcrumbs-content":"","ast-featured-img":"","footer-sml-layout":"","ast-disable-related-posts":"","theme-transparent-header-meta":"default","adv-header-id-meta":"","stick-header-meta":"default","header-above-stick-meta":"","header-main-stick-meta":"","header-below-stick-meta":"","astra-migrate-meta-layouts":"set","ast-page-background-enabled":"default","ast-page-background-meta":{"desktop":{"background-color":"var(--ast-global-color-4)","background-image":"","background-repeat":"repeat","background-position":"center center","background-size":"auto","background-attachment":"scroll","background-type":"","background-media":"","overlay-type":"","overlay-color":"","overlay-opacity":"","overlay-gradient":""},"tablet":{"background-color":"","background-image":"","background-repeat":"repeat","background-position":"center center","background-size":"auto","background-attachment":"scroll","background-type":"","background-media":"","overlay-type":"","overlay-color":"","overlay-opacity":"","overlay-gradient":""},"mobile":{"background-color":"","background-image":"","background-repeat":"repeat","background-position":"center center","background-size":"auto","background-attachment":"scroll","background-type":"","background-media":"","overlay-type":"","overlay-color":"","overlay-opacity":"","overlay-gradient":""}},"ast-content-background-meta":{"desktop":{"background-color":"var(--ast-global-color-5)","background-image":"","background-repeat":"repeat","background-position":"center center","background-size":"auto","background-attachment":"scroll","background-type":"","background-media":"","overlay-type":"","overlay-color":"","overlay-opacity":"","overlay-gradient":""},"tablet":{"background-color":"var(--ast-global-color-5)","background-image":"","background-repeat":"repeat","background-position":"center center","background-size":"auto","background-attachment":"scroll","background-type":"","background-media":"","overlay-type":"","overlay-color":"","overlay-opacity":"","overlay-gradient":""},"mobile":{"background-color":"var(--ast-global-color-5)","background-image":"","background-repeat":"repeat","background-position":"center center","background-size":"auto","background-attachment":"scroll","background-type":"","background-media":"","overlay-type":"","overlay-color":"","overlay-opacity":"","overlay-gradient":""}}},"product_brand":[],"product_cat":[58],"product_tag":[],"class_list":{"0":"post-1799","1":"product","2":"type-product","3":"status-publish","4":"has-post-thumbnail","6":"product_cat-gornje-hranilice","7":"desktop-align-center","8":"tablet-align-left","9":"mobile-align-left","11":"first","12":"instock","13":"shipping-taxable","14":"purchasable","15":"product-type-simple","16":"add-to-wishlist-after_add_to_cart"},"_links":{"self":[{"href":"https:\/\/anelsrb.com\/prodavnica\/wp-json\/wp\/v2\/product\/1799","targetHints":{"allow":["GET"]}}],"collection":[{"href":"https:\/\/anelsrb.com\/prodavnica\/wp-json\/wp\/v2\/product"}],"about":[{"href":"https:\/\/anelsrb.com\/prodavnica\/wp-json\/wp\/v2\/types\/product"}],"replies":[{"embeddable":true,"href":"https:\/\/anelsrb.com\/prodavnica\/wp-json\/wp\/v2\/comments?post=1799"}],"wp:featuredmedia":[{"embeddable":true,"href":"https:\/\/anelsrb.com\/prodavnica\/wp-json\/wp\/v2\/media\/1802"}],"wp:attachment":[{"href":"https:\/\/anelsrb.com\/prodavnica\/wp-json\/wp\/v2\/media?parent=1799"}],"wp:term":[{"taxonomy":"product_brand","embeddable":true,"href":"https:\/\/anelsrb.com\/prodavnica\/wp-json\/wp\/v2\/product_brand?post=1799"},{"taxonomy":"product_cat","embeddable":true,"href":"https:\/\/anelsrb.com\/prodavnica\/wp-json\/wp\/v2\/product_cat?post=1799"},{"taxonomy":"product_tag","embeddable":true,"href":"https:\/\/anelsrb.com\/prodavnica\/wp-json\/wp\/v2\/product_tag?post=1799"}],"curies":[{"name":"wp","href":"https:\/\/api.w.org\/{rel}","templated":true}]}}