{"id":1807,"date":"2023-07-18T12:30:50","date_gmt":"2023-07-18T10:30:50","guid":{"rendered":"https:\/\/anelsrb.com\/prodavnica\/?post_type=product&#038;p=1807"},"modified":"2025-12-01T07:31:14","modified_gmt":"2025-12-01T06:31:14","slug":"gornja-hranilica-anel-za-6-ramne-nukleuse-4kg","status":"publish","type":"product","link":"https:\/\/anelsrb.com\/prodavnica\/product\/gornja-hranilica-anel-za-6-ramne-nukleuse-4kg\/","title":{"rendered":"ANEL Gornja hranilica za 6 ramne nukleuse 4kg"},"content":{"rendered":"<p>Profesionalna krovna hranilica. Vrhunski alat za hranjenje p\u010dela.<\/p>\n<p>\u2022 Obezbe\u0111uje izolaciju unutra\u0161njosti ko\u0161nice po hladnom i toplom vremenu.<\/p>\n<p>\u2022 Kada punite hranilicu, ne uznemiravate p\u010dele, jer su one potpuno izolovane iza pregrada.<\/p>\n<p>\u2022 Bez obzira na nagib va\u0161e ko\u0161nice, p\u010dele mogu pojesti sav sirup.<\/p>\n<p>\u2022 Pogodno za te\u010dnu (sirup) i \u010dvrstu (p\u010delinje poga\u010de) hranu. Nikada vi\u0161e nec\u0301ete do\u017eiveti curenje.<\/p>\n<p>\u2022 Uklapa se u poklopac i ne menja visinu ko\u0161nice.<\/p>\n<p>\u2022 Ima otvore za odzra\u010divanje koji omoguc\u0301avaju da vlaga iza\u0111e iz ko\u0161nice.<\/p>\n<p>\u2022 Ne zahteva apsolutno nikakvo odr\u017eavanje. Izra\u0111en od veoma izdr\u017eljivog materijala.<\/p>\n","protected":false},"excerpt":{"rendered":"<p>Profesionalna krovna hranilica. Vrhunski alat za hranjenje p\u010dela. \u2022 Obezbe\u0111uje izolaciju unutra\u0161njosti ko\u0161nice po hladnom i toplom vremenu. \u2022 Kada punite hranilicu, ne uznemiravate p\u010dele, jer su one potpuno izolovane iza pregrada. \u2022 Bez obzira na nagib va\u0161e ko\u0161nice, p\u010dele mogu pojesti sav sirup. \u2022 Pogodno za te\u010dnu (sirup) i \u010dvrstu (p\u010delinje poga\u010de) hranu. Nikada [&hellip;]<\/p>\n","protected":false},"featured_media":1808,"comment_status":"open","ping_status":"closed","template":"","meta":{"site-sidebar-layout":"default","site-content-layout":"default","ast-site-content-layout":"default","site-content-style":"default","site-sidebar-style":"default","ast-global-header-display":"","ast-banner-title-visibility":"","ast-main-header-display":"","ast-hfb-above-header-display":"","ast-hfb-below-header-display":"","ast-hfb-mobile-header-display":"","site-post-title":"","ast-breadcrumbs-content":"","ast-featured-img":"","footer-sml-layout":"","ast-disable-related-posts":"","theme-transparent-header-meta":"default","adv-header-id-meta":"","stick-header-meta":"default","header-above-stick-meta":"","header-main-stick-meta":"","header-below-stick-meta":"","astra-migrate-meta-layouts":"set","ast-page-background-enabled":"default","ast-page-background-meta":{"desktop":{"background-color":"var(--ast-global-color-4)","background-image":"","background-repeat":"repeat","background-position":"center center","background-size":"auto","background-attachment":"scroll","background-type":"","background-media":"","overlay-type":"","overlay-color":"","overlay-opacity":"","overlay-gradient":""},"tablet":{"background-color":"","background-image":"","background-repeat":"repeat","background-position":"center center","background-size":"auto","background-attachment":"scroll","background-type":"","background-media":"","overlay-type":"","overlay-color":"","overlay-opacity":"","overlay-gradient":""},"mobile":{"background-color":"","background-image":"","background-repeat":"repeat","background-position":"center center","background-size":"auto","background-attachment":"scroll","background-type":"","background-media":"","overlay-type":"","overlay-color":"","overlay-opacity":"","overlay-gradient":""}},"ast-content-background-meta":{"desktop":{"background-color":"var(--ast-global-color-5)","background-image":"","background-repeat":"repeat","background-position":"center center","background-size":"auto","background-attachment":"scroll","background-type":"","background-media":"","overlay-type":"","overlay-color":"","overlay-opacity":"","overlay-gradient":""},"tablet":{"background-color":"var(--ast-global-color-5)","background-image":"","background-repeat":"repeat","background-position":"center center","background-size":"auto","background-attachment":"scroll","background-type":"","background-media":"","overlay-type":"","overlay-color":"","overlay-opacity":"","overlay-gradient":""},"mobile":{"background-color":"var(--ast-global-color-5)","background-image":"","background-repeat":"repeat","background-position":"center center","background-size":"auto","background-attachment":"scroll","background-type":"","background-media":"","overlay-type":"","overlay-color":"","overlay-opacity":"","overlay-gradient":""}}},"product_brand":[],"product_cat":[58],"product_tag":[],"class_list":{"0":"post-1807","1":"product","2":"type-product","3":"status-publish","4":"has-post-thumbnail","6":"product_cat-gornje-hranilice","7":"desktop-align-center","8":"tablet-align-left","9":"mobile-align-left","11":"first","12":"instock","13":"shipping-taxable","14":"purchasable","15":"product-type-simple","16":"add-to-wishlist-after_add_to_cart"},"_links":{"self":[{"href":"https:\/\/anelsrb.com\/prodavnica\/wp-json\/wp\/v2\/product\/1807","targetHints":{"allow":["GET"]}}],"collection":[{"href":"https:\/\/anelsrb.com\/prodavnica\/wp-json\/wp\/v2\/product"}],"about":[{"href":"https:\/\/anelsrb.com\/prodavnica\/wp-json\/wp\/v2\/types\/product"}],"replies":[{"embeddable":true,"href":"https:\/\/anelsrb.com\/prodavnica\/wp-json\/wp\/v2\/comments?post=1807"}],"wp:featuredmedia":[{"embeddable":true,"href":"https:\/\/anelsrb.com\/prodavnica\/wp-json\/wp\/v2\/media\/1808"}],"wp:attachment":[{"href":"https:\/\/anelsrb.com\/prodavnica\/wp-json\/wp\/v2\/media?parent=1807"}],"wp:term":[{"taxonomy":"product_brand","embeddable":true,"href":"https:\/\/anelsrb.com\/prodavnica\/wp-json\/wp\/v2\/product_brand?post=1807"},{"taxonomy":"product_cat","embeddable":true,"href":"https:\/\/anelsrb.com\/prodavnica\/wp-json\/wp\/v2\/product_cat?post=1807"},{"taxonomy":"product_tag","embeddable":true,"href":"https:\/\/anelsrb.com\/prodavnica\/wp-json\/wp\/v2\/product_tag?post=1807"}],"curies":[{"name":"wp","href":"https:\/\/api.w.org\/{rel}","templated":true}]}}