{"id":1821,"date":"2023-07-18T14:16:54","date_gmt":"2023-07-18T12:16:54","guid":{"rendered":"https:\/\/anelsrb.com\/prodavnica\/?post_type=product&#038;p=1821"},"modified":"2026-03-03T13:37:46","modified_gmt":"2026-03-03T12:37:46","slug":"gornja-hranilica-anel-polovina-velicine-sa-zastitnom-mrezom-25kg-lr","status":"publish","type":"product","link":"https:\/\/anelsrb.com\/prodavnica\/product\/gornja-hranilica-anel-polovina-velicine-sa-zastitnom-mrezom-25kg-lr\/","title":{"rendered":"ANEL Gornja hranilica ANEL polovina veli\u010dine sa za\u0161titnom mre\u017eom 2,5kg LR"},"content":{"rendered":"<p>ANEL Polovina veli\u010dine gornja hranilica sa mre\u017eom.<\/p>\n<p>Mo\u017ee se kombinovati sa vertikalnom plo\u010dom za razdvajanje ref.AN51100 tako da mo\u017eete istovremeno hraniti tri nezavisne kolonije bez da razli\u010dite populacije do\u0111u u kontakt jedna sa drugom!<\/p>\n<p>Mo\u017ee odgovarati svim vrstama ko\u0161nica.<\/p>\n<p>Ako kombinujete sa ANEL \u010depovima za hranjenje ref. AN5167V moc\u0301i c\u0301ete da napunite hranilice \u010dak i bez otvaranja poklopca ko\u0161nice.<\/p>\n<p>P\u010dele radilice uzimaju sirup i kroz otvoreni ulaz kao i kroz re\u0161etku.<\/p>\n<p>&nbsp;<\/p>\n","protected":false},"excerpt":{"rendered":"<p>ANEL Polovina veli\u010dine gornja hranilica sa mre\u017eom.<\/p>\n<p>Mo\u017ee se kombinovati sa vertikalnom plo\u010dom za razdvajanje ref.AN51100 tako da mo\u017eete istovremeno hraniti tri nezavisne kolonije bez da razli\u010dite populacije do\u0111u u kontakt jedna sa drugom!<\/p>\n<p>Mo\u017ee odgovarati svim vrstama ko\u0161nica.<\/p>\n<p>Ako kombinujete sa ANEL \u010depovima za hranjenje ref. AN5167V moc\u0301i c\u0301ete da napunite hranilice \u010dak i bez otvaranja poklopca ko\u0161nice.<\/p>\n<p>P\u010dele radilice uzimaju sirup i kroz otvoreni ulaz kao i kroz re\u0161etku.<\/p>\n","protected":false},"featured_media":1825,"comment_status":"open","ping_status":"closed","template":"","meta":{"site-sidebar-layout":"default","site-content-layout":"default","ast-site-content-layout":"default","site-content-style":"default","site-sidebar-style":"default","ast-global-header-display":"","ast-banner-title-visibility":"","ast-main-header-display":"","ast-hfb-above-header-display":"","ast-hfb-below-header-display":"","ast-hfb-mobile-header-display":"","site-post-title":"","ast-breadcrumbs-content":"","ast-featured-img":"","footer-sml-layout":"","ast-disable-related-posts":"","theme-transparent-header-meta":"default","adv-header-id-meta":"","stick-header-meta":"default","header-above-stick-meta":"","header-main-stick-meta":"","header-below-stick-meta":"","astra-migrate-meta-layouts":"set","ast-page-background-enabled":"default","ast-page-background-meta":{"desktop":{"background-color":"var(--ast-global-color-4)","background-image":"","background-repeat":"repeat","background-position":"center center","background-size":"auto","background-attachment":"scroll","background-type":"","background-media":"","overlay-type":"","overlay-color":"","overlay-opacity":"","overlay-gradient":""},"tablet":{"background-color":"","background-image":"","background-repeat":"repeat","background-position":"center center","background-size":"auto","background-attachment":"scroll","background-type":"","background-media":"","overlay-type":"","overlay-color":"","overlay-opacity":"","overlay-gradient":""},"mobile":{"background-color":"","background-image":"","background-repeat":"repeat","background-position":"center center","background-size":"auto","background-attachment":"scroll","background-type":"","background-media":"","overlay-type":"","overlay-color":"","overlay-opacity":"","overlay-gradient":""}},"ast-content-background-meta":{"desktop":{"background-color":"var(--ast-global-color-5)","background-image":"","background-repeat":"repeat","background-position":"center center","background-size":"auto","background-attachment":"scroll","background-type":"","background-media":"","overlay-type":"","overlay-color":"","overlay-opacity":"","overlay-gradient":""},"tablet":{"background-color":"var(--ast-global-color-5)","background-image":"","background-repeat":"repeat","background-position":"center center","background-size":"auto","background-attachment":"scroll","background-type":"","background-media":"","overlay-type":"","overlay-color":"","overlay-opacity":"","overlay-gradient":""},"mobile":{"background-color":"var(--ast-global-color-5)","background-image":"","background-repeat":"repeat","background-position":"center center","background-size":"auto","background-attachment":"scroll","background-type":"","background-media":"","overlay-type":"","overlay-color":"","overlay-opacity":"","overlay-gradient":""}}},"product_brand":[],"product_cat":[58],"product_tag":[],"class_list":{"0":"post-1821","1":"product","2":"type-product","3":"status-publish","4":"has-post-thumbnail","6":"product_cat-gornje-hranilice","7":"desktop-align-center","8":"tablet-align-left","9":"mobile-align-left","11":"first","12":"instock","13":"sale","14":"shipping-taxable","15":"purchasable","16":"product-type-simple","17":"add-to-wishlist-after_add_to_cart"},"_links":{"self":[{"href":"https:\/\/anelsrb.com\/prodavnica\/wp-json\/wp\/v2\/product\/1821","targetHints":{"allow":["GET"]}}],"collection":[{"href":"https:\/\/anelsrb.com\/prodavnica\/wp-json\/wp\/v2\/product"}],"about":[{"href":"https:\/\/anelsrb.com\/prodavnica\/wp-json\/wp\/v2\/types\/product"}],"replies":[{"embeddable":true,"href":"https:\/\/anelsrb.com\/prodavnica\/wp-json\/wp\/v2\/comments?post=1821"}],"wp:featuredmedia":[{"embeddable":true,"href":"https:\/\/anelsrb.com\/prodavnica\/wp-json\/wp\/v2\/media\/1825"}],"wp:attachment":[{"href":"https:\/\/anelsrb.com\/prodavnica\/wp-json\/wp\/v2\/media?parent=1821"}],"wp:term":[{"taxonomy":"product_brand","embeddable":true,"href":"https:\/\/anelsrb.com\/prodavnica\/wp-json\/wp\/v2\/product_brand?post=1821"},{"taxonomy":"product_cat","embeddable":true,"href":"https:\/\/anelsrb.com\/prodavnica\/wp-json\/wp\/v2\/product_cat?post=1821"},{"taxonomy":"product_tag","embeddable":true,"href":"https:\/\/anelsrb.com\/prodavnica\/wp-json\/wp\/v2\/product_tag?post=1821"}],"curies":[{"name":"wp","href":"https:\/\/api.w.org\/{rel}","templated":true}]}}