{"id":1863,"date":"2023-07-18T15:10:54","date_gmt":"2023-07-18T13:10:54","guid":{"rendered":"https:\/\/anelsrb.com\/prodavnica\/?post_type=product&#038;p=1863"},"modified":"2026-04-02T10:50:52","modified_gmt":"2026-04-02T08:50:52","slug":"mreza-za-sakupljanje-propolisa-anel-siva-sa-odstojnicima-i-otvorima-za-prihranu-lr-db10","status":"publish","type":"product","link":"https:\/\/anelsrb.com\/prodavnica\/product\/mreza-za-sakupljanje-propolisa-anel-siva-sa-odstojnicima-i-otvorima-za-prihranu-lr-db10\/","title":{"rendered":"ANEL Mre\u017ea za sakupljanje propolisa"},"content":{"rendered":"<p>Siva mre\u017ea za sakupljanje propolisa je mek\u0161a i fleksibilnija od braon ANEL mre\u017eice. Zbog toga se propolis lak\u0161e vadi \u010dak i ru\u010dno i ne treba ga stavljati u zamrziva\u010d. Idealna temperatura za ekstrakciju je 17-20\u00b0C.<br \/>\nPA\u017dNJA, nemojte ga stavljati u zamrziva\u010d jer ako se stvrdne i pritisnete, mo\u017ee se polomiti. Ima dve rupe koje mo\u017eete izabrati da otvorite ako \u017eelite da stavite \u010dvrstu hranu na vrh (p\u010delinje poga\u010de). Tako c\u0301ete moc\u0301i da hranite p\u010dele, a pritom one nec\u0301e zaustaviti sakupljanje propolisa. Otvori tako\u0111e podi\u017eu centar sita nagore, tako da se ne savija u sredini i p\u010dele mogu ravnomerno da popune ceo ekran.<br \/>\nPropolis je veoma perspektivan proizvod sa veoma dobrom cenom, koji mo\u017ee doprineti va\u0161em prihodu bez mnogo truda ili vremena. Sita za sakupljanje propolisa se postavljaju na gornji sprat ko\u0161nice, ispod poklopca.<br \/>\nIznad sita za sakupljanje propolisa i poklopca ko\u0161nice treba da ostane malo prostora kako bi se stvorila struja vazduha od koje c\u0301e p\u010dele poku\u0161ati da se za\u0161tite popunjavanjem paravana propolisom. Da biste zadr\u017eali potreban razmak, mo\u017eete koristiti dva odstojnika pri\u010dvr\u0161c\u0301ena sa strane ekrana koji se mogu sklopiti. Propolis se mo\u017ee izdvojiti iz sita nakon \u0161to ga stavite u zamrziva\u010d na 5 minuta, a zatim protresite ili trljajte propolis komadom drveta ili rukom.<br \/>\nEkran mo\u017ee da prikupi 60 do 80 gr kada se napuni u roku od 10-15 dana. Obi\u010dno se primenjuje u prolec\u0301e i jesen &#8211; dobra godina mo\u017ee dati oko 400gr po ko\u0161nici. Svi ovi rezultati mogu varirati u zavisnosti od rase p\u010dela, ko\u0161nice, faune i doba godine.<br \/>\nDimenzije ekrana: 420x510mm &#8211; mo\u017ee se isec\u0301i na bilo koje manje dimenzije po \u017eelji!<br \/>\nDimenzije otvora: 20,5&#215;2,5mm<br \/>\nTe\u017eina: 0,264 kg<br \/>\nMaterijal: meki polietilen (PE), kvalitet za hranu<\/p>\n","protected":false},"excerpt":{"rendered":"<p>Jednostavna za upotrebu i veoma savitljiva, sa nje skidanje propolisa se vr\u0161i mehani\u010dki.<br \/>\nSakuplja \u010dist propolis sa minimalnim sadr\u017eajem voska.<br \/>\nLako skidanje propolisa.<br \/>\nSklopivi ugra\u0111eni odstojnici za stvaranje prostora izme\u0111u mre\u017ee i poklopca ko\u0161nice (hladnoc\u0301a, vetar i svetlost c\u0301e prolaziti kroz otvor obezbe\u0111ujuc\u0301i br\u017eu propolizaciju od strane p\u010dela).<br \/>\nOtvori se koriste za prihranu, dok se istovremenosakuplja propolis na mre\u017ei.<br \/>\nZa 10-15 dana mogu sakupiti 60-80 grama propolisa.<br \/>\nNapravljena od 100% novih plasti\u010dnih materijala (bez recikla\u017ee) pogodnih za pakovanje prehrambenih namirnica<\/p>\n","protected":false},"featured_media":2904,"comment_status":"open","ping_status":"closed","template":"","meta":{"site-sidebar-layout":"default","site-content-layout":"default","ast-site-content-layout":"default","site-content-style":"default","site-sidebar-style":"default","ast-global-header-display":"","ast-banner-title-visibility":"","ast-main-header-display":"","ast-hfb-above-header-display":"","ast-hfb-below-header-display":"","ast-hfb-mobile-header-display":"","site-post-title":"","ast-breadcrumbs-content":"","ast-featured-img":"","footer-sml-layout":"","ast-disable-related-posts":"","theme-transparent-header-meta":"default","adv-header-id-meta":"","stick-header-meta":"default","header-above-stick-meta":"","header-main-stick-meta":"","header-below-stick-meta":"","astra-migrate-meta-layouts":"set","ast-page-background-enabled":"default","ast-page-background-meta":{"desktop":{"background-color":"var(--ast-global-color-4)","background-image":"","background-repeat":"repeat","background-position":"center center","background-size":"auto","background-attachment":"scroll","background-type":"","background-media":"","overlay-type":"","overlay-color":"","overlay-opacity":"","overlay-gradient":""},"tablet":{"background-color":"","background-image":"","background-repeat":"repeat","background-position":"center center","background-size":"auto","background-attachment":"scroll","background-type":"","background-media":"","overlay-type":"","overlay-color":"","overlay-opacity":"","overlay-gradient":""},"mobile":{"background-color":"","background-image":"","background-repeat":"repeat","background-position":"center center","background-size":"auto","background-attachment":"scroll","background-type":"","background-media":"","overlay-type":"","overlay-color":"","overlay-opacity":"","overlay-gradient":""}},"ast-content-background-meta":{"desktop":{"background-color":"var(--ast-global-color-5)","background-image":"","background-repeat":"repeat","background-position":"center center","background-size":"auto","background-attachment":"scroll","background-type":"","background-media":"","overlay-type":"","overlay-color":"","overlay-opacity":"","overlay-gradient":""},"tablet":{"background-color":"var(--ast-global-color-5)","background-image":"","background-repeat":"repeat","background-position":"center center","background-size":"auto","background-attachment":"scroll","background-type":"","background-media":"","overlay-type":"","overlay-color":"","overlay-opacity":"","overlay-gradient":""},"mobile":{"background-color":"var(--ast-global-color-5)","background-image":"","background-repeat":"repeat","background-position":"center center","background-size":"auto","background-attachment":"scroll","background-type":"","background-media":"","overlay-type":"","overlay-color":"","overlay-opacity":"","overlay-gradient":""}}},"product_brand":[],"product_cat":[55],"product_tag":[],"class_list":{"0":"post-1863","1":"product","2":"type-product","3":"status-publish","4":"has-post-thumbnail","6":"product_cat-mreze-za-sakupljanje-propolisa","7":"desktop-align-center","8":"tablet-align-left","9":"mobile-align-left","11":"first","12":"instock","13":"shipping-taxable","14":"purchasable","15":"product-type-simple","16":"add-to-wishlist-after_add_to_cart"},"_links":{"self":[{"href":"https:\/\/anelsrb.com\/prodavnica\/wp-json\/wp\/v2\/product\/1863","targetHints":{"allow":["GET"]}}],"collection":[{"href":"https:\/\/anelsrb.com\/prodavnica\/wp-json\/wp\/v2\/product"}],"about":[{"href":"https:\/\/anelsrb.com\/prodavnica\/wp-json\/wp\/v2\/types\/product"}],"replies":[{"embeddable":true,"href":"https:\/\/anelsrb.com\/prodavnica\/wp-json\/wp\/v2\/comments?post=1863"}],"wp:featuredmedia":[{"embeddable":true,"href":"https:\/\/anelsrb.com\/prodavnica\/wp-json\/wp\/v2\/media\/2904"}],"wp:attachment":[{"href":"https:\/\/anelsrb.com\/prodavnica\/wp-json\/wp\/v2\/media?parent=1863"}],"wp:term":[{"taxonomy":"product_brand","embeddable":true,"href":"https:\/\/anelsrb.com\/prodavnica\/wp-json\/wp\/v2\/product_brand?post=1863"},{"taxonomy":"product_cat","embeddable":true,"href":"https:\/\/anelsrb.com\/prodavnica\/wp-json\/wp\/v2\/product_cat?post=1863"},{"taxonomy":"product_tag","embeddable":true,"href":"https:\/\/anelsrb.com\/prodavnica\/wp-json\/wp\/v2\/product_tag?post=1863"}],"curies":[{"name":"wp","href":"https:\/\/api.w.org\/{rel}","templated":true}]}}