{"id":2341,"date":"2023-08-07T11:35:17","date_gmt":"2023-08-07T09:35:17","guid":{"rendered":"https:\/\/anelsrb.com\/prodavnica\/?post_type=product&#038;p=2341"},"modified":"2026-01-28T20:04:16","modified_gmt":"2026-01-28T19:04:16","slug":"zamka-za-stetne-insekte-anel","status":"publish","type":"product","link":"https:\/\/anelsrb.com\/prodavnica\/product\/zamka-za-stetne-insekte-anel\/","title":{"rendered":"Zamka za \u0161tetne insekte ANEL"},"content":{"rendered":"<ul>\n<li><div style=\"width: 576px;\" class=\"wp-video\"><video class=\"wp-video-shortcode\" id=\"video-2341-1\" width=\"576\" height=\"1024\" preload=\"metadata\" controls=\"controls\"><source type=\"video\/mp4\" src=\"https:\/\/anelsrb.com\/prodavnica\/wp-content\/uploads\/2023\/08\/zamka-za-osice.mp4?_=1\" \/><a href=\"https:\/\/anelsrb.com\/prodavnica\/wp-content\/uploads\/2023\/08\/zamka-za-osice.mp4\">https:\/\/anelsrb.com\/prodavnica\/wp-content\/uploads\/2023\/08\/zamka-za-osice.mp4<\/a><\/video><\/div>\n<p>Zamka za \u0161tetne insekte se bori efikasno, ekonomi\u010dno i sigurno, protiv insekata<br \/>\n\u0161teto\u010dina na usevima ili kod kuc\u0301e.<\/li>\n<li>Bez otrova ili lepkova.<\/li>\n<li>Prvi put su se uspe\u0161no koristile u masovnom suzbijanju \u0161tetnih insekata u organskim i<br \/>\nneorganskim kulturama. Oni izazivaju fizi\u010dko davljenje insekata koji se uhvate tako da nije<br \/>\npotrebna upotreba insekticida.<\/li>\n<li>Potrebni mamici su jeftini i sigurni. Neke od njih mo\u017eete i sami pripremiti.<\/li>\n<li>Izra\u0111eni su od veoma izdr\u017eljivog recikliranog materijala i mogu se ponovo koristiti dugi<br \/>\nniz godina.<\/li>\n<li>Zamke ispunjavaju sve standarde EU za organsku poljoprivrednu proizvodnju<br \/>\n(2092\/91).<\/li>\n<\/ul>\n","protected":false},"excerpt":{"rendered":"[video width=\"1080\" height=\"1920\" mp4=\"https:\/\/anelsrb.com\/prodavnica\/wp-content\/uploads\/2023\/08\/video-zamka-ok-ok-ok.mp4\"][\/video]\n<p>ANEL-ove zamke za insekte bore se efikasno, ekonomi\u010dno i bezbedno protiv insekata \u0161teto\u010dina na usevu ili u va\u0161em domu. Bez otrova i lepkova. ANEL-ove zamke za insekte su prvi put uspe\u0161no kori\u0161c\u0301ene u masovnoj borbi protiv insekata \u0161teto\u010dina u organskim i neorganskim usevima. Oni izazivaju fizi\u010dko utapanje insekata koji hvataju tako da nije potrebna upotreba insekticida. Potrebni mamci su jeftini, sigurni, a neke od njih mo\u017eete \u010dak i sami pripremiti. Napravljeni su od veoma izdr\u017eljivog recikliranog materijala i mogu se ponovo koristiti dugi niz godina. Zamke ispunjavaju sve standarde EU za organsku poljoprivrednu proizvodnju (2092\/91).<\/p>\n<p>Receptura za hvatanje str\u0161ljenova i osa:<\/p>\n<p>Sastojci:<\/p>\n<ul>\n<li>10% vina (belo vino ili drugo)<\/li>\n<li>10% \u0161e\u0107era ili slatkog pi\u0107a (kao \u0161to je sok od vo\u0107a ili gazirani napitak)<\/li>\n<li>5% sir\u0107e (belo sir\u0107e)<\/li>\n<li>75% vode<\/li>\n<li>\u00a0Na primer, ako koristite 100 ml te\u010dnosti, to bi zna\u010dilo da biste trebali koristiti 10 ml vina, 10 ml \u0161e\u0107era ili slatkog pi\u0107a, 5 ml sir\u0107eta i 75 ml vode.<\/li>\n<\/ul>\n","protected":false},"featured_media":2342,"comment_status":"open","ping_status":"closed","template":"","meta":{"site-sidebar-layout":"default","site-content-layout":"default","ast-site-content-layout":"default","site-content-style":"default","site-sidebar-style":"default","ast-global-header-display":"","ast-banner-title-visibility":"","ast-main-header-display":"","ast-hfb-above-header-display":"","ast-hfb-below-header-display":"","ast-hfb-mobile-header-display":"","site-post-title":"","ast-breadcrumbs-content":"","ast-featured-img":"","footer-sml-layout":"","ast-disable-related-posts":"","theme-transparent-header-meta":"default","adv-header-id-meta":"","stick-header-meta":"default","header-above-stick-meta":"","header-main-stick-meta":"","header-below-stick-meta":"","astra-migrate-meta-layouts":"set","ast-page-background-enabled":"default","ast-page-background-meta":{"desktop":{"background-color":"var(--ast-global-color-4)","background-image":"","background-repeat":"repeat","background-position":"center center","background-size":"auto","background-attachment":"scroll","background-type":"","background-media":"","overlay-type":"","overlay-color":"","overlay-opacity":"","overlay-gradient":""},"tablet":{"background-color":"","background-image":"","background-repeat":"repeat","background-position":"center center","background-size":"auto","background-attachment":"scroll","background-type":"","background-media":"","overlay-type":"","overlay-color":"","overlay-opacity":"","overlay-gradient":""},"mobile":{"background-color":"","background-image":"","background-repeat":"repeat","background-position":"center center","background-size":"auto","background-attachment":"scroll","background-type":"","background-media":"","overlay-type":"","overlay-color":"","overlay-opacity":"","overlay-gradient":""}},"ast-content-background-meta":{"desktop":{"background-color":"var(--ast-global-color-5)","background-image":"","background-repeat":"repeat","background-position":"center center","background-size":"auto","background-attachment":"scroll","background-type":"","background-media":"","overlay-type":"","overlay-color":"","overlay-opacity":"","overlay-gradient":""},"tablet":{"background-color":"var(--ast-global-color-5)","background-image":"","background-repeat":"repeat","background-position":"center center","background-size":"auto","background-attachment":"scroll","background-type":"","background-media":"","overlay-type":"","overlay-color":"","overlay-opacity":"","overlay-gradient":""},"mobile":{"background-color":"var(--ast-global-color-5)","background-image":"","background-repeat":"repeat","background-position":"center center","background-size":"auto","background-attachment":"scroll","background-type":"","background-media":"","overlay-type":"","overlay-color":"","overlay-opacity":"","overlay-gradient":""}}},"product_brand":[],"product_cat":[87],"product_tag":[],"class_list":{"0":"post-2341","1":"product","2":"type-product","3":"status-publish","4":"has-post-thumbnail","6":"product_cat-zamke-za-insekte","7":"desktop-align-center","8":"tablet-align-left","9":"mobile-align-left","11":"first","12":"instock","13":"shipping-taxable","14":"purchasable","15":"product-type-simple","16":"add-to-wishlist-after_add_to_cart"},"_links":{"self":[{"href":"https:\/\/anelsrb.com\/prodavnica\/wp-json\/wp\/v2\/product\/2341","targetHints":{"allow":["GET"]}}],"collection":[{"href":"https:\/\/anelsrb.com\/prodavnica\/wp-json\/wp\/v2\/product"}],"about":[{"href":"https:\/\/anelsrb.com\/prodavnica\/wp-json\/wp\/v2\/types\/product"}],"replies":[{"embeddable":true,"href":"https:\/\/anelsrb.com\/prodavnica\/wp-json\/wp\/v2\/comments?post=2341"}],"wp:featuredmedia":[{"embeddable":true,"href":"https:\/\/anelsrb.com\/prodavnica\/wp-json\/wp\/v2\/media\/2342"}],"wp:attachment":[{"href":"https:\/\/anelsrb.com\/prodavnica\/wp-json\/wp\/v2\/media?parent=2341"}],"wp:term":[{"taxonomy":"product_brand","embeddable":true,"href":"https:\/\/anelsrb.com\/prodavnica\/wp-json\/wp\/v2\/product_brand?post=2341"},{"taxonomy":"product_cat","embeddable":true,"href":"https:\/\/anelsrb.com\/prodavnica\/wp-json\/wp\/v2\/product_cat?post=2341"},{"taxonomy":"product_tag","embeddable":true,"href":"https:\/\/anelsrb.com\/prodavnica\/wp-json\/wp\/v2\/product_tag?post=2341"}],"curies":[{"name":"wp","href":"https:\/\/api.w.org\/{rel}","templated":true}]}}