{"id":2414,"date":"2023-08-21T21:11:21","date_gmt":"2023-08-21T19:11:21","guid":{"rendered":"https:\/\/anelsrb.com\/prodavnica\/?post_type=product&#038;p=2414"},"modified":"2026-04-21T20:24:57","modified_gmt":"2026-04-21T18:24:57","slug":"kompletna-anel-kosnica-sa-jednim-telom-ventilacionom-podnjacom-gornjom-hranilicom-eko-75kg-poklopcem-sa-4-ventilacije","status":"publish","type":"product","link":"https:\/\/anelsrb.com\/prodavnica\/product\/kompletna-anel-kosnica-sa-jednim-telom-ventilacionom-podnjacom-gornjom-hranilicom-eko-75kg-poklopcem-sa-4-ventilacije\/","title":{"rendered":"ANEL Kompletna ko\u0161nica sa jednim telom, ventilacionom podnja\u010dom i poklopcem sa 4 ventilacije"},"content":{"rendered":"<ul>\n<li>Veoma dug \u017eivotni vek preko 10 godina.<\/li>\n<li>Nije potrebno odr\u017eavanje.<\/li>\n<li>Velika izdr\u017eljivost na pritisak i te\u017einu (&gt;500 kg).<\/li>\n<li>Izuzetno lagana, uprkos odli\u010dnoj izdr\u017eljivosti.<\/li>\n<li>Ne deformi\u0161e se, ne raspada se, ne puca, ne zadr\u017eava vodu i ne mogu ih o\u0161tetiti hemikalije (kausti\u010dna soda, oksalna kiselina, mravlja kiselina, hlor&#8230;).<\/li>\n<li>Sadr\u017ei sna\u017enu izolaciju od poliuretana (PU).<\/li>\n<li>Svi delovi su standardni (LR) i mogu se kombinovati sa drvenim ko\u0161nicama.<\/li>\n<li>Napravljena od 100% novih plasti\u010dnih materijala (bez recikla\u017ee) pogodnih za pakovanje prehrambenih namirnica.<\/li>\n<li>Dostupna u beloj, \u017eutoj, zelenoj, plavoj, sivoj i roze boji.<\/li>\n<\/ul>\n","protected":false},"excerpt":{"rendered":"<p>ANEL KO\u0160NICA OD PLASTIKE SA POLIURETANSKOM IZOLACIJOM I UGRA\u0110ENIM IDENTIFIKATOROM<br \/>\n-Veoma dug \u017eivotni vek preko 10 godina.<br \/>\n-Nije potrebno odr\u017eavanje.<br \/>\n-Velika izdr\u017eljivost na pritisak i te\u017einu (&gt;500 kg).<br \/>\n-Izuzetno lagana, uprkos odli\u010dnoj izdr\u017eljivosti.<br \/>\n-Ne deformi\u0161e se, ne raspada se, ne puca, ne zadr\u017eava vodu i ne mogu ih o\u0161tetiti hemikalije (kausti\u010dna soda, oksalna kiselina, mravlja kiselina, hlor&#8230;).<br \/>\n-Sadr\u017ei sna\u017enu izolaciju od poliuretana (PU).<br \/>\n-Svi delovi su standardni (LR) i mogu se kombinovati sa drvenim ko\u0161nicama.<br \/>\n-Napravljena od 100% novih plasti\u010dnih materijala (bez recikla\u017ee) pogodnih za pakovanje prehrambenih namirnica.<br \/>\n-Dostupna u beloj, \u017eutoj, zelenoj, plavoj i sivoj, roze boji.<\/p>\n[video width=\"1920\" height=\"1080\" mp4=\"https:\/\/anelsrb.com\/prodavnica\/wp-content\/uploads\/2023\/08\/Plastic-Frame.mp4\"][\/video]\n<p>Komplet ANEL ko\u0161nica: Ventilaciona podnja\u010da, jedno telo i poklopac sa 4 ventilaciona otvora (bez kop\u010di i gornje hranilice)<\/p>\n","protected":false},"featured_media":2838,"comment_status":"open","ping_status":"closed","template":"","meta":{"site-sidebar-layout":"default","site-content-layout":"default","ast-site-content-layout":"default","site-content-style":"default","site-sidebar-style":"default","ast-global-header-display":"","ast-banner-title-visibility":"","ast-main-header-display":"","ast-hfb-above-header-display":"","ast-hfb-below-header-display":"","ast-hfb-mobile-header-display":"","site-post-title":"","ast-breadcrumbs-content":"","ast-featured-img":"","footer-sml-layout":"","ast-disable-related-posts":"","theme-transparent-header-meta":"default","adv-header-id-meta":"","stick-header-meta":"default","header-above-stick-meta":"","header-main-stick-meta":"","header-below-stick-meta":"","astra-migrate-meta-layouts":"set","ast-page-background-enabled":"default","ast-page-background-meta":{"desktop":{"background-color":"var(--ast-global-color-4)","background-image":"","background-repeat":"repeat","background-position":"center center","background-size":"auto","background-attachment":"scroll","background-type":"","background-media":"","overlay-type":"","overlay-color":"","overlay-opacity":"","overlay-gradient":""},"tablet":{"background-color":"","background-image":"","background-repeat":"repeat","background-position":"center center","background-size":"auto","background-attachment":"scroll","background-type":"","background-media":"","overlay-type":"","overlay-color":"","overlay-opacity":"","overlay-gradient":""},"mobile":{"background-color":"","background-image":"","background-repeat":"repeat","background-position":"center center","background-size":"auto","background-attachment":"scroll","background-type":"","background-media":"","overlay-type":"","overlay-color":"","overlay-opacity":"","overlay-gradient":""}},"ast-content-background-meta":{"desktop":{"background-color":"var(--ast-global-color-5)","background-image":"","background-repeat":"repeat","background-position":"center center","background-size":"auto","background-attachment":"scroll","background-type":"","background-media":"","overlay-type":"","overlay-color":"","overlay-opacity":"","overlay-gradient":""},"tablet":{"background-color":"var(--ast-global-color-5)","background-image":"","background-repeat":"repeat","background-position":"center center","background-size":"auto","background-attachment":"scroll","background-type":"","background-media":"","overlay-type":"","overlay-color":"","overlay-opacity":"","overlay-gradient":""},"mobile":{"background-color":"var(--ast-global-color-5)","background-image":"","background-repeat":"repeat","background-position":"center center","background-size":"auto","background-attachment":"scroll","background-type":"","background-media":"","overlay-type":"","overlay-color":"","overlay-opacity":"","overlay-gradient":""}}},"product_brand":[],"product_cat":[43],"product_tag":[],"class_list":{"0":"post-2414","1":"product","2":"type-product","3":"status-publish","4":"has-post-thumbnail","6":"product_cat-anel-plasticne-kosnice-set","7":"desktop-align-center","8":"tablet-align-left","9":"mobile-align-left","11":"first","12":"outofstock","13":"featured","14":"shipping-taxable","15":"purchasable","16":"product-type-simple","17":"add-to-wishlist-after_add_to_cart"},"_links":{"self":[{"href":"https:\/\/anelsrb.com\/prodavnica\/wp-json\/wp\/v2\/product\/2414","targetHints":{"allow":["GET"]}}],"collection":[{"href":"https:\/\/anelsrb.com\/prodavnica\/wp-json\/wp\/v2\/product"}],"about":[{"href":"https:\/\/anelsrb.com\/prodavnica\/wp-json\/wp\/v2\/types\/product"}],"replies":[{"embeddable":true,"href":"https:\/\/anelsrb.com\/prodavnica\/wp-json\/wp\/v2\/comments?post=2414"}],"wp:featuredmedia":[{"embeddable":true,"href":"https:\/\/anelsrb.com\/prodavnica\/wp-json\/wp\/v2\/media\/2838"}],"wp:attachment":[{"href":"https:\/\/anelsrb.com\/prodavnica\/wp-json\/wp\/v2\/media?parent=2414"}],"wp:term":[{"taxonomy":"product_brand","embeddable":true,"href":"https:\/\/anelsrb.com\/prodavnica\/wp-json\/wp\/v2\/product_brand?post=2414"},{"taxonomy":"product_cat","embeddable":true,"href":"https:\/\/anelsrb.com\/prodavnica\/wp-json\/wp\/v2\/product_cat?post=2414"},{"taxonomy":"product_tag","embeddable":true,"href":"https:\/\/anelsrb.com\/prodavnica\/wp-json\/wp\/v2\/product_tag?post=2414"}],"curies":[{"name":"wp","href":"https:\/\/api.w.org\/{rel}","templated":true}]}}