{"id":2446,"date":"2023-10-03T14:04:17","date_gmt":"2023-10-03T12:04:17","guid":{"rendered":"https:\/\/anelsrb.com\/prodavnica\/?post_type=product&#038;p=2446"},"modified":"2023-11-04T21:36:32","modified_gmt":"2023-11-04T20:36:32","slug":"pet-tegla-sa-bordurom-saca","status":"publish","type":"product","link":"https:\/\/anelsrb.com\/prodavnica\/product\/pet-tegla-sa-bordurom-saca\/","title":{"rendered":"PET tegla sa bordurom sa\u0107a"},"content":{"rendered":"<p>Tegla od 210 ml za pakovanje meda sa bordurom sa\u0107a je izvanredna ambala\u017ea koja ne samo da \u0161titi med od spoljnih faktora, ve\u0107 i estetski doprinosi privla\u010dnosti proizvoda. Ova tegla ima kapacitet od 210 ml, \u0161to je savr\u0161eno za pakovanje manjih koli\u010dina meda.\u00a0 Ova veli\u010dina je prakti\u010dna za svakodnevnu upotrebu i \u010dini je pogodnom za prodaju na pijacama, online trgovinama ili kao poklon. Bordura sa\u0107a: Tegla ima elegantnu borduru sa\u0107a koja obavija oko njenog vrata. Ova dekoracija dodaje autenti\u010dan i prirodan izgled proizvodu, podse\u0107aju\u0107i kupce na poreklo meda i rad p\u010dela. Bordura sa\u0107a tako\u0111e dodaje estetsku vrednost i privla\u010dnost tegli.<\/p>\n<p>Flip flop zatvara\u010d sa silikonskim ventilom, jednostavan za upotrebu. Tegla od 210 ml sa bordurom sa\u0107a je izuzetno funkcionalna i privla\u010dna ambala\u017ea koja poma\u017ee da se med istakne na tr\u017ei\u0161tu i privu\u010de kupce svojim estetskim i prakti\u010dnim karakteristikama.<\/p>\n<p>&nbsp;<\/p>\n","protected":false},"excerpt":{"rendered":"<p>Tegla od 210 ml za pakovanje meda sa bordurom sa\u0107a i flip flop silikonskim zatvara\u010dem, izuzetno funkcionalna i privla\u010dna ambala\u017ea koja poma\u017ee da se med istakne na tr\u017ei\u0161tu i privu\u010de kupce svojim estetskim i prakti\u010dnim karakteristikama.<\/p>\n<p>&nbsp;<\/p>\n","protected":false},"featured_media":2447,"comment_status":"open","ping_status":"closed","template":"","meta":{"site-sidebar-layout":"default","site-content-layout":"","ast-site-content-layout":"default","site-content-style":"default","site-sidebar-style":"default","ast-global-header-display":"","ast-banner-title-visibility":"","ast-main-header-display":"","ast-hfb-above-header-display":"","ast-hfb-below-header-display":"","ast-hfb-mobile-header-display":"","site-post-title":"","ast-breadcrumbs-content":"","ast-featured-img":"","footer-sml-layout":"","ast-disable-related-posts":"","theme-transparent-header-meta":"default","adv-header-id-meta":"","stick-header-meta":"default","header-above-stick-meta":"","header-main-stick-meta":"","header-below-stick-meta":"","astra-migrate-meta-layouts":"set","ast-page-background-enabled":"default","ast-page-background-meta":{"desktop":{"background-color":"var(--ast-global-color-4)","background-image":"","background-repeat":"repeat","background-position":"center center","background-size":"auto","background-attachment":"scroll","background-type":"","background-media":"","overlay-type":"","overlay-color":"","overlay-opacity":"","overlay-gradient":""},"tablet":{"background-color":"","background-image":"","background-repeat":"repeat","background-position":"center center","background-size":"auto","background-attachment":"scroll","background-type":"","background-media":"","overlay-type":"","overlay-color":"","overlay-opacity":"","overlay-gradient":""},"mobile":{"background-color":"","background-image":"","background-repeat":"repeat","background-position":"center center","background-size":"auto","background-attachment":"scroll","background-type":"","background-media":"","overlay-type":"","overlay-color":"","overlay-opacity":"","overlay-gradient":""}},"ast-content-background-meta":{"desktop":{"background-color":"var(--ast-global-color-5)","background-image":"","background-repeat":"repeat","background-position":"center center","background-size":"auto","background-attachment":"scroll","background-type":"","background-media":"","overlay-type":"","overlay-color":"","overlay-opacity":"","overlay-gradient":""},"tablet":{"background-color":"var(--ast-global-color-5)","background-image":"","background-repeat":"repeat","background-position":"center center","background-size":"auto","background-attachment":"scroll","background-type":"","background-media":"","overlay-type":"","overlay-color":"","overlay-opacity":"","overlay-gradient":""},"mobile":{"background-color":"var(--ast-global-color-5)","background-image":"","background-repeat":"repeat","background-position":"center center","background-size":"auto","background-attachment":"scroll","background-type":"","background-media":"","overlay-type":"","overlay-color":"","overlay-opacity":"","overlay-gradient":""}}},"product_brand":[],"product_cat":[113],"product_tag":[],"class_list":{"0":"post-2446","1":"product","2":"type-product","3":"status-publish","4":"has-post-thumbnail","6":"product_cat-plasticna-ambalaza","7":"desktop-align-center","8":"tablet-align-left","9":"mobile-align-left","11":"first","12":"instock","13":"shipping-taxable","14":"purchasable","15":"product-type-simple","16":"add-to-wishlist-after_add_to_cart"},"_links":{"self":[{"href":"https:\/\/anelsrb.com\/prodavnica\/wp-json\/wp\/v2\/product\/2446","targetHints":{"allow":["GET"]}}],"collection":[{"href":"https:\/\/anelsrb.com\/prodavnica\/wp-json\/wp\/v2\/product"}],"about":[{"href":"https:\/\/anelsrb.com\/prodavnica\/wp-json\/wp\/v2\/types\/product"}],"replies":[{"embeddable":true,"href":"https:\/\/anelsrb.com\/prodavnica\/wp-json\/wp\/v2\/comments?post=2446"}],"wp:featuredmedia":[{"embeddable":true,"href":"https:\/\/anelsrb.com\/prodavnica\/wp-json\/wp\/v2\/media\/2447"}],"wp:attachment":[{"href":"https:\/\/anelsrb.com\/prodavnica\/wp-json\/wp\/v2\/media?parent=2446"}],"wp:term":[{"taxonomy":"product_brand","embeddable":true,"href":"https:\/\/anelsrb.com\/prodavnica\/wp-json\/wp\/v2\/product_brand?post=2446"},{"taxonomy":"product_cat","embeddable":true,"href":"https:\/\/anelsrb.com\/prodavnica\/wp-json\/wp\/v2\/product_cat?post=2446"},{"taxonomy":"product_tag","embeddable":true,"href":"https:\/\/anelsrb.com\/prodavnica\/wp-json\/wp\/v2\/product_tag?post=2446"}],"curies":[{"name":"wp","href":"https:\/\/api.w.org\/{rel}","templated":true}]}}