{"id":2457,"date":"2023-10-12T11:53:33","date_gmt":"2023-10-12T09:53:33","guid":{"rendered":"https:\/\/anelsrb.com\/prodavnica\/?post_type=product&#038;p=2457"},"modified":"2025-12-01T07:31:14","modified_gmt":"2025-12-01T06:31:14","slug":"zastitna-nozica-za-podizanje-kosnice","status":"publish","type":"product","link":"https:\/\/anelsrb.com\/prodavnica\/product\/zastitna-nozica-za-podizanje-kosnice\/","title":{"rendered":"Za\u0161titna no\u017eica za podizanje ko\u0161nice"},"content":{"rendered":"<p>Za\u0161titna no\u017eica za podizanje i za\u0161titu ko\u0161nice je koristan pribor u p\u010delarstvu. Ova no\u017eica ima dvostruku svrhu &#8211; omogu\u0107ava p\u010delaru da podigne ko\u0161nicu sa zemlje kako bi je za\u0161titio od vlage, hladno\u0107e i \u0161teto\u010dina, dok istovremeno obezbe\u0111uje ventilaciju i provetravanje ko\u0161nice. Evo kako funkcioni\u0161e:<\/p>\n<ol>\n<li><strong>Podizanje ko\u0161nice<\/strong>: Za\u0161titna no\u017eica se postavlja ispod dna ko\u0161nice. To poma\u017ee da se ko\u0161nica podigne i izdvoji od direktnog kontakta sa zemljom. Ovo je va\u017eno kako bi se spre\u010dilo upijanje vlage iz zemlje i o\u010duvala unutra\u0161nja klima ko\u0161nice. Osim toga, podizanje ko\u0161nice mo\u017ee da pomogne u spre\u010davanju prodora \u0161teto\u010dina poput pacova.<\/li>\n<li><strong>Ugradjeni rezervoari<\/strong> mogu da prihvate te\u010dnosti ili supstance kao \u0161to su ulje ili mast..\u00a0 Ujedno \u0161tite od gmi\u017eu\u0107ih insekata kao \u0161to su mravi, bube i drugi insekti.<\/li>\n<\/ol>\n","protected":false},"excerpt":{"rendered":"<p>Za\u0161titna no\u017eica za podizanje i za\u0161titu ko\u0161nice je koristan pribor u p\u010delarstvu. Ova no\u017eica ima dvostruku svrhu &#8211; omogu\u0107ava p\u010delaru da podigne ko\u0161nicu sa zemlje kako bi je za\u0161titio od vlage, hladno\u0107e i \u0161teto\u010dina, dok istovremeno obezbe\u0111uje ventilaciju i provetravanje ko\u0161nice.<\/p>\n<p>Za\u0161titite p\u010dele od gmi\u017eu\u0107ih insekata.<\/p>\n","protected":false},"featured_media":2460,"comment_status":"open","ping_status":"closed","template":"","meta":{"site-sidebar-layout":"default","site-content-layout":"","ast-site-content-layout":"default","site-content-style":"default","site-sidebar-style":"default","ast-global-header-display":"","ast-banner-title-visibility":"","ast-main-header-display":"","ast-hfb-above-header-display":"","ast-hfb-below-header-display":"","ast-hfb-mobile-header-display":"","site-post-title":"","ast-breadcrumbs-content":"","ast-featured-img":"","footer-sml-layout":"","ast-disable-related-posts":"","theme-transparent-header-meta":"default","adv-header-id-meta":"","stick-header-meta":"default","header-above-stick-meta":"","header-main-stick-meta":"","header-below-stick-meta":"","astra-migrate-meta-layouts":"set","ast-page-background-enabled":"default","ast-page-background-meta":{"desktop":{"background-color":"var(--ast-global-color-4)","background-image":"","background-repeat":"repeat","background-position":"center center","background-size":"auto","background-attachment":"scroll","background-type":"","background-media":"","overlay-type":"","overlay-color":"","overlay-opacity":"","overlay-gradient":""},"tablet":{"background-color":"","background-image":"","background-repeat":"repeat","background-position":"center center","background-size":"auto","background-attachment":"scroll","background-type":"","background-media":"","overlay-type":"","overlay-color":"","overlay-opacity":"","overlay-gradient":""},"mobile":{"background-color":"","background-image":"","background-repeat":"repeat","background-position":"center center","background-size":"auto","background-attachment":"scroll","background-type":"","background-media":"","overlay-type":"","overlay-color":"","overlay-opacity":"","overlay-gradient":""}},"ast-content-background-meta":{"desktop":{"background-color":"var(--ast-global-color-5)","background-image":"","background-repeat":"repeat","background-position":"center center","background-size":"auto","background-attachment":"scroll","background-type":"","background-media":"","overlay-type":"","overlay-color":"","overlay-opacity":"","overlay-gradient":""},"tablet":{"background-color":"var(--ast-global-color-5)","background-image":"","background-repeat":"repeat","background-position":"center center","background-size":"auto","background-attachment":"scroll","background-type":"","background-media":"","overlay-type":"","overlay-color":"","overlay-opacity":"","overlay-gradient":""},"mobile":{"background-color":"var(--ast-global-color-5)","background-image":"","background-repeat":"repeat","background-position":"center center","background-size":"auto","background-attachment":"scroll","background-type":"","background-media":"","overlay-type":"","overlay-color":"","overlay-opacity":"","overlay-gradient":""}}},"product_brand":[],"product_cat":[45,54],"product_tag":[],"class_list":{"0":"post-2457","1":"product","2":"type-product","3":"status-publish","4":"has-post-thumbnail","6":"product_cat-anel-plasticna-podnjaca","7":"product_cat-dodaci-z-kosnuice","8":"desktop-align-center","9":"tablet-align-left","10":"mobile-align-left","12":"first","13":"instock","14":"shipping-taxable","15":"purchasable","16":"product-type-simple","17":"add-to-wishlist-after_add_to_cart"},"_links":{"self":[{"href":"https:\/\/anelsrb.com\/prodavnica\/wp-json\/wp\/v2\/product\/2457","targetHints":{"allow":["GET"]}}],"collection":[{"href":"https:\/\/anelsrb.com\/prodavnica\/wp-json\/wp\/v2\/product"}],"about":[{"href":"https:\/\/anelsrb.com\/prodavnica\/wp-json\/wp\/v2\/types\/product"}],"replies":[{"embeddable":true,"href":"https:\/\/anelsrb.com\/prodavnica\/wp-json\/wp\/v2\/comments?post=2457"}],"wp:featuredmedia":[{"embeddable":true,"href":"https:\/\/anelsrb.com\/prodavnica\/wp-json\/wp\/v2\/media\/2460"}],"wp:attachment":[{"href":"https:\/\/anelsrb.com\/prodavnica\/wp-json\/wp\/v2\/media?parent=2457"}],"wp:term":[{"taxonomy":"product_brand","embeddable":true,"href":"https:\/\/anelsrb.com\/prodavnica\/wp-json\/wp\/v2\/product_brand?post=2457"},{"taxonomy":"product_cat","embeddable":true,"href":"https:\/\/anelsrb.com\/prodavnica\/wp-json\/wp\/v2\/product_cat?post=2457"},{"taxonomy":"product_tag","embeddable":true,"href":"https:\/\/anelsrb.com\/prodavnica\/wp-json\/wp\/v2\/product_tag?post=2457"}],"curies":[{"name":"wp","href":"https:\/\/api.w.org\/{rel}","templated":true}]}}