{"id":2488,"date":"2023-10-25T10:43:07","date_gmt":"2023-10-25T08:43:07","guid":{"rendered":"https:\/\/anelsrb.com\/prodavnica\/?post_type=product&#038;p=2488"},"modified":"2023-11-04T21:18:25","modified_gmt":"2023-11-04T20:18:25","slug":"ukrasna-kesa-za-med-2x1kg","status":"publish","type":"product","link":"https:\/\/anelsrb.com\/prodavnica\/product\/ukrasna-kesa-za-med-2x1kg\/","title":{"rendered":"Ukrasna kesa za 2 tegle od 1kg"},"content":{"rendered":"<p>Ukrasna kesa za teglu meda od 80 mikrona je idealno re\u0161enje za za\u0161titu i prezentaciju va\u0161eg ukusnog meda u teglama. Ova visokokvalitetna kesa pru\u017ea dodatnu sigurnost i za\u0161titu tegli meda.<\/p>\n<p>Debljina od 80 mikrona garantuje izuzetnu otpornost i trajnost ove kese. Ona efikasno spre\u010dava prodor svetlosti \u010dime se \u010duva integritet meda i njegova nutritivna vrednost. Ova kesa je posebno oblikovana kako bi se uklopila oko tegle meda, pru\u017eaju\u0107i \u010dvrsto prijanjanje i dodatnu za\u0161titu od potencijalnih o\u0161te\u0107enja tokom rukovanja i transporta.<\/p>\n<p>Ukrasna kesa za teglu meda od 80 mikrona ne samo da \u010duva kvalitet proizvoda ve\u0107 i isti\u010de njegovu estetiku. Jasna i poluprovidna folija omogu\u0107ava kupcima da vide privla\u010dan izgled meda u tegli, podsti\u010du\u0107i ih da se odlu\u010de za va\u0161 proizvod.<\/p>\n<p>Za sve one koji \u017eele da svoj med za\u0161tite na profesionalan na\u010din i istovremeno pru\u017ee potro\u0161a\u010dima atraktivan vizuelni do\u017eivljaj, kesa za teglu meda od 80 mikrona predstavlja izvanredan izbor. Kupci Va\u0161eg med upakovanog u ukrasnu kesu \u0107e biti odu\u0161evljeni njegovim prezentacijom i kvalitetom.<\/p>\n","protected":false},"excerpt":{"rendered":"<p>Ukrasna kesa za med koja je namenjena pakovanju tegli od 2 tegle od 1 kg je izra\u0111ena od materijala debljine 80 mikrona. Ova kesa je posebno dizajnirana da istakne lepotu i kvalitet proizvoda koji se nalazi u njoj \u2013 meda. Prodaje se na pakovanje. Jedno pakovanje sadr\u017ei 25 komada.<\/p>\n","protected":false},"featured_media":2491,"comment_status":"open","ping_status":"closed","template":"","meta":{"site-sidebar-layout":"default","site-content-layout":"","ast-site-content-layout":"default","site-content-style":"default","site-sidebar-style":"default","ast-global-header-display":"","ast-banner-title-visibility":"","ast-main-header-display":"","ast-hfb-above-header-display":"","ast-hfb-below-header-display":"","ast-hfb-mobile-header-display":"","site-post-title":"","ast-breadcrumbs-content":"","ast-featured-img":"","footer-sml-layout":"","ast-disable-related-posts":"","theme-transparent-header-meta":"default","adv-header-id-meta":"","stick-header-meta":"default","header-above-stick-meta":"","header-main-stick-meta":"","header-below-stick-meta":"","astra-migrate-meta-layouts":"set","ast-page-background-enabled":"default","ast-page-background-meta":{"desktop":{"background-color":"var(--ast-global-color-4)","background-image":"","background-repeat":"repeat","background-position":"center center","background-size":"auto","background-attachment":"scroll","background-type":"","background-media":"","overlay-type":"","overlay-color":"","overlay-opacity":"","overlay-gradient":""},"tablet":{"background-color":"","background-image":"","background-repeat":"repeat","background-position":"center center","background-size":"auto","background-attachment":"scroll","background-type":"","background-media":"","overlay-type":"","overlay-color":"","overlay-opacity":"","overlay-gradient":""},"mobile":{"background-color":"","background-image":"","background-repeat":"repeat","background-position":"center center","background-size":"auto","background-attachment":"scroll","background-type":"","background-media":"","overlay-type":"","overlay-color":"","overlay-opacity":"","overlay-gradient":""}},"ast-content-background-meta":{"desktop":{"background-color":"var(--ast-global-color-5)","background-image":"","background-repeat":"repeat","background-position":"center center","background-size":"auto","background-attachment":"scroll","background-type":"","background-media":"","overlay-type":"","overlay-color":"","overlay-opacity":"","overlay-gradient":""},"tablet":{"background-color":"var(--ast-global-color-5)","background-image":"","background-repeat":"repeat","background-position":"center center","background-size":"auto","background-attachment":"scroll","background-type":"","background-media":"","overlay-type":"","overlay-color":"","overlay-opacity":"","overlay-gradient":""},"mobile":{"background-color":"var(--ast-global-color-5)","background-image":"","background-repeat":"repeat","background-position":"center center","background-size":"auto","background-attachment":"scroll","background-type":"","background-media":"","overlay-type":"","overlay-color":"","overlay-opacity":"","overlay-gradient":""}}},"product_brand":[],"product_cat":[126],"product_tag":[],"class_list":{"0":"post-2488","1":"product","2":"type-product","3":"status-publish","4":"has-post-thumbnail","6":"product_cat-ukrasne-kese-za-med","7":"desktop-align-center","8":"tablet-align-left","9":"mobile-align-left","11":"first","12":"instock","13":"shipping-taxable","14":"purchasable","15":"product-type-simple","16":"add-to-wishlist-after_add_to_cart"},"_links":{"self":[{"href":"https:\/\/anelsrb.com\/prodavnica\/wp-json\/wp\/v2\/product\/2488","targetHints":{"allow":["GET"]}}],"collection":[{"href":"https:\/\/anelsrb.com\/prodavnica\/wp-json\/wp\/v2\/product"}],"about":[{"href":"https:\/\/anelsrb.com\/prodavnica\/wp-json\/wp\/v2\/types\/product"}],"replies":[{"embeddable":true,"href":"https:\/\/anelsrb.com\/prodavnica\/wp-json\/wp\/v2\/comments?post=2488"}],"wp:featuredmedia":[{"embeddable":true,"href":"https:\/\/anelsrb.com\/prodavnica\/wp-json\/wp\/v2\/media\/2491"}],"wp:attachment":[{"href":"https:\/\/anelsrb.com\/prodavnica\/wp-json\/wp\/v2\/media?parent=2488"}],"wp:term":[{"taxonomy":"product_brand","embeddable":true,"href":"https:\/\/anelsrb.com\/prodavnica\/wp-json\/wp\/v2\/product_brand?post=2488"},{"taxonomy":"product_cat","embeddable":true,"href":"https:\/\/anelsrb.com\/prodavnica\/wp-json\/wp\/v2\/product_cat?post=2488"},{"taxonomy":"product_tag","embeddable":true,"href":"https:\/\/anelsrb.com\/prodavnica\/wp-json\/wp\/v2\/product_tag?post=2488"}],"curies":[{"name":"wp","href":"https:\/\/api.w.org\/{rel}","templated":true}]}}