{"id":2511,"date":"2023-11-06T10:15:18","date_gmt":"2023-11-06T09:15:18","guid":{"rendered":"https:\/\/anelsrb.com\/prodavnica\/?post_type=product&#038;p=2511"},"modified":"2025-12-01T07:31:13","modified_gmt":"2025-12-01T06:31:13","slug":"drzac-dimilice","status":"publish","type":"product","link":"https:\/\/anelsrb.com\/prodavnica\/product\/drzac-dimilice\/","title":{"rendered":"Dr\u017ea\u010d dimilice"},"content":{"rendered":"<p>Dr\u017ea\u010d za p\u010delarsku dimilicu koji ima magnete i mo\u017ee se zaka\u010diti na auto mo\u017ee biti vrlo prakti\u010dan dodatak za p\u010delare koji \u017eele da imaju svoju dimilicu pri ruci dok obavljaju poslove oko ko\u0161nica.<\/p>\n<p>Magneti: Dr\u017ea\u010d je opremljen sna\u017enim magnetima koji omogu\u0107avaju sigurno pri\u010dvr\u0161\u0107ivanje na metalnu povr\u0161inu automobila. Ovi magneti su dovoljno jaki da dr\u017ee dimilicu stabilno, \u010dak i tokom vo\u017enje.<\/p>\n<p>Konstrukcija: Dr\u017ea\u010d je izra\u0111en od \u010dvrstog materijala, od metala, kako bi osigurao trajnost i otpornost na vremenske uslove. Osim toga, ima gumene obloge kako bi se izbeglo o\u0161te\u0107enje automobila.<\/p>\n<p>&nbsp;<\/p>\n<p>Monta\u017ea: Monta\u017ea dr\u017ea\u010da je jednostavna i bez potrebe za alatima. P\u010delar mo\u017ee brzo i lako pri\u010dvrstiti dr\u017ea\u010d na automobil.<\/p>\n<p>Prenosivost: Ovaj dr\u017ea\u010d mo\u017ee se koristiti kako spolja, tako i unutra. To zna\u010di da p\u010delar mo\u017ee odlu\u010diti gde \u017eeli postaviti dr\u017ea\u010d na svom vozilu, u zavisnosti od svojih potreba.<\/p>\n<p>Sigurnost: Dr\u017ea\u010d obezbe\u0111uje sigurno dr\u017eanje dimilice kako se ne bi slu\u010dajno prevrnula ili ispala tokom vo\u017enje.<\/p>\n","protected":false},"excerpt":{"rendered":"<p>Dr\u017ea\u010d za p\u010delarsku dimilicu sa magnetima je prakti\u010dan dodatak za p\u010delarsku opremu i omogu\u0107ava p\u010delarima da imaju brz pristup dimilici dok obavljaju radove oko ko\u0161nica.<\/p>\n","protected":false},"featured_media":2514,"comment_status":"open","ping_status":"closed","template":"","meta":{"site-sidebar-layout":"default","site-content-layout":"","ast-site-content-layout":"default","site-content-style":"default","site-sidebar-style":"default","ast-global-header-display":"","ast-banner-title-visibility":"","ast-main-header-display":"","ast-hfb-above-header-display":"","ast-hfb-below-header-display":"","ast-hfb-mobile-header-display":"","site-post-title":"","ast-breadcrumbs-content":"","ast-featured-img":"","footer-sml-layout":"","ast-disable-related-posts":"","theme-transparent-header-meta":"default","adv-header-id-meta":"","stick-header-meta":"default","header-above-stick-meta":"","header-main-stick-meta":"","header-below-stick-meta":"","astra-migrate-meta-layouts":"set","ast-page-background-enabled":"default","ast-page-background-meta":{"desktop":{"background-color":"var(--ast-global-color-4)","background-image":"","background-repeat":"repeat","background-position":"center center","background-size":"auto","background-attachment":"scroll","background-type":"","background-media":"","overlay-type":"","overlay-color":"","overlay-opacity":"","overlay-gradient":""},"tablet":{"background-color":"","background-image":"","background-repeat":"repeat","background-position":"center center","background-size":"auto","background-attachment":"scroll","background-type":"","background-media":"","overlay-type":"","overlay-color":"","overlay-opacity":"","overlay-gradient":""},"mobile":{"background-color":"","background-image":"","background-repeat":"repeat","background-position":"center center","background-size":"auto","background-attachment":"scroll","background-type":"","background-media":"","overlay-type":"","overlay-color":"","overlay-opacity":"","overlay-gradient":""}},"ast-content-background-meta":{"desktop":{"background-color":"var(--ast-global-color-5)","background-image":"","background-repeat":"repeat","background-position":"center center","background-size":"auto","background-attachment":"scroll","background-type":"","background-media":"","overlay-type":"","overlay-color":"","overlay-opacity":"","overlay-gradient":""},"tablet":{"background-color":"var(--ast-global-color-5)","background-image":"","background-repeat":"repeat","background-position":"center center","background-size":"auto","background-attachment":"scroll","background-type":"","background-media":"","overlay-type":"","overlay-color":"","overlay-opacity":"","overlay-gradient":""},"mobile":{"background-color":"var(--ast-global-color-5)","background-image":"","background-repeat":"repeat","background-position":"center center","background-size":"auto","background-attachment":"scroll","background-type":"","background-media":"","overlay-type":"","overlay-color":"","overlay-opacity":"","overlay-gradient":""}}},"product_brand":[],"product_cat":[125,26],"product_tag":[],"class_list":{"0":"post-2511","1":"product","2":"type-product","3":"status-publish","4":"has-post-thumbnail","6":"product_cat-pcelarski-alat","7":"product_cat-za-pcelara","8":"desktop-align-center","9":"tablet-align-left","10":"mobile-align-left","12":"first","13":"instock","14":"shipping-taxable","15":"purchasable","16":"product-type-simple","17":"add-to-wishlist-after_add_to_cart"},"_links":{"self":[{"href":"https:\/\/anelsrb.com\/prodavnica\/wp-json\/wp\/v2\/product\/2511","targetHints":{"allow":["GET"]}}],"collection":[{"href":"https:\/\/anelsrb.com\/prodavnica\/wp-json\/wp\/v2\/product"}],"about":[{"href":"https:\/\/anelsrb.com\/prodavnica\/wp-json\/wp\/v2\/types\/product"}],"replies":[{"embeddable":true,"href":"https:\/\/anelsrb.com\/prodavnica\/wp-json\/wp\/v2\/comments?post=2511"}],"wp:featuredmedia":[{"embeddable":true,"href":"https:\/\/anelsrb.com\/prodavnica\/wp-json\/wp\/v2\/media\/2514"}],"wp:attachment":[{"href":"https:\/\/anelsrb.com\/prodavnica\/wp-json\/wp\/v2\/media?parent=2511"}],"wp:term":[{"taxonomy":"product_brand","embeddable":true,"href":"https:\/\/anelsrb.com\/prodavnica\/wp-json\/wp\/v2\/product_brand?post=2511"},{"taxonomy":"product_cat","embeddable":true,"href":"https:\/\/anelsrb.com\/prodavnica\/wp-json\/wp\/v2\/product_cat?post=2511"},{"taxonomy":"product_tag","embeddable":true,"href":"https:\/\/anelsrb.com\/prodavnica\/wp-json\/wp\/v2\/product_tag?post=2511"}],"curies":[{"name":"wp","href":"https:\/\/api.w.org\/{rel}","templated":true}]}}