{"id":2516,"date":"2023-11-08T11:39:34","date_gmt":"2023-11-08T10:39:34","guid":{"rendered":"https:\/\/anelsrb.com\/prodavnica\/?post_type=product&#038;p=2516"},"modified":"2024-02-23T10:12:23","modified_gmt":"2024-02-23T09:12:23","slug":"kese-za-pogace","status":"publish","type":"product","link":"https:\/\/anelsrb.com\/prodavnica\/product\/kese-za-pogace\/","title":{"rendered":"Kese za poga\u010de"},"content":{"rendered":"<p>&#8222;Dobrodo\u0161li u svet prakti\u010dnih i efikasnih re\u0161enja za p\u010delare! Na\u0161a kesa za poga\u010de, dimenzija 260x380mm i debljine 40 mikrona, savr\u0161ena je za pakovanje hrane za p\u010dele. Ova kesa je dizajnirana da olak\u0161a hranjenje va\u0161ih p\u010dela, bez obzira na to da li koristite te\u010dnu ili \u010dvrstu prihranu.<\/p>\n<p>Njena veli\u010dina omogu\u0107ava da stane dovoljno hrane za va\u0161e p\u010dele, dok debljina od 40 mikrona garantuje izdr\u017eljivost i pouzdanost. Ova kesa \u0107e izdr\u017eati i te\u010dnu hranu, i \u010dvrste poga\u010de, bez prolivanja ili curenja.<\/p>\n<p>Neka va\u0161e p\u010dele budu sre\u0107ne i dobro nahranjene uz na\u0161e kese za poga\u010de! \ud83d\udc1d\ud83c\udf6f #P\u010delarstvo #HranjenjeP\u010dela #KeseZaPoga\u010de #P\u010dele #Te\u010dnaPrihrana #\u010cvrstaPrihrana&#8220;<\/p>\n","protected":false},"excerpt":{"rendered":"<p>Kese za poga\u010de za p\u010dele dimenzija 260x380mm, debljine 40 mikrona.<\/p>\n<p>Pakovanje 100 komada cena 600 dinara.<\/p>\n<p>Popust 5% za kupovinu 3 pakovanja (300 komada) cena 1700 dinara<br \/>\nPopust 10% za kupovinu 5 pakovanja (500 komada) cena 2700 dinara<br \/>\nPopust 15% za kupovina 10 pakovanja (1000 komada) cena 5100 dinara<\/p>\n","protected":false},"featured_media":2519,"comment_status":"open","ping_status":"closed","template":"","meta":{"site-sidebar-layout":"default","site-content-layout":"","ast-site-content-layout":"default","site-content-style":"default","site-sidebar-style":"default","ast-global-header-display":"","ast-banner-title-visibility":"","ast-main-header-display":"","ast-hfb-above-header-display":"","ast-hfb-below-header-display":"","ast-hfb-mobile-header-display":"","site-post-title":"","ast-breadcrumbs-content":"","ast-featured-img":"","footer-sml-layout":"","ast-disable-related-posts":"","theme-transparent-header-meta":"default","adv-header-id-meta":"","stick-header-meta":"default","header-above-stick-meta":"","header-main-stick-meta":"","header-below-stick-meta":"","astra-migrate-meta-layouts":"set","ast-page-background-enabled":"default","ast-page-background-meta":{"desktop":{"background-color":"var(--ast-global-color-4)","background-image":"","background-repeat":"repeat","background-position":"center center","background-size":"auto","background-attachment":"scroll","background-type":"","background-media":"","overlay-type":"","overlay-color":"","overlay-opacity":"","overlay-gradient":""},"tablet":{"background-color":"","background-image":"","background-repeat":"repeat","background-position":"center center","background-size":"auto","background-attachment":"scroll","background-type":"","background-media":"","overlay-type":"","overlay-color":"","overlay-opacity":"","overlay-gradient":""},"mobile":{"background-color":"","background-image":"","background-repeat":"repeat","background-position":"center center","background-size":"auto","background-attachment":"scroll","background-type":"","background-media":"","overlay-type":"","overlay-color":"","overlay-opacity":"","overlay-gradient":""}},"ast-content-background-meta":{"desktop":{"background-color":"var(--ast-global-color-5)","background-image":"","background-repeat":"repeat","background-position":"center center","background-size":"auto","background-attachment":"scroll","background-type":"","background-media":"","overlay-type":"","overlay-color":"","overlay-opacity":"","overlay-gradient":""},"tablet":{"background-color":"var(--ast-global-color-5)","background-image":"","background-repeat":"repeat","background-position":"center center","background-size":"auto","background-attachment":"scroll","background-type":"","background-media":"","overlay-type":"","overlay-color":"","overlay-opacity":"","overlay-gradient":""},"mobile":{"background-color":"var(--ast-global-color-5)","background-image":"","background-repeat":"repeat","background-position":"center center","background-size":"auto","background-attachment":"scroll","background-type":"","background-media":"","overlay-type":"","overlay-color":"","overlay-opacity":"","overlay-gradient":""}}},"product_brand":[],"product_cat":[82,83,65],"product_tag":[],"class_list":{"0":"post-2516","1":"product","2":"type-product","3":"status-publish","4":"has-post-thumbnail","6":"product_cat-hrana-za-pcele-i-oko-nje","7":"product_cat-pogace","8":"product_cat-za-i-oko-pcele","9":"desktop-align-center","10":"tablet-align-left","11":"mobile-align-left","13":"first","14":"instock","15":"shipping-taxable","16":"purchasable","17":"product-type-variable","18":"add-to-wishlist-after_add_to_cart"},"_links":{"self":[{"href":"https:\/\/anelsrb.com\/prodavnica\/wp-json\/wp\/v2\/product\/2516","targetHints":{"allow":["GET"]}}],"collection":[{"href":"https:\/\/anelsrb.com\/prodavnica\/wp-json\/wp\/v2\/product"}],"about":[{"href":"https:\/\/anelsrb.com\/prodavnica\/wp-json\/wp\/v2\/types\/product"}],"replies":[{"embeddable":true,"href":"https:\/\/anelsrb.com\/prodavnica\/wp-json\/wp\/v2\/comments?post=2516"}],"wp:featuredmedia":[{"embeddable":true,"href":"https:\/\/anelsrb.com\/prodavnica\/wp-json\/wp\/v2\/media\/2519"}],"wp:attachment":[{"href":"https:\/\/anelsrb.com\/prodavnica\/wp-json\/wp\/v2\/media?parent=2516"}],"wp:term":[{"taxonomy":"product_brand","embeddable":true,"href":"https:\/\/anelsrb.com\/prodavnica\/wp-json\/wp\/v2\/product_brand?post=2516"},{"taxonomy":"product_cat","embeddable":true,"href":"https:\/\/anelsrb.com\/prodavnica\/wp-json\/wp\/v2\/product_cat?post=2516"},{"taxonomy":"product_tag","embeddable":true,"href":"https:\/\/anelsrb.com\/prodavnica\/wp-json\/wp\/v2\/product_tag?post=2516"}],"curies":[{"name":"wp","href":"https:\/\/api.w.org\/{rel}","templated":true}]}}