{"id":2541,"date":"2023-12-01T11:27:09","date_gmt":"2023-12-01T10:27:09","guid":{"rendered":"https:\/\/anelsrb.com\/prodavnica\/?post_type=product&#038;p=2541"},"modified":"2024-01-21T00:00:27","modified_gmt":"2024-01-20T23:00:27","slug":"usisivac-za-pepo","status":"publish","type":"product","link":"https:\/\/anelsrb.com\/prodavnica\/product\/usisivac-za-pepo\/","title":{"rendered":"Usisiva\u010d za pepeo TC-AV 1718"},"content":{"rendered":"<p><span class=\"heading gamma\">Opis artikla<\/span><\/p>\n<p>Einhell usisiva\u010d pepela TC-AV 1718 D je svestrani ure\u0111aj za kuc\u0301ne i uradi sam poslove. Bez obzira da li ohla\u0111eni pepeo treba da se o\u010disti iz va\u0161eg kamina ili gorionika na drva, ili domac\u0301i ro\u0161tilj\u0111\u017eija vr\u0161i prolec\u0301no \u010di\u0161c\u0301enje, usisiva\u010d pepela ne poznaje granice! Sabirni kontejner od 18 litara tako\u0111e dokazuje svoju izdr\u017eljivost tokom du\u017ee upotrebe. Maksimalna snaga usisavanja je 170\u00a0mbar. Prakti\u010dna ru\u010dka za no\u0161enje omoguc\u0301ava lak transport. Sa usisnim crevom od jednog metra (pre\u010dnika 36\u00a0mm), svaki ugao se mo\u017ee lako o\u010distiti. Zahvaljujuc\u0301i naboranom filteru, sitna pra\u0161ina i pepeo nemaju \u0161anse. Dodatni predfilter obezbe\u0111uje jo\u0161 bolju filtraciju i tako\u0111e spre\u010dava brzo za\u010depljenje naboranog filtera. Kontejner za pepeo se lako mo\u017ee isprazniti zahvaljujuc\u0301i bravama za brzo otpu\u0161tanje. Kabl za napajanje se jednostavno i prakti\u010dno odla\u017ee sa \u010di\u010dak trakom. Funkcija duvanja se tako\u0111e mo\u017ee koristiti kada je crevo priklju\u010deno na izlaz za vazduh. Isporuka uklju\u010duje usisno crevo oja\u010dano metalom i aluminijumsku usisnu cev.<\/p>\n<p>&nbsp;<\/p>\n<div class=\"content-item module-headline-paragraph headline paragraph -color-headline-black\">\n<h2 class=\"heading delta\">Tehni\u010dke specifikacije<\/h2>\n<\/div>\n<div class=\"content-item module-table -styling-beta\">\n<table class=\"table__table\">\n<tbody>\n<tr class=\"-show tr-odd\">\n<td><span class=\"bold\">Napajanje<\/span><\/td>\n<td>220-240 V | 50\/60 Hz<\/td>\n<\/tr>\n<tr class=\"-show tr-even\">\n<td><span class=\"bold\">Snaga<\/span><\/td>\n<td>1200 W<\/td>\n<\/tr>\n<tr class=\"-show tr-odd\">\n<td><span class=\"bold\">Maks. Snaga usisavanja<\/span><\/td>\n<td>170 mbar<\/td>\n<\/tr>\n<tr class=\"-show tr-even\">\n<td><span class=\"bold\">Zapremina suda<\/span><\/td>\n<td>18 L<\/td>\n<\/tr>\n<tr class=\"-show tr-odd\">\n<td><span class=\"bold\">Du\u017eina usisne cevi<\/span><\/td>\n<td>1 m<\/td>\n<\/tr>\n<tr class=\"-show tr-even\">\n<td><span class=\"bold\">Pre\u010dnik usisne cevi<\/span><\/td>\n<td>36 mm<\/td>\n<\/tr>\n<\/tbody>\n<\/table>\n<\/div>\n","protected":false},"excerpt":{"rendered":"<div class=\"information__title\">\n<h1 class=\"heading gamma -color-alpha\">TC-AV 1718 D<\/h1>\n<\/div>\n<div class=\"information__meta\"><span class=\"meta\"><span class=\"bold\">\u0160ifra artikla:\u00a0<\/span><span class=\"data-point-itemno\">2351661<\/span><\/span><span class=\"meta\"><span class=\"bold\">\u00a0EAN:\u00a0<\/span>4006825660739<\/span><\/div>\n<div class=\"information__content -standard-list\">\n<ul>\n<li class=\" meta\">Posuda sa sakupljanje od 18 litara obezbe\u0111uje du\u017ee vreme rada<\/li>\n<li class=\" meta\">Prakti\u010dna ru\u010dka za no\u0161enje za lak transport<\/li>\n<li class=\" meta\">Zahvaljuju\u0107i naboranom filteru, sitna pra\u0161ina i pepeo nemaju nikakve \u0161anse<\/li>\n<li class=\" meta\">Dodatni predfilter omogu\u0107ava bolje filtriranje<\/li>\n<li class=\" meta\">Predfilter spre\u010dava brzo za\u010depljenje naboranog filtera<\/li>\n<li class=\"meta\">Sa funkcijom duvanja priklju\u010divanjem creva na izlaz za vazduh<\/li>\n<li class=\"meta\">Posuda se lako prazni zahvaljuju\u0107i bravama sa brzim otpu\u0161tanjem<\/li>\n<li class=\"meta\">Prakti\u010dno odlaganje strujnog kabla uz \u010di\u010dak traku<\/li>\n<li class=\"meta\">Uklju\u010duje usisno crevo oja\u010dano metalom i aluminijumsku usisnu cev<\/li>\n<\/ul>\n<\/div>\n","protected":false},"featured_media":2567,"comment_status":"open","ping_status":"closed","template":"","meta":{"site-sidebar-layout":"default","site-content-layout":"","ast-site-content-layout":"default","site-content-style":"default","site-sidebar-style":"default","ast-global-header-display":"","ast-banner-title-visibility":"","ast-main-header-display":"","ast-hfb-above-header-display":"","ast-hfb-below-header-display":"","ast-hfb-mobile-header-display":"","site-post-title":"","ast-breadcrumbs-content":"","ast-featured-img":"","footer-sml-layout":"","ast-disable-related-posts":"","theme-transparent-header-meta":"default","adv-header-id-meta":"","stick-header-meta":"default","header-above-stick-meta":"","header-main-stick-meta":"","header-below-stick-meta":"","astra-migrate-meta-layouts":"set","ast-page-background-enabled":"default","ast-page-background-meta":{"desktop":{"background-color":"var(--ast-global-color-4)","background-image":"","background-repeat":"repeat","background-position":"center center","background-size":"auto","background-attachment":"scroll","background-type":"","background-media":"","overlay-type":"","overlay-color":"","overlay-opacity":"","overlay-gradient":""},"tablet":{"background-color":"","background-image":"","background-repeat":"repeat","background-position":"center center","background-size":"auto","background-attachment":"scroll","background-type":"","background-media":"","overlay-type":"","overlay-color":"","overlay-opacity":"","overlay-gradient":""},"mobile":{"background-color":"","background-image":"","background-repeat":"repeat","background-position":"center center","background-size":"auto","background-attachment":"scroll","background-type":"","background-media":"","overlay-type":"","overlay-color":"","overlay-opacity":"","overlay-gradient":""}},"ast-content-background-meta":{"desktop":{"background-color":"var(--ast-global-color-5)","background-image":"","background-repeat":"repeat","background-position":"center center","background-size":"auto","background-attachment":"scroll","background-type":"","background-media":"","overlay-type":"","overlay-color":"","overlay-opacity":"","overlay-gradient":""},"tablet":{"background-color":"var(--ast-global-color-5)","background-image":"","background-repeat":"repeat","background-position":"center center","background-size":"auto","background-attachment":"scroll","background-type":"","background-media":"","overlay-type":"","overlay-color":"","overlay-opacity":"","overlay-gradient":""},"mobile":{"background-color":"var(--ast-global-color-5)","background-image":"","background-repeat":"repeat","background-position":"center center","background-size":"auto","background-attachment":"scroll","background-type":"","background-media":"","overlay-type":"","overlay-color":"","overlay-opacity":"","overlay-gradient":""}}},"product_brand":[],"product_cat":[129],"product_tag":[128],"class_list":{"0":"post-2541","1":"product","2":"type-product","3":"status-publish","4":"has-post-thumbnail","6":"product_cat-masine-i-oprema-opste-namene","7":"product_tag-tc-av-1718","8":"product_shipping_class-bp","9":"desktop-align-center","10":"tablet-align-left","11":"mobile-align-left","13":"first","14":"instock","15":"shipping-taxable","16":"purchasable","17":"product-type-simple","18":"add-to-wishlist-after_add_to_cart"},"_links":{"self":[{"href":"https:\/\/anelsrb.com\/prodavnica\/wp-json\/wp\/v2\/product\/2541","targetHints":{"allow":["GET"]}}],"collection":[{"href":"https:\/\/anelsrb.com\/prodavnica\/wp-json\/wp\/v2\/product"}],"about":[{"href":"https:\/\/anelsrb.com\/prodavnica\/wp-json\/wp\/v2\/types\/product"}],"replies":[{"embeddable":true,"href":"https:\/\/anelsrb.com\/prodavnica\/wp-json\/wp\/v2\/comments?post=2541"}],"wp:featuredmedia":[{"embeddable":true,"href":"https:\/\/anelsrb.com\/prodavnica\/wp-json\/wp\/v2\/media\/2567"}],"wp:attachment":[{"href":"https:\/\/anelsrb.com\/prodavnica\/wp-json\/wp\/v2\/media?parent=2541"}],"wp:term":[{"taxonomy":"product_brand","embeddable":true,"href":"https:\/\/anelsrb.com\/prodavnica\/wp-json\/wp\/v2\/product_brand?post=2541"},{"taxonomy":"product_cat","embeddable":true,"href":"https:\/\/anelsrb.com\/prodavnica\/wp-json\/wp\/v2\/product_cat?post=2541"},{"taxonomy":"product_tag","embeddable":true,"href":"https:\/\/anelsrb.com\/prodavnica\/wp-json\/wp\/v2\/product_tag?post=2541"}],"curies":[{"name":"wp","href":"https:\/\/api.w.org\/{rel}","templated":true}]}}