{"id":2556,"date":"2023-12-01T13:44:40","date_gmt":"2023-12-01T12:44:40","guid":{"rendered":"https:\/\/anelsrb.com\/prodavnica\/?post_type=product&#038;p=2556"},"modified":"2025-11-10T13:59:00","modified_gmt":"2025-11-10T12:59:00","slug":"punjac-akumulatora-sa-mikroprocesorom-ce-bc-10m","status":"publish","type":"product","link":"https:\/\/anelsrb.com\/prodavnica\/product\/punjac-akumulatora-sa-mikroprocesorom-ce-bc-10m\/","title":{"rendered":"EINHELL Punja\u010d akumulatora sa mikroprocesorom CE-BC 10M"},"content":{"rendered":"<p><span class=\"heading gamma\">Opis artikla<\/span><\/p>\n<p>Einhell CE-BC 10 M punja\u010d akumulatora je inteligentan punja\u010d akumulatora koji je optimizovan za visokotehnolo\u0161ke, visoko efikasne akumulatore modernih motornih vozila. Punja\u010d akumulatora sa mikroprocesorskim regulatorom pogodan je za \u0161irok spektar tipova akumulatora i sadr\u017ei \u010ditav niz tehni\u010dkih mehanizama za\u0161tite i odr\u017eavanja. Glavni fokus razvoja je bio na brzom punjenju koje je prihvatljivo za akumulatore, tako da je postignut najdu\u017ei \u017eivotni vek uz punu performansu. Detaljan indikator punjenja \u010dini punja\u010d manje komplikovanim za rad od klasi\u010dnih ure\u0111aja. vi\u0161enamenski ure\u0111aj je pogodan za gel akumulatore, AGM akumulatore i olovne akumulatore sa malim odr\u017eavanjem. CE-BC 10 M se automatski prilago\u0111ava naponu akumulatora vozila od 12 V. Vi\u0161efazni ciklus punjenja Einhell-ovog punja\u010da automatski se kontroli\u0161e i pode\u0161ava mikroprocesorski. Pametni elektronski upravlja\u010dki sistem analizira vrstu akumatora koji je povezan i njegovo stanje, postavljajuc\u0301i optimalni re\u017eim u skladu sa zahtevima. Funkcija trostrukog punjenja \u0161titi i smanjuje ptere\u0107enje na akumulatoru kako bi se odr\u017eavalo optimalno punjenje u svakom trenutku. To tako\u0111e \u010dini CE-BC 10 M pogodnim za sve tipove vozila, a posebno za sezonska vozila sa dugim vremenom stajanja: Umesto da se akumulator polako prazni sve dok se potpuno ne isprazni i rizikuje duboko pra\u017enjenje, akumulator odr\u017eava na optimalnom nivou sa malim naponom od strane funkcije za punjenje. Funkcija trostrukog punjenja smanjuje ptere\u0107enje na baterijskim c\u0301elijama i doprinosi produ\u017eenom radnom veku, spre\u010davajuc\u0301i tako potrebu za skupom zamenom neispravnih akumulatora. Tako su automobili, motocikli ili skuteri odmah spremni za akciju na po\u010detku svake sezone. Zimski re\u017eim punjenja posebno je razvijen za upotrebu kada spoljna temperatura padne ispod 5 \u00b0 C. Ure\u0111aj tako\u0111e ima re\u017eim obnavljanja za revitalizaciju duboko pra\u017enjenih akumulatora i re\u017eim napajanja koji c\u0301e mu omoguc\u0301iti da se koristi kao izvor napajanja. Einhell punja\u010d akumulatora ima automatsku za\u0161titu od prekomernog punjenja, kratkog spoja i obrnutih polova: Ovi za\u0161titni mehanizmi \u0161tite i punja\u010d i akumulator. Indikator napona i statusa napunjenosti na prvi pogled prikazuje postavku punja\u010da i napunjenost akumulatora. Stezaljke za akumulatore su potpuno izolovane, tako da se oni mogu bezbedno i lako povezati sa punja\u010dem. Kuc\u0301i\u0161te ima u\u0161icu za ka\u010denje koja se postavlja na zid.<\/p>\n<p>&nbsp;<\/p>\n<div id=\"technical-details\" class=\"section-row -padded-wide--mod-top-only\" data-anchornav=\"Tehni\u010dke specifikacije\">\n<div class=\"col-wrapper -max-width-limited -decrease-width\">\n<div class=\"col\">\n<div class=\"content-item module-headline-paragraph headline paragraph -color-headline-black\">\n<h2 class=\"heading delta\">Tehni\u010dke specifikacije<\/h2>\n<\/div>\n<div class=\"content-item module-table -styling-beta\">\n<table class=\"table__table\">\n<tbody>\n<tr class=\"-show tr-odd\">\n<td><span class=\"bold\">Napajanje<\/span><\/td>\n<td>220-240 V | 50 Hz<\/td>\n<\/tr>\n<tr class=\"-show tr-even\">\n<td><span class=\"bold\">Jump start<\/span><\/td>\n<td>no<\/td>\n<\/tr>\n<tr class=\"-show tr-odd\">\n<td><span class=\"bold\">Napon punjenja<\/span><\/td>\n<td>12V<\/td>\n<\/tr>\n<tr class=\"-show tr-even\">\n<td><span class=\"bold\">Struja punjenja Min. (arith.\/eff.) &#8211; Max. (arith.\/eff.) on 12 V d.c.<\/span><\/td>\n<td>2 \/ [-] &#8211; 10 \/ [-] A<\/td>\n<\/tr>\n<\/tbody>\n<\/table>\n<\/div>\n<\/div>\n<\/div>\n<\/div>\n<div class=\"section-row -padded-wide--mod-top-only\">\n<div class=\"col-wrapper -max-width-limited\">\n<div class=\"col\">\n<div id=\"downloads\" class=\"module-downloads\" data-anchornav=\"Preuzimanja\">\n<div class=\"headline-wrapper\"><span class=\"heading gamma\">Povezana preuzimanja<\/span><\/div>\n<\/div>\n<\/div>\n<\/div>\n<\/div>\n","protected":false},"excerpt":{"rendered":"<ul>\n<li class=\" meta\">Pametni punja\u010d za akumulatore sa mikroprocesorskom kontrolom<\/li>\n<li class=\" meta\">Vi\u0161efazni ciklus punjenja, nadgledan i kontrolisan pomo\u0107u mikroprocesora<\/li>\n<li class=\" meta\">Univerzalni punja\u010d za razne tipove akumulatora<\/li>\n<li class=\" meta\">Gel, AGM, akumulatori bez ili sa manje olovne kiseline<\/li>\n<li class=\" meta\">Klasa za\u0161tite IP65: Za\u0161tita od pra\u0161ine i prskanja vode<\/li>\n<li class=\"meta\">Funkcija za stalno idealno stanje punjenja<\/li>\n<li class=\"meta\">Za vozila sa duga\u010dkim periodima mirovanja (kabrioleti\/motocikli)<\/li>\n<li class=\"meta\">Punjenje produ\u017eava radni vek akumulatora<\/li>\n<li class=\"meta\">Zimski re\u017eim punjenjja za spolja\u0161nje temperature ispod 5\u00b0C<\/li>\n<li class=\"meta\">Re\u017eim za punjenje potpuno praznih akumulatora<\/li>\n<li class=\"meta\">Re\u017eim punjenja<\/li>\n<li class=\"meta\">LCD ekran-indikator napona i progresa punjenja akumulatora<\/li>\n<li class=\"meta\">Elektronska za\u0161tita od prekomernog punjenja, kratkog spoja i zamene polova<\/li>\n<li class=\"meta\">Potpuno izolovane \u0161tipaljke za akumulator<\/li>\n<li class=\"meta\">U\u0161ica za ka\u010denje na zid<\/li>\n<\/ul>\n","protected":false},"featured_media":2558,"comment_status":"open","ping_status":"closed","template":"","meta":{"site-sidebar-layout":"default","site-content-layout":"","ast-site-content-layout":"default","site-content-style":"default","site-sidebar-style":"default","ast-global-header-display":"","ast-banner-title-visibility":"","ast-main-header-display":"","ast-hfb-above-header-display":"","ast-hfb-below-header-display":"","ast-hfb-mobile-header-display":"","site-post-title":"","ast-breadcrumbs-content":"","ast-featured-img":"","footer-sml-layout":"","ast-disable-related-posts":"","theme-transparent-header-meta":"default","adv-header-id-meta":"","stick-header-meta":"default","header-above-stick-meta":"","header-main-stick-meta":"","header-below-stick-meta":"","astra-migrate-meta-layouts":"set","ast-page-background-enabled":"default","ast-page-background-meta":{"desktop":{"background-color":"var(--ast-global-color-4)","background-image":"","background-repeat":"repeat","background-position":"center center","background-size":"auto","background-attachment":"scroll","background-type":"","background-media":"","overlay-type":"","overlay-color":"","overlay-opacity":"","overlay-gradient":""},"tablet":{"background-color":"","background-image":"","background-repeat":"repeat","background-position":"center center","background-size":"auto","background-attachment":"scroll","background-type":"","background-media":"","overlay-type":"","overlay-color":"","overlay-opacity":"","overlay-gradient":""},"mobile":{"background-color":"","background-image":"","background-repeat":"repeat","background-position":"center center","background-size":"auto","background-attachment":"scroll","background-type":"","background-media":"","overlay-type":"","overlay-color":"","overlay-opacity":"","overlay-gradient":""}},"ast-content-background-meta":{"desktop":{"background-color":"var(--ast-global-color-5)","background-image":"","background-repeat":"repeat","background-position":"center center","background-size":"auto","background-attachment":"scroll","background-type":"","background-media":"","overlay-type":"","overlay-color":"","overlay-opacity":"","overlay-gradient":""},"tablet":{"background-color":"var(--ast-global-color-5)","background-image":"","background-repeat":"repeat","background-position":"center center","background-size":"auto","background-attachment":"scroll","background-type":"","background-media":"","overlay-type":"","overlay-color":"","overlay-opacity":"","overlay-gradient":""},"mobile":{"background-color":"var(--ast-global-color-5)","background-image":"","background-repeat":"repeat","background-position":"center center","background-size":"auto","background-attachment":"scroll","background-type":"","background-media":"","overlay-type":"","overlay-color":"","overlay-opacity":"","overlay-gradient":""}}},"product_brand":[],"product_cat":[129],"product_tag":[],"class_list":{"0":"post-2556","1":"product","2":"type-product","3":"status-publish","4":"has-post-thumbnail","6":"product_cat-masine-i-oprema-opste-namene","7":"product_shipping_class-bp","8":"desktop-align-center","9":"tablet-align-left","10":"mobile-align-left","12":"first","13":"instock","14":"shipping-taxable","15":"purchasable","16":"product-type-simple","17":"add-to-wishlist-after_add_to_cart"},"_links":{"self":[{"href":"https:\/\/anelsrb.com\/prodavnica\/wp-json\/wp\/v2\/product\/2556","targetHints":{"allow":["GET"]}}],"collection":[{"href":"https:\/\/anelsrb.com\/prodavnica\/wp-json\/wp\/v2\/product"}],"about":[{"href":"https:\/\/anelsrb.com\/prodavnica\/wp-json\/wp\/v2\/types\/product"}],"replies":[{"embeddable":true,"href":"https:\/\/anelsrb.com\/prodavnica\/wp-json\/wp\/v2\/comments?post=2556"}],"wp:featuredmedia":[{"embeddable":true,"href":"https:\/\/anelsrb.com\/prodavnica\/wp-json\/wp\/v2\/media\/2558"}],"wp:attachment":[{"href":"https:\/\/anelsrb.com\/prodavnica\/wp-json\/wp\/v2\/media?parent=2556"}],"wp:term":[{"taxonomy":"product_brand","embeddable":true,"href":"https:\/\/anelsrb.com\/prodavnica\/wp-json\/wp\/v2\/product_brand?post=2556"},{"taxonomy":"product_cat","embeddable":true,"href":"https:\/\/anelsrb.com\/prodavnica\/wp-json\/wp\/v2\/product_cat?post=2556"},{"taxonomy":"product_tag","embeddable":true,"href":"https:\/\/anelsrb.com\/prodavnica\/wp-json\/wp\/v2\/product_tag?post=2556"}],"curies":[{"name":"wp","href":"https:\/\/api.w.org\/{rel}","templated":true}]}}