{"id":2561,"date":"2023-12-01T14:02:17","date_gmt":"2023-12-01T13:02:17","guid":{"rendered":"https:\/\/anelsrb.com\/prodavnica\/?post_type=product&#038;p=2561"},"modified":"2025-11-10T13:58:43","modified_gmt":"2025-11-10T12:58:43","slug":"punjac-akumulatora-cc-bc12","status":"publish","type":"product","link":"https:\/\/anelsrb.com\/prodavnica\/product\/punjac-akumulatora-cc-bc12\/","title":{"rendered":"EINHELL Punja\u010d akumulatora CC-BC12"},"content":{"rendered":"<p><span class=\"heading gamma\">Opis artikla<\/span><\/p>\n<p>Punja\u010d akumulatora CC-BC 12 je zgodan i robustan 12-V punja\u010d sa kuc\u0301i\u0161tem od \u010deli\u010dnog lima otpornog na ogrebotine sa pra\u0161kastim premazom. Ure\u0111aj ima ampermeta koji prikazuje trenutni stepen punjenja za nadzor postupka punjenja. Pri tome, jake i potpuno izolovane \u0161tipaljke omoguc\u0301avaju optimalan kontakt sa terminalima baterije u bilo kom trenutku. Dodatno, punja\u010d baterija ima za\u0161titu od povratnog polariteta i preopterec\u0301enja za optimalnu sigurnost.<\/p>\n<p>&nbsp;<\/p>\n<div class=\"content-item module-headline-paragraph headline paragraph -color-headline-black\">\n<h2 class=\"heading delta\">Tehni\u010dke specifikacije<\/h2>\n<\/div>\n<div class=\"content-item module-table -styling-beta\">\n<table class=\"table__table\">\n<tbody>\n<tr class=\"-show tr-odd\">\n<td><span class=\"bold\">Napajanje<\/span><\/td>\n<td>230 V | 50 Hz<\/td>\n<\/tr>\n<tr class=\"-show tr-even\">\n<td><span class=\"bold\">Napon punjenja<\/span><\/td>\n<td>12V<\/td>\n<\/tr>\n<tr class=\"-show tr-odd\">\n<td><span class=\"bold\">Struja punjenja (arith.\/eff.) kod obi\u010dnog podizanja na 12 V d.c.<\/span><\/td>\n<td>8 \/ 12 A<\/td>\n<\/tr>\n<\/tbody>\n<\/table>\n<\/div>\n<p><img decoding=\"async\" src=\"https:\/\/assets.einhell.com\/manuals-pdf\/902_246715\/Explosiondrawing-1056721-cc-bc-12.jpeg?_gl=1*jmph0n*_ga*NzY4MDEzNjUuMTY5MTU4MTcwNA..*_ga_CS8HXCX23D*MTcwMTQzMTAwNS4xMC4xLjE3MDE0MzQ3NTMuNTQuMC4w\" \/><\/p>\n<p>&nbsp;<\/p>\n","protected":false},"excerpt":{"rendered":"<ul>\n<li class=\" meta\">Izolovana konstrukcija<\/li>\n<li class=\" meta\">Za\u0161tita od preopterec\u0301enja, obrnutog polariteta i kratkog spoja<\/li>\n<li class=\" meta\">Kuc\u0301i\u0161te od \u010deli\u010dnog lima<\/li>\n<li class=\" meta\">Ru\u010dka za no\u0161enje<\/li>\n<li class=\" meta\">Ugra\u0111eni ampermetar<\/li>\n<li class=\"meta\">Mre\u017eni kabl sa evropskim utika\u010dem<\/li>\n<li class=\"meta\">Punjenje sa \u010dvrstim \u0161tipaljkama<\/li>\n<\/ul>\n","protected":false},"featured_media":2566,"comment_status":"open","ping_status":"closed","template":"","meta":{"site-sidebar-layout":"default","site-content-layout":"","ast-site-content-layout":"default","site-content-style":"default","site-sidebar-style":"default","ast-global-header-display":"","ast-banner-title-visibility":"","ast-main-header-display":"","ast-hfb-above-header-display":"","ast-hfb-below-header-display":"","ast-hfb-mobile-header-display":"","site-post-title":"","ast-breadcrumbs-content":"","ast-featured-img":"","footer-sml-layout":"","ast-disable-related-posts":"","theme-transparent-header-meta":"default","adv-header-id-meta":"","stick-header-meta":"default","header-above-stick-meta":"","header-main-stick-meta":"","header-below-stick-meta":"","astra-migrate-meta-layouts":"set","ast-page-background-enabled":"default","ast-page-background-meta":{"desktop":{"background-color":"var(--ast-global-color-4)","background-image":"","background-repeat":"repeat","background-position":"center center","background-size":"auto","background-attachment":"scroll","background-type":"","background-media":"","overlay-type":"","overlay-color":"","overlay-opacity":"","overlay-gradient":""},"tablet":{"background-color":"","background-image":"","background-repeat":"repeat","background-position":"center center","background-size":"auto","background-attachment":"scroll","background-type":"","background-media":"","overlay-type":"","overlay-color":"","overlay-opacity":"","overlay-gradient":""},"mobile":{"background-color":"","background-image":"","background-repeat":"repeat","background-position":"center center","background-size":"auto","background-attachment":"scroll","background-type":"","background-media":"","overlay-type":"","overlay-color":"","overlay-opacity":"","overlay-gradient":""}},"ast-content-background-meta":{"desktop":{"background-color":"var(--ast-global-color-5)","background-image":"","background-repeat":"repeat","background-position":"center center","background-size":"auto","background-attachment":"scroll","background-type":"","background-media":"","overlay-type":"","overlay-color":"","overlay-opacity":"","overlay-gradient":""},"tablet":{"background-color":"var(--ast-global-color-5)","background-image":"","background-repeat":"repeat","background-position":"center center","background-size":"auto","background-attachment":"scroll","background-type":"","background-media":"","overlay-type":"","overlay-color":"","overlay-opacity":"","overlay-gradient":""},"mobile":{"background-color":"var(--ast-global-color-5)","background-image":"","background-repeat":"repeat","background-position":"center center","background-size":"auto","background-attachment":"scroll","background-type":"","background-media":"","overlay-type":"","overlay-color":"","overlay-opacity":"","overlay-gradient":""}}},"product_brand":[],"product_cat":[129],"product_tag":[],"class_list":{"0":"post-2561","1":"product","2":"type-product","3":"status-publish","4":"has-post-thumbnail","6":"product_cat-masine-i-oprema-opste-namene","7":"product_shipping_class-bp","8":"desktop-align-center","9":"tablet-align-left","10":"mobile-align-left","12":"first","13":"instock","14":"shipping-taxable","15":"purchasable","16":"product-type-simple","17":"add-to-wishlist-after_add_to_cart"},"_links":{"self":[{"href":"https:\/\/anelsrb.com\/prodavnica\/wp-json\/wp\/v2\/product\/2561","targetHints":{"allow":["GET"]}}],"collection":[{"href":"https:\/\/anelsrb.com\/prodavnica\/wp-json\/wp\/v2\/product"}],"about":[{"href":"https:\/\/anelsrb.com\/prodavnica\/wp-json\/wp\/v2\/types\/product"}],"replies":[{"embeddable":true,"href":"https:\/\/anelsrb.com\/prodavnica\/wp-json\/wp\/v2\/comments?post=2561"}],"wp:featuredmedia":[{"embeddable":true,"href":"https:\/\/anelsrb.com\/prodavnica\/wp-json\/wp\/v2\/media\/2566"}],"wp:attachment":[{"href":"https:\/\/anelsrb.com\/prodavnica\/wp-json\/wp\/v2\/media?parent=2561"}],"wp:term":[{"taxonomy":"product_brand","embeddable":true,"href":"https:\/\/anelsrb.com\/prodavnica\/wp-json\/wp\/v2\/product_brand?post=2561"},{"taxonomy":"product_cat","embeddable":true,"href":"https:\/\/anelsrb.com\/prodavnica\/wp-json\/wp\/v2\/product_cat?post=2561"},{"taxonomy":"product_tag","embeddable":true,"href":"https:\/\/anelsrb.com\/prodavnica\/wp-json\/wp\/v2\/product_tag?post=2561"}],"curies":[{"name":"wp","href":"https:\/\/api.w.org\/{rel}","templated":true}]}}