{"id":2626,"date":"2024-02-27T12:25:12","date_gmt":"2024-02-27T11:25:12","guid":{"rendered":"https:\/\/anelsrb.com\/prodavnica\/?post_type=product&#038;p=2626"},"modified":"2026-03-02T10:45:36","modified_gmt":"2026-03-02T09:45:36","slug":"zamka-za-strsljnove","status":"publish","type":"product","link":"https:\/\/anelsrb.com\/prodavnica\/product\/zamka-za-strsljnove\/","title":{"rendered":"Zamka za str\u0161ljnove"},"content":{"rendered":"<p>Biolo\u0161ka zamka za str\u0161ljenove, ose i mu\u0161ice predstavlja inovativan pristup kontrolisanju insekata na prirodan na\u010din, bez upotrebe hemikalija koje mogu biti \u0161tetne po okolinu. Ova zamka se zasniva na privla\u010denju insekata koriste\u0107i prirodne mirise i boje, te ih zatim efikasno hvata i zadr\u017eava.<\/p>\n<div class=\"flex-1 overflow-hidden\">\n<div class=\"react-scroll-to-bottom--css-erjmm-79elbk h-full\">\n<div class=\"react-scroll-to-bottom--css-erjmm-1n7m0yu\">\n<div class=\"flex flex-col text-sm pb-9\">\n<div class=\"w-full text-token-text-primary\" data-testid=\"conversation-turn-3\">\n<div class=\"px-4 py-2 justify-center text-base md:gap-6 m-auto\">\n<div class=\"flex flex-1 text-base mx-auto gap-3 md:px-5 lg:px-1 xl:px-5 md:max-w-3xl lg:max-w-[40rem] xl:max-w-[48rem] group final-completion\">\n<div class=\"relative flex w-full flex-col agent-turn\">\n<div class=\"flex-col gap-1 md:gap-3\">\n<div class=\"flex flex-grow flex-col max-w-full\">\n<div class=\"min-h-[20px] text-message flex flex-col items-start gap-3 whitespace-pre-wrap break-words [.text-message+&amp;]:mt-5 overflow-x-auto\" data-message-author-role=\"assistant\" data-message-id=\"f9e071d5-16f9-403b-b2cf-03448206ca1d\">\n<div class=\"markdown prose w-full break-words dark:prose-invert light\">\n<p>Kada insekti jednom u\u0111u u zamku, ona ih efikasno zadr\u017eava koriste\u0107i mehani\u010dki sistem ili ljepljivu te\u010dnost,\u00a0 mo\u017ee lako ukloniti ili isprazniti iz zamke. Osim toga, materijali kori\u0161\u0107eni za izradu zamke su\u00a0 ekolo\u0161ki prihvatljivi, doprinose\u0107i o\u010duvanju prirodne ravnote\u017ee.<\/p>\n<p>Biolo\u0161ke zamke za insekte predstavljaju odr\u017eivu alternativu tradicionalnim pesticidima, smanjuju\u0107i potrebu za hemijskim supstancama i minimalizuju\u0107i negativne uticaje na \u017eivotnu sredinu. Ova inovacija se pokazala kao efikasan i ekolo\u0161ki prihvatljiv na\u010din za kontrolu populacije insekata koji mogu predstavljati problem u odre\u0111enim okru\u017eenjima.<\/p>\n<\/div>\n<\/div>\n<\/div>\n<div class=\"mt-1 flex justify-start gap-3 empty:hidden\">\n<div class=\"text-gray-400 flex self-end lg:self-center justify-center lg:justify-start mt-0 -ml-1 h-7 visible\"><\/div>\n<\/div>\n<\/div>\n<\/div>\n<\/div>\n<\/div>\n<\/div>\n<\/div>\n<\/div>\n<\/div>\n<\/div>\n","protected":false},"excerpt":{"rendered":"<p>Biolo\u0161ka zamka za str\u0161ljenove, ose i mu\u0161ice predstavlja inovativan pristup kontrolisanju insekata na prirodan na\u010din, bez upotrebe hemikalija koje mogu biti \u0161tetne po okolinu. Ova zamka se zasniva na privla\u010denju insekata koriste\u0107i prirodne mirise i boje, te ih zatim efikasno hvata i zadr\u017eava. Pakovanje sadr\u017ei 10 kom.<\/p>\n[video width=\"1080\" height=\"1920\" mp4=\"https:\/\/anelsrb.com\/prodavnica\/wp-content\/uploads\/2023\/08\/video-zamka-ok-ok-ok.mp4\"][\/video]\n","protected":false},"featured_media":2627,"comment_status":"open","ping_status":"closed","template":"","meta":{"site-sidebar-layout":"default","site-content-layout":"","ast-site-content-layout":"default","site-content-style":"default","site-sidebar-style":"default","ast-global-header-display":"","ast-banner-title-visibility":"","ast-main-header-display":"","ast-hfb-above-header-display":"","ast-hfb-below-header-display":"","ast-hfb-mobile-header-display":"","site-post-title":"","ast-breadcrumbs-content":"","ast-featured-img":"","footer-sml-layout":"","ast-disable-related-posts":"","theme-transparent-header-meta":"default","adv-header-id-meta":"","stick-header-meta":"default","header-above-stick-meta":"","header-main-stick-meta":"","header-below-stick-meta":"","astra-migrate-meta-layouts":"set","ast-page-background-enabled":"default","ast-page-background-meta":{"desktop":{"background-color":"var(--ast-global-color-4)","background-image":"","background-repeat":"repeat","background-position":"center center","background-size":"auto","background-attachment":"scroll","background-type":"","background-media":"","overlay-type":"","overlay-color":"","overlay-opacity":"","overlay-gradient":""},"tablet":{"background-color":"","background-image":"","background-repeat":"repeat","background-position":"center center","background-size":"auto","background-attachment":"scroll","background-type":"","background-media":"","overlay-type":"","overlay-color":"","overlay-opacity":"","overlay-gradient":""},"mobile":{"background-color":"","background-image":"","background-repeat":"repeat","background-position":"center center","background-size":"auto","background-attachment":"scroll","background-type":"","background-media":"","overlay-type":"","overlay-color":"","overlay-opacity":"","overlay-gradient":""}},"ast-content-background-meta":{"desktop":{"background-color":"var(--ast-global-color-5)","background-image":"","background-repeat":"repeat","background-position":"center center","background-size":"auto","background-attachment":"scroll","background-type":"","background-media":"","overlay-type":"","overlay-color":"","overlay-opacity":"","overlay-gradient":""},"tablet":{"background-color":"var(--ast-global-color-5)","background-image":"","background-repeat":"repeat","background-position":"center center","background-size":"auto","background-attachment":"scroll","background-type":"","background-media":"","overlay-type":"","overlay-color":"","overlay-opacity":"","overlay-gradient":""},"mobile":{"background-color":"var(--ast-global-color-5)","background-image":"","background-repeat":"repeat","background-position":"center center","background-size":"auto","background-attachment":"scroll","background-type":"","background-media":"","overlay-type":"","overlay-color":"","overlay-opacity":"","overlay-gradient":""}}},"product_brand":[],"product_cat":[87],"product_tag":[],"class_list":{"0":"post-2626","1":"product","2":"type-product","3":"status-publish","4":"has-post-thumbnail","6":"product_cat-zamke-za-insekte","7":"desktop-align-center","8":"tablet-align-left","9":"mobile-align-left","11":"first","12":"instock","13":"sale","14":"shipping-taxable","15":"purchasable","16":"product-type-simple","17":"add-to-wishlist-after_add_to_cart"},"_links":{"self":[{"href":"https:\/\/anelsrb.com\/prodavnica\/wp-json\/wp\/v2\/product\/2626","targetHints":{"allow":["GET"]}}],"collection":[{"href":"https:\/\/anelsrb.com\/prodavnica\/wp-json\/wp\/v2\/product"}],"about":[{"href":"https:\/\/anelsrb.com\/prodavnica\/wp-json\/wp\/v2\/types\/product"}],"replies":[{"embeddable":true,"href":"https:\/\/anelsrb.com\/prodavnica\/wp-json\/wp\/v2\/comments?post=2626"}],"wp:featuredmedia":[{"embeddable":true,"href":"https:\/\/anelsrb.com\/prodavnica\/wp-json\/wp\/v2\/media\/2627"}],"wp:attachment":[{"href":"https:\/\/anelsrb.com\/prodavnica\/wp-json\/wp\/v2\/media?parent=2626"}],"wp:term":[{"taxonomy":"product_brand","embeddable":true,"href":"https:\/\/anelsrb.com\/prodavnica\/wp-json\/wp\/v2\/product_brand?post=2626"},{"taxonomy":"product_cat","embeddable":true,"href":"https:\/\/anelsrb.com\/prodavnica\/wp-json\/wp\/v2\/product_cat?post=2626"},{"taxonomy":"product_tag","embeddable":true,"href":"https:\/\/anelsrb.com\/prodavnica\/wp-json\/wp\/v2\/product_tag?post=2626"}],"curies":[{"name":"wp","href":"https:\/\/api.w.org\/{rel}","templated":true}]}}