{"id":2651,"date":"2024-04-01T12:53:08","date_gmt":"2024-04-01T10:53:08","guid":{"rendered":"https:\/\/anelsrb.com\/prodavnica\/?post_type=product&#038;p=2651"},"modified":"2026-04-08T12:36:25","modified_gmt":"2026-04-08T10:36:25","slug":"poklopac-bagrem","status":"publish","type":"product","link":"https:\/\/anelsrb.com\/prodavnica\/product\/poklopac-bagrem\/","title":{"rendered":"Poklopac za teglu Bagrem"},"content":{"rendered":"<p>Poklopac sa slikom bagremovog meda je savr\u0161en dodatak svakoj tegli sa standardnim navojem za twist off zatvara\u010de, \u010diji je pre\u010dnik navojnog grla 82mm. Bez obzira na to koristite li teglu zapremine 370ml ili ve\u0107u teglu od 720ml, ovaj poklopac ne samo da obezbe\u0111uje hermeti\u010dko zatvaranje ve\u0107 i unosi dodatnu estetiku u va\u0161e proizvode. Slika bagremovog meda na poklopcu ne samo da odra\u017eava kvalitet i prirodni karakter va\u0161eg proizvoda, ve\u0107 i privla\u010di pa\u017enju kupaca svojom autenti\u010dno\u0161\u0107u. Ovaj poklopac je prakti\u010dan i jednostavan za kori\u0161\u0107enje, omogu\u0107avaju\u0107i vam lako otvaranje i zatvaranje tegle, dok istovremeno \u010duva sve\u017einu i ukus va\u0161eg meda. Bez obzira da li ga koristite za li\u010dnu upotrebu ili za prodaju, poklopac sa slikom bagremovog meda je savr\u0161en izbor koji \u0107e dodati poseban \u0161arm va\u0161im proizvodima.<\/p>\n<p>Minimalna porud\u017ebina je 50 kom<\/p>\n","protected":false},"excerpt":{"rendered":"<p>Poklopac sa slikom bagremovog meda je savr\u0161en dodatak svakoj tegli sa standardnim navojem za twist off zatvara\u010de, \u010diji je pre\u010dnik navojnog grla 82mm. Bez obzira na to koristite li teglu zapremine 370ml ili ve\u0107u teglu od 720ml, ovaj poklopac ne samo da obezbe\u0111uje hermeti\u010dko zatvaranje ve\u0107 i unosi dodatnu estetiku u va\u0161e proizvode. Slika bagremovog meda na poklopcu ne samo da odra\u017eava kvalitet i prirodni karakter va\u0161eg proizvoda, ve\u0107 i privla\u010di pa\u017enju kupaca svojom autenti\u010dno\u0161\u0107u. Ovaj poklopac je prakti\u010dan i jednostavan za kori\u0161\u0107enje, omogu\u0107avaju\u0107i vam lako otvaranje i zatvaranje tegle, dok istovremeno \u010duva sve\u017einu i ukus va\u0161eg meda. Bez obzira da li ga koristite za li\u010dnu upotrebu ili za prodaju, poklopac sa slikom bagremovog meda je savr\u0161en izbor koji \u0107e dodati poseban \u0161arm va\u0161im proizvodima.<\/p>\n<p>&nbsp;<\/p>\n","protected":false},"featured_media":2654,"comment_status":"open","ping_status":"closed","template":"","meta":{"site-sidebar-layout":"default","site-content-layout":"","ast-site-content-layout":"default","site-content-style":"default","site-sidebar-style":"default","ast-global-header-display":"","ast-banner-title-visibility":"","ast-main-header-display":"","ast-hfb-above-header-display":"","ast-hfb-below-header-display":"","ast-hfb-mobile-header-display":"","site-post-title":"","ast-breadcrumbs-content":"","ast-featured-img":"","footer-sml-layout":"","ast-disable-related-posts":"","theme-transparent-header-meta":"default","adv-header-id-meta":"","stick-header-meta":"default","header-above-stick-meta":"","header-main-stick-meta":"","header-below-stick-meta":"","astra-migrate-meta-layouts":"set","ast-page-background-enabled":"default","ast-page-background-meta":{"desktop":{"background-color":"var(--ast-global-color-4)","background-image":"","background-repeat":"repeat","background-position":"center center","background-size":"auto","background-attachment":"scroll","background-type":"","background-media":"","overlay-type":"","overlay-color":"","overlay-opacity":"","overlay-gradient":""},"tablet":{"background-color":"","background-image":"","background-repeat":"repeat","background-position":"center center","background-size":"auto","background-attachment":"scroll","background-type":"","background-media":"","overlay-type":"","overlay-color":"","overlay-opacity":"","overlay-gradient":""},"mobile":{"background-color":"","background-image":"","background-repeat":"repeat","background-position":"center center","background-size":"auto","background-attachment":"scroll","background-type":"","background-media":"","overlay-type":"","overlay-color":"","overlay-opacity":"","overlay-gradient":""}},"ast-content-background-meta":{"desktop":{"background-color":"var(--ast-global-color-5)","background-image":"","background-repeat":"repeat","background-position":"center center","background-size":"auto","background-attachment":"scroll","background-type":"","background-media":"","overlay-type":"","overlay-color":"","overlay-opacity":"","overlay-gradient":""},"tablet":{"background-color":"var(--ast-global-color-5)","background-image":"","background-repeat":"repeat","background-position":"center center","background-size":"auto","background-attachment":"scroll","background-type":"","background-media":"","overlay-type":"","overlay-color":"","overlay-opacity":"","overlay-gradient":""},"mobile":{"background-color":"var(--ast-global-color-5)","background-image":"","background-repeat":"repeat","background-position":"center center","background-size":"auto","background-attachment":"scroll","background-type":"","background-media":"","overlay-type":"","overlay-color":"","overlay-opacity":"","overlay-gradient":""}}},"product_brand":[],"product_cat":[111],"product_tag":[],"class_list":{"0":"post-2651","1":"product","2":"type-product","3":"status-publish","4":"has-post-thumbnail","6":"product_cat-poklopci-za-tege","7":"desktop-align-center","8":"tablet-align-left","9":"mobile-align-left","11":"first","12":"instock","13":"shipping-taxable","14":"purchasable","15":"product-type-simple","16":"add-to-wishlist-after_add_to_cart"},"_links":{"self":[{"href":"https:\/\/anelsrb.com\/prodavnica\/wp-json\/wp\/v2\/product\/2651","targetHints":{"allow":["GET"]}}],"collection":[{"href":"https:\/\/anelsrb.com\/prodavnica\/wp-json\/wp\/v2\/product"}],"about":[{"href":"https:\/\/anelsrb.com\/prodavnica\/wp-json\/wp\/v2\/types\/product"}],"replies":[{"embeddable":true,"href":"https:\/\/anelsrb.com\/prodavnica\/wp-json\/wp\/v2\/comments?post=2651"}],"wp:featuredmedia":[{"embeddable":true,"href":"https:\/\/anelsrb.com\/prodavnica\/wp-json\/wp\/v2\/media\/2654"}],"wp:attachment":[{"href":"https:\/\/anelsrb.com\/prodavnica\/wp-json\/wp\/v2\/media?parent=2651"}],"wp:term":[{"taxonomy":"product_brand","embeddable":true,"href":"https:\/\/anelsrb.com\/prodavnica\/wp-json\/wp\/v2\/product_brand?post=2651"},{"taxonomy":"product_cat","embeddable":true,"href":"https:\/\/anelsrb.com\/prodavnica\/wp-json\/wp\/v2\/product_cat?post=2651"},{"taxonomy":"product_tag","embeddable":true,"href":"https:\/\/anelsrb.com\/prodavnica\/wp-json\/wp\/v2\/product_tag?post=2651"}],"curies":[{"name":"wp","href":"https:\/\/api.w.org\/{rel}","templated":true}]}}