{"id":2675,"date":"2024-04-01T16:24:02","date_gmt":"2024-04-01T14:24:02","guid":{"rendered":"https:\/\/anelsrb.com\/prodavnica\/?post_type=product&#038;p=2675"},"modified":"2026-02-23T15:19:57","modified_gmt":"2026-02-23T14:19:57","slug":"poklopac-za-teglu-karo","status":"publish","type":"product","link":"https:\/\/anelsrb.com\/prodavnica\/product\/poklopac-za-teglu-karo\/","title":{"rendered":"Poklopac za teglu Karo mix"},"content":{"rendered":"<p>Ovaj poklopac donosi tradicionalni i rusti\u010dni \u0161arm u va\u0161e proizvode. Karirani uzorak odmah privla\u010di pa\u017enju svojom klasi\u010dnom estetikom, dodaju\u0107i notu doma\u0107e topline i tradicije. Osim \u0161to unosi dodatnu estetiku, poklopac pru\u017ea pouzdanu za\u0161titu i \u010dvrsto zatvaranje, \u010duvaju\u0107i sve\u017einu i kvalitet sadr\u017eaja tegle. Njegova univerzalna kompatibilnost sa razli\u010ditim zapreminama tegli \u010dini ga prakti\u010dnim izborom za svakodnevnu upotrebu u doma\u0107instvu ili za prodaju proizvoda. Lako se otvara i zatvara, olak\u0161avaju\u0107i rukovanje proizvodom. Bez obzira na namenu &#8211; li\u010dnu upotrebu ili prodaju &#8211; karirani poklopac unosi autenti\u010dnost i \u0161arm u va\u0161e proizvode, \u010dine\u0107i ih jo\u0161 primamljivijim kupcima.<\/p>\n","protected":false},"excerpt":{"rendered":"<p>Karirani poklopac je prakti\u010dan dodatak teglama koje koriste standardne navoje za twist off zatvara\u010de, sa pre\u010dnikom navojnog grla od 82mm, savr\u0161en za tegle zapremine od 370ml do 720ml.<\/p>\n<p>Minimalna porud\u017ebina je 50 kom.<\/p>\n<p>&nbsp;<\/p>\n","protected":false},"featured_media":2676,"comment_status":"open","ping_status":"closed","template":"","meta":{"site-sidebar-layout":"default","site-content-layout":"","ast-site-content-layout":"default","site-content-style":"default","site-sidebar-style":"default","ast-global-header-display":"","ast-banner-title-visibility":"","ast-main-header-display":"","ast-hfb-above-header-display":"","ast-hfb-below-header-display":"","ast-hfb-mobile-header-display":"","site-post-title":"","ast-breadcrumbs-content":"","ast-featured-img":"","footer-sml-layout":"","ast-disable-related-posts":"","theme-transparent-header-meta":"default","adv-header-id-meta":"","stick-header-meta":"default","header-above-stick-meta":"","header-main-stick-meta":"","header-below-stick-meta":"","astra-migrate-meta-layouts":"set","ast-page-background-enabled":"default","ast-page-background-meta":{"desktop":{"background-color":"var(--ast-global-color-4)","background-image":"","background-repeat":"repeat","background-position":"center center","background-size":"auto","background-attachment":"scroll","background-type":"","background-media":"","overlay-type":"","overlay-color":"","overlay-opacity":"","overlay-gradient":""},"tablet":{"background-color":"","background-image":"","background-repeat":"repeat","background-position":"center center","background-size":"auto","background-attachment":"scroll","background-type":"","background-media":"","overlay-type":"","overlay-color":"","overlay-opacity":"","overlay-gradient":""},"mobile":{"background-color":"","background-image":"","background-repeat":"repeat","background-position":"center center","background-size":"auto","background-attachment":"scroll","background-type":"","background-media":"","overlay-type":"","overlay-color":"","overlay-opacity":"","overlay-gradient":""}},"ast-content-background-meta":{"desktop":{"background-color":"var(--ast-global-color-5)","background-image":"","background-repeat":"repeat","background-position":"center center","background-size":"auto","background-attachment":"scroll","background-type":"","background-media":"","overlay-type":"","overlay-color":"","overlay-opacity":"","overlay-gradient":""},"tablet":{"background-color":"var(--ast-global-color-5)","background-image":"","background-repeat":"repeat","background-position":"center center","background-size":"auto","background-attachment":"scroll","background-type":"","background-media":"","overlay-type":"","overlay-color":"","overlay-opacity":"","overlay-gradient":""},"mobile":{"background-color":"var(--ast-global-color-5)","background-image":"","background-repeat":"repeat","background-position":"center center","background-size":"auto","background-attachment":"scroll","background-type":"","background-media":"","overlay-type":"","overlay-color":"","overlay-opacity":"","overlay-gradient":""}}},"product_brand":[],"product_cat":[111],"product_tag":[],"class_list":{"0":"post-2675","1":"product","2":"type-product","3":"status-publish","4":"has-post-thumbnail","6":"product_cat-poklopci-za-tege","7":"desktop-align-center","8":"tablet-align-left","9":"mobile-align-left","11":"first","12":"outofstock","13":"sale","14":"shipping-taxable","15":"purchasable","16":"product-type-simple","17":"add-to-wishlist-after_add_to_cart"},"_links":{"self":[{"href":"https:\/\/anelsrb.com\/prodavnica\/wp-json\/wp\/v2\/product\/2675","targetHints":{"allow":["GET"]}}],"collection":[{"href":"https:\/\/anelsrb.com\/prodavnica\/wp-json\/wp\/v2\/product"}],"about":[{"href":"https:\/\/anelsrb.com\/prodavnica\/wp-json\/wp\/v2\/types\/product"}],"replies":[{"embeddable":true,"href":"https:\/\/anelsrb.com\/prodavnica\/wp-json\/wp\/v2\/comments?post=2675"}],"wp:featuredmedia":[{"embeddable":true,"href":"https:\/\/anelsrb.com\/prodavnica\/wp-json\/wp\/v2\/media\/2676"}],"wp:attachment":[{"href":"https:\/\/anelsrb.com\/prodavnica\/wp-json\/wp\/v2\/media?parent=2675"}],"wp:term":[{"taxonomy":"product_brand","embeddable":true,"href":"https:\/\/anelsrb.com\/prodavnica\/wp-json\/wp\/v2\/product_brand?post=2675"},{"taxonomy":"product_cat","embeddable":true,"href":"https:\/\/anelsrb.com\/prodavnica\/wp-json\/wp\/v2\/product_cat?post=2675"},{"taxonomy":"product_tag","embeddable":true,"href":"https:\/\/anelsrb.com\/prodavnica\/wp-json\/wp\/v2\/product_tag?post=2675"}],"curies":[{"name":"wp","href":"https:\/\/api.w.org\/{rel}","templated":true}]}}