{"id":2683,"date":"2024-04-01T16:50:29","date_gmt":"2024-04-01T14:50:29","guid":{"rendered":"https:\/\/anelsrb.com\/prodavnica\/?post_type=product&#038;p=2683"},"modified":"2024-04-02T15:50:51","modified_gmt":"2024-04-02T13:50:51","slug":"pcelarski-noz-americki-inox","status":"publish","type":"product","link":"https:\/\/anelsrb.com\/prodavnica\/product\/pcelarski-noz-americki-inox\/","title":{"rendered":"P\u010delarski no\u017e Ameri\u010dki-inox"},"content":{"rendered":"<p>P\u010delarski no\u017e ameri\u010dkog stila, izra\u0111en od visokokvalitetnog prohroma (inox), predstavlja nezamenjiv alat u p\u010delarskim aktivnostima. Njegova multifunkcionalnost omogu\u0107ava razli\u010dite zadatke u radu sa ko\u0161nicama. Sa jedne strane, o\u0161tar i prav, koristi se za precizno odvajanje poklopne daske od tela ko\u0161nice ili za razdvajanje nastavaka. Sa druge strane, povijen gotovo pod pravim uglom, slu\u017ei za delikatne operacije kao \u0161to su razdvajanje ramova, skidanje voska i propolisa, \u010di\u0161\u0107enje zidova ko\u0161nice i podnja\u010de i sli\u010dno.<\/p>\n<p>Dimenzije no\u017ea su optimalne za efikasno obavljanje poslova u p\u010delarstvu: duga\u010dak je 260mm, \u0161irok 40mm na delu gde je savijen, i izra\u0111en je od prohroma debljine 2.8mm. Te\u017eina od 160g \u010dini ga lako manipulativnim alatom.<\/p>\n<p>Dodatni otvor na povr\u0161ini, u vidu rupe, omogu\u0107ava prakti\u010dno va\u0111enje eksera ili olak\u0161ava odlaganje no\u017ea na nosa\u010d. Ergonomski dizajn i kori\u0161\u0107enje visokokvalitetnih materijala garantuju dugotrajnost i pouzdanost u svakodnevnom radu p\u010delara. Ovaj ameri\u010dki p\u010delarski no\u017e predstavlja esencijalni alat u opremi svakog p\u010delara, omogu\u0107avaju\u0107i precizno i efikasno obavljanje raznovrsnih zadataka u p\u010delinjaku.<\/p>\n","protected":false},"excerpt":{"rendered":"<p>P\u010delarski no\u017e ameri\u010dkog stila, izra\u0111en od visokokvalitetnog prohroma (inox), predstavlja nezamenjiv alat u p\u010delarskim aktivnostima. Njegova multifunkcionalnost omogu\u0107ava razli\u010dite zadatke u radu sa ko\u0161nicama. Sa jedne strane, o\u0161tar i prav, koristi se za precizno odvajanje poklopne daske od tela ko\u0161nice ili za razdvajanje nastavaka.<\/p>\n","protected":false},"featured_media":2698,"comment_status":"open","ping_status":"closed","template":"","meta":{"site-sidebar-layout":"default","site-content-layout":"","ast-site-content-layout":"default","site-content-style":"default","site-sidebar-style":"default","ast-global-header-display":"","ast-banner-title-visibility":"","ast-main-header-display":"","ast-hfb-above-header-display":"","ast-hfb-below-header-display":"","ast-hfb-mobile-header-display":"","site-post-title":"","ast-breadcrumbs-content":"","ast-featured-img":"","footer-sml-layout":"","ast-disable-related-posts":"","theme-transparent-header-meta":"default","adv-header-id-meta":"","stick-header-meta":"default","header-above-stick-meta":"","header-main-stick-meta":"","header-below-stick-meta":"","astra-migrate-meta-layouts":"set","ast-page-background-enabled":"default","ast-page-background-meta":{"desktop":{"background-color":"var(--ast-global-color-4)","background-image":"","background-repeat":"repeat","background-position":"center center","background-size":"auto","background-attachment":"scroll","background-type":"","background-media":"","overlay-type":"","overlay-color":"","overlay-opacity":"","overlay-gradient":""},"tablet":{"background-color":"","background-image":"","background-repeat":"repeat","background-position":"center center","background-size":"auto","background-attachment":"scroll","background-type":"","background-media":"","overlay-type":"","overlay-color":"","overlay-opacity":"","overlay-gradient":""},"mobile":{"background-color":"","background-image":"","background-repeat":"repeat","background-position":"center center","background-size":"auto","background-attachment":"scroll","background-type":"","background-media":"","overlay-type":"","overlay-color":"","overlay-opacity":"","overlay-gradient":""}},"ast-content-background-meta":{"desktop":{"background-color":"var(--ast-global-color-5)","background-image":"","background-repeat":"repeat","background-position":"center center","background-size":"auto","background-attachment":"scroll","background-type":"","background-media":"","overlay-type":"","overlay-color":"","overlay-opacity":"","overlay-gradient":""},"tablet":{"background-color":"var(--ast-global-color-5)","background-image":"","background-repeat":"repeat","background-position":"center center","background-size":"auto","background-attachment":"scroll","background-type":"","background-media":"","overlay-type":"","overlay-color":"","overlay-opacity":"","overlay-gradient":""},"mobile":{"background-color":"var(--ast-global-color-5)","background-image":"","background-repeat":"repeat","background-position":"center center","background-size":"auto","background-attachment":"scroll","background-type":"","background-media":"","overlay-type":"","overlay-color":"","overlay-opacity":"","overlay-gradient":""}}},"product_brand":[],"product_cat":[125,26],"product_tag":[],"class_list":{"0":"post-2683","1":"product","2":"type-product","3":"status-publish","4":"has-post-thumbnail","6":"product_cat-pcelarski-alat","7":"product_cat-za-pcelara","8":"desktop-align-center","9":"tablet-align-left","10":"mobile-align-left","12":"first","13":"instock","14":"shipping-taxable","15":"purchasable","16":"product-type-simple","17":"add-to-wishlist-after_add_to_cart"},"_links":{"self":[{"href":"https:\/\/anelsrb.com\/prodavnica\/wp-json\/wp\/v2\/product\/2683","targetHints":{"allow":["GET"]}}],"collection":[{"href":"https:\/\/anelsrb.com\/prodavnica\/wp-json\/wp\/v2\/product"}],"about":[{"href":"https:\/\/anelsrb.com\/prodavnica\/wp-json\/wp\/v2\/types\/product"}],"replies":[{"embeddable":true,"href":"https:\/\/anelsrb.com\/prodavnica\/wp-json\/wp\/v2\/comments?post=2683"}],"wp:featuredmedia":[{"embeddable":true,"href":"https:\/\/anelsrb.com\/prodavnica\/wp-json\/wp\/v2\/media\/2698"}],"wp:attachment":[{"href":"https:\/\/anelsrb.com\/prodavnica\/wp-json\/wp\/v2\/media?parent=2683"}],"wp:term":[{"taxonomy":"product_brand","embeddable":true,"href":"https:\/\/anelsrb.com\/prodavnica\/wp-json\/wp\/v2\/product_brand?post=2683"},{"taxonomy":"product_cat","embeddable":true,"href":"https:\/\/anelsrb.com\/prodavnica\/wp-json\/wp\/v2\/product_cat?post=2683"},{"taxonomy":"product_tag","embeddable":true,"href":"https:\/\/anelsrb.com\/prodavnica\/wp-json\/wp\/v2\/product_tag?post=2683"}],"curies":[{"name":"wp","href":"https:\/\/api.w.org\/{rel}","templated":true}]}}