{"id":2687,"date":"2024-04-01T16:57:31","date_gmt":"2024-04-01T14:57:31","guid":{"rendered":"https:\/\/anelsrb.com\/prodavnica\/?post_type=product&#038;p=2687"},"modified":"2026-04-17T13:04:39","modified_gmt":"2026-04-17T11:04:39","slug":"pcelarski-noz-sa-kukom-inox","status":"publish","type":"product","link":"https:\/\/anelsrb.com\/prodavnica\/product\/pcelarski-noz-sa-kukom-inox\/","title":{"rendered":"P\u010delarski no\u017e sa kukom-inox"},"content":{"rendered":"<p>P\u010delarski no\u017e sa kukom, izra\u0111en od visokokvalitetnog prohroma (inox), predstavlja nezamenljiv alat u svetu p\u010delarstva. Njegova multifunkcionalnost omogu\u0107ava razli\u010dite zadatke u radu sa ko\u0161nicama. Sa jedne strane, o\u0161tar i prav, koristi se za precizno odvajanje poklopne daske od tela ko\u0161nice ili za razdvajanje nastavaka. Sa druge strane, su\u017een i povijen na na\u010din da formira kuku, slu\u017ei za efikasno odvajanje satono\u0161a od tela ko\u0161nice ili drugih delova ko\u0161nice.<\/p>\n<p>Dimenzije no\u017ea su optimalne za komforan i efikasan rad p\u010delara: duga\u010dak je 285mm, \u0161irok 40mm na delu gde je savijen, a izra\u0111en je od prohroma debljine 2.8mm. Te\u017eina od 130g \u010dini ga lako upravljivim alatom.<\/p>\n<p>Dodatni otvor na povr\u0161ini, u vidu rupe, omogu\u0107ava prakti\u010dno va\u0111enje eksera ili olak\u0161ava odlaganje no\u017ea na nosa\u010d. Ergonomski dizajn i kori\u0161\u0107enje visokokvalitetnih materijala garantuju dugotrajnost i pouzdanost u svakodnevnom radu p\u010delara. Ovaj p\u010delarski no\u017e sa kukom predstavlja esencijalni alat u opremi svakog p\u010delara, omogu\u0107avaju\u0107i precizno i efikasno obavljanje raznovrsnih zadataka u p\u010delinjaku.<\/p>\n","protected":false},"excerpt":{"rendered":"<p>P\u010delarski no\u017e sa kukom, izra\u0111en od visokokvalitetnog prohroma (inox), predstavlja nezamenljiv alat u svetu p\u010delarstva. Njegova multifunkcionalnost omogu\u0107ava razli\u010dite zadatke u radu sa ko\u0161nicama. Sa jedne strane, o\u0161tar i prav, koristi se za precizno odvajanje poklopne daske od tela ko\u0161nice ili za razdvajanje nastavaka. Sa druge strane, su\u017een i povijen na na\u010din da formira kuku, slu\u017ei za efikasno odvajanje satono\u0161a od tela ko\u0161nice ili drugih delova ko\u0161nice.<\/p>\n","protected":false},"featured_media":2701,"comment_status":"open","ping_status":"closed","template":"","meta":{"site-sidebar-layout":"default","site-content-layout":"","ast-site-content-layout":"default","site-content-style":"default","site-sidebar-style":"default","ast-global-header-display":"","ast-banner-title-visibility":"","ast-main-header-display":"","ast-hfb-above-header-display":"","ast-hfb-below-header-display":"","ast-hfb-mobile-header-display":"","site-post-title":"","ast-breadcrumbs-content":"","ast-featured-img":"","footer-sml-layout":"","ast-disable-related-posts":"","theme-transparent-header-meta":"default","adv-header-id-meta":"","stick-header-meta":"default","header-above-stick-meta":"","header-main-stick-meta":"","header-below-stick-meta":"","astra-migrate-meta-layouts":"set","ast-page-background-enabled":"default","ast-page-background-meta":{"desktop":{"background-color":"var(--ast-global-color-4)","background-image":"","background-repeat":"repeat","background-position":"center center","background-size":"auto","background-attachment":"scroll","background-type":"","background-media":"","overlay-type":"","overlay-color":"","overlay-opacity":"","overlay-gradient":""},"tablet":{"background-color":"","background-image":"","background-repeat":"repeat","background-position":"center center","background-size":"auto","background-attachment":"scroll","background-type":"","background-media":"","overlay-type":"","overlay-color":"","overlay-opacity":"","overlay-gradient":""},"mobile":{"background-color":"","background-image":"","background-repeat":"repeat","background-position":"center center","background-size":"auto","background-attachment":"scroll","background-type":"","background-media":"","overlay-type":"","overlay-color":"","overlay-opacity":"","overlay-gradient":""}},"ast-content-background-meta":{"desktop":{"background-color":"var(--ast-global-color-5)","background-image":"","background-repeat":"repeat","background-position":"center center","background-size":"auto","background-attachment":"scroll","background-type":"","background-media":"","overlay-type":"","overlay-color":"","overlay-opacity":"","overlay-gradient":""},"tablet":{"background-color":"var(--ast-global-color-5)","background-image":"","background-repeat":"repeat","background-position":"center center","background-size":"auto","background-attachment":"scroll","background-type":"","background-media":"","overlay-type":"","overlay-color":"","overlay-opacity":"","overlay-gradient":""},"mobile":{"background-color":"var(--ast-global-color-5)","background-image":"","background-repeat":"repeat","background-position":"center center","background-size":"auto","background-attachment":"scroll","background-type":"","background-media":"","overlay-type":"","overlay-color":"","overlay-opacity":"","overlay-gradient":""}}},"product_brand":[],"product_cat":[125,26],"product_tag":[],"class_list":{"0":"post-2687","1":"product","2":"type-product","3":"status-publish","4":"has-post-thumbnail","6":"product_cat-pcelarski-alat","7":"product_cat-za-pcelara","8":"desktop-align-center","9":"tablet-align-left","10":"mobile-align-left","12":"first","13":"instock","14":"shipping-taxable","15":"purchasable","16":"product-type-simple","17":"add-to-wishlist-after_add_to_cart"},"_links":{"self":[{"href":"https:\/\/anelsrb.com\/prodavnica\/wp-json\/wp\/v2\/product\/2687","targetHints":{"allow":["GET"]}}],"collection":[{"href":"https:\/\/anelsrb.com\/prodavnica\/wp-json\/wp\/v2\/product"}],"about":[{"href":"https:\/\/anelsrb.com\/prodavnica\/wp-json\/wp\/v2\/types\/product"}],"replies":[{"embeddable":true,"href":"https:\/\/anelsrb.com\/prodavnica\/wp-json\/wp\/v2\/comments?post=2687"}],"wp:featuredmedia":[{"embeddable":true,"href":"https:\/\/anelsrb.com\/prodavnica\/wp-json\/wp\/v2\/media\/2701"}],"wp:attachment":[{"href":"https:\/\/anelsrb.com\/prodavnica\/wp-json\/wp\/v2\/media?parent=2687"}],"wp:term":[{"taxonomy":"product_brand","embeddable":true,"href":"https:\/\/anelsrb.com\/prodavnica\/wp-json\/wp\/v2\/product_brand?post=2687"},{"taxonomy":"product_cat","embeddable":true,"href":"https:\/\/anelsrb.com\/prodavnica\/wp-json\/wp\/v2\/product_cat?post=2687"},{"taxonomy":"product_tag","embeddable":true,"href":"https:\/\/anelsrb.com\/prodavnica\/wp-json\/wp\/v2\/product_tag?post=2687"}],"curies":[{"name":"wp","href":"https:\/\/api.w.org\/{rel}","templated":true}]}}