{"id":2690,"date":"2024-04-01T17:06:54","date_gmt":"2024-04-01T15:06:54","guid":{"rendered":"https:\/\/anelsrb.com\/prodavnica\/?post_type=product&#038;p=2690"},"modified":"2024-04-02T16:07:11","modified_gmt":"2024-04-02T14:07:11","slug":"noz-americki-sa-kukom-inox","status":"publish","type":"product","link":"https:\/\/anelsrb.com\/prodavnica\/product\/noz-americki-sa-kukom-inox\/","title":{"rendered":"No\u017e Ameri\u010dki sa kukom-inox"},"content":{"rendered":"<p>P\u010delarski no\u017e ameri\u010dkog stila sa kukom, izra\u0111en od visokokvalitetnog prohroma (inox), predstavlja savr\u0161enu kombinaciju funkcionalnosti i prakti\u010dnosti u p\u010delarskim aktivnostima. Ovaj multifunkcionalni alat omogu\u0107ava razli\u010dite zadatke u radu sa ko\u0161nicama, kombinuju\u0107i karakteristike standardnog ameri\u010dkog no\u017ea i no\u017ea sa kukom.<\/p>\n<p>Sa jedne strane, o\u0161tar i prav, koristi se za precizno odvajanje poklopne daske od tela ko\u0161nice ili za razdvajanje nastavaka. Sa druge strane, povijen kao ameri\u010dki model i sa formiranom kukom, omogu\u0107ava efikasno odvajanje satono\u0161a od tela ko\u0161nice ili drugih delova ko\u0161nice.<\/p>\n<p>Dimenzije no\u017ea su prilago\u0111ene za komforan i efikasan rad p\u010delara: duga\u010dak je 210mm, \u0161irok 40mm na delu ravnom delu, odnosno 75mm na delu gde je savijen, a izra\u0111en je od prohroma debljine 2.8mm. Ukupna masa p\u010delarskog no\u017ea iznosi 148g, \u0161to ga \u010dini lako upravljivim alatom.<\/p>\n<p>Dodatni otvor na povr\u0161ini, u vidu rupe, omogu\u0107ava prakti\u010dno va\u0111enje eksera ili olak\u0161ava odlaganje no\u017ea na nosa\u010d. Ergonomski dizajn i kori\u0161\u0107enje visokokvalitetnih materijala garantuju dugotrajnost i pouzdanost u svakodnevnom radu p\u010delara. Ovaj p\u010delarski no\u017e ameri\u010dkog stila sa kukom predstavlja neophodan alat u opremi svakog p\u010delara, omogu\u0107avaju\u0107i precizno i efikasno obavljanje raznovrsnih zadataka u p\u010delinjaku.<\/p>\n","protected":false},"excerpt":{"rendered":"<p>P\u010delarski no\u017e ameri\u010dkog stila sa kukom, izra\u0111en od visokokvalitetnog prohroma (inox), predstavlja savr\u0161enu kombinaciju funkcionalnosti i prakti\u010dnosti u p\u010delarskim aktivnostima. Ovaj multifunkcionalni alat omogu\u0107ava razli\u010dite zadatke u radu sa ko\u0161nicama, kombinuju\u0107i karakteristike standardnog ameri\u010dkog no\u017ea i no\u017ea sa kukom.<\/p>\n","protected":false},"featured_media":2702,"comment_status":"open","ping_status":"closed","template":"","meta":{"site-sidebar-layout":"default","site-content-layout":"","ast-site-content-layout":"default","site-content-style":"default","site-sidebar-style":"default","ast-global-header-display":"","ast-banner-title-visibility":"","ast-main-header-display":"","ast-hfb-above-header-display":"","ast-hfb-below-header-display":"","ast-hfb-mobile-header-display":"","site-post-title":"","ast-breadcrumbs-content":"","ast-featured-img":"","footer-sml-layout":"","ast-disable-related-posts":"","theme-transparent-header-meta":"default","adv-header-id-meta":"","stick-header-meta":"default","header-above-stick-meta":"","header-main-stick-meta":"","header-below-stick-meta":"","astra-migrate-meta-layouts":"set","ast-page-background-enabled":"default","ast-page-background-meta":{"desktop":{"background-color":"var(--ast-global-color-4)","background-image":"","background-repeat":"repeat","background-position":"center center","background-size":"auto","background-attachment":"scroll","background-type":"","background-media":"","overlay-type":"","overlay-color":"","overlay-opacity":"","overlay-gradient":""},"tablet":{"background-color":"","background-image":"","background-repeat":"repeat","background-position":"center center","background-size":"auto","background-attachment":"scroll","background-type":"","background-media":"","overlay-type":"","overlay-color":"","overlay-opacity":"","overlay-gradient":""},"mobile":{"background-color":"","background-image":"","background-repeat":"repeat","background-position":"center center","background-size":"auto","background-attachment":"scroll","background-type":"","background-media":"","overlay-type":"","overlay-color":"","overlay-opacity":"","overlay-gradient":""}},"ast-content-background-meta":{"desktop":{"background-color":"var(--ast-global-color-5)","background-image":"","background-repeat":"repeat","background-position":"center center","background-size":"auto","background-attachment":"scroll","background-type":"","background-media":"","overlay-type":"","overlay-color":"","overlay-opacity":"","overlay-gradient":""},"tablet":{"background-color":"var(--ast-global-color-5)","background-image":"","background-repeat":"repeat","background-position":"center center","background-size":"auto","background-attachment":"scroll","background-type":"","background-media":"","overlay-type":"","overlay-color":"","overlay-opacity":"","overlay-gradient":""},"mobile":{"background-color":"var(--ast-global-color-5)","background-image":"","background-repeat":"repeat","background-position":"center center","background-size":"auto","background-attachment":"scroll","background-type":"","background-media":"","overlay-type":"","overlay-color":"","overlay-opacity":"","overlay-gradient":""}}},"product_brand":[],"product_cat":[125,26],"product_tag":[],"class_list":{"0":"post-2690","1":"product","2":"type-product","3":"status-publish","4":"has-post-thumbnail","6":"product_cat-pcelarski-alat","7":"product_cat-za-pcelara","8":"desktop-align-center","9":"tablet-align-left","10":"mobile-align-left","12":"first","13":"instock","14":"shipping-taxable","15":"purchasable","16":"product-type-simple","17":"add-to-wishlist-after_add_to_cart"},"_links":{"self":[{"href":"https:\/\/anelsrb.com\/prodavnica\/wp-json\/wp\/v2\/product\/2690","targetHints":{"allow":["GET"]}}],"collection":[{"href":"https:\/\/anelsrb.com\/prodavnica\/wp-json\/wp\/v2\/product"}],"about":[{"href":"https:\/\/anelsrb.com\/prodavnica\/wp-json\/wp\/v2\/types\/product"}],"replies":[{"embeddable":true,"href":"https:\/\/anelsrb.com\/prodavnica\/wp-json\/wp\/v2\/comments?post=2690"}],"wp:featuredmedia":[{"embeddable":true,"href":"https:\/\/anelsrb.com\/prodavnica\/wp-json\/wp\/v2\/media\/2702"}],"wp:attachment":[{"href":"https:\/\/anelsrb.com\/prodavnica\/wp-json\/wp\/v2\/media?parent=2690"}],"wp:term":[{"taxonomy":"product_brand","embeddable":true,"href":"https:\/\/anelsrb.com\/prodavnica\/wp-json\/wp\/v2\/product_brand?post=2690"},{"taxonomy":"product_cat","embeddable":true,"href":"https:\/\/anelsrb.com\/prodavnica\/wp-json\/wp\/v2\/product_cat?post=2690"},{"taxonomy":"product_tag","embeddable":true,"href":"https:\/\/anelsrb.com\/prodavnica\/wp-json\/wp\/v2\/product_tag?post=2690"}],"curies":[{"name":"wp","href":"https:\/\/api.w.org\/{rel}","templated":true}]}}