{"id":2694,"date":"2024-04-01T17:28:56","date_gmt":"2024-04-01T15:28:56","guid":{"rendered":"https:\/\/anelsrb.com\/prodavnica\/?post_type=product&#038;p=2694"},"modified":"2024-06-20T12:10:14","modified_gmt":"2024-06-20T10:10:14","slug":"dimilica-pcelarska-o-90-americki-model-cink","status":"publish","type":"product","link":"https:\/\/anelsrb.com\/prodavnica\/product\/dimilica-pcelarska-o-90-americki-model-cink\/","title":{"rendered":"Dimilica p\u010delarska \u00d8 90 ameri\u010dki model-cink"},"content":{"rendered":"<p>Dimilica ameri\u010dkog modela Zn predstavlja pouzdanu i efikasnu alatku za p\u010delare, sa telom izra\u0111enim od pocinkovanog lima koji je dodatno za\u0161ti\u0107en plastifikacijom. Ova kombinacija materijala osigurava izdr\u017eljivost i dugotrajnost dimilice, otpornost na koroziju i habanje tokom du\u017eeg perioda kori\u0161\u0107enja. Meh dimilice je izra\u0111en od skaja ili ve\u0161ta\u010dke ko\u017ee, pru\u017eaju\u0107i udobno rukovanje i otpornost na visoke temperature.<\/p>\n<p>Lo\u017ei\u0161te dimilice je dizajnirano u formi duplog dna sa perforacijama, \u0161to omogu\u0107ava siguran protok vazduha kroz telo dimilice. Ova karakteristika ne samo \u0161to osigurava ravnomerno sagorevanje materijala za dimljenje, ve\u0107 i produ\u017eava vek trajanja dimilice. Poklopac dimilice je opremljen perforiranom za\u0161titom koja spre\u010dava eventualno ispadanje \u017eara iz tela dimilice tokom rada, pru\u017eaju\u0107i dodatnu sigurnost i za\u0161titu korisniku.<\/p>\n<p>Specijalna za\u0161titna mre\u017ea postavljena sa spoljne strane poklopca \u0161titi korisnika od mogu\u0107ih opekotina i omogu\u0107ava ka\u010denje dimilice o zid ko\u0161nice tokom rada, pru\u017eaju\u0107i prakti\u010dnost i olak\u0161avaju\u0107i manipulaciju dimilicom.<\/p>\n<p>Dimilica ameri\u010dkog modela Zn ima pre\u010dnik od 90mm i visinu od 235mm, a proizvodi se isklju\u010divo u crvenoj boji. Ovaj artikal je proizveden u Srbiji, \u0161to garantuje visok kvalitet i pouzdanost proizvoda.<\/p>\n","protected":false},"excerpt":{"rendered":"<p>Dimilica ameri\u010dkog modela Zn predstavlja pouzdanu i efikasnu alatku za p\u010delare, sa telom izra\u0111enim od pocinkovanog lima koji je dodatno za\u0161ti\u0107en plastifikacijom. Ova kombinacija materijala osigurava izdr\u017eljivost i dugotrajnost dimilice, otpornost na koroziju i habanje tokom du\u017eeg perioda kori\u0161\u0107enja. Meh dimilice je izra\u0111en od skaja ili ve\u0161ta\u010dke ko\u017ee, pru\u017eaju\u0107i udobno rukovanje i otpornost na visoke temperature.<\/p>\n","protected":false},"featured_media":2706,"comment_status":"open","ping_status":"closed","template":"","meta":{"site-sidebar-layout":"default","site-content-layout":"","ast-site-content-layout":"default","site-content-style":"default","site-sidebar-style":"default","ast-global-header-display":"","ast-banner-title-visibility":"","ast-main-header-display":"","ast-hfb-above-header-display":"","ast-hfb-below-header-display":"","ast-hfb-mobile-header-display":"","site-post-title":"","ast-breadcrumbs-content":"","ast-featured-img":"","footer-sml-layout":"","ast-disable-related-posts":"","theme-transparent-header-meta":"default","adv-header-id-meta":"","stick-header-meta":"default","header-above-stick-meta":"","header-main-stick-meta":"","header-below-stick-meta":"","astra-migrate-meta-layouts":"set","ast-page-background-enabled":"default","ast-page-background-meta":{"desktop":{"background-color":"var(--ast-global-color-4)","background-image":"","background-repeat":"repeat","background-position":"center center","background-size":"auto","background-attachment":"scroll","background-type":"","background-media":"","overlay-type":"","overlay-color":"","overlay-opacity":"","overlay-gradient":""},"tablet":{"background-color":"","background-image":"","background-repeat":"repeat","background-position":"center center","background-size":"auto","background-attachment":"scroll","background-type":"","background-media":"","overlay-type":"","overlay-color":"","overlay-opacity":"","overlay-gradient":""},"mobile":{"background-color":"","background-image":"","background-repeat":"repeat","background-position":"center center","background-size":"auto","background-attachment":"scroll","background-type":"","background-media":"","overlay-type":"","overlay-color":"","overlay-opacity":"","overlay-gradient":""}},"ast-content-background-meta":{"desktop":{"background-color":"var(--ast-global-color-5)","background-image":"","background-repeat":"repeat","background-position":"center center","background-size":"auto","background-attachment":"scroll","background-type":"","background-media":"","overlay-type":"","overlay-color":"","overlay-opacity":"","overlay-gradient":""},"tablet":{"background-color":"var(--ast-global-color-5)","background-image":"","background-repeat":"repeat","background-position":"center center","background-size":"auto","background-attachment":"scroll","background-type":"","background-media":"","overlay-type":"","overlay-color":"","overlay-opacity":"","overlay-gradient":""},"mobile":{"background-color":"var(--ast-global-color-5)","background-image":"","background-repeat":"repeat","background-position":"center center","background-size":"auto","background-attachment":"scroll","background-type":"","background-media":"","overlay-type":"","overlay-color":"","overlay-opacity":"","overlay-gradient":""}}},"product_brand":[],"product_cat":[125,26],"product_tag":[],"class_list":{"0":"post-2694","1":"product","2":"type-product","3":"status-publish","4":"has-post-thumbnail","6":"product_cat-pcelarski-alat","7":"product_cat-za-pcelara","8":"desktop-align-center","9":"tablet-align-left","10":"mobile-align-left","12":"first","13":"instock","14":"shipping-taxable","15":"purchasable","16":"product-type-simple","17":"add-to-wishlist-after_add_to_cart"},"_links":{"self":[{"href":"https:\/\/anelsrb.com\/prodavnica\/wp-json\/wp\/v2\/product\/2694","targetHints":{"allow":["GET"]}}],"collection":[{"href":"https:\/\/anelsrb.com\/prodavnica\/wp-json\/wp\/v2\/product"}],"about":[{"href":"https:\/\/anelsrb.com\/prodavnica\/wp-json\/wp\/v2\/types\/product"}],"replies":[{"embeddable":true,"href":"https:\/\/anelsrb.com\/prodavnica\/wp-json\/wp\/v2\/comments?post=2694"}],"wp:featuredmedia":[{"embeddable":true,"href":"https:\/\/anelsrb.com\/prodavnica\/wp-json\/wp\/v2\/media\/2706"}],"wp:attachment":[{"href":"https:\/\/anelsrb.com\/prodavnica\/wp-json\/wp\/v2\/media?parent=2694"}],"wp:term":[{"taxonomy":"product_brand","embeddable":true,"href":"https:\/\/anelsrb.com\/prodavnica\/wp-json\/wp\/v2\/product_brand?post=2694"},{"taxonomy":"product_cat","embeddable":true,"href":"https:\/\/anelsrb.com\/prodavnica\/wp-json\/wp\/v2\/product_cat?post=2694"},{"taxonomy":"product_tag","embeddable":true,"href":"https:\/\/anelsrb.com\/prodavnica\/wp-json\/wp\/v2\/product_tag?post=2694"}],"curies":[{"name":"wp","href":"https:\/\/api.w.org\/{rel}","templated":true}]}}