{"id":2707,"date":"2024-04-02T16:32:05","date_gmt":"2024-04-02T14:32:05","guid":{"rendered":"https:\/\/anelsrb.com\/prodavnica\/?post_type=product&#038;p=2707"},"modified":"2024-04-02T16:33:54","modified_gmt":"2024-04-02T14:33:54","slug":"2707","status":"publish","type":"product","link":"https:\/\/anelsrb.com\/prodavnica\/product\/2707\/","title":{"rendered":"Dimilica p\u010delarska \u00d8 85 mm, Cink, ko\u017eni meh"},"content":{"rendered":"<p>Telo ove p\u010delarske dimilice izra\u0111eno je od pocinkovanog lima, \u0161to osigurava izuzetnu trajnost i otpornost na koroziju. Meh dimilice izra\u0111en je od visokoizdr\u017eljive ko\u017ee, pru\u017eaju\u0107i dugotrajnost i pouzdanost tokom upotrebe.<\/p>\n<p>Lo\u017ei\u0161te dimilice je platformskog tipa sa perforacijama du\u017e povr\u0161ine, \u0161to garantuje optimalno strujanje vazduha i ravnomerno raspore\u0111ivanje dima. Specijalna za\u0161titna mre\u017ea postavljena sa spoljne strane \u0161titi korisnika od mogu\u0107ih opekotina tokom rada. Osim toga, deo za\u0161titne mre\u017ee opremljen je kukom koja olak\u0161ava ka\u010denje ili odlaganje dimilice na nastavak ili drugi prikladan oslonac tokom rada.<\/p>\n<p>Na poklopcu dimilice nalazi se dodatna mala kukica koja olak\u0161ava otvaranje poklopca. Visina dimilice iznosi 230mm, dok je pre\u010dnik dna 85mm, \u0161to je optimalna veli\u010dina za efikasno kori\u0161\u0107enje u p\u010delinjaku.<\/p>\n<p>Sa kombinacijom izdr\u017eljivih materijala, prakti\u010dnih funkcionalnosti i sigurnosnih karakteristika, ova p\u010delarska dimilica je pouzdan alat koji \u0107e zadovoljiti potrebe svakog p\u010delara tokom procesa dimljenja ko\u0161nica.<\/p>\n","protected":false},"excerpt":{"rendered":"<p>Telo ove p\u010delarske dimilice izra\u0111eno je od pocinkovanog lima, \u0161to osigurava izuzetnu trajnost i otpornost na koroziju. Meh dimilice izra\u0111en je od visokoizdr\u017eljive ko\u017ee, pru\u017eaju\u0107i dugotrajnost i pouzdanost tokom upotrebe.<\/p>\n","protected":false},"featured_media":2708,"comment_status":"open","ping_status":"closed","template":"","meta":{"site-sidebar-layout":"default","site-content-layout":"","ast-site-content-layout":"default","site-content-style":"default","site-sidebar-style":"default","ast-global-header-display":"","ast-banner-title-visibility":"","ast-main-header-display":"","ast-hfb-above-header-display":"","ast-hfb-below-header-display":"","ast-hfb-mobile-header-display":"","site-post-title":"","ast-breadcrumbs-content":"","ast-featured-img":"","footer-sml-layout":"","ast-disable-related-posts":"","theme-transparent-header-meta":"default","adv-header-id-meta":"","stick-header-meta":"default","header-above-stick-meta":"","header-main-stick-meta":"","header-below-stick-meta":"","astra-migrate-meta-layouts":"set","ast-page-background-enabled":"default","ast-page-background-meta":{"desktop":{"background-color":"var(--ast-global-color-4)","background-image":"","background-repeat":"repeat","background-position":"center center","background-size":"auto","background-attachment":"scroll","background-type":"","background-media":"","overlay-type":"","overlay-color":"","overlay-opacity":"","overlay-gradient":""},"tablet":{"background-color":"","background-image":"","background-repeat":"repeat","background-position":"center center","background-size":"auto","background-attachment":"scroll","background-type":"","background-media":"","overlay-type":"","overlay-color":"","overlay-opacity":"","overlay-gradient":""},"mobile":{"background-color":"","background-image":"","background-repeat":"repeat","background-position":"center center","background-size":"auto","background-attachment":"scroll","background-type":"","background-media":"","overlay-type":"","overlay-color":"","overlay-opacity":"","overlay-gradient":""}},"ast-content-background-meta":{"desktop":{"background-color":"var(--ast-global-color-5)","background-image":"","background-repeat":"repeat","background-position":"center center","background-size":"auto","background-attachment":"scroll","background-type":"","background-media":"","overlay-type":"","overlay-color":"","overlay-opacity":"","overlay-gradient":""},"tablet":{"background-color":"var(--ast-global-color-5)","background-image":"","background-repeat":"repeat","background-position":"center center","background-size":"auto","background-attachment":"scroll","background-type":"","background-media":"","overlay-type":"","overlay-color":"","overlay-opacity":"","overlay-gradient":""},"mobile":{"background-color":"var(--ast-global-color-5)","background-image":"","background-repeat":"repeat","background-position":"center center","background-size":"auto","background-attachment":"scroll","background-type":"","background-media":"","overlay-type":"","overlay-color":"","overlay-opacity":"","overlay-gradient":""}}},"product_brand":[],"product_cat":[125,26],"product_tag":[],"class_list":{"0":"post-2707","1":"product","2":"type-product","3":"status-publish","4":"has-post-thumbnail","6":"product_cat-pcelarski-alat","7":"product_cat-za-pcelara","8":"desktop-align-center","9":"tablet-align-left","10":"mobile-align-left","12":"first","13":"instock","14":"shipping-taxable","15":"purchasable","16":"product-type-simple","17":"add-to-wishlist-after_add_to_cart"},"_links":{"self":[{"href":"https:\/\/anelsrb.com\/prodavnica\/wp-json\/wp\/v2\/product\/2707","targetHints":{"allow":["GET"]}}],"collection":[{"href":"https:\/\/anelsrb.com\/prodavnica\/wp-json\/wp\/v2\/product"}],"about":[{"href":"https:\/\/anelsrb.com\/prodavnica\/wp-json\/wp\/v2\/types\/product"}],"replies":[{"embeddable":true,"href":"https:\/\/anelsrb.com\/prodavnica\/wp-json\/wp\/v2\/comments?post=2707"}],"wp:featuredmedia":[{"embeddable":true,"href":"https:\/\/anelsrb.com\/prodavnica\/wp-json\/wp\/v2\/media\/2708"}],"wp:attachment":[{"href":"https:\/\/anelsrb.com\/prodavnica\/wp-json\/wp\/v2\/media?parent=2707"}],"wp:term":[{"taxonomy":"product_brand","embeddable":true,"href":"https:\/\/anelsrb.com\/prodavnica\/wp-json\/wp\/v2\/product_brand?post=2707"},{"taxonomy":"product_cat","embeddable":true,"href":"https:\/\/anelsrb.com\/prodavnica\/wp-json\/wp\/v2\/product_cat?post=2707"},{"taxonomy":"product_tag","embeddable":true,"href":"https:\/\/anelsrb.com\/prodavnica\/wp-json\/wp\/v2\/product_tag?post=2707"}],"curies":[{"name":"wp","href":"https:\/\/api.w.org\/{rel}","templated":true}]}}