{"id":2711,"date":"2024-04-02T16:49:48","date_gmt":"2024-04-02T14:49:48","guid":{"rendered":"https:\/\/anelsrb.com\/prodavnica\/?post_type=product&#038;p=2711"},"modified":"2024-04-02T16:50:17","modified_gmt":"2024-04-02T14:50:17","slug":"dimilica-o-85-mm-cr-inox-kozni-meh","status":"publish","type":"product","link":"https:\/\/anelsrb.com\/prodavnica\/product\/dimilica-o-85-mm-cr-inox-kozni-meh\/","title":{"rendered":"Dimilica \u00d8 85 mm, Cr (inox), ko\u017eni meh"},"content":{"rendered":"<p>Telo ove p\u010delarske dimilice izra\u0111eno je od visokokvalitetnog prohromskog lima, \u0161to osigurava izuzetnu otpornost na koroziju i dugotrajnost u svim uslovima rada. Meh dimilice je napravljen od ko\u017ee visoke izdr\u017eljivosti, \u0161to garantuje pouzdanost tokom du\u017eeg perioda kori\u0161\u0107enja.<\/p>\n<p>Lo\u017ei\u0161te dimilice je platformskog tipa, opremljeno perforacijama du\u017e povr\u0161ine radi obezbe\u0111ivanja optimalnog strujanja vazduha. Specijalna za\u0161titna mre\u017ea postavljena sa spoljne strane dimilice \u0161titi korisnika od mogu\u0107ih opekotina, pru\u017eaju\u0107i dodatni nivo sigurnosti tokom rada.<\/p>\n<p>Deo za\u0161titne mre\u017ee je opremljen kukicom koja olak\u0161ava odlaganje ili ka\u010denje dimilice na nastavak ili drugi prikladan oslonac tokom rada, \u010dime se pobolj\u0161ava prakti\u010dnost kori\u0161\u0107enja. Dodatna mala kukica na poklopcu dimilice slu\u017ei za lak\u0161e otvaranje, dodaju\u0107i jo\u0161 jedan nivo funkcionalnosti.<\/p>\n<p>Dimilica p\u010delarska ima visinu od 230mm i pre\u010dnik dna od 85mm, \u0161to je optimalna veli\u010dina za efikasno dimljenje ko\u0161nica. Sa kombinacijom izdr\u017eljivih materijala i prakti\u010dnih karakteristika, ova dimilica je pouzdan alat koji \u0107e olak\u0161ati rad u p\u010delinjaku i doprineti efikasnijem odr\u017eavanju ko\u0161nica.<\/p>\n","protected":false},"excerpt":{"rendered":"<p>Telo ove p\u010delarske dimilice izra\u0111eno je od visokokvalitetnog prohromskog lima, \u0161to osigurava izuzetnu otpornost na koroziju i dugotrajnost u svim uslovima rada. Meh dimilice je napravljen od ko\u017ee visoke izdr\u017eljivosti, \u0161to garantuje pouzdanost tokom du\u017eeg perioda kori\u0161\u0107enja.<\/p>\n","protected":false},"featured_media":2712,"comment_status":"open","ping_status":"closed","template":"","meta":{"site-sidebar-layout":"default","site-content-layout":"","ast-site-content-layout":"default","site-content-style":"default","site-sidebar-style":"default","ast-global-header-display":"","ast-banner-title-visibility":"","ast-main-header-display":"","ast-hfb-above-header-display":"","ast-hfb-below-header-display":"","ast-hfb-mobile-header-display":"","site-post-title":"","ast-breadcrumbs-content":"","ast-featured-img":"","footer-sml-layout":"","ast-disable-related-posts":"","theme-transparent-header-meta":"default","adv-header-id-meta":"","stick-header-meta":"default","header-above-stick-meta":"","header-main-stick-meta":"","header-below-stick-meta":"","astra-migrate-meta-layouts":"set","ast-page-background-enabled":"default","ast-page-background-meta":{"desktop":{"background-color":"var(--ast-global-color-4)","background-image":"","background-repeat":"repeat","background-position":"center center","background-size":"auto","background-attachment":"scroll","background-type":"","background-media":"","overlay-type":"","overlay-color":"","overlay-opacity":"","overlay-gradient":""},"tablet":{"background-color":"","background-image":"","background-repeat":"repeat","background-position":"center center","background-size":"auto","background-attachment":"scroll","background-type":"","background-media":"","overlay-type":"","overlay-color":"","overlay-opacity":"","overlay-gradient":""},"mobile":{"background-color":"","background-image":"","background-repeat":"repeat","background-position":"center center","background-size":"auto","background-attachment":"scroll","background-type":"","background-media":"","overlay-type":"","overlay-color":"","overlay-opacity":"","overlay-gradient":""}},"ast-content-background-meta":{"desktop":{"background-color":"var(--ast-global-color-5)","background-image":"","background-repeat":"repeat","background-position":"center center","background-size":"auto","background-attachment":"scroll","background-type":"","background-media":"","overlay-type":"","overlay-color":"","overlay-opacity":"","overlay-gradient":""},"tablet":{"background-color":"var(--ast-global-color-5)","background-image":"","background-repeat":"repeat","background-position":"center center","background-size":"auto","background-attachment":"scroll","background-type":"","background-media":"","overlay-type":"","overlay-color":"","overlay-opacity":"","overlay-gradient":""},"mobile":{"background-color":"var(--ast-global-color-5)","background-image":"","background-repeat":"repeat","background-position":"center center","background-size":"auto","background-attachment":"scroll","background-type":"","background-media":"","overlay-type":"","overlay-color":"","overlay-opacity":"","overlay-gradient":""}}},"product_brand":[],"product_cat":[125,26],"product_tag":[],"class_list":{"0":"post-2711","1":"product","2":"type-product","3":"status-publish","4":"has-post-thumbnail","6":"product_cat-pcelarski-alat","7":"product_cat-za-pcelara","8":"desktop-align-center","9":"tablet-align-left","10":"mobile-align-left","12":"first","13":"instock","14":"shipping-taxable","15":"purchasable","16":"product-type-simple","17":"add-to-wishlist-after_add_to_cart"},"_links":{"self":[{"href":"https:\/\/anelsrb.com\/prodavnica\/wp-json\/wp\/v2\/product\/2711","targetHints":{"allow":["GET"]}}],"collection":[{"href":"https:\/\/anelsrb.com\/prodavnica\/wp-json\/wp\/v2\/product"}],"about":[{"href":"https:\/\/anelsrb.com\/prodavnica\/wp-json\/wp\/v2\/types\/product"}],"replies":[{"embeddable":true,"href":"https:\/\/anelsrb.com\/prodavnica\/wp-json\/wp\/v2\/comments?post=2711"}],"wp:featuredmedia":[{"embeddable":true,"href":"https:\/\/anelsrb.com\/prodavnica\/wp-json\/wp\/v2\/media\/2712"}],"wp:attachment":[{"href":"https:\/\/anelsrb.com\/prodavnica\/wp-json\/wp\/v2\/media?parent=2711"}],"wp:term":[{"taxonomy":"product_brand","embeddable":true,"href":"https:\/\/anelsrb.com\/prodavnica\/wp-json\/wp\/v2\/product_brand?post=2711"},{"taxonomy":"product_cat","embeddable":true,"href":"https:\/\/anelsrb.com\/prodavnica\/wp-json\/wp\/v2\/product_cat?post=2711"},{"taxonomy":"product_tag","embeddable":true,"href":"https:\/\/anelsrb.com\/prodavnica\/wp-json\/wp\/v2\/product_tag?post=2711"}],"curies":[{"name":"wp","href":"https:\/\/api.w.org\/{rel}","templated":true}]}}