{"id":2715,"date":"2024-04-02T17:10:06","date_gmt":"2024-04-02T15:10:06","guid":{"rendered":"https:\/\/anelsrb.com\/prodavnica\/?post_type=product&#038;p=2715"},"modified":"2026-03-30T13:49:20","modified_gmt":"2026-03-30T11:49:20","slug":"kombinezon-pcelarski-ultrabareez","status":"publish","type":"product","link":"https:\/\/anelsrb.com\/prodavnica\/product\/kombinezon-pcelarski-ultrabareez\/","title":{"rendered":"Kombinezon p\u010delarski Ultrabareez"},"content":{"rendered":"<p>P\u010delarski kombinezon Ultrabareez postavlja novi standard u za\u0161titi p\u010delara, pru\u017eaju\u0107i sveobuhvatnu za\u0161titu bez kompromisa. Ovaj kombinezon integri\u0161e p\u010delarsku bluzu, \u0161e\u0161ir i pantalone u jedinstveno re\u0161enje koje osigurava sigurnost tokom svih aktivnosti u p\u010delinjaku.<\/p>\n<p>Izra\u0111en sa tri sloja mre\u017ee, p\u010delarski kombinezon pru\u017ea izvanrednu za\u0161titu od uboda p\u010dela, dok istovremeno omogu\u0107ava slobodan protok vazduha unutar i izvan odela. Ovo osigurava efikasno hla\u0111enje tela tokom vrelih dana, \u010dine\u0107i rad udobnijim i prijatnijim.<\/p>\n<p>Jaki i izdr\u017eljivi rajsfer\u0161lusi omogu\u0107avaju lako obla\u010denje i skidanje kombinezona, dok je \u0161e\u0161ir povezan sa kombinezonom putem rajsfer\u0161lusa za dodatnu prakti\u010dnost. Dodatni rajsfer\u0161lus du\u017e sredine olak\u0161ava proces obla\u010denja.<\/p>\n<p>Gumene steznike na rukavima i no\u017enim zglobovima osiguravaju \u010dvrsto prianjanje i spre\u010davaju ulazak p\u010dela ispod kombinezona. Veliki d\u017eepovi sa prednje strane omogu\u0107avaju prakti\u010dno odlaganje pribora ili drugih potrebnih predmeta tokom rada u p\u010delinjaku.<\/p>\n<p>Ukupna debljina slojeva mre\u017ee od 4mm garantuje gotovo potpunu za\u0161titu, pru\u017eaju\u0107i p\u010delarima dodatni mir i samopouzdanje tokom svake aktivnosti. P\u010delarski kombinezon Ultrabareez je ne samo simbol bezbednosti, ve\u0107 i udobnosti i prakti\u010dnosti u p\u010delarenju, \u010dine\u0107i ga neizostavnim delom opreme svakog ozbiljnog p\u010delara.<\/p>\n","protected":false},"excerpt":{"rendered":"<p>P\u010delarski kombinezon Ultrabareez postavlja novi standard u za\u0161titi p\u010delara, pru\u017eaju\u0107i sveobuhvatnu za\u0161titu bez kompromisa. Ovaj kombinezon integri\u0161e p\u010delarsku bluzu, \u0161e\u0161ir i pantalone u jedinstveno re\u0161enje koje osigurava sigurnost tokom svih aktivnosti u p\u010delinjaku.<\/p>\n","protected":false},"featured_media":2716,"comment_status":"open","ping_status":"closed","template":"","meta":{"site-sidebar-layout":"default","site-content-layout":"","ast-site-content-layout":"default","site-content-style":"default","site-sidebar-style":"default","ast-global-header-display":"","ast-banner-title-visibility":"","ast-main-header-display":"","ast-hfb-above-header-display":"","ast-hfb-below-header-display":"","ast-hfb-mobile-header-display":"","site-post-title":"","ast-breadcrumbs-content":"","ast-featured-img":"","footer-sml-layout":"","ast-disable-related-posts":"","theme-transparent-header-meta":"default","adv-header-id-meta":"","stick-header-meta":"default","header-above-stick-meta":"","header-main-stick-meta":"","header-below-stick-meta":"","astra-migrate-meta-layouts":"set","ast-page-background-enabled":"default","ast-page-background-meta":{"desktop":{"background-color":"var(--ast-global-color-4)","background-image":"","background-repeat":"repeat","background-position":"center center","background-size":"auto","background-attachment":"scroll","background-type":"","background-media":"","overlay-type":"","overlay-color":"","overlay-opacity":"","overlay-gradient":""},"tablet":{"background-color":"","background-image":"","background-repeat":"repeat","background-position":"center center","background-size":"auto","background-attachment":"scroll","background-type":"","background-media":"","overlay-type":"","overlay-color":"","overlay-opacity":"","overlay-gradient":""},"mobile":{"background-color":"","background-image":"","background-repeat":"repeat","background-position":"center center","background-size":"auto","background-attachment":"scroll","background-type":"","background-media":"","overlay-type":"","overlay-color":"","overlay-opacity":"","overlay-gradient":""}},"ast-content-background-meta":{"desktop":{"background-color":"var(--ast-global-color-5)","background-image":"","background-repeat":"repeat","background-position":"center center","background-size":"auto","background-attachment":"scroll","background-type":"","background-media":"","overlay-type":"","overlay-color":"","overlay-opacity":"","overlay-gradient":""},"tablet":{"background-color":"var(--ast-global-color-5)","background-image":"","background-repeat":"repeat","background-position":"center center","background-size":"auto","background-attachment":"scroll","background-type":"","background-media":"","overlay-type":"","overlay-color":"","overlay-opacity":"","overlay-gradient":""},"mobile":{"background-color":"var(--ast-global-color-5)","background-image":"","background-repeat":"repeat","background-position":"center center","background-size":"auto","background-attachment":"scroll","background-type":"","background-media":"","overlay-type":"","overlay-color":"","overlay-opacity":"","overlay-gradient":""}}},"product_brand":[],"product_cat":[133,130,125,26],"product_tag":[],"class_list":{"0":"post-2715","1":"product","2":"type-product","3":"status-publish","4":"has-post-thumbnail","6":"product_cat-kombinezon-za-pcelarstvo","7":"product_cat-odeca-zastitna-sredstva","8":"product_cat-pcelarski-alat","9":"product_cat-za-pcelara","10":"desktop-align-center","11":"tablet-align-left","12":"mobile-align-left","14":"first","15":"instock","16":"shipping-taxable","17":"purchasable","18":"product-type-variable","19":"add-to-wishlist-after_add_to_cart"},"_links":{"self":[{"href":"https:\/\/anelsrb.com\/prodavnica\/wp-json\/wp\/v2\/product\/2715","targetHints":{"allow":["GET"]}}],"collection":[{"href":"https:\/\/anelsrb.com\/prodavnica\/wp-json\/wp\/v2\/product"}],"about":[{"href":"https:\/\/anelsrb.com\/prodavnica\/wp-json\/wp\/v2\/types\/product"}],"replies":[{"embeddable":true,"href":"https:\/\/anelsrb.com\/prodavnica\/wp-json\/wp\/v2\/comments?post=2715"}],"wp:featuredmedia":[{"embeddable":true,"href":"https:\/\/anelsrb.com\/prodavnica\/wp-json\/wp\/v2\/media\/2716"}],"wp:attachment":[{"href":"https:\/\/anelsrb.com\/prodavnica\/wp-json\/wp\/v2\/media?parent=2715"}],"wp:term":[{"taxonomy":"product_brand","embeddable":true,"href":"https:\/\/anelsrb.com\/prodavnica\/wp-json\/wp\/v2\/product_brand?post=2715"},{"taxonomy":"product_cat","embeddable":true,"href":"https:\/\/anelsrb.com\/prodavnica\/wp-json\/wp\/v2\/product_cat?post=2715"},{"taxonomy":"product_tag","embeddable":true,"href":"https:\/\/anelsrb.com\/prodavnica\/wp-json\/wp\/v2\/product_tag?post=2715"}],"curies":[{"name":"wp","href":"https:\/\/api.w.org\/{rel}","templated":true}]}}