{"id":2722,"date":"2024-04-02T17:27:11","date_gmt":"2024-04-02T15:27:11","guid":{"rendered":"https:\/\/anelsrb.com\/prodavnica\/?post_type=product&#038;p=2722"},"modified":"2026-03-23T12:19:04","modified_gmt":"2026-03-23T11:19:04","slug":"pleteni-pcelarski-sesir-sa-lastihom-ispod-pazuha","status":"publish","type":"product","link":"https:\/\/anelsrb.com\/prodavnica\/product\/pleteni-pcelarski-sesir-sa-lastihom-ispod-pazuha\/","title":{"rendered":"Pleteni p\u010delarski \u0161e\u0161ir sa lastihom ispod pazuha"},"content":{"rendered":"<p>\u010cvrsti plateni \u0161e\u0161ir predstavlja idealan izbor za rad tokom vrelih letnjih dana u p\u010delinjaku. Njegov \u0161iroki obod pru\u017ea izuzetnu za\u0161titu od sun\u010devih zraka, \u010duvaju\u0107i vas od ne\u017eeljenog izlaganja suncu dok obavljate poslove u ko\u0161nicama. Posebno dizajniran na\u010din pletenja omogu\u0107ava optimalnu cirkulaciju vazduha, smanjuju\u0107i znojenje i odr\u017eavaju\u0107i vas prijatno sve\u017ee \u010dak i tokom najtoplijih dana.<\/p>\n<p>Osim \u0161to je udoban za no\u0161enje, \u010dvrst i jak sastav ovog \u0161e\u0161ira pru\u017ea izuzetnu za\u0161titu od uboda p\u010dela, \u010dine\u0107i va\u0161 rad u p\u010delinjaku sigurnim i bezbri\u017enim. \u0160e\u0161ir je opremljen tilom koji je spojen kop\u010dama, omogu\u0107avaju\u0107i dodatnu ventilaciju i spre\u010davaju\u0107i ulazak insekata. Lasti\u0161 ispod pazuha pru\u017ea dodatnu udobnost i sigurnost, spre\u010davaju\u0107i mogu\u0107i prodor p\u010dela unutar \u0161e\u0161ira.<\/p>\n<p>Ovaj \u0161e\u0161ir nije samo prakti\u010dan, ve\u0107 je i pouzdan partner svakog p\u010delara, pru\u017eaju\u0107i optimalnu za\u0161titu i udobnost tokom radnih aktivnosti u p\u010delinjaku.<\/p>\n","protected":false},"excerpt":{"rendered":"<p>\u010cvrsti plateni \u0161e\u0161ir predstavlja idealan izbor za rad tokom vrelih letnjih dana u p\u010delinjaku. Njegov \u0161iroki obod pru\u017ea izuzetnu za\u0161titu od sun\u010devih zraka, \u010duvaju\u0107i vas od ne\u017eeljenog izlaganja suncu dok obavljate poslove u ko\u0161nicama. Posebno dizajniran na\u010din pletenja omogu\u0107ava optimalnu cirkulaciju vazduha, smanjuju\u0107i znojenje i odr\u017eavaju\u0107i vas prijatno sve\u017ee \u010dak i tokom najtoplijih dana.<\/p>\n","protected":false},"featured_media":2723,"comment_status":"open","ping_status":"closed","template":"","meta":{"site-sidebar-layout":"default","site-content-layout":"","ast-site-content-layout":"default","site-content-style":"default","site-sidebar-style":"default","ast-global-header-display":"","ast-banner-title-visibility":"","ast-main-header-display":"","ast-hfb-above-header-display":"","ast-hfb-below-header-display":"","ast-hfb-mobile-header-display":"","site-post-title":"","ast-breadcrumbs-content":"","ast-featured-img":"","footer-sml-layout":"","ast-disable-related-posts":"","theme-transparent-header-meta":"default","adv-header-id-meta":"","stick-header-meta":"default","header-above-stick-meta":"","header-main-stick-meta":"","header-below-stick-meta":"","astra-migrate-meta-layouts":"set","ast-page-background-enabled":"default","ast-page-background-meta":{"desktop":{"background-color":"var(--ast-global-color-4)","background-image":"","background-repeat":"repeat","background-position":"center center","background-size":"auto","background-attachment":"scroll","background-type":"","background-media":"","overlay-type":"","overlay-color":"","overlay-opacity":"","overlay-gradient":""},"tablet":{"background-color":"","background-image":"","background-repeat":"repeat","background-position":"center center","background-size":"auto","background-attachment":"scroll","background-type":"","background-media":"","overlay-type":"","overlay-color":"","overlay-opacity":"","overlay-gradient":""},"mobile":{"background-color":"","background-image":"","background-repeat":"repeat","background-position":"center center","background-size":"auto","background-attachment":"scroll","background-type":"","background-media":"","overlay-type":"","overlay-color":"","overlay-opacity":"","overlay-gradient":""}},"ast-content-background-meta":{"desktop":{"background-color":"var(--ast-global-color-5)","background-image":"","background-repeat":"repeat","background-position":"center center","background-size":"auto","background-attachment":"scroll","background-type":"","background-media":"","overlay-type":"","overlay-color":"","overlay-opacity":"","overlay-gradient":""},"tablet":{"background-color":"var(--ast-global-color-5)","background-image":"","background-repeat":"repeat","background-position":"center center","background-size":"auto","background-attachment":"scroll","background-type":"","background-media":"","overlay-type":"","overlay-color":"","overlay-opacity":"","overlay-gradient":""},"mobile":{"background-color":"var(--ast-global-color-5)","background-image":"","background-repeat":"repeat","background-position":"center center","background-size":"auto","background-attachment":"scroll","background-type":"","background-media":"","overlay-type":"","overlay-color":"","overlay-opacity":"","overlay-gradient":""}}},"product_brand":[],"product_cat":[131,125,26],"product_tag":[],"class_list":{"0":"post-2722","1":"product","2":"type-product","3":"status-publish","4":"has-post-thumbnail","6":"product_cat-pcelarske-kape","7":"product_cat-pcelarski-alat","8":"product_cat-za-pcelara","9":"desktop-align-center","10":"tablet-align-left","11":"mobile-align-left","13":"first","14":"instock","15":"shipping-taxable","16":"purchasable","17":"product-type-simple","18":"add-to-wishlist-after_add_to_cart"},"_links":{"self":[{"href":"https:\/\/anelsrb.com\/prodavnica\/wp-json\/wp\/v2\/product\/2722","targetHints":{"allow":["GET"]}}],"collection":[{"href":"https:\/\/anelsrb.com\/prodavnica\/wp-json\/wp\/v2\/product"}],"about":[{"href":"https:\/\/anelsrb.com\/prodavnica\/wp-json\/wp\/v2\/types\/product"}],"replies":[{"embeddable":true,"href":"https:\/\/anelsrb.com\/prodavnica\/wp-json\/wp\/v2\/comments?post=2722"}],"wp:featuredmedia":[{"embeddable":true,"href":"https:\/\/anelsrb.com\/prodavnica\/wp-json\/wp\/v2\/media\/2723"}],"wp:attachment":[{"href":"https:\/\/anelsrb.com\/prodavnica\/wp-json\/wp\/v2\/media?parent=2722"}],"wp:term":[{"taxonomy":"product_brand","embeddable":true,"href":"https:\/\/anelsrb.com\/prodavnica\/wp-json\/wp\/v2\/product_brand?post=2722"},{"taxonomy":"product_cat","embeddable":true,"href":"https:\/\/anelsrb.com\/prodavnica\/wp-json\/wp\/v2\/product_cat?post=2722"},{"taxonomy":"product_tag","embeddable":true,"href":"https:\/\/anelsrb.com\/prodavnica\/wp-json\/wp\/v2\/product_tag?post=2722"}],"curies":[{"name":"wp","href":"https:\/\/api.w.org\/{rel}","templated":true}]}}