{"id":2724,"date":"2024-04-02T17:42:06","date_gmt":"2024-04-02T15:42:06","guid":{"rendered":"https:\/\/anelsrb.com\/prodavnica\/?post_type=product&#038;p=2724"},"modified":"2026-03-23T12:19:23","modified_gmt":"2026-03-23T11:19:23","slug":"jakna-pcelarska-bluza-ultrabareez","status":"publish","type":"product","link":"https:\/\/anelsrb.com\/prodavnica\/product\/jakna-pcelarska-bluza-ultrabareez\/","title":{"rendered":"Jakna p\u010delarska bluza Ultrabareez"},"content":{"rendered":"<p>P\u010delarska jakna &#8222;Ultrabareez&#8220; predstavlja vrhunsko re\u0161enje koje pru\u017ea p\u010delarima potpunu za\u0161titu tokom radnih aktivnosti. Ova jakna integri\u0161e p\u010delarsku bluzu sa \u0161e\u0161irom, pru\u017eaju\u0107i sveobuhvatnu za\u0161titu od uboda p\u010dela i drugih nepo\u017eeljnih incidenata u p\u010delinjaku.<\/p>\n<p>Izra\u0111ena od tri sloja mre\u017ee, ova jakna obezbe\u0111uje izvanrednu za\u0161titu od uboda p\u010dela, dok istovremeno omogu\u0107ava neometanu cirkulaciju vazduha kako bi telo ostalo prijatno rashla\u0111eno \u010dak i tokom vru\u0107ih letnjih dana. Lako\u0107a skidanja i obla\u010denja jakne \u010dini rad u njoj prakti\u010dnim i efikasnim, dok izuzetna vidljivost kroz til olak\u0161ava pra\u0107enje situacije u p\u010delinjaku.<\/p>\n<p>Jakna je opremljena jakim i izdr\u017eljivim rajsfer\u0161lusima koji omogu\u0107avaju glatko otvaranje i zatvaranje. \u0160e\u0161ir je povezan sa bluzom putem rajsfer\u0161lusa, dok dodatni rajsfer\u0161lus du\u017e sredine olak\u0161ava proces obla\u010denja. Gumene steznike na rukavima i struku osiguravaju sigurno prianjanje, dok veliki d\u017eepovi sa prednje strane pru\u017eaju prakti\u010dan prostor za odlaganje pribora ili drugih potrebnih predmeta.<\/p>\n<p>Ukupna debljina slojeva mre\u017ee od 4mm garantuje gotovo potpunu za\u0161titu, pru\u017eaju\u0107i p\u010delarima dodatnu sigurnost tokom svih aktivnosti u p\u010delinjaku. P\u010delarska jakna &#8222;Ultrabareez&#8220; je ne samo simbol bezbednosti, ve\u0107 i udobnosti i prakti\u010dnosti u p\u010delarenju, \u010dine\u0107i je esencijalnim delom opreme svakog ozbiljnog p\u010delara.<\/p>\n","protected":false},"excerpt":{"rendered":"<p>P\u010delarska jakna &#8222;Ultrabareez&#8220; predstavlja vrhunsko re\u0161enje koje pru\u017ea p\u010delarima potpunu za\u0161titu tokom radnih aktivnosti. Ova jakna integri\u0161e p\u010delarsku bluzu sa \u0161e\u0161irom, pru\u017eaju\u0107i sveobuhvatnu za\u0161titu od uboda p\u010dela i drugih nepo\u017eeljnih incidenata u p\u010delinjaku.<\/p>\n","protected":false},"featured_media":2725,"comment_status":"open","ping_status":"closed","template":"","meta":{"site-sidebar-layout":"default","site-content-layout":"","ast-site-content-layout":"default","site-content-style":"default","site-sidebar-style":"default","ast-global-header-display":"","ast-banner-title-visibility":"","ast-main-header-display":"","ast-hfb-above-header-display":"","ast-hfb-below-header-display":"","ast-hfb-mobile-header-display":"","site-post-title":"","ast-breadcrumbs-content":"","ast-featured-img":"","footer-sml-layout":"","ast-disable-related-posts":"","theme-transparent-header-meta":"default","adv-header-id-meta":"","stick-header-meta":"default","header-above-stick-meta":"","header-main-stick-meta":"","header-below-stick-meta":"","astra-migrate-meta-layouts":"set","ast-page-background-enabled":"default","ast-page-background-meta":{"desktop":{"background-color":"var(--ast-global-color-4)","background-image":"","background-repeat":"repeat","background-position":"center center","background-size":"auto","background-attachment":"scroll","background-type":"","background-media":"","overlay-type":"","overlay-color":"","overlay-opacity":"","overlay-gradient":""},"tablet":{"background-color":"","background-image":"","background-repeat":"repeat","background-position":"center center","background-size":"auto","background-attachment":"scroll","background-type":"","background-media":"","overlay-type":"","overlay-color":"","overlay-opacity":"","overlay-gradient":""},"mobile":{"background-color":"","background-image":"","background-repeat":"repeat","background-position":"center center","background-size":"auto","background-attachment":"scroll","background-type":"","background-media":"","overlay-type":"","overlay-color":"","overlay-opacity":"","overlay-gradient":""}},"ast-content-background-meta":{"desktop":{"background-color":"var(--ast-global-color-5)","background-image":"","background-repeat":"repeat","background-position":"center center","background-size":"auto","background-attachment":"scroll","background-type":"","background-media":"","overlay-type":"","overlay-color":"","overlay-opacity":"","overlay-gradient":""},"tablet":{"background-color":"var(--ast-global-color-5)","background-image":"","background-repeat":"repeat","background-position":"center center","background-size":"auto","background-attachment":"scroll","background-type":"","background-media":"","overlay-type":"","overlay-color":"","overlay-opacity":"","overlay-gradient":""},"mobile":{"background-color":"var(--ast-global-color-5)","background-image":"","background-repeat":"repeat","background-position":"center center","background-size":"auto","background-attachment":"scroll","background-type":"","background-media":"","overlay-type":"","overlay-color":"","overlay-opacity":"","overlay-gradient":""}}},"product_brand":[],"product_cat":[132,125,26],"product_tag":[],"class_list":{"0":"post-2724","1":"product","2":"type-product","3":"status-publish","4":"has-post-thumbnail","6":"product_cat-pcelarske-jakne","7":"product_cat-pcelarski-alat","8":"product_cat-za-pcelara","9":"desktop-align-center","10":"tablet-align-left","11":"mobile-align-left","13":"first","14":"instock","15":"shipping-taxable","16":"purchasable","17":"product-type-variable","18":"add-to-wishlist-after_add_to_cart"},"_links":{"self":[{"href":"https:\/\/anelsrb.com\/prodavnica\/wp-json\/wp\/v2\/product\/2724","targetHints":{"allow":["GET"]}}],"collection":[{"href":"https:\/\/anelsrb.com\/prodavnica\/wp-json\/wp\/v2\/product"}],"about":[{"href":"https:\/\/anelsrb.com\/prodavnica\/wp-json\/wp\/v2\/types\/product"}],"replies":[{"embeddable":true,"href":"https:\/\/anelsrb.com\/prodavnica\/wp-json\/wp\/v2\/comments?post=2724"}],"wp:featuredmedia":[{"embeddable":true,"href":"https:\/\/anelsrb.com\/prodavnica\/wp-json\/wp\/v2\/media\/2725"}],"wp:attachment":[{"href":"https:\/\/anelsrb.com\/prodavnica\/wp-json\/wp\/v2\/media?parent=2724"}],"wp:term":[{"taxonomy":"product_brand","embeddable":true,"href":"https:\/\/anelsrb.com\/prodavnica\/wp-json\/wp\/v2\/product_brand?post=2724"},{"taxonomy":"product_cat","embeddable":true,"href":"https:\/\/anelsrb.com\/prodavnica\/wp-json\/wp\/v2\/product_cat?post=2724"},{"taxonomy":"product_tag","embeddable":true,"href":"https:\/\/anelsrb.com\/prodavnica\/wp-json\/wp\/v2\/product_tag?post=2724"}],"curies":[{"name":"wp","href":"https:\/\/api.w.org\/{rel}","templated":true}]}}