{"id":2762,"date":"2024-04-10T11:03:12","date_gmt":"2024-04-10T09:03:12","guid":{"rendered":"https:\/\/anelsrb.com\/prodavnica\/?post_type=product&#038;p=2762"},"modified":"2026-03-23T12:20:15","modified_gmt":"2026-03-23T11:20:15","slug":"ultrabreez-pcelarske-rukavice","status":"publish","type":"product","link":"https:\/\/anelsrb.com\/prodavnica\/product\/ultrabreez-pcelarske-rukavice\/","title":{"rendered":"P\u010delarske rukavice Ultrabreez"},"content":{"rendered":"<p>Ultrabreeze p\u010delarske rukavice predstavljaju vrhunski proizvod dizajniran sa fokusom na potpunu za\u0161titu p\u010delara uz istovremeno osiguranje optimalne ventilacije ruku. Njihov inovativni dizajn spre\u010dava ubod p\u010dela dok istovremeno smanjuje broj slu\u010dajno povre\u0111enih p\u010dela.<\/p>\n<p>Ove rukavice su konstruisane od \u010detiri sloja mre\u017ee, \u010dime se garantuje gotovo potpuna za\u0161tita. Sastoje se od dva sloja pamu\u010dne mre\u017ee sa sitnim okcima, koji pru\u017eaju dodatnu izdr\u017eljivost i otpornost na ubode, i sredi\u0161njeg sloja mre\u017ee sa krupnim okcima od specijalnog penastog ultrabreeze materijala, koji osigurava potpunu ventilaciju uz maksimalnu za\u0161titu. Ukupna debljina od 4mm pru\u017ea izvanrednu barijeru protiv uboda, dok prirodna ko\u017ea dodatno poja\u010dava izdr\u017eljivost i komfor.<\/p>\n<p>Ultrabreeze p\u010delarske rukavice dostupne su u \u0161irokom rasponu veli\u010dina &#8211; od 9 do 13, omogu\u0107avaju\u0107i svakom p\u010delaru da prona\u0111e idealno pristajanje za svoje ruke. Bez obzira da li ste po\u010detnik ili iskusni p\u010delar, ove rukavice pru\u017eaju sigurnost, udobnost i pouzdanu za\u0161titu tokom svih p\u010delarskih aktivnosti.<\/p>\n","protected":false},"excerpt":{"rendered":"<p>Ultrabreeze p\u010delarske rukavice predstavljaju vrhunski proizvod dizajniran sa fokusom na potpunu za\u0161titu p\u010delara uz istovremeno osiguranje optimalne ventilacije ruku. Njihov inovativni dizajn spre\u010dava ubod p\u010dela dok istovremeno smanjuje broj slu\u010dajno povre\u0111enih p\u010dela.<\/p>\n","protected":false},"featured_media":2765,"comment_status":"open","ping_status":"closed","template":"","meta":{"site-sidebar-layout":"default","site-content-layout":"","ast-site-content-layout":"default","site-content-style":"default","site-sidebar-style":"default","ast-global-header-display":"","ast-banner-title-visibility":"","ast-main-header-display":"","ast-hfb-above-header-display":"","ast-hfb-below-header-display":"","ast-hfb-mobile-header-display":"","site-post-title":"","ast-breadcrumbs-content":"","ast-featured-img":"","footer-sml-layout":"","ast-disable-related-posts":"","theme-transparent-header-meta":"default","adv-header-id-meta":"","stick-header-meta":"default","header-above-stick-meta":"","header-main-stick-meta":"","header-below-stick-meta":"","astra-migrate-meta-layouts":"set","ast-page-background-enabled":"default","ast-page-background-meta":{"desktop":{"background-color":"var(--ast-global-color-4)","background-image":"","background-repeat":"repeat","background-position":"center center","background-size":"auto","background-attachment":"scroll","background-type":"","background-media":"","overlay-type":"","overlay-color":"","overlay-opacity":"","overlay-gradient":""},"tablet":{"background-color":"","background-image":"","background-repeat":"repeat","background-position":"center center","background-size":"auto","background-attachment":"scroll","background-type":"","background-media":"","overlay-type":"","overlay-color":"","overlay-opacity":"","overlay-gradient":""},"mobile":{"background-color":"","background-image":"","background-repeat":"repeat","background-position":"center center","background-size":"auto","background-attachment":"scroll","background-type":"","background-media":"","overlay-type":"","overlay-color":"","overlay-opacity":"","overlay-gradient":""}},"ast-content-background-meta":{"desktop":{"background-color":"var(--ast-global-color-5)","background-image":"","background-repeat":"repeat","background-position":"center center","background-size":"auto","background-attachment":"scroll","background-type":"","background-media":"","overlay-type":"","overlay-color":"","overlay-opacity":"","overlay-gradient":""},"tablet":{"background-color":"var(--ast-global-color-5)","background-image":"","background-repeat":"repeat","background-position":"center center","background-size":"auto","background-attachment":"scroll","background-type":"","background-media":"","overlay-type":"","overlay-color":"","overlay-opacity":"","overlay-gradient":""},"mobile":{"background-color":"var(--ast-global-color-5)","background-image":"","background-repeat":"repeat","background-position":"center center","background-size":"auto","background-attachment":"scroll","background-type":"","background-media":"","overlay-type":"","overlay-color":"","overlay-opacity":"","overlay-gradient":""}}},"product_brand":[],"product_cat":[125,134,26],"product_tag":[],"class_list":{"0":"post-2762","1":"product","2":"type-product","3":"status-publish","4":"has-post-thumbnail","6":"product_cat-pcelarski-alat","7":"product_cat-rukavice","8":"product_cat-za-pcelara","9":"desktop-align-center","10":"tablet-align-left","11":"mobile-align-left","13":"first","14":"instock","15":"shipping-taxable","16":"purchasable","17":"product-type-variable","18":"add-to-wishlist-after_add_to_cart"},"_links":{"self":[{"href":"https:\/\/anelsrb.com\/prodavnica\/wp-json\/wp\/v2\/product\/2762","targetHints":{"allow":["GET"]}}],"collection":[{"href":"https:\/\/anelsrb.com\/prodavnica\/wp-json\/wp\/v2\/product"}],"about":[{"href":"https:\/\/anelsrb.com\/prodavnica\/wp-json\/wp\/v2\/types\/product"}],"replies":[{"embeddable":true,"href":"https:\/\/anelsrb.com\/prodavnica\/wp-json\/wp\/v2\/comments?post=2762"}],"wp:featuredmedia":[{"embeddable":true,"href":"https:\/\/anelsrb.com\/prodavnica\/wp-json\/wp\/v2\/media\/2765"}],"wp:attachment":[{"href":"https:\/\/anelsrb.com\/prodavnica\/wp-json\/wp\/v2\/media?parent=2762"}],"wp:term":[{"taxonomy":"product_brand","embeddable":true,"href":"https:\/\/anelsrb.com\/prodavnica\/wp-json\/wp\/v2\/product_brand?post=2762"},{"taxonomy":"product_cat","embeddable":true,"href":"https:\/\/anelsrb.com\/prodavnica\/wp-json\/wp\/v2\/product_cat?post=2762"},{"taxonomy":"product_tag","embeddable":true,"href":"https:\/\/anelsrb.com\/prodavnica\/wp-json\/wp\/v2\/product_tag?post=2762"}],"curies":[{"name":"wp","href":"https:\/\/api.w.org\/{rel}","templated":true}]}}