{"id":2794,"date":"2024-04-10T13:03:19","date_gmt":"2024-04-10T11:03:19","guid":{"rendered":"https:\/\/anelsrb.com\/prodavnica\/?post_type=product&#038;p=2794"},"modified":"2025-01-08T12:00:24","modified_gmt":"2025-01-08T11:00:24","slug":"2794","status":"publish","type":"product","link":"https:\/\/anelsrb.com\/prodavnica\/product\/2794\/","title":{"rendered":"Cedilo za med dvodelno sa nosa\u010dima na razvla\u010denje BEE"},"content":{"rendered":"<p>Cedilo za med dvodelno je izuzetno prakti\u010dan alat koji omogu\u0107ava efikasno i temeljno ce\u0111enje meda, obuhvataju\u0107i dva cedila: jedno za grubo ce\u0111enje i drugo za fino filtriranje. Umesto klasi\u010dnih ru\u010dki, cedilo poseduje nosa\u010de koji se razvla\u010de, omogu\u0107avaju\u0107i jednostavno prilago\u0111avanje razli\u010ditim pre\u010dnicima kanti za prihvat oce\u0111enog meda.<\/p>\n<p>Ovo cedilo je kompletno izra\u0111eno od visokokvalitetnog prohroma, garantuju\u0107i trajnost i otpornost na koroziju. Prohromska mre\u017ea sa dovoljnim pre\u010dnikom osigurava zadr\u017eavanje kako krupnijih, tako i sitnijih ne\u010disto\u0107a u medu, \u010dime se obezbe\u0111uje visok kvalitet i \u010disto\u0107a proizvoda.<\/p>\n<p>Pre\u010dnik cedila iznosi 235mm, dok sa razvu\u010denim nosa\u010dima dosti\u017ee pribli\u017enu du\u017einu od 430mm. Visina cedila je 105mm, \u0161to omogu\u0107ava dovoljno prostora za efikasno ce\u0111enje ve\u0107ih koli\u010dina meda. Gustina mre\u017ee gornjeg cedila iznosi pribli\u017eno 2mm, dok je gustina mre\u017ee donjeg cedila pribli\u017eno 0,65mm, \u0161to omogu\u0107ava precizno filtriranje bez gubitka kvaliteta meda.<\/p>\n<p>Sa svojom prakti\u010dno\u0161\u0107u, visokim kvalitetom materijala i preciznom izradom, dvodelno cedilo za med postaje nezamenjiv alat u p\u010delarskoj opremi, omogu\u0107avaju\u0107i p\u010delarima da brzo i efikasno pripreme med za dalju obradu i konzumaciju.<\/p>\n","protected":false},"excerpt":{"rendered":"<p>Cedilo za med dvodelno je izuzetno prakti\u010dan alat koji omogu\u0107ava efikasno i temeljno ce\u0111enje meda, obuhvataju\u0107i dva cedila: jedno za grubo ce\u0111enje i drugo za fino filtriranje. Umesto klasi\u010dnih ru\u010dki, cedilo poseduje nosa\u010de koji se razvla\u010de, omogu\u0107avaju\u0107i jednostavno prilago\u0111avanje razli\u010ditim pre\u010dnicima kanti za prihvat oce\u0111enog meda.<\/p>\n","protected":false},"featured_media":2795,"comment_status":"open","ping_status":"closed","template":"","meta":{"site-sidebar-layout":"default","site-content-layout":"","ast-site-content-layout":"default","site-content-style":"default","site-sidebar-style":"default","ast-global-header-display":"","ast-banner-title-visibility":"","ast-main-header-display":"","ast-hfb-above-header-display":"","ast-hfb-below-header-display":"","ast-hfb-mobile-header-display":"","site-post-title":"","ast-breadcrumbs-content":"","ast-featured-img":"","footer-sml-layout":"","ast-disable-related-posts":"","theme-transparent-header-meta":"default","adv-header-id-meta":"","stick-header-meta":"default","header-above-stick-meta":"","header-main-stick-meta":"","header-below-stick-meta":"","astra-migrate-meta-layouts":"set","ast-page-background-enabled":"default","ast-page-background-meta":{"desktop":{"background-color":"var(--ast-global-color-4)","background-image":"","background-repeat":"repeat","background-position":"center center","background-size":"auto","background-attachment":"scroll","background-type":"","background-media":"","overlay-type":"","overlay-color":"","overlay-opacity":"","overlay-gradient":""},"tablet":{"background-color":"","background-image":"","background-repeat":"repeat","background-position":"center center","background-size":"auto","background-attachment":"scroll","background-type":"","background-media":"","overlay-type":"","overlay-color":"","overlay-opacity":"","overlay-gradient":""},"mobile":{"background-color":"","background-image":"","background-repeat":"repeat","background-position":"center center","background-size":"auto","background-attachment":"scroll","background-type":"","background-media":"","overlay-type":"","overlay-color":"","overlay-opacity":"","overlay-gradient":""}},"ast-content-background-meta":{"desktop":{"background-color":"var(--ast-global-color-5)","background-image":"","background-repeat":"repeat","background-position":"center center","background-size":"auto","background-attachment":"scroll","background-type":"","background-media":"","overlay-type":"","overlay-color":"","overlay-opacity":"","overlay-gradient":""},"tablet":{"background-color":"var(--ast-global-color-5)","background-image":"","background-repeat":"repeat","background-position":"center center","background-size":"auto","background-attachment":"scroll","background-type":"","background-media":"","overlay-type":"","overlay-color":"","overlay-opacity":"","overlay-gradient":""},"mobile":{"background-color":"var(--ast-global-color-5)","background-image":"","background-repeat":"repeat","background-position":"center center","background-size":"auto","background-attachment":"scroll","background-type":"","background-media":"","overlay-type":"","overlay-color":"","overlay-opacity":"","overlay-gradient":""}}},"product_brand":[],"product_cat":[140,26],"product_tag":[],"class_list":{"0":"post-2794","1":"product","2":"type-product","3":"status-publish","4":"has-post-thumbnail","6":"product_cat-oprema-za-vrcanje","7":"product_cat-za-pcelara","8":"desktop-align-center","9":"tablet-align-left","10":"mobile-align-left","12":"first","13":"instock","14":"shipping-taxable","15":"purchasable","16":"product-type-simple","17":"add-to-wishlist-after_add_to_cart"},"_links":{"self":[{"href":"https:\/\/anelsrb.com\/prodavnica\/wp-json\/wp\/v2\/product\/2794","targetHints":{"allow":["GET"]}}],"collection":[{"href":"https:\/\/anelsrb.com\/prodavnica\/wp-json\/wp\/v2\/product"}],"about":[{"href":"https:\/\/anelsrb.com\/prodavnica\/wp-json\/wp\/v2\/types\/product"}],"replies":[{"embeddable":true,"href":"https:\/\/anelsrb.com\/prodavnica\/wp-json\/wp\/v2\/comments?post=2794"}],"wp:featuredmedia":[{"embeddable":true,"href":"https:\/\/anelsrb.com\/prodavnica\/wp-json\/wp\/v2\/media\/2795"}],"wp:attachment":[{"href":"https:\/\/anelsrb.com\/prodavnica\/wp-json\/wp\/v2\/media?parent=2794"}],"wp:term":[{"taxonomy":"product_brand","embeddable":true,"href":"https:\/\/anelsrb.com\/prodavnica\/wp-json\/wp\/v2\/product_brand?post=2794"},{"taxonomy":"product_cat","embeddable":true,"href":"https:\/\/anelsrb.com\/prodavnica\/wp-json\/wp\/v2\/product_cat?post=2794"},{"taxonomy":"product_tag","embeddable":true,"href":"https:\/\/anelsrb.com\/prodavnica\/wp-json\/wp\/v2\/product_tag?post=2794"}],"curies":[{"name":"wp","href":"https:\/\/api.w.org\/{rel}","templated":true}]}}