{"id":2803,"date":"2024-04-10T13:42:18","date_gmt":"2024-04-10T11:42:18","guid":{"rendered":"https:\/\/anelsrb.com\/prodavnica\/?post_type=product&#038;p=2803"},"modified":"2024-04-10T13:42:18","modified_gmt":"2024-04-10T11:42:18","slug":"klesta-za-vadjenje-ramova-cr","status":"publish","type":"product","link":"https:\/\/anelsrb.com\/prodavnica\/product\/klesta-za-vadjenje-ramova-cr\/","title":{"rendered":"Klesta za vadjenje ramova, Cr"},"content":{"rendered":"<p>Raspon &#8222;hvataljki&#8220; kle\u0161ta je dovoljan da primi ve\u0107inu standardnih i nestandardnih ramova, \u010dine\u0107i ih univerzalnim priborom za sve vrste ko\u0161nica na p\u010delinjaku. Bez obzira na materijal od kojeg su izra\u0111eni ramovi i njihovu visinu, ova kle\u0161ta omogu\u0107avaju lako i bezbedno va\u0111enje i manipulaciju.<\/p>\n<p>Ru\u010dke kle\u0161ta su izvedene sa rotiraju\u0107im elementima po principu cevi u cevi, \u0161to ih \u010dini lakim za manipulaciju i omogu\u0107ava lako okretanje i pozicioniranje tokom rada. Ukupna \u0161irina ru\u010dki je 130mm, dok visina kle\u0161ta u otvorenoj poziciji iznosi 120mm. Maksimalni raspon rukohvata u otvorenoj poziciji kle\u0161ta je do 80mm, pru\u017eaju\u0107i udobnost i slobodu pokreta prilikom rukovanja.<\/p>\n<p>Ukupna masa kle\u0161ta iznosi 250g, \u0161to ih \u010dini dovoljno laganim za efikasno kori\u0161\u0107enje, ali istovremeno dovoljno \u010dvrstim da izdr\u017ee sve p\u010delarske izazove. Sa svojim ergonomskim dizajnom i visokim kvalitetom materijala, ova kle\u0161ta pru\u017eaju udobnost i pouzdanost tokom dugotrajnog rada, garantuju\u0107i upotrebljivost i dugotrajnost.<\/p>\n","protected":false},"excerpt":{"rendered":"<p>Kle\u0161ta su\u00a0 pribor u p\u010delarstvu, koriste se za jednostavno va\u0111enje ramova iz nastavaka, hvatanjem satono\u0161e. Izra\u0111ena su od visokokvalitetnog prohroma (inox), \u0161to garantuje izdr\u017eljivost i otpornost na koroziju, \u010dime su ova kle\u0161ta idealna za dugotrajnu upotrebu u razli\u010ditim uslovima.<\/p>\n","protected":false},"featured_media":2804,"comment_status":"open","ping_status":"closed","template":"","meta":{"site-sidebar-layout":"default","site-content-layout":"","ast-site-content-layout":"default","site-content-style":"default","site-sidebar-style":"default","ast-global-header-display":"","ast-banner-title-visibility":"","ast-main-header-display":"","ast-hfb-above-header-display":"","ast-hfb-below-header-display":"","ast-hfb-mobile-header-display":"","site-post-title":"","ast-breadcrumbs-content":"","ast-featured-img":"","footer-sml-layout":"","ast-disable-related-posts":"","theme-transparent-header-meta":"default","adv-header-id-meta":"","stick-header-meta":"default","header-above-stick-meta":"","header-main-stick-meta":"","header-below-stick-meta":"","astra-migrate-meta-layouts":"set","ast-page-background-enabled":"default","ast-page-background-meta":{"desktop":{"background-color":"var(--ast-global-color-4)","background-image":"","background-repeat":"repeat","background-position":"center center","background-size":"auto","background-attachment":"scroll","background-type":"","background-media":"","overlay-type":"","overlay-color":"","overlay-opacity":"","overlay-gradient":""},"tablet":{"background-color":"","background-image":"","background-repeat":"repeat","background-position":"center center","background-size":"auto","background-attachment":"scroll","background-type":"","background-media":"","overlay-type":"","overlay-color":"","overlay-opacity":"","overlay-gradient":""},"mobile":{"background-color":"","background-image":"","background-repeat":"repeat","background-position":"center center","background-size":"auto","background-attachment":"scroll","background-type":"","background-media":"","overlay-type":"","overlay-color":"","overlay-opacity":"","overlay-gradient":""}},"ast-content-background-meta":{"desktop":{"background-color":"var(--ast-global-color-5)","background-image":"","background-repeat":"repeat","background-position":"center center","background-size":"auto","background-attachment":"scroll","background-type":"","background-media":"","overlay-type":"","overlay-color":"","overlay-opacity":"","overlay-gradient":""},"tablet":{"background-color":"var(--ast-global-color-5)","background-image":"","background-repeat":"repeat","background-position":"center center","background-size":"auto","background-attachment":"scroll","background-type":"","background-media":"","overlay-type":"","overlay-color":"","overlay-opacity":"","overlay-gradient":""},"mobile":{"background-color":"var(--ast-global-color-5)","background-image":"","background-repeat":"repeat","background-position":"center center","background-size":"auto","background-attachment":"scroll","background-type":"","background-media":"","overlay-type":"","overlay-color":"","overlay-opacity":"","overlay-gradient":""}}},"product_brand":[],"product_cat":[125,26],"product_tag":[],"class_list":{"0":"post-2803","1":"product","2":"type-product","3":"status-publish","4":"has-post-thumbnail","6":"product_cat-pcelarski-alat","7":"product_cat-za-pcelara","8":"desktop-align-center","9":"tablet-align-left","10":"mobile-align-left","12":"first","13":"instock","14":"shipping-taxable","15":"purchasable","16":"product-type-simple","17":"add-to-wishlist-after_add_to_cart"},"_links":{"self":[{"href":"https:\/\/anelsrb.com\/prodavnica\/wp-json\/wp\/v2\/product\/2803","targetHints":{"allow":["GET"]}}],"collection":[{"href":"https:\/\/anelsrb.com\/prodavnica\/wp-json\/wp\/v2\/product"}],"about":[{"href":"https:\/\/anelsrb.com\/prodavnica\/wp-json\/wp\/v2\/types\/product"}],"replies":[{"embeddable":true,"href":"https:\/\/anelsrb.com\/prodavnica\/wp-json\/wp\/v2\/comments?post=2803"}],"wp:featuredmedia":[{"embeddable":true,"href":"https:\/\/anelsrb.com\/prodavnica\/wp-json\/wp\/v2\/media\/2804"}],"wp:attachment":[{"href":"https:\/\/anelsrb.com\/prodavnica\/wp-json\/wp\/v2\/media?parent=2803"}],"wp:term":[{"taxonomy":"product_brand","embeddable":true,"href":"https:\/\/anelsrb.com\/prodavnica\/wp-json\/wp\/v2\/product_brand?post=2803"},{"taxonomy":"product_cat","embeddable":true,"href":"https:\/\/anelsrb.com\/prodavnica\/wp-json\/wp\/v2\/product_cat?post=2803"},{"taxonomy":"product_tag","embeddable":true,"href":"https:\/\/anelsrb.com\/prodavnica\/wp-json\/wp\/v2\/product_tag?post=2803"}],"curies":[{"name":"wp","href":"https:\/\/api.w.org\/{rel}","templated":true}]}}