{"id":2814,"date":"2024-04-16T13:30:47","date_gmt":"2024-04-16T11:30:47","guid":{"rendered":"https:\/\/anelsrb.com\/prodavnica\/?post_type=product&#038;p=2814"},"modified":"2026-03-24T11:27:33","modified_gmt":"2026-03-24T10:27:33","slug":"nitne-za-ramove-150g-pak","status":"publish","type":"product","link":"https:\/\/anelsrb.com\/prodavnica\/product\/nitne-za-ramove-150g-pak\/","title":{"rendered":"Nitne za ramove, 150g-pak"},"content":{"rendered":"<p>Nitne za ramove predstavljaju klju\u010dnu komponentu u osiguravanju stabilnosti i dugovje\u010dnosti ramova. Namijenjene su postavljanju u rupe na bo\u010dnim stranama ramova, pru\u017eaju\u0107i podr\u0161ku \u017eici i spre\u010davaju\u0107i njeno usecanje u drvo tokom zatezanja ili tokom eksploatacije ramova.<\/p>\n<p>Ove nitne, sa svojom osnovnom funkcijom, \u010duvaju integritet \u017eice i sprje\u010davaju otpu\u0161tanje njenog prethodno postavljenog zategnutog stanja. Monta\u017ea mo\u017ee biti izvedena ru\u010dno, jednostavno postavljanjem u prethodno izbu\u0161ene rupe, ili putem specijalizovanih bu\u0161a\u010da ramova, \u0161to je opcija za br\u017eu i efikasniju instalaciju.<\/p>\n<p>Izra\u0111ene od metala i oblo\u017eene mesingom, ove nitne kombinuju izdr\u017eljivost i otpornost na koroziju. Dimenzije pojedina\u010dne nitne su pa\u017eljivo izabrane kako bi odgovarale \u0161irokom spektru ramova, sa visinom od 6,5mm, spolja\u0161njim pre\u010dnikom od 5,5mm i unutra\u0161njim pre\u010dnikom od 2mm.<\/p>\n<p>U pakovanju se nalazi 150 grama nitni, \u0161to je otprilike 1000 komada, pru\u017eaju\u0107i dovoljno materijala za sigurnu instalaciju i osiguranje dugoro\u010dne pouzdanosti ramova. Ove nitne su nezaobilazan dodatak za sve koji \u017eele osigurati \u010dvrst i stabilan okvir za svoje projekte.<\/p>\n","protected":false},"excerpt":{"rendered":"<p>Izra\u0111ene od metala i oblo\u017eene mesingom, ove nitne kombinuju izdr\u017eljivost i otpornost na koroziju. Dimenzije pojedina\u010dne nitne su pa\u017eljivo izabrane kako bi odgovarale \u0161irokom spektru ramova, sa visinom od 6,5mm, spolja\u0161njim pre\u010dnikom od 5,5mm i unutra\u0161njim pre\u010dnikom od 2mm.<\/p>\n<p>U pakovanju se nalazi 150 grama nitni, \u0161to je otprilike 1000 komada, pru\u017eaju\u0107i dovoljno materijala za sigurnu instalaciju i osiguranje dugoro\u010dne pouzdanosti ramova. Ove nitne su nezaobilazan dodatak za sve koji \u017eele osigurati \u010dvrst i stabilan okvir za svoje projekte.<\/p>\n","protected":false},"featured_media":2815,"comment_status":"open","ping_status":"closed","template":"","meta":{"site-sidebar-layout":"default","site-content-layout":"","ast-site-content-layout":"default","site-content-style":"default","site-sidebar-style":"default","ast-global-header-display":"","ast-banner-title-visibility":"","ast-main-header-display":"","ast-hfb-above-header-display":"","ast-hfb-below-header-display":"","ast-hfb-mobile-header-display":"","site-post-title":"","ast-breadcrumbs-content":"","ast-featured-img":"","footer-sml-layout":"","ast-disable-related-posts":"","theme-transparent-header-meta":"default","adv-header-id-meta":"","stick-header-meta":"default","header-above-stick-meta":"","header-main-stick-meta":"","header-below-stick-meta":"","astra-migrate-meta-layouts":"set","ast-page-background-enabled":"default","ast-page-background-meta":{"desktop":{"background-color":"var(--ast-global-color-4)","background-image":"","background-repeat":"repeat","background-position":"center center","background-size":"auto","background-attachment":"scroll","background-type":"","background-media":"","overlay-type":"","overlay-color":"","overlay-opacity":"","overlay-gradient":""},"tablet":{"background-color":"","background-image":"","background-repeat":"repeat","background-position":"center center","background-size":"auto","background-attachment":"scroll","background-type":"","background-media":"","overlay-type":"","overlay-color":"","overlay-opacity":"","overlay-gradient":""},"mobile":{"background-color":"","background-image":"","background-repeat":"repeat","background-position":"center center","background-size":"auto","background-attachment":"scroll","background-type":"","background-media":"","overlay-type":"","overlay-color":"","overlay-opacity":"","overlay-gradient":""}},"ast-content-background-meta":{"desktop":{"background-color":"var(--ast-global-color-5)","background-image":"","background-repeat":"repeat","background-position":"center center","background-size":"auto","background-attachment":"scroll","background-type":"","background-media":"","overlay-type":"","overlay-color":"","overlay-opacity":"","overlay-gradient":""},"tablet":{"background-color":"var(--ast-global-color-5)","background-image":"","background-repeat":"repeat","background-position":"center center","background-size":"auto","background-attachment":"scroll","background-type":"","background-media":"","overlay-type":"","overlay-color":"","overlay-opacity":"","overlay-gradient":""},"mobile":{"background-color":"var(--ast-global-color-5)","background-image":"","background-repeat":"repeat","background-position":"center center","background-size":"auto","background-attachment":"scroll","background-type":"","background-media":"","overlay-type":"","overlay-color":"","overlay-opacity":"","overlay-gradient":""}}},"product_brand":[],"product_cat":[139,125,26,64],"product_tag":[],"class_list":{"0":"post-2814","1":"product","2":"type-product","3":"status-publish","4":"has-post-thumbnail","6":"product_cat-alat-za-pripremu-ramova-za-kosnice","7":"product_cat-pcelarski-alat","8":"product_cat-za-pcelara","9":"product_cat-za-pcelarsku-radionicu","10":"desktop-align-center","11":"tablet-align-left","12":"mobile-align-left","14":"first","15":"instock","16":"shipping-taxable","17":"purchasable","18":"product-type-simple","19":"add-to-wishlist-after_add_to_cart"},"_links":{"self":[{"href":"https:\/\/anelsrb.com\/prodavnica\/wp-json\/wp\/v2\/product\/2814","targetHints":{"allow":["GET"]}}],"collection":[{"href":"https:\/\/anelsrb.com\/prodavnica\/wp-json\/wp\/v2\/product"}],"about":[{"href":"https:\/\/anelsrb.com\/prodavnica\/wp-json\/wp\/v2\/types\/product"}],"replies":[{"embeddable":true,"href":"https:\/\/anelsrb.com\/prodavnica\/wp-json\/wp\/v2\/comments?post=2814"}],"wp:featuredmedia":[{"embeddable":true,"href":"https:\/\/anelsrb.com\/prodavnica\/wp-json\/wp\/v2\/media\/2815"}],"wp:attachment":[{"href":"https:\/\/anelsrb.com\/prodavnica\/wp-json\/wp\/v2\/media?parent=2814"}],"wp:term":[{"taxonomy":"product_brand","embeddable":true,"href":"https:\/\/anelsrb.com\/prodavnica\/wp-json\/wp\/v2\/product_brand?post=2814"},{"taxonomy":"product_cat","embeddable":true,"href":"https:\/\/anelsrb.com\/prodavnica\/wp-json\/wp\/v2\/product_cat?post=2814"},{"taxonomy":"product_tag","embeddable":true,"href":"https:\/\/anelsrb.com\/prodavnica\/wp-json\/wp\/v2\/product_tag?post=2814"}],"curies":[{"name":"wp","href":"https:\/\/api.w.org\/{rel}","templated":true}]}}