{"id":2816,"date":"2024-04-16T13:52:56","date_gmt":"2024-04-16T11:52:56","guid":{"rendered":"https:\/\/anelsrb.com\/prodavnica\/?post_type=product&#038;p=2816"},"modified":"2026-03-24T11:29:03","modified_gmt":"2026-03-24T10:29:03","slug":"zica-na-kalemu-cink-1000g","status":"publish","type":"product","link":"https:\/\/anelsrb.com\/prodavnica\/product\/zica-na-kalemu-cink-1000g\/","title":{"rendered":"\u017dica na kalemu, cink, 1000g"},"content":{"rendered":"<p>Ova pocinkovana \u017eica, sa svojom\u00a0 debljinom od 0.35mm, predstavlja pouzdan i efikasan materijal za oja\u010davanje satne osnove u ramovima. Prodaje se namotana na kalem, \u010dime se osigurava jednostavno i ravnomerno odmotavanje tokom upotrebe, dok istovremeno spre\u010dava mr\u0161enje \u017eice koje bi moglo ometati rad.<\/p>\n<p>Sa koli\u010dinom od 1000 grama namotane \u017eice na kalemu, obezbe\u0111uje se dovoljno materijala za postavljanje u vi\u0161e ramova, \u0161to je posebno va\u017eno za p\u010delare ili druge korisnike koji zahtievaju pouzdanu konstrukciju sa minimalnim gubicima.<\/p>\n<p>Ova \u017eica, svojom izdr\u017eljivo\u0161\u0107u i otporno\u0161\u0107u na koroziju zahvaljuju\u0107i pocinkovanom premazu, pru\u017ea trajnu podr\u0161ku ramovima i osigurava stabilnost satne osnove, \u010dime se unapre\u0111uje celokupna konstrukcija i dugoro\u010dna pouzdanost ko\u0161nica ili drugih aplikacija u kojima se koristi.<\/p>\n","protected":false},"excerpt":{"rendered":"<p>Koli\u010dina namotane \u017eice na kalemu iznosi 1000g, \u0161to je dovoljno za opremanje vi\u0161e ramova, pru\u017eaju\u0107i p\u010delarima potrebnu koli\u010dinu materijala za izgradnju \u010dvrstih struktura.<\/p>\n","protected":false},"featured_media":2818,"comment_status":"open","ping_status":"closed","template":"","meta":{"site-sidebar-layout":"default","site-content-layout":"","ast-site-content-layout":"default","site-content-style":"default","site-sidebar-style":"default","ast-global-header-display":"","ast-banner-title-visibility":"","ast-main-header-display":"","ast-hfb-above-header-display":"","ast-hfb-below-header-display":"","ast-hfb-mobile-header-display":"","site-post-title":"","ast-breadcrumbs-content":"","ast-featured-img":"","footer-sml-layout":"","ast-disable-related-posts":"","theme-transparent-header-meta":"default","adv-header-id-meta":"","stick-header-meta":"default","header-above-stick-meta":"","header-main-stick-meta":"","header-below-stick-meta":"","astra-migrate-meta-layouts":"set","ast-page-background-enabled":"default","ast-page-background-meta":{"desktop":{"background-color":"var(--ast-global-color-4)","background-image":"","background-repeat":"repeat","background-position":"center center","background-size":"auto","background-attachment":"scroll","background-type":"","background-media":"","overlay-type":"","overlay-color":"","overlay-opacity":"","overlay-gradient":""},"tablet":{"background-color":"","background-image":"","background-repeat":"repeat","background-position":"center center","background-size":"auto","background-attachment":"scroll","background-type":"","background-media":"","overlay-type":"","overlay-color":"","overlay-opacity":"","overlay-gradient":""},"mobile":{"background-color":"","background-image":"","background-repeat":"repeat","background-position":"center center","background-size":"auto","background-attachment":"scroll","background-type":"","background-media":"","overlay-type":"","overlay-color":"","overlay-opacity":"","overlay-gradient":""}},"ast-content-background-meta":{"desktop":{"background-color":"var(--ast-global-color-5)","background-image":"","background-repeat":"repeat","background-position":"center center","background-size":"auto","background-attachment":"scroll","background-type":"","background-media":"","overlay-type":"","overlay-color":"","overlay-opacity":"","overlay-gradient":""},"tablet":{"background-color":"var(--ast-global-color-5)","background-image":"","background-repeat":"repeat","background-position":"center center","background-size":"auto","background-attachment":"scroll","background-type":"","background-media":"","overlay-type":"","overlay-color":"","overlay-opacity":"","overlay-gradient":""},"mobile":{"background-color":"var(--ast-global-color-5)","background-image":"","background-repeat":"repeat","background-position":"center center","background-size":"auto","background-attachment":"scroll","background-type":"","background-media":"","overlay-type":"","overlay-color":"","overlay-opacity":"","overlay-gradient":""}}},"product_brand":[],"product_cat":[139,125,26,64],"product_tag":[],"class_list":{"0":"post-2816","1":"product","2":"type-product","3":"status-publish","4":"has-post-thumbnail","6":"product_cat-alat-za-pripremu-ramova-za-kosnice","7":"product_cat-pcelarski-alat","8":"product_cat-za-pcelara","9":"product_cat-za-pcelarsku-radionicu","10":"desktop-align-center","11":"tablet-align-left","12":"mobile-align-left","14":"first","15":"instock","16":"shipping-taxable","17":"purchasable","18":"product-type-simple","19":"add-to-wishlist-after_add_to_cart"},"_links":{"self":[{"href":"https:\/\/anelsrb.com\/prodavnica\/wp-json\/wp\/v2\/product\/2816","targetHints":{"allow":["GET"]}}],"collection":[{"href":"https:\/\/anelsrb.com\/prodavnica\/wp-json\/wp\/v2\/product"}],"about":[{"href":"https:\/\/anelsrb.com\/prodavnica\/wp-json\/wp\/v2\/types\/product"}],"replies":[{"embeddable":true,"href":"https:\/\/anelsrb.com\/prodavnica\/wp-json\/wp\/v2\/comments?post=2816"}],"wp:featuredmedia":[{"embeddable":true,"href":"https:\/\/anelsrb.com\/prodavnica\/wp-json\/wp\/v2\/media\/2818"}],"wp:attachment":[{"href":"https:\/\/anelsrb.com\/prodavnica\/wp-json\/wp\/v2\/media?parent=2816"}],"wp:term":[{"taxonomy":"product_brand","embeddable":true,"href":"https:\/\/anelsrb.com\/prodavnica\/wp-json\/wp\/v2\/product_brand?post=2816"},{"taxonomy":"product_cat","embeddable":true,"href":"https:\/\/anelsrb.com\/prodavnica\/wp-json\/wp\/v2\/product_cat?post=2816"},{"taxonomy":"product_tag","embeddable":true,"href":"https:\/\/anelsrb.com\/prodavnica\/wp-json\/wp\/v2\/product_tag?post=2816"}],"curies":[{"name":"wp","href":"https:\/\/api.w.org\/{rel}","templated":true}]}}