{"id":2843,"date":"2024-04-17T11:04:26","date_gmt":"2024-04-17T09:04:26","guid":{"rendered":"https:\/\/anelsrb.com\/prodavnica\/?post_type=product&#038;p=2843"},"modified":"2026-04-21T20:23:09","modified_gmt":"2026-04-21T18:23:09","slug":"kompletna-anel-kosnica-podnjaca-dva-tela-kopce-ramovi-i-i-krov-sa-4-ventilacije","status":"publish","type":"product","link":"https:\/\/anelsrb.com\/prodavnica\/product\/kompletna-anel-kosnica-podnjaca-dva-tela-kopce-ramovi-i-i-krov-sa-4-ventilacije\/","title":{"rendered":"ANEL Kompletna ko\u0161nica-podnja\u010da, dva tela, kop\u010de, ramovi i krov sa 4 ventilacije"},"content":{"rendered":"<p>ANEL KO\u0160NICA OD PLASTIKE SA POLIURETANSKOM IZOLACIJOM I UGRA\u0110ENIM IDENTIFIKATOROM<br \/>\n-Veoma dug \u017eivotni vek preko 10 godina.<br \/>\n-Nije potrebno odr\u017eavanje.<br \/>\n-Velika izdr\u017eljivost na pritisak i te\u017einu (&gt;500 kg).<br \/>\n-Izuzetno lagana, uprkos odli\u010dnoj izdr\u017eljivosti.<br \/>\n-Ne deformi\u0161e se, ne raspada se, ne puca, ne zadr\u017eava vodu i ne mogu ih o\u0161tetiti hemikalije (kausti\u010dna soda, oksalna kiselina, mravlja kiselina, hlor\u2026).<br \/>\n-Sadr\u017ei sna\u017enu izolaciju od poliuretana (PU).<br \/>\n-Svi delovi su standardni (LR) i mogu se kombinovati sa drvenim ko\u0161nicama.<br \/>\n-Napravljena od 100% novih plasti\u010dnih materijala (bez recikla\u017ee) pogodnih za pakovanje prehrambenih namirnica.<br \/>\n-Dostupna u beloj, \u017eutoj, zelenoj, plavoj i sivoj, roze boji.<\/p>\n<p>&nbsp;<\/p>\n<p>Komplet ANEL ko\u0161nica: Ventilaciona podnja\u010da, dva tela, kop\u010de, 20 plasti\u010dnih ramova i poklopac sa 4 ventilaciona otvora i integrisanim Anel indentifikatorom.<\/p>\n<p>&nbsp;<\/p>\n","protected":false},"excerpt":{"rendered":"<p>ANEL KO\u0160NICA OD PLASTIKE SA POLIURETANSKOM IZOLACIJOM I UGRA\u0110ENIM IDENTIFIKATOROM<br \/>\n-Veoma dug \u017eivotni vek preko 10 godina.<br \/>\n-Nije potrebno odr\u017eavanje.<br \/>\n-Velika izdr\u017eljivost na pritisak i te\u017einu (&gt;500 kg).<br \/>\n-Izuzetno lagana, uprkos odli\u010dnoj izdr\u017eljivosti.<br \/>\n-Ne deformi\u0161e se, ne raspada se, ne puca, ne zadr\u017eava vodu i ne mogu ih o\u0161tetiti hemikalije (kausti\u010dna soda, oksalna kiselina, mravlja kiselina, hlor\u2026).<br \/>\n-Sadr\u017ei sna\u017enu izolaciju od poliuretana (PU).<br \/>\n-Svi delovi su standardni (LR) i mogu se kombinovati sa drvenim ko\u0161nicama.<br \/>\n-Napravljena od 100% novih plasti\u010dnih materijala (bez recikla\u017ee) pogodnih za pakovanje prehrambenih namirnica.<br \/>\n-Dostupna u beloj, \u017eutoj, zelenoj, plavoj i sivoj, roze boji.<\/p>\n","protected":false},"featured_media":2824,"comment_status":"open","ping_status":"closed","template":"","meta":{"site-sidebar-layout":"default","site-content-layout":"","ast-site-content-layout":"default","site-content-style":"default","site-sidebar-style":"default","ast-global-header-display":"","ast-banner-title-visibility":"","ast-main-header-display":"","ast-hfb-above-header-display":"","ast-hfb-below-header-display":"","ast-hfb-mobile-header-display":"","site-post-title":"","ast-breadcrumbs-content":"","ast-featured-img":"","footer-sml-layout":"","ast-disable-related-posts":"","theme-transparent-header-meta":"default","adv-header-id-meta":"","stick-header-meta":"default","header-above-stick-meta":"","header-main-stick-meta":"","header-below-stick-meta":"","astra-migrate-meta-layouts":"set","ast-page-background-enabled":"default","ast-page-background-meta":{"desktop":{"background-color":"var(--ast-global-color-4)","background-image":"","background-repeat":"repeat","background-position":"center center","background-size":"auto","background-attachment":"scroll","background-type":"","background-media":"","overlay-type":"","overlay-color":"","overlay-opacity":"","overlay-gradient":""},"tablet":{"background-color":"","background-image":"","background-repeat":"repeat","background-position":"center center","background-size":"auto","background-attachment":"scroll","background-type":"","background-media":"","overlay-type":"","overlay-color":"","overlay-opacity":"","overlay-gradient":""},"mobile":{"background-color":"","background-image":"","background-repeat":"repeat","background-position":"center center","background-size":"auto","background-attachment":"scroll","background-type":"","background-media":"","overlay-type":"","overlay-color":"","overlay-opacity":"","overlay-gradient":""}},"ast-content-background-meta":{"desktop":{"background-color":"var(--ast-global-color-5)","background-image":"","background-repeat":"repeat","background-position":"center center","background-size":"auto","background-attachment":"scroll","background-type":"","background-media":"","overlay-type":"","overlay-color":"","overlay-opacity":"","overlay-gradient":""},"tablet":{"background-color":"var(--ast-global-color-5)","background-image":"","background-repeat":"repeat","background-position":"center center","background-size":"auto","background-attachment":"scroll","background-type":"","background-media":"","overlay-type":"","overlay-color":"","overlay-opacity":"","overlay-gradient":""},"mobile":{"background-color":"var(--ast-global-color-5)","background-image":"","background-repeat":"repeat","background-position":"center center","background-size":"auto","background-attachment":"scroll","background-type":"","background-media":"","overlay-type":"","overlay-color":"","overlay-opacity":"","overlay-gradient":""}}},"product_brand":[],"product_cat":[43],"product_tag":[],"class_list":{"0":"post-2843","1":"product","2":"type-product","3":"status-publish","4":"has-post-thumbnail","6":"product_cat-anel-plasticne-kosnice-set","7":"desktop-align-center","8":"tablet-align-left","9":"mobile-align-left","11":"first","12":"outofstock","13":"shipping-taxable","14":"purchasable","15":"product-type-simple","16":"add-to-wishlist-after_add_to_cart"},"_links":{"self":[{"href":"https:\/\/anelsrb.com\/prodavnica\/wp-json\/wp\/v2\/product\/2843","targetHints":{"allow":["GET"]}}],"collection":[{"href":"https:\/\/anelsrb.com\/prodavnica\/wp-json\/wp\/v2\/product"}],"about":[{"href":"https:\/\/anelsrb.com\/prodavnica\/wp-json\/wp\/v2\/types\/product"}],"replies":[{"embeddable":true,"href":"https:\/\/anelsrb.com\/prodavnica\/wp-json\/wp\/v2\/comments?post=2843"}],"wp:featuredmedia":[{"embeddable":true,"href":"https:\/\/anelsrb.com\/prodavnica\/wp-json\/wp\/v2\/media\/2824"}],"wp:attachment":[{"href":"https:\/\/anelsrb.com\/prodavnica\/wp-json\/wp\/v2\/media?parent=2843"}],"wp:term":[{"taxonomy":"product_brand","embeddable":true,"href":"https:\/\/anelsrb.com\/prodavnica\/wp-json\/wp\/v2\/product_brand?post=2843"},{"taxonomy":"product_cat","embeddable":true,"href":"https:\/\/anelsrb.com\/prodavnica\/wp-json\/wp\/v2\/product_cat?post=2843"},{"taxonomy":"product_tag","embeddable":true,"href":"https:\/\/anelsrb.com\/prodavnica\/wp-json\/wp\/v2\/product_tag?post=2843"}],"curies":[{"name":"wp","href":"https:\/\/api.w.org\/{rel}","templated":true}]}}