{"id":3035,"date":"2024-07-22T13:00:46","date_gmt":"2024-07-22T11:00:46","guid":{"rendered":"https:\/\/anelsrb.com\/prodavnica\/?post_type=product&#038;p=3035"},"modified":"2024-08-05T11:41:13","modified_gmt":"2024-08-05T09:41:13","slug":"bee-amino-vit-forte","status":"publish","type":"product","link":"https:\/\/anelsrb.com\/prodavnica\/product\/bee-amino-vit-forte\/","title":{"rendered":"Bee amino-VIT forte"},"content":{"rendered":"<p>Preparat Bee Amino Vit forte je naro\u010dito va\u017ean kod prihrane zajednica (stimulativna prihrana, prihrana u cilju dopune zimskih zaliha hrane&#8230;) u bespa\u0161nom periodu i periodima kada je smanjen ili izostaje unos polena kao i kod prihranenovoformiranih rojeva. Uloga polena u ishrani p\u010dela je nezamenljiva, polen u sebi sadr\u017eineophodne aminokiseline, proteine i minerale koji su nezamenljivi kod razvoja p\u010dela, naro\u010dito mladih p\u010dela radilica. Preparat Bee Amino Vit forte u sebi sadr\u017ei idealno izbalansiranu kombinaciju aminokiselina-proteina i minerala.<\/p>\n<p>Redovna primena preparata Bee amino vit forte kod eksperimentalnih p\u010delinjih zajednica (razli\u010dite snage) pokazala je da su se zajednice nakon uspe\u0161nog izimljavanja, uspe\u0161no razvile i u pa\u0161i donele do 20% vi\u0161e meda Bee amino vit forte se dodaje u koncentraciji 1ml na 1 litar so\u0107emog sirupa (35-40C) pripremljenog u odnosu 1.1, 1:2 ili 2:1 (u zavisnosti od perioda prihrane) ili 4ml preparata na 1kg \u0161e\u0107emo mednog testa Preparat se mo\u017ee koristiti i kroz vodu (pojilicu na p\u010delinjaku) u koncentraciji 4ml na 1 litar vode<\/p>\n<p>Preparat se mo\u017ee koristiti u toku cele godine u preporu\u010denoj koncentraciji, ne ostavlja \u0161tetne rezidue i ne stvara rezistenciju<\/p>\n<p>Ne preporu\u010duje se pove\u0107ana koncentracija (predoziranje)<\/p>\n<div class=\"t4s-table-res-df\">\n<table width=\"100%\">\n<tbody>\n<tr>\n<td width=\"245\" height=\"20\">Composition in 1000 ml<\/td>\n<td width=\"328\"><\/td>\n<\/tr>\n<tr>\n<td height=\"20\">Vitamin A 25.000.000 I.U.<\/td>\n<td>Cu chelated 300 mg<\/td>\n<\/tr>\n<tr>\n<td height=\"20\">Vitamin D3 5.000.000 I.U.<\/td>\n<td>Alanine 1440 mg<\/td>\n<\/tr>\n<tr>\n<td height=\"20\">Vitamin E 30.000 mg<\/td>\n<td>Arginine 1800 mg<\/td>\n<\/tr>\n<tr>\n<td height=\"20\">Vitamin B1 1500 mg<\/td>\n<td>Aspartic acid 3780 mg<\/td>\n<\/tr>\n<tr>\n<td height=\"20\">Vitamin B2 4500 mg<\/td>\n<td>Cisterne 60 mg<\/td>\n<\/tr>\n<tr>\n<td height=\"20\">Vitamin B6 2500 mg<\/td>\n<td>Glutamic acid 2940 mg<\/td>\n<\/tr>\n<tr>\n<td height=\"20\">Glycine 4200 mg<\/td>\n<td>Glycine 4200mg<\/td>\n<\/tr>\n<tr>\n<td height=\"20\">Vitamin B12 10 mg<\/td>\n<td>Histiedin 720 mg<\/td>\n<\/tr>\n<tr>\n<td height=\"20\">Vitamin C 30000 mg<\/td>\n<td>Iso-Leucine 900 mg<\/td>\n<\/tr>\n<tr>\n<td height=\"20\">Vitamin K3 4500 mg<\/td>\n<td>Leucine 1980 mg<\/td>\n<\/tr>\n<tr>\n<td height=\"20\">B-panthenol 9000 mg<\/td>\n<td>Lysine 8260 mg<\/td>\n<\/tr>\n<tr>\n<td height=\"20\">Nicotinamide 22000 mg<\/td>\n<td>Methionine 6360 mg<\/td>\n<\/tr>\n<tr>\n<td height=\"20\">Biotin 37 mg<\/td>\n<td>Phenylalanine 1260 mg<\/td>\n<\/tr>\n<tr>\n<td height=\"20\">Folic acid 250 mg<\/td>\n<td>Proline 1620 mg<\/td>\n<\/tr>\n<tr>\n<td height=\"20\">Cholin 20000 mg<\/td>\n<td>Serine 1440 mg<\/td>\n<\/tr>\n<tr>\n<td height=\"20\">Ca chelated 20000 mg<\/td>\n<td>Threonine 900 mg<\/td>\n<\/tr>\n<tr>\n<td height=\"20\">Mn chelated 1273 mg<\/td>\n<td>Tryptophane 80 mg<\/td>\n<\/tr>\n<tr>\n<td height=\"20\">Zn chelated 2450 mg<\/td>\n<td>Tirosine 720 mg<\/td>\n<\/tr>\n<tr>\n<td height=\"20\">Fe chelated 1600 mg<\/td>\n<td>Valine 900 mg<\/td>\n<\/tr>\n<\/tbody>\n<\/table>\n<\/div>\n","protected":false},"excerpt":{"rendered":"<p>AMINOKISELINE I VITAMINI ZA P\u010cELE<\/p>\n<p>Bee amino Vit forte je idealno izbalansirana vitaminska, mineralna, aminokiselinska predsme\u0161a koja spre\u010dava razvoj infekcija, virusnih i gljivi\u010dnih oboljenja p\u010dela, doprinosi normalnom funkcionisanju digestivnog trakta, ja\u010da imuni sistem p\u010dela dok maticu podsti\u010de na intezivno zaleganje.<\/p>\n<p>Redovnom upotrebom preparata Bee Amino Vit forte spre\u010dava se razvoj infekcije Nosema Ceranae i Nosema Apis, reguli\u0161e mikrofloru srednjeg creva p\u010dele, tako\u0111e podi\u017ee imuni sistem p\u010dela \u0161to direktno uti\u010de na op\u0161te stanje zajednice, buran prole\u0107ni razvoj, produktivnost p\u010dela, kao i uspe\u0161no prezimljavanje zajednica.<\/p>\n","protected":false},"featured_media":3036,"comment_status":"open","ping_status":"closed","template":"","meta":{"site-sidebar-layout":"default","site-content-layout":"","ast-site-content-layout":"default","site-content-style":"default","site-sidebar-style":"default","ast-global-header-display":"","ast-banner-title-visibility":"","ast-main-header-display":"","ast-hfb-above-header-display":"","ast-hfb-below-header-display":"","ast-hfb-mobile-header-display":"","site-post-title":"","ast-breadcrumbs-content":"","ast-featured-img":"","footer-sml-layout":"","ast-disable-related-posts":"","theme-transparent-header-meta":"default","adv-header-id-meta":"","stick-header-meta":"","header-above-stick-meta":"","header-main-stick-meta":"","header-below-stick-meta":"","astra-migrate-meta-layouts":"set","ast-page-background-enabled":"default","ast-page-background-meta":{"desktop":{"background-color":"var(--ast-global-color-4)","background-image":"","background-repeat":"repeat","background-position":"center center","background-size":"auto","background-attachment":"scroll","background-type":"","background-media":"","overlay-type":"","overlay-color":"","overlay-opacity":"","overlay-gradient":""},"tablet":{"background-color":"","background-image":"","background-repeat":"repeat","background-position":"center center","background-size":"auto","background-attachment":"scroll","background-type":"","background-media":"","overlay-type":"","overlay-color":"","overlay-opacity":"","overlay-gradient":""},"mobile":{"background-color":"","background-image":"","background-repeat":"repeat","background-position":"center center","background-size":"auto","background-attachment":"scroll","background-type":"","background-media":"","overlay-type":"","overlay-color":"","overlay-opacity":"","overlay-gradient":""}},"ast-content-background-meta":{"desktop":{"background-color":"var(--ast-global-color-5)","background-image":"","background-repeat":"repeat","background-position":"center center","background-size":"auto","background-attachment":"scroll","background-type":"","background-media":"","overlay-type":"","overlay-color":"","overlay-opacity":"","overlay-gradient":""},"tablet":{"background-color":"var(--ast-global-color-5)","background-image":"","background-repeat":"repeat","background-position":"center center","background-size":"auto","background-attachment":"scroll","background-type":"","background-media":"","overlay-type":"","overlay-color":"","overlay-opacity":"","overlay-gradient":""},"mobile":{"background-color":"var(--ast-global-color-5)","background-image":"","background-repeat":"repeat","background-position":"center center","background-size":"auto","background-attachment":"scroll","background-type":"","background-media":"","overlay-type":"","overlay-color":"","overlay-opacity":"","overlay-gradient":""}}},"product_brand":[],"product_cat":[85],"product_tag":[],"class_list":{"0":"post-3035","1":"product","2":"type-product","3":"status-publish","4":"has-post-thumbnail","6":"product_cat-sirovine","7":"desktop-align-center","8":"tablet-align-left","9":"mobile-align-left","11":"first","12":"instock","13":"shipping-taxable","14":"purchasable","15":"product-type-variable","16":"add-to-wishlist-after_add_to_cart"},"_links":{"self":[{"href":"https:\/\/anelsrb.com\/prodavnica\/wp-json\/wp\/v2\/product\/3035","targetHints":{"allow":["GET"]}}],"collection":[{"href":"https:\/\/anelsrb.com\/prodavnica\/wp-json\/wp\/v2\/product"}],"about":[{"href":"https:\/\/anelsrb.com\/prodavnica\/wp-json\/wp\/v2\/types\/product"}],"replies":[{"embeddable":true,"href":"https:\/\/anelsrb.com\/prodavnica\/wp-json\/wp\/v2\/comments?post=3035"}],"wp:featuredmedia":[{"embeddable":true,"href":"https:\/\/anelsrb.com\/prodavnica\/wp-json\/wp\/v2\/media\/3036"}],"wp:attachment":[{"href":"https:\/\/anelsrb.com\/prodavnica\/wp-json\/wp\/v2\/media?parent=3035"}],"wp:term":[{"taxonomy":"product_brand","embeddable":true,"href":"https:\/\/anelsrb.com\/prodavnica\/wp-json\/wp\/v2\/product_brand?post=3035"},{"taxonomy":"product_cat","embeddable":true,"href":"https:\/\/anelsrb.com\/prodavnica\/wp-json\/wp\/v2\/product_cat?post=3035"},{"taxonomy":"product_tag","embeddable":true,"href":"https:\/\/anelsrb.com\/prodavnica\/wp-json\/wp\/v2\/product_tag?post=3035"}],"curies":[{"name":"wp","href":"https:\/\/api.w.org\/{rel}","templated":true}]}}