{"id":3136,"date":"2024-10-16T12:22:25","date_gmt":"2024-10-16T10:22:25","guid":{"rendered":"https:\/\/anelsrb.com\/prodavnica\/?post_type=product&#038;p=3136"},"modified":"2026-02-02T09:51:19","modified_gmt":"2026-02-02T08:51:19","slug":"plasticna-satna-osnova-farrar","status":"publish","type":"product","link":"https:\/\/anelsrb.com\/prodavnica\/product\/plasticna-satna-osnova-farrar\/","title":{"rendered":"ANEL Plasti\u010dna satna osnova Farrar"},"content":{"rendered":"<p>Izlivena sa savr\u0161enim \u0161estougaonicima 5,6mm.<\/p>\n<ul>\n<li>Nema potrebe za postavljanjem nitni i \u017eice u okvir.<\/li>\n<li>Samo nabavite odgovarajuc\u0301e drvene okvire koji imaju kanal i u satono\u0161i i u donjoj letvici. U suprotnom, uz vrlo malo truda, konfiguri\u0161ite svoje postojec\u0301e okvire da prihvate plasti\u010dno sac\u0301e.<\/li>\n<li>Ne napada ih vo\u0161tani moljac.<\/li>\n<li>Nisu savitljive, ne\u0107e se olabaviti, niti srozati.<\/li>\n<li>Prilikom vrcanja u centrifugi mo\u017eete koristiti maksimalne brzine bez o\u0161te\u0107enja okvira ili sa\u0107a.<\/li>\n<li>Posebno je koristan za guste medove.<\/li>\n<li>Napravljena od 100% novih plasti\u010dnih materijala (bez recikla\u017ee) pogodnih za pakovanje prehrambenih namirnica<\/li>\n<li>Dimenzije 420&#215;145<\/li>\n<\/ul>\n<p>&nbsp;<\/p>\n","protected":false},"excerpt":{"rendered":"<p>Izlivena sa savr\u0161enim \u0161estougaonicima 5,6mm.<\/p>\n<ul>\n<li>Nema potrebe za postavljanjem nitni i \u017eice u okvir.<\/li>\n<li>Samo nabavite odgovarajuc\u0301e drvene okvire koji imaju kanal i u satono\u0161i i u donjoj letvici. U suprotnom, uz vrlo malo truda, konfiguri\u0161ite svoje postojec\u0301e okvire da prihvate plasti\u010dno sac\u0301e.<\/li>\n<li>Ne napada ih vo\u0161tani moljac.<\/li>\n<li>Nisu savitljive, ne\u0107e se olabaviti, niti srozati.<\/li>\n<li>Prilikom vrcanja u centrifugi mo\u017eete koristiti maksimalne brzine bez o\u0161te\u0107enja okvira ili sa\u0107a.<\/li>\n<li>Posebno je koristan za guste medove.<\/li>\n<li>Napravljena od 100% novih plasti\u010dnih materijala (bez recikla\u017ee) pogodnih za pakovanje prehrambenih namirnica<\/li>\n<\/ul>\n","protected":false},"featured_media":3139,"comment_status":"open","ping_status":"closed","template":"","meta":{"site-sidebar-layout":"default","site-content-layout":"","ast-site-content-layout":"default","site-content-style":"default","site-sidebar-style":"default","ast-global-header-display":"","ast-banner-title-visibility":"","ast-main-header-display":"","ast-hfb-above-header-display":"","ast-hfb-below-header-display":"","ast-hfb-mobile-header-display":"","site-post-title":"","ast-breadcrumbs-content":"","ast-featured-img":"","footer-sml-layout":"","ast-disable-related-posts":"","theme-transparent-header-meta":"default","adv-header-id-meta":"","stick-header-meta":"","header-above-stick-meta":"","header-main-stick-meta":"","header-below-stick-meta":"","astra-migrate-meta-layouts":"set","ast-page-background-enabled":"default","ast-page-background-meta":{"desktop":{"background-color":"var(--ast-global-color-4)","background-image":"","background-repeat":"repeat","background-position":"center center","background-size":"auto","background-attachment":"scroll","background-type":"","background-media":"","overlay-type":"","overlay-color":"","overlay-opacity":"","overlay-gradient":""},"tablet":{"background-color":"","background-image":"","background-repeat":"repeat","background-position":"center center","background-size":"auto","background-attachment":"scroll","background-type":"","background-media":"","overlay-type":"","overlay-color":"","overlay-opacity":"","overlay-gradient":""},"mobile":{"background-color":"","background-image":"","background-repeat":"repeat","background-position":"center center","background-size":"auto","background-attachment":"scroll","background-type":"","background-media":"","overlay-type":"","overlay-color":"","overlay-opacity":"","overlay-gradient":""}},"ast-content-background-meta":{"desktop":{"background-color":"var(--ast-global-color-5)","background-image":"","background-repeat":"repeat","background-position":"center center","background-size":"auto","background-attachment":"scroll","background-type":"","background-media":"","overlay-type":"","overlay-color":"","overlay-opacity":"","overlay-gradient":""},"tablet":{"background-color":"var(--ast-global-color-5)","background-image":"","background-repeat":"repeat","background-position":"center center","background-size":"auto","background-attachment":"scroll","background-type":"","background-media":"","overlay-type":"","overlay-color":"","overlay-opacity":"","overlay-gradient":""},"mobile":{"background-color":"var(--ast-global-color-5)","background-image":"","background-repeat":"repeat","background-position":"center center","background-size":"auto","background-attachment":"scroll","background-type":"","background-media":"","overlay-type":"","overlay-color":"","overlay-opacity":"","overlay-gradient":""}}},"product_brand":[],"product_cat":[47],"product_tag":[],"class_list":{"0":"post-3136","1":"product","2":"type-product","3":"status-publish","4":"has-post-thumbnail","6":"product_cat-anel-plasticni-ramovi-i-satne-osnove-od-plastike","7":"desktop-align-center","8":"tablet-align-left","9":"mobile-align-left","11":"first","12":"instock","13":"sale","14":"shipping-taxable","15":"purchasable","16":"product-type-simple","17":"add-to-wishlist-after_add_to_cart"},"_links":{"self":[{"href":"https:\/\/anelsrb.com\/prodavnica\/wp-json\/wp\/v2\/product\/3136","targetHints":{"allow":["GET"]}}],"collection":[{"href":"https:\/\/anelsrb.com\/prodavnica\/wp-json\/wp\/v2\/product"}],"about":[{"href":"https:\/\/anelsrb.com\/prodavnica\/wp-json\/wp\/v2\/types\/product"}],"replies":[{"embeddable":true,"href":"https:\/\/anelsrb.com\/prodavnica\/wp-json\/wp\/v2\/comments?post=3136"}],"wp:featuredmedia":[{"embeddable":true,"href":"https:\/\/anelsrb.com\/prodavnica\/wp-json\/wp\/v2\/media\/3139"}],"wp:attachment":[{"href":"https:\/\/anelsrb.com\/prodavnica\/wp-json\/wp\/v2\/media?parent=3136"}],"wp:term":[{"taxonomy":"product_brand","embeddable":true,"href":"https:\/\/anelsrb.com\/prodavnica\/wp-json\/wp\/v2\/product_brand?post=3136"},{"taxonomy":"product_cat","embeddable":true,"href":"https:\/\/anelsrb.com\/prodavnica\/wp-json\/wp\/v2\/product_cat?post=3136"},{"taxonomy":"product_tag","embeddable":true,"href":"https:\/\/anelsrb.com\/prodavnica\/wp-json\/wp\/v2\/product_tag?post=3136"}],"curies":[{"name":"wp","href":"https:\/\/api.w.org\/{rel}","templated":true}]}}