{"id":3215,"date":"2024-12-10T13:51:22","date_gmt":"2024-12-10T12:51:22","guid":{"rendered":"https:\/\/anelsrb.com\/prodavnica\/?post_type=product&#038;p=3215"},"modified":"2025-11-05T13:52:14","modified_gmt":"2025-11-05T12:52:14","slug":"ram-izolator-bezramni-lrdb-plasticni","status":"publish","type":"product","link":"https:\/\/anelsrb.com\/prodavnica\/product\/ram-izolator-bezramni-lrdb-plasticni\/","title":{"rendered":"Ram izolator, bezramni LRDB, plasti\u010dni"},"content":{"rendered":"<p>Dimenzije:<br \/>\nLR: du\u017eina 480mm, \u0161irina 12mm, visina 23mm<\/p>\n<p>DB: du\u017eina 470mm, \u0161irina 12mm, visina 23mm<br \/>\nTe\u017eina:0,520 kg<br \/>\nMaterijal: polistiren PS<br \/>\nPakovanje: 13 kom<\/p>\n","protected":false},"excerpt":{"rendered":"<p>Bezramni izolator matice ili ram blokator matice predstavlja alat za blokadu matice u zimskom periodu. Postupak blokade matice pomo\u0107u ovog izolatora je slede\u0107i: po\u010detkom septembra meseca se matica zatvori unutar ovog izolatora i u njemu ostaje 6 meseci, odnosno do po\u010detka marta meseca. Zatvaraju\u0107i je u izolator, spre\u010davamo je da zale\u017ee zimsko leglo, a sve p\u010dele se sklupljaju u klube oko ram izolatora, u kome se nalazi matica. Na taj na\u010din, zimske p\u010dele se ne tro\u0161e oko novog legla, koje bi nastalo da je matica na slobodi, odnosno da nije u izolatoru. Mlade p\u010dele, koje se izlegu nakon blokade matice, dakle, koje je ona zalegla neposredno pre zatvaranja u blokator, tretiraju se oksalnom kiselinom, da bi se o\u010distile od varoe. Varoa, s druge strane, nakon 6 meseci, koliko je matica zatvorena u izolatoru, postaje sterilna, te time i bezopasna u martu, kada osloba\u0111amo maticu iz izolatore. Tako\u0111e, mlada zimska p\u010dela \u017eivi mnogo du\u017ee, nego da je istro\u0161ena hranjenjem zimskog legla. Matica, oslobo\u0111ena u martu, vrlo brzo nadoknadi leglo uz pomo\u0107 mlade, neistro\u0161ene p\u010dele i dru\u0161tvo funkcioni\u0161e o\u010di\u0161\u0107eno od varoe. Uslov za kori\u0161\u0107enje ovog izolatora je pre svega zdravo dru\u0161tvo, pro\u010di\u0161\u0107eno od varoe.<\/p>\n","protected":false},"featured_media":3216,"comment_status":"open","ping_status":"closed","template":"","meta":{"site-sidebar-layout":"default","site-content-layout":"","ast-site-content-layout":"default","site-content-style":"default","site-sidebar-style":"default","ast-global-header-display":"","ast-banner-title-visibility":"","ast-main-header-display":"","ast-hfb-above-header-display":"","ast-hfb-below-header-display":"","ast-hfb-mobile-header-display":"","site-post-title":"","ast-breadcrumbs-content":"","ast-featured-img":"","footer-sml-layout":"","ast-disable-related-posts":"","theme-transparent-header-meta":"default","adv-header-id-meta":"","stick-header-meta":"","header-above-stick-meta":"","header-main-stick-meta":"","header-below-stick-meta":"","astra-migrate-meta-layouts":"set","ast-page-background-enabled":"default","ast-page-background-meta":{"desktop":{"background-color":"var(--ast-global-color-4)","background-image":"","background-repeat":"repeat","background-position":"center center","background-size":"auto","background-attachment":"scroll","background-type":"","background-media":"","overlay-type":"","overlay-color":"","overlay-opacity":"","overlay-gradient":""},"tablet":{"background-color":"","background-image":"","background-repeat":"repeat","background-position":"center center","background-size":"auto","background-attachment":"scroll","background-type":"","background-media":"","overlay-type":"","overlay-color":"","overlay-opacity":"","overlay-gradient":""},"mobile":{"background-color":"","background-image":"","background-repeat":"repeat","background-position":"center center","background-size":"auto","background-attachment":"scroll","background-type":"","background-media":"","overlay-type":"","overlay-color":"","overlay-opacity":"","overlay-gradient":""}},"ast-content-background-meta":{"desktop":{"background-color":"var(--ast-global-color-5)","background-image":"","background-repeat":"repeat","background-position":"center center","background-size":"auto","background-attachment":"scroll","background-type":"","background-media":"","overlay-type":"","overlay-color":"","overlay-opacity":"","overlay-gradient":""},"tablet":{"background-color":"var(--ast-global-color-5)","background-image":"","background-repeat":"repeat","background-position":"center center","background-size":"auto","background-attachment":"scroll","background-type":"","background-media":"","overlay-type":"","overlay-color":"","overlay-opacity":"","overlay-gradient":""},"mobile":{"background-color":"var(--ast-global-color-5)","background-image":"","background-repeat":"repeat","background-position":"center center","background-size":"auto","background-attachment":"scroll","background-type":"","background-media":"","overlay-type":"","overlay-color":"","overlay-opacity":"","overlay-gradient":""}}},"product_brand":[],"product_cat":[66,65],"product_tag":[],"class_list":{"0":"post-3215","1":"product","2":"type-product","3":"status-publish","4":"has-post-thumbnail","6":"product_cat-proizvodnja-matica-i-maticne-mleci","7":"product_cat-za-i-oko-pcele","8":"desktop-align-center","9":"tablet-align-left","10":"mobile-align-left","12":"first","13":"instock","14":"shipping-taxable","15":"purchasable","16":"product-type-variable","17":"add-to-wishlist-after_add_to_cart"},"_links":{"self":[{"href":"https:\/\/anelsrb.com\/prodavnica\/wp-json\/wp\/v2\/product\/3215","targetHints":{"allow":["GET"]}}],"collection":[{"href":"https:\/\/anelsrb.com\/prodavnica\/wp-json\/wp\/v2\/product"}],"about":[{"href":"https:\/\/anelsrb.com\/prodavnica\/wp-json\/wp\/v2\/types\/product"}],"replies":[{"embeddable":true,"href":"https:\/\/anelsrb.com\/prodavnica\/wp-json\/wp\/v2\/comments?post=3215"}],"wp:featuredmedia":[{"embeddable":true,"href":"https:\/\/anelsrb.com\/prodavnica\/wp-json\/wp\/v2\/media\/3216"}],"wp:attachment":[{"href":"https:\/\/anelsrb.com\/prodavnica\/wp-json\/wp\/v2\/media?parent=3215"}],"wp:term":[{"taxonomy":"product_brand","embeddable":true,"href":"https:\/\/anelsrb.com\/prodavnica\/wp-json\/wp\/v2\/product_brand?post=3215"},{"taxonomy":"product_cat","embeddable":true,"href":"https:\/\/anelsrb.com\/prodavnica\/wp-json\/wp\/v2\/product_cat?post=3215"},{"taxonomy":"product_tag","embeddable":true,"href":"https:\/\/anelsrb.com\/prodavnica\/wp-json\/wp\/v2\/product_tag?post=3215"}],"curies":[{"name":"wp","href":"https:\/\/api.w.org\/{rel}","templated":true}]}}