{"id":3218,"date":"2024-12-10T13:56:57","date_gmt":"2024-12-10T12:56:57","guid":{"rendered":"https:\/\/anelsrb.com\/prodavnica\/?post_type=product&#038;p=3218"},"modified":"2024-12-10T13:59:49","modified_gmt":"2024-12-10T12:59:49","slug":"blokator-za-maticu-cetvrtasti","status":"publish","type":"product","link":"https:\/\/anelsrb.com\/prodavnica\/product\/blokator-za-maticu-cetvrtasti\/","title":{"rendered":"Blokator za maticu, \u010detvrtasti"},"content":{"rendered":"<p>Kavez za blokiranje i izolaciju matice je koristan alat za hvatanje i blokiranje matice kako bi ona bila obezbedjena tokom pregleda ko\u0161nice i rada sa istom. Takodje, kavez za blokiranje mo\u017ee biti izuzetno koristan alat tokom podele dru\u0161tva i odvajanja p\u010dela radilica.<br \/>\nNeke od korisnih svojstava kaveza za blokiranje matice se ogledaju u slede\u0107em:<br \/>\n1) Dru\u0161tvo je u\u0161lo u rojevi nagon, p\u010delaru trebaju zreli mati\u010dnjaci, znamo da \u010dim zatvore mati\u010dnjake p\u010dele \u0107e iza\u0107i sa starom maticom roji\u0107e se, ako istu blokiramo na dva tri dana, tada ne mo\u017ee da iza\u0111e roj, sa\u010dekamo da mati\u010dnjaci budu svi zatvoreni iste povadimo, zatim oslobodimo maticu koja ne\u0107e napustiti ko\u0161nicu jer nema mati\u010dnjaka.<br \/>\n2) \u017delimo da dodamo sparenu maticu istu oslobodimo iz kaveza i postavimo na ram na koji ima meda legla i praznih \u0107elija blokiramo je blokatorom matica dok ne bude oslobo\u0111ena polaga\u0107e jaja\u0161ca u prazne \u0107elije.<br \/>\n3) Prijem matica preko blokatora je daleko uspe\u0161niji jer je ve\u0107a otvorena povr\u0161ina za \u0161irenje feromona matice.<br \/>\n4) Blokiranje matice mo\u017eemo uraditi na kra\u0107i vremenski period.<br \/>\n5) Kod preno\u0161enja ramova mo\u017eemo uraditi blokadu da ne do\u0111e do odletanja ili povre\u0111ivanja matice.<br \/>\nKavez za blokiranje i izolaciju matice ima slede\u0107e karakteristike:<br \/>\nSastav proizvoda: Plastika<br \/>\nBoja: Narand\u017easta<br \/>\nDimenzije blokatora: 135x95mm<\/p>\n","protected":false},"excerpt":{"rendered":"<p>Kavez za blokiranje i izolaciju matice PVC, koristi se za blokiranje matice na ramu. Kompletno je izradjen od plastike.<br \/>\nDimenizje blokatora je 135 x 95mm, visina 22mm.<\/p>\n","protected":false},"featured_media":3219,"comment_status":"open","ping_status":"closed","template":"","meta":{"site-sidebar-layout":"default","site-content-layout":"","ast-site-content-layout":"default","site-content-style":"default","site-sidebar-style":"default","ast-global-header-display":"","ast-banner-title-visibility":"","ast-main-header-display":"","ast-hfb-above-header-display":"","ast-hfb-below-header-display":"","ast-hfb-mobile-header-display":"","site-post-title":"","ast-breadcrumbs-content":"","ast-featured-img":"","footer-sml-layout":"","ast-disable-related-posts":"","theme-transparent-header-meta":"default","adv-header-id-meta":"","stick-header-meta":"","header-above-stick-meta":"","header-main-stick-meta":"","header-below-stick-meta":"","astra-migrate-meta-layouts":"set","ast-page-background-enabled":"default","ast-page-background-meta":{"desktop":{"background-color":"var(--ast-global-color-4)","background-image":"","background-repeat":"repeat","background-position":"center center","background-size":"auto","background-attachment":"scroll","background-type":"","background-media":"","overlay-type":"","overlay-color":"","overlay-opacity":"","overlay-gradient":""},"tablet":{"background-color":"","background-image":"","background-repeat":"repeat","background-position":"center center","background-size":"auto","background-attachment":"scroll","background-type":"","background-media":"","overlay-type":"","overlay-color":"","overlay-opacity":"","overlay-gradient":""},"mobile":{"background-color":"","background-image":"","background-repeat":"repeat","background-position":"center center","background-size":"auto","background-attachment":"scroll","background-type":"","background-media":"","overlay-type":"","overlay-color":"","overlay-opacity":"","overlay-gradient":""}},"ast-content-background-meta":{"desktop":{"background-color":"var(--ast-global-color-5)","background-image":"","background-repeat":"repeat","background-position":"center center","background-size":"auto","background-attachment":"scroll","background-type":"","background-media":"","overlay-type":"","overlay-color":"","overlay-opacity":"","overlay-gradient":""},"tablet":{"background-color":"var(--ast-global-color-5)","background-image":"","background-repeat":"repeat","background-position":"center center","background-size":"auto","background-attachment":"scroll","background-type":"","background-media":"","overlay-type":"","overlay-color":"","overlay-opacity":"","overlay-gradient":""},"mobile":{"background-color":"var(--ast-global-color-5)","background-image":"","background-repeat":"repeat","background-position":"center center","background-size":"auto","background-attachment":"scroll","background-type":"","background-media":"","overlay-type":"","overlay-color":"","overlay-opacity":"","overlay-gradient":""}}},"product_brand":[],"product_cat":[74,19],"product_tag":[],"class_list":{"0":"post-3218","1":"product","2":"type-product","3":"status-publish","4":"has-post-thumbnail","6":"product_cat-rojevi-matice","7":"product_cat-za-pcelinjak","8":"desktop-align-center","9":"tablet-align-left","10":"mobile-align-left","12":"first","13":"instock","14":"shipping-taxable","15":"purchasable","16":"product-type-simple","17":"add-to-wishlist-after_add_to_cart"},"_links":{"self":[{"href":"https:\/\/anelsrb.com\/prodavnica\/wp-json\/wp\/v2\/product\/3218","targetHints":{"allow":["GET"]}}],"collection":[{"href":"https:\/\/anelsrb.com\/prodavnica\/wp-json\/wp\/v2\/product"}],"about":[{"href":"https:\/\/anelsrb.com\/prodavnica\/wp-json\/wp\/v2\/types\/product"}],"replies":[{"embeddable":true,"href":"https:\/\/anelsrb.com\/prodavnica\/wp-json\/wp\/v2\/comments?post=3218"}],"wp:featuredmedia":[{"embeddable":true,"href":"https:\/\/anelsrb.com\/prodavnica\/wp-json\/wp\/v2\/media\/3219"}],"wp:attachment":[{"href":"https:\/\/anelsrb.com\/prodavnica\/wp-json\/wp\/v2\/media?parent=3218"}],"wp:term":[{"taxonomy":"product_brand","embeddable":true,"href":"https:\/\/anelsrb.com\/prodavnica\/wp-json\/wp\/v2\/product_brand?post=3218"},{"taxonomy":"product_cat","embeddable":true,"href":"https:\/\/anelsrb.com\/prodavnica\/wp-json\/wp\/v2\/product_cat?post=3218"},{"taxonomy":"product_tag","embeddable":true,"href":"https:\/\/anelsrb.com\/prodavnica\/wp-json\/wp\/v2\/product_tag?post=3218"}],"curies":[{"name":"wp","href":"https:\/\/api.w.org\/{rel}","templated":true}]}}