{"id":3233,"date":"2024-12-11T12:53:46","date_gmt":"2024-12-11T11:53:46","guid":{"rendered":"https:\/\/anelsrb.com\/prodavnica\/?post_type=product&#038;p=3233"},"modified":"2025-11-10T13:58:16","modified_gmt":"2025-11-10T12:58:16","slug":"professional-akumulatorska-heftalica-fixetto-18-38-s","status":"publish","type":"product","link":"https:\/\/anelsrb.com\/prodavnica\/product\/professional-akumulatorska-heftalica-fixetto-18-38-s\/","title":{"rendered":"EINHELL PROFESSIONAL Akumulatorska heftalica FIXETTO 18\/38 S"},"content":{"rendered":"<p>Einhell akumulatorski pi\u0161tolj za spajalice FIXETTO 18\/50 S je moc\u0301an pomoc\u0301nik u renoviranju i u sopstvena \u010detiri zida. Umesto da \u010dekic\u0301em zakucavate svaku spajalicu pojedina\u010dno, akumulatorski zabija\u010d mo\u017ee jednostavno da se koristi i nudi izbor izme\u0111u pojedina\u010dnih i serijskih udaraca. Kao \u010dlan porodice Power X-Change, FIXETTO 18\/50 S mo\u017ee se kombinovati sa svim baterijama i punja\u010dima u porodici sistema. Robusni menja\u010d i tehnologija PressAir koja ne zahteva odr\u017eavanje omoguc\u0301avaju do 60 udaraca u minuti, dok pode\u0161avanje dubine obezbe\u0111uje promenljivu i ta\u010dnu dubinu umetanja spajalica. Veliki magazin je opremljen indikatorom nivoa i ima maksimalni kapacitet od 100 spajalica. Mo\u017ee se lako otvoriti i dopuniti pritiskom na dugme. Ekseri zaglavljeni u kanalu mogu se ukloniti bez alata. Akumulatorski zabija\u010d mo\u017ee da se koristi sa ekserima du\u017eine 10\u201338 mm i \u0161irine 5,7 mm. Tanak dizajn sa gumiranim bo\u010dnim povr\u0161inama i ergonomski mekani rukohvat osiguravaju udobno rukovanje. LED osvetljenje integrisano sa obe strane kuc\u0301i\u0161ta obezbe\u0111uje optimalno osvetljenje radnog prostora. Isporuka uklju\u010duje prakti\u010dnu kop\u010du za kai\u0161 za sigurno skladi\u0161tenje i 500 spajalica. Sigurnosni nos spre\u010dava slu\u010dajno aktiviranje pi\u0161tolja za eksere i na taj na\u010din \u0161titi od povreda. Akumulatorski zabija\u010d se isporu\u010duje bez baterije ili punja\u010da, ali su dostupni odvojeno, na primer kao prakti\u010dan po\u010detni set.<\/p>\n<p><strong>Ocekivano vreme isporuke je 5 -7 radnih dana<\/strong><\/p>\n<div id=\"technical-details\" class=\"section-row -padded-wide--mod-top-only\" data-anchornav=\"Tehni\u010dke specifikacije\">\n<div class=\"col-wrapper -max-width-limited -decrease-width\">\n<div class=\"col\">\n<div class=\"content-item module-headline-paragraph headline paragraph -color-headline-black\">\n<h2 class=\"heading delta\">Tehni\u010dke specifikacije<\/h2>\n<\/div>\n<div class=\"content-item module-table -styling-beta\">\n<table class=\"table__table\">\n<tbody>\n<tr class=\"-show tr-odd\">\n<td><span class=\"bold\">Udara u minuti<\/span><\/td>\n<td>60<\/td>\n<\/tr>\n<tr class=\"-show tr-even\">\n<td><span class=\"bold\">Tip klamarica<\/span><\/td>\n<td>53<\/td>\n<\/tr>\n<tr class=\"-show tr-odd\">\n<td><span class=\"bold\">Du\u017eina klamarica<\/span><\/td>\n<td>10 mm &#8211; 38 mm<\/td>\n<\/tr>\n<tr class=\"-show tr-even\">\n<td><span class=\"bold\">Du\u017eina klamarica<\/span><\/td>\n<td>5.7 mm<\/td>\n<\/tr>\n<tr class=\"-show tr-odd\">\n<td><span class=\"bold\">Debljina klamarica<\/span><\/td>\n<td>1.25 mm<\/td>\n<\/tr>\n<\/tbody>\n<\/table>\n<\/div>\n<\/div>\n<\/div>\n<\/div>\n<div id=\"video\" class=\"section-row -padded-wide--mod-top-only\" data-anchornav=\"Video\">\n<div class=\"col-wrapper l-1col -max-width-limited\">\n<div class=\"col\">\n<div class=\"content-item module-video -full-size\">\n<div class=\"cards__card\" data-video-id=\"video-0\">\n<div class=\"card__video\"><\/div>\n<\/div>\n<\/div>\n<\/div>\n<\/div>\n<\/div>\n","protected":false},"excerpt":{"rendered":"<div class=\"information__meta\"><span class=\"meta\"><span class=\"bold\">\u0160ifra artikla:\u00a0<\/span><span class=\"data-point-itemno\">4257785<\/span><\/span><span class=\"meta\"><span class=\"bold\">\u00a0EAN:\u00a0<\/span>4006825668483<\/span><\/div>\n<div class=\"information__content -standard-list\">\n<ul>\n<li class=\" meta\">\u010clan porodice Power X-Change, potrebna je 1x 18V baterija<\/li>\n<li class=\" meta\">PressAir tehnologija: bez odr\u017eavanja, bez dodatnih tro\u0161kova i opreme<\/li>\n<li class=\" meta\">Robusni menja\u010d omogu\u0107ava do 60 hitaca u minuti<\/li>\n<li class=\" meta\">Mogu\u0107nost prebacivanja izme\u0111u pojedina\u010dnih i serijskih snimaka<\/li>\n<li class=\" meta\">Robustan dizajn sa ergonomskom ru\u010dkom<\/li>\n<li class=\"-marked meta\">Veliki magacin sa indikatorom nivoa napunjenosti za do 100 spajalica<\/li>\n<li class=\"-marked meta\">Otvaranje magazina pritiskom na dugme<\/li>\n<li class=\"-marked meta\">Pode\u0161avanje dubine bez alata za precizan rad<\/li>\n<li class=\"-marked meta\">Sigurnosni ure\u0111aj za spre\u010davanje nenamernog aktiviranja heftalice<\/li>\n<li class=\"-marked meta\">Dve LED diode za osvetljenje radnog prostora<\/li>\n<li class=\"-marked meta\">Ergonomske mekane povr\u0161ine za dobro prianjanje i udoban rad<\/li>\n<li class=\"-marked meta\">Nema grebanja radnog predmeta zahvaljuju\u0107i gumiranim stranama<\/li>\n<li class=\"-marked meta\">Prakti\u010dna kop\u010da za pojas za dodatnu udobnost korisnika<\/li>\n<li class=\"-marked meta\">Pogodno za spajalice du\u017eine 10 &#8211; 38 mm i \u0161irine 5,7 mm<\/li>\n<li class=\"-marked meta\">Isporuka uklju\u010duje 500 spajalica<\/li>\n<li class=\"-marked meta\">Isporu\u010duje se bez baterije i punja\u010da (prodaje se zasebno)<\/li>\n<\/ul>\n<\/div>\n","protected":false},"featured_media":3241,"comment_status":"open","ping_status":"closed","template":"","meta":{"site-sidebar-layout":"default","site-content-layout":"","ast-site-content-layout":"default","site-content-style":"default","site-sidebar-style":"default","ast-global-header-display":"","ast-banner-title-visibility":"","ast-main-header-display":"","ast-hfb-above-header-display":"","ast-hfb-below-header-display":"","ast-hfb-mobile-header-display":"","site-post-title":"","ast-breadcrumbs-content":"","ast-featured-img":"","footer-sml-layout":"","ast-disable-related-posts":"","theme-transparent-header-meta":"default","adv-header-id-meta":"","stick-header-meta":"","header-above-stick-meta":"","header-main-stick-meta":"","header-below-stick-meta":"","astra-migrate-meta-layouts":"set","ast-page-background-enabled":"default","ast-page-background-meta":{"desktop":{"background-color":"var(--ast-global-color-4)","background-image":"","background-repeat":"repeat","background-position":"center center","background-size":"auto","background-attachment":"scroll","background-type":"","background-media":"","overlay-type":"","overlay-color":"","overlay-opacity":"","overlay-gradient":""},"tablet":{"background-color":"","background-image":"","background-repeat":"repeat","background-position":"center center","background-size":"auto","background-attachment":"scroll","background-type":"","background-media":"","overlay-type":"","overlay-color":"","overlay-opacity":"","overlay-gradient":""},"mobile":{"background-color":"","background-image":"","background-repeat":"repeat","background-position":"center center","background-size":"auto","background-attachment":"scroll","background-type":"","background-media":"","overlay-type":"","overlay-color":"","overlay-opacity":"","overlay-gradient":""}},"ast-content-background-meta":{"desktop":{"background-color":"var(--ast-global-color-5)","background-image":"","background-repeat":"repeat","background-position":"center center","background-size":"auto","background-attachment":"scroll","background-type":"","background-media":"","overlay-type":"","overlay-color":"","overlay-opacity":"","overlay-gradient":""},"tablet":{"background-color":"var(--ast-global-color-5)","background-image":"","background-repeat":"repeat","background-position":"center center","background-size":"auto","background-attachment":"scroll","background-type":"","background-media":"","overlay-type":"","overlay-color":"","overlay-opacity":"","overlay-gradient":""},"mobile":{"background-color":"var(--ast-global-color-5)","background-image":"","background-repeat":"repeat","background-position":"center center","background-size":"auto","background-attachment":"scroll","background-type":"","background-media":"","overlay-type":"","overlay-color":"","overlay-opacity":"","overlay-gradient":""}}},"product_brand":[],"product_cat":[129],"product_tag":[],"class_list":{"0":"post-3233","1":"product","2":"type-product","3":"status-publish","4":"has-post-thumbnail","6":"product_cat-masine-i-oprema-opste-namene","7":"desktop-align-center","8":"tablet-align-left","9":"mobile-align-left","11":"first","12":"instock","13":"shipping-taxable","14":"purchasable","15":"product-type-simple","16":"add-to-wishlist-after_add_to_cart"},"_links":{"self":[{"href":"https:\/\/anelsrb.com\/prodavnica\/wp-json\/wp\/v2\/product\/3233","targetHints":{"allow":["GET"]}}],"collection":[{"href":"https:\/\/anelsrb.com\/prodavnica\/wp-json\/wp\/v2\/product"}],"about":[{"href":"https:\/\/anelsrb.com\/prodavnica\/wp-json\/wp\/v2\/types\/product"}],"replies":[{"embeddable":true,"href":"https:\/\/anelsrb.com\/prodavnica\/wp-json\/wp\/v2\/comments?post=3233"}],"wp:featuredmedia":[{"embeddable":true,"href":"https:\/\/anelsrb.com\/prodavnica\/wp-json\/wp\/v2\/media\/3241"}],"wp:attachment":[{"href":"https:\/\/anelsrb.com\/prodavnica\/wp-json\/wp\/v2\/media?parent=3233"}],"wp:term":[{"taxonomy":"product_brand","embeddable":true,"href":"https:\/\/anelsrb.com\/prodavnica\/wp-json\/wp\/v2\/product_brand?post=3233"},{"taxonomy":"product_cat","embeddable":true,"href":"https:\/\/anelsrb.com\/prodavnica\/wp-json\/wp\/v2\/product_cat?post=3233"},{"taxonomy":"product_tag","embeddable":true,"href":"https:\/\/anelsrb.com\/prodavnica\/wp-json\/wp\/v2\/product_tag?post=3233"}],"curies":[{"name":"wp","href":"https:\/\/api.w.org\/{rel}","templated":true}]}}