{"id":3242,"date":"2024-12-11T13:03:31","date_gmt":"2024-12-11T12:03:31","guid":{"rendered":"https:\/\/anelsrb.com\/prodavnica\/?post_type=product&#038;p=3242"},"modified":"2025-11-10T13:58:26","modified_gmt":"2025-11-10T12:58:26","slug":"professional-akumulatorska-ubodna-testera-tp-js-18-135-li-bl-solo","status":"publish","type":"product","link":"https:\/\/anelsrb.com\/prodavnica\/product\/professional-akumulatorska-ubodna-testera-tp-js-18-135-li-bl-solo\/","title":{"rendered":"EINHELL PROFESSIONAL Akumulatorska ubodna testera TP-JS 18\/135 Li BL &#8211; Solo"},"content":{"rendered":"<p>Einhell profesionalna akumulatorska ubodna testera TP-JS 18\/135 Li BL je savr\u0161en alat za ambiciozne majstore kojima je potreban savr\u0161en rez u \u010ditavom nizu razli\u010ditih materijala. Kao \u010dlan Power X-Change porodice, nudi odli\u010dnu fleksibilnost pri radu u kuc\u0301i, radionici i gara\u017ei, jer se svi ure\u0111aji, baterije i punja\u010di mogu kombinovati u okviru porodice sistema. Zahvaljujuc\u0301i svojoj glatkoc\u0301i rada, akumulatorska ubodna testera obezbe\u0111uje precizne rezove. Za brzo se\u010denje mo\u017ee se uklju\u010diti hod klatna. Ure\u0111aj pokrec\u0301e Einhell PurePOWER motor bez \u010detkica. Ovaj motor bez \u010detkica nudi vi\u0161e snage i du\u017ee vreme rada od konvencionalnih motora sa karbonskim \u010detkama. Kada se registrujete na Einhell.rs , motor bez \u010detkica ima 10-godi\u0161nju garanciju. Sna\u017ena akumulatorska ubodna testera mo\u017ee da se\u010de do 135 mm duboko u drvo i 10 mm u \u010delik, kao i da pravi kose rezove do 45\u00b0. Tako\u0111e ima prakti\u010dan indikator linije se\u010denja i LED svetlo za osvetljavanje podru\u010dja se\u010denja. Zahvaljujuc\u0301i brzoj elektronici, moguc\u0301e je raditi savr\u0161eno uskla\u0111eno sa materijalom i primenom. Dr\u017ea\u010d testerice i zamena bez alata smanjuju nepotrebne pokrete i omoguc\u0301ava brzu i laku zamenu se\u010diva. Optimalna vidljivost tokom rada je obezbe\u0111ena funkcijom izduvavanja pra\u0161ine ili, alternativno, uklju\u010denim adapterom za usisavanje, koji omoguc\u0301ava povezivanje mokrog\/suvog usisiva\u010da. Integrisani plasti\u010dni klizni umetak \u0161titi posebno delikatne radne predmete, dok \u0161titnik protiv cepanja obezbe\u0111uje se\u010denje bez cepanja. Integrisani meki start obezbe\u0111uje visoku sigurnost i \u0161titi motor, a stabilna aluminijumska osnovna plo\u010da prigu\u0161uje vibracije testere. Uklju\u010duje jedan list ubodne testere za drvo. Alat ne uklju\u010duje bateriju ili punja\u010d. Oni su dostupni zasebno, na primer u prikladnom starter setu.<\/p>\n<p><strong>Ocekivano vreme isporuke je 5 -7 radnih dana<\/strong><\/p>\n<div id=\"technical-details\" class=\"section-row -padded-wide--mod-top-only\" data-anchornav=\"Tehni\u010dke specifikacije\">\n<div class=\"col-wrapper -max-width-limited -decrease-width\">\n<div class=\"col\">\n<div class=\"content-item module-headline-paragraph headline paragraph -color-headline-black\">\n<h2 class=\"heading delta\">Tehni\u010dke specifikacije<\/h2>\n<\/div>\n<div class=\"content-item module-table -styling-beta\">\n<table class=\"table__table\">\n<tbody>\n<tr class=\"-show tr-odd\">\n<td><span class=\"bold\">No-load speed<\/span><\/td>\n<td>0 min^-1 &#8211; 3500 min^-1<\/td>\n<\/tr>\n<tr class=\"-show tr-even\">\n<td><span class=\"bold\">Visina udara<\/span><\/td>\n<td>26 mm<\/td>\n<\/tr>\n<tr class=\"-show tr-odd\">\n<td><span class=\"bold\">Dubina rezanja u drvetu<\/span><\/td>\n<td>135 mm<\/td>\n<\/tr>\n<tr class=\"-show tr-even\">\n<td><span class=\"bold\">Dubina rezanja u plastici<\/span><\/td>\n<td>20 mm<\/td>\n<\/tr>\n<tr class=\"-show tr-odd\">\n<td><span class=\"bold\">Dubina rezanja u \u010deliku<\/span><\/td>\n<td>10 mm<\/td>\n<\/tr>\n<tr class=\"-show tr-even\">\n<td><span class=\"bold\">Maks.nagib reza<\/span><\/td>\n<td>45 \u00b0<\/td>\n<\/tr>\n<tr class=\"-show tr-odd\">\n<td><span class=\"bold\">Zamena reznog lista bez alata<\/span><\/td>\n<td>yes<\/td>\n<\/tr>\n<\/tbody>\n<\/table>\n<\/div>\n<\/div>\n<\/div>\n<\/div>\n<div id=\"video\" class=\"section-row -padded-wide--mod-top-only\" data-anchornav=\"Video\">\n<div class=\"col-wrapper l-1col -max-width-limited\">\n<div class=\"col\">\n<div class=\"content-item module-video -full-size\">\n<div class=\"cards__card\" data-video-id=\"video-0\">\n<div class=\"card__video\"><\/div>\n<\/div>\n<\/div>\n<\/div>\n<\/div>\n<\/div>\n","protected":false},"excerpt":{"rendered":"<div class=\"information__meta\"><span class=\"meta\"><span class=\"bold\">\u0160ifra artikla:\u00a0<\/span><span class=\"data-point-itemno\">4321260<\/span><\/span><span class=\"meta\"><span class=\"bold\">\u00a0EAN:\u00a0<\/span>4006825666618<\/span><\/div>\n<div class=\"information__content -standard-list\">\n<ul>\n<li class=\" meta\">Deo porodice Power X-Change, potrebna je 1x 18 V baterija<\/li>\n<li class=\" meta\">Motor bez \u010detkica \u2013 ve\u0107a snaga i du\u017ee vreme rada<\/li>\n<li class=\" meta\">PurePOWER bez \u010detkica \u2013 10 godina garancije na motor uz registraciju<\/li>\n<li class=\" meta\">Veoma gladak rad za precizno se\u010denje<\/li>\n<li class=\" meta\">Promenljivi hod klatna za brzo se\u010denje<\/li>\n<li class=\"-marked meta\">Elektronika brzine za optimalnu kontrolu alata<\/li>\n<li class=\"-marked meta\">Dr\u017ea\u010d se\u010diva bez alata<\/li>\n<li class=\"-marked meta\">Sa funkcijom izduvavanja pra\u0161ine za optimalnu vidljivost<\/li>\n<li class=\"-marked meta\">LED svetlo za osvetljavanje podru\u010dja koje se se\u010de<\/li>\n<li class=\"-marked meta\">Indikator linije se\u010denja za precizno se\u010denje<\/li>\n<li class=\"-marked meta\">\u010cvrsta aluminijumska osnovna plo\u010da za manje vibracije<\/li>\n<li class=\"-marked meta\">Integrisani plasti\u010dni klizni umetak \u0161titi osetljive radne predmete.<\/li>\n<li class=\"-marked meta\">Ograda za precizne, ravne rezove<\/li>\n<li class=\"-marked meta\">+ za\u0161tita od kidanja strugotina za rezove bez cepanja<\/li>\n<li class=\"-marked meta\">Meki start za visok nivo sigurnosti i za\u0161tite motora<\/li>\n<li class=\"-marked meta\">+ 1x listovi ubodne testere za drvo<\/li>\n<li class=\"-marked meta\">Dolazi bez baterije ili punja\u010da (prodaje se zasebno)<\/li>\n<\/ul>\n<\/div>\n","protected":false},"featured_media":3252,"comment_status":"open","ping_status":"closed","template":"","meta":{"site-sidebar-layout":"default","site-content-layout":"","ast-site-content-layout":"default","site-content-style":"default","site-sidebar-style":"default","ast-global-header-display":"","ast-banner-title-visibility":"","ast-main-header-display":"","ast-hfb-above-header-display":"","ast-hfb-below-header-display":"","ast-hfb-mobile-header-display":"","site-post-title":"","ast-breadcrumbs-content":"","ast-featured-img":"","footer-sml-layout":"","ast-disable-related-posts":"","theme-transparent-header-meta":"default","adv-header-id-meta":"","stick-header-meta":"","header-above-stick-meta":"","header-main-stick-meta":"","header-below-stick-meta":"","astra-migrate-meta-layouts":"set","ast-page-background-enabled":"default","ast-page-background-meta":{"desktop":{"background-color":"var(--ast-global-color-4)","background-image":"","background-repeat":"repeat","background-position":"center center","background-size":"auto","background-attachment":"scroll","background-type":"","background-media":"","overlay-type":"","overlay-color":"","overlay-opacity":"","overlay-gradient":""},"tablet":{"background-color":"","background-image":"","background-repeat":"repeat","background-position":"center center","background-size":"auto","background-attachment":"scroll","background-type":"","background-media":"","overlay-type":"","overlay-color":"","overlay-opacity":"","overlay-gradient":""},"mobile":{"background-color":"","background-image":"","background-repeat":"repeat","background-position":"center center","background-size":"auto","background-attachment":"scroll","background-type":"","background-media":"","overlay-type":"","overlay-color":"","overlay-opacity":"","overlay-gradient":""}},"ast-content-background-meta":{"desktop":{"background-color":"var(--ast-global-color-5)","background-image":"","background-repeat":"repeat","background-position":"center center","background-size":"auto","background-attachment":"scroll","background-type":"","background-media":"","overlay-type":"","overlay-color":"","overlay-opacity":"","overlay-gradient":""},"tablet":{"background-color":"var(--ast-global-color-5)","background-image":"","background-repeat":"repeat","background-position":"center center","background-size":"auto","background-attachment":"scroll","background-type":"","background-media":"","overlay-type":"","overlay-color":"","overlay-opacity":"","overlay-gradient":""},"mobile":{"background-color":"var(--ast-global-color-5)","background-image":"","background-repeat":"repeat","background-position":"center center","background-size":"auto","background-attachment":"scroll","background-type":"","background-media":"","overlay-type":"","overlay-color":"","overlay-opacity":"","overlay-gradient":""}}},"product_brand":[],"product_cat":[129],"product_tag":[],"class_list":{"0":"post-3242","1":"product","2":"type-product","3":"status-publish","4":"has-post-thumbnail","6":"product_cat-masine-i-oprema-opste-namene","7":"desktop-align-center","8":"tablet-align-left","9":"mobile-align-left","11":"first","12":"instock","13":"shipping-taxable","14":"purchasable","15":"product-type-simple","16":"add-to-wishlist-after_add_to_cart"},"_links":{"self":[{"href":"https:\/\/anelsrb.com\/prodavnica\/wp-json\/wp\/v2\/product\/3242","targetHints":{"allow":["GET"]}}],"collection":[{"href":"https:\/\/anelsrb.com\/prodavnica\/wp-json\/wp\/v2\/product"}],"about":[{"href":"https:\/\/anelsrb.com\/prodavnica\/wp-json\/wp\/v2\/types\/product"}],"replies":[{"embeddable":true,"href":"https:\/\/anelsrb.com\/prodavnica\/wp-json\/wp\/v2\/comments?post=3242"}],"wp:featuredmedia":[{"embeddable":true,"href":"https:\/\/anelsrb.com\/prodavnica\/wp-json\/wp\/v2\/media\/3252"}],"wp:attachment":[{"href":"https:\/\/anelsrb.com\/prodavnica\/wp-json\/wp\/v2\/media?parent=3242"}],"wp:term":[{"taxonomy":"product_brand","embeddable":true,"href":"https:\/\/anelsrb.com\/prodavnica\/wp-json\/wp\/v2\/product_brand?post=3242"},{"taxonomy":"product_cat","embeddable":true,"href":"https:\/\/anelsrb.com\/prodavnica\/wp-json\/wp\/v2\/product_cat?post=3242"},{"taxonomy":"product_tag","embeddable":true,"href":"https:\/\/anelsrb.com\/prodavnica\/wp-json\/wp\/v2\/product_tag?post=3242"}],"curies":[{"name":"wp","href":"https:\/\/api.w.org\/{rel}","templated":true}]}}