{"id":3253,"date":"2024-12-11T13:09:57","date_gmt":"2024-12-11T12:09:57","guid":{"rendered":"https:\/\/anelsrb.com\/prodavnica\/?post_type=product&#038;p=3253"},"modified":"2025-11-10T13:46:09","modified_gmt":"2025-11-10T12:46:09","slug":"baterija-18v-4ah-pxc-plus-twinpack","status":"publish","type":"product","link":"https:\/\/anelsrb.com\/prodavnica\/product\/baterija-18v-4ah-pxc-plus-twinpack\/","title":{"rendered":"EINHELL Baterija 18V 4Ah PXC Plus Twinpack"},"content":{"rendered":"<p>Einhell 18 V 4.0 Ah Power X-Change PLUS Twin-pack je deo multifunkcionalnog i beskona\u010dno kombinabilnog sistema punjivih baterija Power X-Change od Einhella. Univerzalne Power X-Change baterije pru\u017eaju snagu i izdr\u017eljivost za sve be\u017ei\u010dne alate \u0161irom cele porodice proizvoda koji obuhvataju sektor ba\u0161te i radionice. Prednosti za korisnike su jasne: sa jednom baterijom i jednim punja\u010dem za sve ure\u0111aje, ne samo da \u0161tedite zna\u010dajne tro\u0161kove kupovine, ve\u0107 i njen univerzalni karakter \u0161titi okolinu i tako\u0111e nudi fleksibilnost u ku\u0107i i ba\u0161ti ili radionici. Ne\u0107e biti nereda i haosa sa raznovrsnim baterijama i punja\u010dima za svaki pojedina\u010dni ure\u0111aj. Najnovija generacija litijum-ionskih \u0107elija pru\u017ea 100 % vi\u0161e snage za maksimalnu performansu u svim primenama, uz kompaktniji dizajn i smanjenu te\u017einu. Nadalje, na\u0161a PLUS tehnologija donosi dodatnu snagu za intenzivan rad. Tako\u0111e, visokokvalitetna baterija ne pati od efekta pam\u0107enja ili samopra\u017enjenja, te tako pru\u017ea konzistentnu, visoku snagu. 18-voltna 4.0 Ah Power X-Change PLUS je vrhunska baterija u porodici Power X-Change, i tako\u0111e je pogodna za upotrebu u TWIN-PACK 36 V primjenama. ABS aktivni sistem upravljanja baterijom neprekidno nadgleda parametre baterije putem integrisanog mikroprocesora. To osigurava maksimalnu sigurnost, optimalnu performansu ure\u0111aja, maksimalno trajanje baterije i maksimalni vek trajanja. Trenutni status punjenja mo\u017eete provjeriti putem LED indikatora sa 3 nivoa. Dizajn ku\u0107i\u0161ta \u010dini ga otpornim na pra\u0161inu, koroziju i mehani\u010dke uticaje. Gumeni premaz pru\u017ea bateriji visoku za\u0161titu od udaraca i dobar hvat. Uklju\u010duje dve 4.0 Ah Power X-Change PLUS baterije. Punja\u010d se prodaje zasebno.<\/p>\n<p><strong>Ocekivano vreme isporuke je 5 -7 radnih dana<\/strong><\/p>\n<div class=\"content-item module-headline-paragraph headline paragraph -color-headline-black\">\n<h2 class=\"heading delta\">Tehni\u010dke specifikacije<\/h2>\n<\/div>\n<div class=\"content-item module-table -styling-beta\">\n<table class=\"table__table\">\n<tbody>\n<tr class=\"-show tr-odd\">\n<td><span class=\"bold\">Volta\u017ea<\/span><\/td>\n<td>18 V<\/td>\n<\/tr>\n<tr class=\"-show tr-even\">\n<td><span class=\"bold\">Kapacitet baterije<\/span><\/td>\n<td>4000 mAh<\/td>\n<\/tr>\n<tr class=\"-show tr-odd\">\n<td><span class=\"bold\">Maks. snaga<\/span><\/td>\n<td>900 W<\/td>\n<\/tr>\n<tr class=\"-show tr-even\">\n<td><span class=\"bold\">Broj baterija<\/span><\/td>\n<td>2 Pieces<\/td>\n<\/tr>\n<\/tbody>\n<\/table>\n<\/div>\n","protected":false},"excerpt":{"rendered":"<div class=\"information__meta\"><span class=\"meta\"><span class=\"bold\">\u0160ifra artikla:\u00a0<\/span><span class=\"data-point-itemno\">4511629<\/span><\/span><span class=\"meta\"><span class=\"bold\">\u00a0EAN:\u00a0<\/span>4006825673685<\/span><\/div>\n<div class=\"information__content -standard-list\">\n<ul>\n<li class=\" meta\">Univerzalno kompatibilan sa svim Power X-Change ure\u0111ajima<\/li>\n<li class=\" meta\">PLUS tehnologija: vi\u0161e snage za intenzivan rad<\/li>\n<li class=\" meta\">Be\u017ei\u010dna sloboda i fleksibilnost u ku\u0107i i ba\u0161ti<\/li>\n<li class=\" meta\">Sistem upravljanja baterijom (ABS) za optimalno pra\u0107enje baterije<\/li>\n<li class=\" meta\">Najbolje performanse, sigurnost, izdr\u017eljivost i radni vek zahvaljuju\u0107i ABS-u<\/li>\n<li class=\"-marked meta\">Nisko samopra\u017enjenje zahvaljuju\u0107i visokokvalitetnim Li-jonskim \u0107elijama<\/li>\n<li class=\"-marked meta\">LED displej sa 3 pode\u0161avanja za kontrolu nivoa napunjenosti<\/li>\n<li class=\"-marked meta\">Visoka za\u0161tita od udara i dobro prianjanje zahvaljuju\u0107i gumiranom ku\u0107i\u0161tu<\/li>\n<li class=\"-marked meta\">Ku\u0107i\u0161te za\u0161ti\u0107eno od pra\u0161ine i korozije<\/li>\n<li class=\"-marked meta\">Uvu\u010dena ru\u010dka za lako va\u0111enje baterije iz alata<\/li>\n<li class=\"-marked meta\">Upotreba dvostrukog pakovanja u aplikacijama od 36 V<\/li>\n<\/ul>\n<\/div>\n","protected":false},"featured_media":3255,"comment_status":"open","ping_status":"closed","template":"","meta":{"site-sidebar-layout":"default","site-content-layout":"","ast-site-content-layout":"default","site-content-style":"default","site-sidebar-style":"default","ast-global-header-display":"","ast-banner-title-visibility":"","ast-main-header-display":"","ast-hfb-above-header-display":"","ast-hfb-below-header-display":"","ast-hfb-mobile-header-display":"","site-post-title":"","ast-breadcrumbs-content":"","ast-featured-img":"","footer-sml-layout":"","ast-disable-related-posts":"","theme-transparent-header-meta":"default","adv-header-id-meta":"","stick-header-meta":"","header-above-stick-meta":"","header-main-stick-meta":"","header-below-stick-meta":"","astra-migrate-meta-layouts":"set","ast-page-background-enabled":"default","ast-page-background-meta":{"desktop":{"background-color":"var(--ast-global-color-4)","background-image":"","background-repeat":"repeat","background-position":"center center","background-size":"auto","background-attachment":"scroll","background-type":"","background-media":"","overlay-type":"","overlay-color":"","overlay-opacity":"","overlay-gradient":""},"tablet":{"background-color":"","background-image":"","background-repeat":"repeat","background-position":"center center","background-size":"auto","background-attachment":"scroll","background-type":"","background-media":"","overlay-type":"","overlay-color":"","overlay-opacity":"","overlay-gradient":""},"mobile":{"background-color":"","background-image":"","background-repeat":"repeat","background-position":"center center","background-size":"auto","background-attachment":"scroll","background-type":"","background-media":"","overlay-type":"","overlay-color":"","overlay-opacity":"","overlay-gradient":""}},"ast-content-background-meta":{"desktop":{"background-color":"var(--ast-global-color-5)","background-image":"","background-repeat":"repeat","background-position":"center center","background-size":"auto","background-attachment":"scroll","background-type":"","background-media":"","overlay-type":"","overlay-color":"","overlay-opacity":"","overlay-gradient":""},"tablet":{"background-color":"var(--ast-global-color-5)","background-image":"","background-repeat":"repeat","background-position":"center center","background-size":"auto","background-attachment":"scroll","background-type":"","background-media":"","overlay-type":"","overlay-color":"","overlay-opacity":"","overlay-gradient":""},"mobile":{"background-color":"var(--ast-global-color-5)","background-image":"","background-repeat":"repeat","background-position":"center center","background-size":"auto","background-attachment":"scroll","background-type":"","background-media":"","overlay-type":"","overlay-color":"","overlay-opacity":"","overlay-gradient":""}}},"product_brand":[],"product_cat":[129],"product_tag":[],"class_list":{"0":"post-3253","1":"product","2":"type-product","3":"status-publish","4":"has-post-thumbnail","6":"product_cat-masine-i-oprema-opste-namene","7":"desktop-align-center","8":"tablet-align-left","9":"mobile-align-left","11":"first","12":"instock","13":"shipping-taxable","14":"purchasable","15":"product-type-simple","16":"add-to-wishlist-after_add_to_cart"},"_links":{"self":[{"href":"https:\/\/anelsrb.com\/prodavnica\/wp-json\/wp\/v2\/product\/3253","targetHints":{"allow":["GET"]}}],"collection":[{"href":"https:\/\/anelsrb.com\/prodavnica\/wp-json\/wp\/v2\/product"}],"about":[{"href":"https:\/\/anelsrb.com\/prodavnica\/wp-json\/wp\/v2\/types\/product"}],"replies":[{"embeddable":true,"href":"https:\/\/anelsrb.com\/prodavnica\/wp-json\/wp\/v2\/comments?post=3253"}],"wp:featuredmedia":[{"embeddable":true,"href":"https:\/\/anelsrb.com\/prodavnica\/wp-json\/wp\/v2\/media\/3255"}],"wp:attachment":[{"href":"https:\/\/anelsrb.com\/prodavnica\/wp-json\/wp\/v2\/media?parent=3253"}],"wp:term":[{"taxonomy":"product_brand","embeddable":true,"href":"https:\/\/anelsrb.com\/prodavnica\/wp-json\/wp\/v2\/product_brand?post=3253"},{"taxonomy":"product_cat","embeddable":true,"href":"https:\/\/anelsrb.com\/prodavnica\/wp-json\/wp\/v2\/product_cat?post=3253"},{"taxonomy":"product_tag","embeddable":true,"href":"https:\/\/anelsrb.com\/prodavnica\/wp-json\/wp\/v2\/product_tag?post=3253"}],"curies":[{"name":"wp","href":"https:\/\/api.w.org\/{rel}","templated":true}]}}