{"id":3256,"date":"2024-12-11T13:17:47","date_gmt":"2024-12-11T12:17:47","guid":{"rendered":"https:\/\/anelsrb.com\/prodavnica\/?post_type=product&#038;p=3256"},"modified":"2025-11-10T13:45:34","modified_gmt":"2025-11-10T12:45:34","slug":"akumulatorski-reflektor-te-cl-18-2500-liac-solo","status":"publish","type":"product","link":"https:\/\/anelsrb.com\/prodavnica\/product\/akumulatorski-reflektor-te-cl-18-2500-liac-solo\/","title":{"rendered":"EINHELL Akumulatorski reflektor TE-CL 18\/2500 LiAC-solo"},"content":{"rendered":"<p>Akumulatorska lampa Einhell TE-CL 18\/2500 LiAC &#8211; Solo sa 2.500 lumena zaista obasjava mrak. \u010clan je Power-X-Change porodice \u0161to zna\u010di da svaka punjiva baterija iz ove sistemske porodice mo\u017ee da se koristi u kombinaciji sa ovom lampom. Ova prakti\u010dna akumulatorska lampa je korisna ne samo za lo\u0161e osvetljena mesta kao \u0161to su podrumi, gradili\u0161ta, potkrovlja i tamni \u0107o\u0161kovi radionice. Ova akumulatorska lampa je prakti\u010dna i za nestanak struje ili kampovanje, no\u0107no pe\u0161a\u010denje, \u0161etnje nakon zalaska sunca, kao i za druge aktivnosti na otvorenom, kad god ne mo\u017eete da imate izvor svetla sa strujne mre\u017ee. Zahvaljuju\u0107i sedam dugotrajnih, jarkih LED svetala sa ukupno 2.500 lumena svetlosnog fluksa i 6.500 K(elvina) temperature boje, ova akumulatorska lampa ne samo da je svetlija, ve\u0107 i robusnija i otpornija na udare u pore\u0111enju sa uporedivom halogenom lampom. Dva nivoa ja\u010dine svetlosti pru\u017eaju idealno osvetljenje. Postoji navoj za stativ od 1\/4 in\u010da koji omoguc\u0301ava pri\u010dvr\u0161c\u0301ivanje lampe na stativ. Za lak\u0161e rukovanje i ve\u0107u fleksibilnost pri upotrebi, ova lampa ima tanak, lagani dizajn i ergonomsku ru\u010dku sa mekim rukohvatom. Ovaj proizvod dolazi bez baterije i punja\u010da iz Power X-Change serije, koji su dostupni posebno, na primer kao prakti\u010dni starter set.<\/p>\n<p><strong>Ocekivano vreme isporuke je 5-7 radnih dana<\/strong><\/p>\n<div class=\"content-item module-headline-paragraph headline paragraph -color-headline-black\">\n<h2 class=\"heading delta\">Tehni\u010dke specifikacije<\/h2>\n<\/div>\n<div class=\"content-item module-table -styling-beta\">\n<table class=\"table__table\">\n<tbody>\n<tr class=\"-show tr-odd\">\n<td><span class=\"bold\">Svetlosni fluks<\/span><\/td>\n<td>2500 lm<\/td>\n<\/tr>\n<tr class=\"-show tr-even\">\n<td><span class=\"bold\">Sjajna boja<\/span><\/td>\n<td>6500 K<\/td>\n<\/tr>\n<\/tbody>\n<\/table>\n<\/div>\n","protected":false},"excerpt":{"rendered":"<div class=\"information__meta\"><span class=\"meta\"><span class=\"bold\">\u0160ifra artikla:\u00a0<\/span><span class=\"data-point-itemno\">4514145<\/span><\/span><span class=\"meta\"><span class=\"bold\">\u00a0EAN:\u00a0<\/span>4006825649550<\/span><\/div>\n<div class=\"information__content -standard-list\">\n<ul>\n<li class=\" meta\">\u010clan Power X-Change porodice<\/li>\n<li class=\" meta\">7 jarkih LED svetala sa ukupno 2.500 lumena svetlosnog fluksa<\/li>\n<li class=\" meta\">Dva nivoa ja\u010dine svetlosti za idealno osvetljenje<\/li>\n<li class=\" meta\">6500 K temperature boje za dobro osvetljeno podru\u010dje rada<\/li>\n<li class=\" meta\">Tanak i lagani dizajn za raznovrsnu upotrebu<\/li>\n<li class=\"-marked meta\">Ergonomska ru\u010dka sa mekanom dr\u0161kom<\/li>\n<li class=\"-marked meta\">Mo\u017ee da radi sa priklju\u010dkom za upalja\u010d za cigarete od 12 V<\/li>\n<li class=\"-marked meta\">Mo\u017ee se pri\u010dvrstiti na stativ zahvaljuju\u0107i navoju za stativ od 1\/4 in\u010da<\/li>\n<li class=\"-marked meta\">U\u0161ica za pri\u010dvr\u0161\u0107ivanje za fleksibilno pri\u010dvr\u0161\u0107ivanje i skladi\u0161tenje<\/li>\n<li class=\"-marked meta\">Dolazi bez baterije i punja\u010da (dostupni odvojeno)<\/li>\n<\/ul>\n<\/div>\n","protected":false},"featured_media":3262,"comment_status":"open","ping_status":"closed","template":"","meta":{"site-sidebar-layout":"default","site-content-layout":"","ast-site-content-layout":"default","site-content-style":"default","site-sidebar-style":"default","ast-global-header-display":"","ast-banner-title-visibility":"","ast-main-header-display":"","ast-hfb-above-header-display":"","ast-hfb-below-header-display":"","ast-hfb-mobile-header-display":"","site-post-title":"","ast-breadcrumbs-content":"","ast-featured-img":"","footer-sml-layout":"","ast-disable-related-posts":"","theme-transparent-header-meta":"default","adv-header-id-meta":"","stick-header-meta":"","header-above-stick-meta":"","header-main-stick-meta":"","header-below-stick-meta":"","astra-migrate-meta-layouts":"set","ast-page-background-enabled":"default","ast-page-background-meta":{"desktop":{"background-color":"var(--ast-global-color-4)","background-image":"","background-repeat":"repeat","background-position":"center center","background-size":"auto","background-attachment":"scroll","background-type":"","background-media":"","overlay-type":"","overlay-color":"","overlay-opacity":"","overlay-gradient":""},"tablet":{"background-color":"","background-image":"","background-repeat":"repeat","background-position":"center center","background-size":"auto","background-attachment":"scroll","background-type":"","background-media":"","overlay-type":"","overlay-color":"","overlay-opacity":"","overlay-gradient":""},"mobile":{"background-color":"","background-image":"","background-repeat":"repeat","background-position":"center center","background-size":"auto","background-attachment":"scroll","background-type":"","background-media":"","overlay-type":"","overlay-color":"","overlay-opacity":"","overlay-gradient":""}},"ast-content-background-meta":{"desktop":{"background-color":"var(--ast-global-color-5)","background-image":"","background-repeat":"repeat","background-position":"center center","background-size":"auto","background-attachment":"scroll","background-type":"","background-media":"","overlay-type":"","overlay-color":"","overlay-opacity":"","overlay-gradient":""},"tablet":{"background-color":"var(--ast-global-color-5)","background-image":"","background-repeat":"repeat","background-position":"center center","background-size":"auto","background-attachment":"scroll","background-type":"","background-media":"","overlay-type":"","overlay-color":"","overlay-opacity":"","overlay-gradient":""},"mobile":{"background-color":"var(--ast-global-color-5)","background-image":"","background-repeat":"repeat","background-position":"center center","background-size":"auto","background-attachment":"scroll","background-type":"","background-media":"","overlay-type":"","overlay-color":"","overlay-opacity":"","overlay-gradient":""}}},"product_brand":[],"product_cat":[129],"product_tag":[],"class_list":{"0":"post-3256","1":"product","2":"type-product","3":"status-publish","4":"has-post-thumbnail","6":"product_cat-masine-i-oprema-opste-namene","7":"desktop-align-center","8":"tablet-align-left","9":"mobile-align-left","11":"first","12":"instock","13":"shipping-taxable","14":"purchasable","15":"product-type-simple","16":"add-to-wishlist-after_add_to_cart"},"_links":{"self":[{"href":"https:\/\/anelsrb.com\/prodavnica\/wp-json\/wp\/v2\/product\/3256","targetHints":{"allow":["GET"]}}],"collection":[{"href":"https:\/\/anelsrb.com\/prodavnica\/wp-json\/wp\/v2\/product"}],"about":[{"href":"https:\/\/anelsrb.com\/prodavnica\/wp-json\/wp\/v2\/types\/product"}],"replies":[{"embeddable":true,"href":"https:\/\/anelsrb.com\/prodavnica\/wp-json\/wp\/v2\/comments?post=3256"}],"wp:featuredmedia":[{"embeddable":true,"href":"https:\/\/anelsrb.com\/prodavnica\/wp-json\/wp\/v2\/media\/3262"}],"wp:attachment":[{"href":"https:\/\/anelsrb.com\/prodavnica\/wp-json\/wp\/v2\/media?parent=3256"}],"wp:term":[{"taxonomy":"product_brand","embeddable":true,"href":"https:\/\/anelsrb.com\/prodavnica\/wp-json\/wp\/v2\/product_brand?post=3256"},{"taxonomy":"product_cat","embeddable":true,"href":"https:\/\/anelsrb.com\/prodavnica\/wp-json\/wp\/v2\/product_cat?post=3256"},{"taxonomy":"product_tag","embeddable":true,"href":"https:\/\/anelsrb.com\/prodavnica\/wp-json\/wp\/v2\/product_tag?post=3256"}],"curies":[{"name":"wp","href":"https:\/\/api.w.org\/{rel}","templated":true}]}}