{"id":3273,"date":"2024-12-12T11:52:10","date_gmt":"2024-12-12T10:52:10","guid":{"rendered":"https:\/\/anelsrb.com\/prodavnica\/?post_type=product&#038;p=3273"},"modified":"2025-11-10T13:44:48","modified_gmt":"2025-11-10T12:44:48","slug":"akumulatorska-lancana-testera-ge-lc-18-li-solo","status":"publish","type":"product","link":"https:\/\/anelsrb.com\/prodavnica\/product\/akumulatorska-lancana-testera-ge-lc-18-li-solo\/","title":{"rendered":"EINHELL Akumulatorska lan\u010dana testera GE-LC 18 Li-Solo"},"content":{"rendered":"<p>Einhell be\u017ei\u010dni GE-LC 18 Li Solo kombinuje izvanredan kvalitet Einhell proizvoda sa OREGON rezanim performansama. Uz visokokvalitetni OREGON vo\u0111icu i lanac, akumulatorska testera je jednostavna za upotrebu, pouzdana i sigurna za rad. Ova pouzdana, prakti\u010dna motorna testera idealna je za obrezivanje ili obaranje manjeg do srednjeg drvec\u0301a, rezanje drva za ogrev i obrezivanje ili se\u010denje drvne gra\u0111e. Einhell akumulatorska motorna testera je sigurna i jednostavna za upotrebu u ba\u0161ti. Za\u0161tita od povratnog udara i mehani\u010dka ko\u010dnica lanca \u0161tite Vas dok radite sa motornom testerom. Lanac se odmah zaustavlja ako do\u0111e do povratnog udara. Zahvatni vijak se dr\u017ei za lanac ukoliko spadne sa vo\u0111ice. \u010cvrsta metalna stega dr\u017ei testeru stabilnom za dodatnu sigurnost i udobnost rada. Ergonomska ru\u010dka daje vam \u010dvrsto i udobno dr\u017eanje na Einhell akumulatorskoj motornoj testeri. Nisu potrebni alati za pode\u0161avanje zategnutosti lanca ili za zamenu lanca. Lanac se automatski podmazuje. Veliki otvor u rezervoaru za ulje uklanja potrebu za levkom. Ovaj proizvod dolazi bez baterije ili punja\u010da.<\/p>\n<div class=\"content-item module-headline-paragraph headline paragraph -color-headline-black\">\n<h2 class=\"heading delta\">Tehni\u010dke specifikacije<\/h2>\n<\/div>\n<div class=\"content-item module-table -styling-beta\">\n<table class=\"table__table\">\n<tbody>\n<tr class=\"-show tr-odd\">\n<td><span class=\"bold\">Du\u017eina ma\u010da<\/span><\/td>\n<td>250 mm<\/td>\n<\/tr>\n<tr class=\"-show tr-even\">\n<td><span class=\"bold\">Maks. du\u017eina rezanja<\/span><\/td>\n<td>230 mm<\/td>\n<\/tr>\n<tr class=\"-show tr-odd\">\n<td><span class=\"bold\">Brzina rezanja lan\u010danika<\/span><\/td>\n<td>4.3 m\/s<\/td>\n<\/tr>\n<tr class=\"-show tr-even\">\n<td><span class=\"bold\">Zapremina rezervoara za ulje<\/span><\/td>\n<td>200 mL<\/td>\n<\/tr>\n<\/tbody>\n<\/table>\n<\/div>\n","protected":false},"excerpt":{"rendered":"<div class=\"information__meta\"><span class=\"meta\"><span class=\"bold\">\u0160ifra artikla:\u00a0<\/span><span class=\"data-point-itemno\">4501761<\/span><\/span><span class=\"meta\"><span class=\"bold\">\u00a0EAN:\u00a0<\/span>4006825608342<\/span><\/div>\n<div class=\"information__content -standard-list\">\n<ul>\n<li class=\" meta\">OREGON kvalitet lanca<\/li>\n<li class=\" meta\">Zamena i zatezanje lanca bez alata<\/li>\n<li class=\" meta\">Ergonomske ru\u010dke<\/li>\n<li class=\" meta\">Metalna stega za zaustavljanje<\/li>\n<li class=\" meta\">Za\u0161tita od povratnog udaraca sa mehani\u010dkom ko\u010dnicom za lanac<\/li>\n<li class=\"-marked meta\">Veliki otvor za punjenje<\/li>\n<li class=\"-marked meta\">Automatsko podmazivanje lanca<\/li>\n<li class=\"-marked meta\">Vijak za hvatanje lanca<\/li>\n<li class=\"-marked meta\">Isporu\u010duje se bez baterije i punja\u010da (dostupni odvojeno)<\/li>\n<\/ul>\n<\/div>\n","protected":false},"featured_media":3281,"comment_status":"open","ping_status":"closed","template":"","meta":{"site-sidebar-layout":"default","site-content-layout":"","ast-site-content-layout":"default","site-content-style":"default","site-sidebar-style":"default","ast-global-header-display":"","ast-banner-title-visibility":"","ast-main-header-display":"","ast-hfb-above-header-display":"","ast-hfb-below-header-display":"","ast-hfb-mobile-header-display":"","site-post-title":"","ast-breadcrumbs-content":"","ast-featured-img":"","footer-sml-layout":"","ast-disable-related-posts":"","theme-transparent-header-meta":"default","adv-header-id-meta":"","stick-header-meta":"","header-above-stick-meta":"","header-main-stick-meta":"","header-below-stick-meta":"","astra-migrate-meta-layouts":"set","ast-page-background-enabled":"default","ast-page-background-meta":{"desktop":{"background-color":"var(--ast-global-color-4)","background-image":"","background-repeat":"repeat","background-position":"center center","background-size":"auto","background-attachment":"scroll","background-type":"","background-media":"","overlay-type":"","overlay-color":"","overlay-opacity":"","overlay-gradient":""},"tablet":{"background-color":"","background-image":"","background-repeat":"repeat","background-position":"center center","background-size":"auto","background-attachment":"scroll","background-type":"","background-media":"","overlay-type":"","overlay-color":"","overlay-opacity":"","overlay-gradient":""},"mobile":{"background-color":"","background-image":"","background-repeat":"repeat","background-position":"center center","background-size":"auto","background-attachment":"scroll","background-type":"","background-media":"","overlay-type":"","overlay-color":"","overlay-opacity":"","overlay-gradient":""}},"ast-content-background-meta":{"desktop":{"background-color":"var(--ast-global-color-5)","background-image":"","background-repeat":"repeat","background-position":"center center","background-size":"auto","background-attachment":"scroll","background-type":"","background-media":"","overlay-type":"","overlay-color":"","overlay-opacity":"","overlay-gradient":""},"tablet":{"background-color":"var(--ast-global-color-5)","background-image":"","background-repeat":"repeat","background-position":"center center","background-size":"auto","background-attachment":"scroll","background-type":"","background-media":"","overlay-type":"","overlay-color":"","overlay-opacity":"","overlay-gradient":""},"mobile":{"background-color":"var(--ast-global-color-5)","background-image":"","background-repeat":"repeat","background-position":"center center","background-size":"auto","background-attachment":"scroll","background-type":"","background-media":"","overlay-type":"","overlay-color":"","overlay-opacity":"","overlay-gradient":""}}},"product_brand":[],"product_cat":[129],"product_tag":[],"class_list":{"0":"post-3273","1":"product","2":"type-product","3":"status-publish","4":"has-post-thumbnail","6":"product_cat-masine-i-oprema-opste-namene","7":"desktop-align-center","8":"tablet-align-left","9":"mobile-align-left","11":"first","12":"instock","13":"shipping-taxable","14":"purchasable","15":"product-type-simple","16":"add-to-wishlist-after_add_to_cart"},"_links":{"self":[{"href":"https:\/\/anelsrb.com\/prodavnica\/wp-json\/wp\/v2\/product\/3273","targetHints":{"allow":["GET"]}}],"collection":[{"href":"https:\/\/anelsrb.com\/prodavnica\/wp-json\/wp\/v2\/product"}],"about":[{"href":"https:\/\/anelsrb.com\/prodavnica\/wp-json\/wp\/v2\/types\/product"}],"replies":[{"embeddable":true,"href":"https:\/\/anelsrb.com\/prodavnica\/wp-json\/wp\/v2\/comments?post=3273"}],"wp:featuredmedia":[{"embeddable":true,"href":"https:\/\/anelsrb.com\/prodavnica\/wp-json\/wp\/v2\/media\/3281"}],"wp:attachment":[{"href":"https:\/\/anelsrb.com\/prodavnica\/wp-json\/wp\/v2\/media?parent=3273"}],"wp:term":[{"taxonomy":"product_brand","embeddable":true,"href":"https:\/\/anelsrb.com\/prodavnica\/wp-json\/wp\/v2\/product_brand?post=3273"},{"taxonomy":"product_cat","embeddable":true,"href":"https:\/\/anelsrb.com\/prodavnica\/wp-json\/wp\/v2\/product_cat?post=3273"},{"taxonomy":"product_tag","embeddable":true,"href":"https:\/\/anelsrb.com\/prodavnica\/wp-json\/wp\/v2\/product_tag?post=3273"}],"curies":[{"name":"wp","href":"https:\/\/api.w.org\/{rel}","templated":true}]}}