{"id":3289,"date":"2024-12-12T12:24:25","date_gmt":"2024-12-12T11:24:25","guid":{"rendered":"https:\/\/anelsrb.com\/prodavnica\/?post_type=product&#038;p=3289"},"modified":"2025-11-10T13:47:06","modified_gmt":"2025-11-10T12:47:06","slug":"einhell-stalak-za-rezanje-drva","status":"publish","type":"product","link":"https:\/\/anelsrb.com\/prodavnica\/product\/einhell-stalak-za-rezanje-drva\/","title":{"rendered":"EINHELL stalak za rezanje drva"},"content":{"rendered":"<p>Einhell nogare za rezanje motornom testerom pru\u017eaju maksimalnu sigurnost i stabilnost kada radite sa motornom testerom. Dodatni popre\u010dni nosa\u010di osiguravaju da nosa\u010d testere stoji \u010dvrsto tokom izvo\u0111enja radova. Nogare su dizajnirane za maksimalnu nosivost od 150 kilograma, a duga\u010dke su 80 centimetara. Pre\u010dnici od 300 mm mogu se udobno namestiti na nogare i rezati. Zubi spre\u010davaju da se drvo uvija dok radite sa testerom. Robusni, pocinkvani ugaoni profili napravljeni su od izdr\u017eljivog metala. Da bi se posao obavljao ugodno i ergonomski, nosa\u010d lan\u010dane testere mo\u017ee se podesiti na tri razli\u010dite visine rada: na 680 mm, 640 mm i 600 mm. Mo\u017ee se sklopiti i shodno tome odlo\u017eiti na minimalno mesto u \u0161upi, gara\u017ei ili podrumu, dok ne bude potrebno ponovo.<\/p>\n<div class=\"content-item module-headline-paragraph headline paragraph -color-headline-black\">\n<h2 class=\"heading delta\">Tehni\u010dke specifikacije<\/h2>\n<\/div>\n<div class=\"content-item module-table -styling-beta\">\n<table class=\"table__table\">\n<tbody>\n<tr class=\"-show tr-odd\">\n<td><span class=\"bold\">Radna visina<\/span><\/td>\n<td>680 mm \/ 640 mm \/ 600 mm<\/td>\n<\/tr>\n<tr class=\"-show tr-even\">\n<td><span class=\"bold\">Du\u017eina<\/span><\/td>\n<td>80 cm<\/td>\n<\/tr>\n<tr class=\"-show tr-odd\">\n<td><span class=\"bold\">Maksimalna nosivost<\/span><\/td>\n<td>150 kg<\/td>\n<\/tr>\n<tr class=\"-show tr-even\">\n<td><span class=\"bold\">\u0160irina cepanice cca.<\/span><\/td>\n<td>300 mm<\/td>\n<\/tr>\n<\/tbody>\n<\/table>\n<\/div>\n","protected":false},"excerpt":{"rendered":"<div class=\"information__title\">\n<h1 class=\"heading gamma -color-alpha\">Chain Saw Trestle<\/h1>\n<\/div>\n<div class=\"information__meta\"><span class=\"meta\"><span class=\"bold\">\u0160ifra artikla:\u00a0<\/span><span class=\"data-point-itemno\">4500067<\/span><\/span><span class=\"meta\"><span class=\"bold\">\u00a0EAN:\u00a0<\/span>4006825548693<\/span><\/div>\n<div class=\"information__content -standard-list\">\n<ul>\n<li class=\" meta\">Robustni, galvanizovani L profili izra\u0111eni od metala<\/li>\n<li class=\" meta\">Zubi spre\u010davaju izvrtanje trupca<\/li>\n<li class=\" meta\">3 rali\u010dite visine za rad<\/li>\n<li class=\" meta\">Mogu\u0107nost savijanja omogu\u0107ava u\u0161tedu prostora kod odlaganja<\/li>\n<li class=\" meta\">Dodatni popre\u010dni nosa\u010di za ve\u0107u stabilnost<\/li>\n<\/ul>\n<\/div>\n","protected":false},"featured_media":3290,"comment_status":"open","ping_status":"closed","template":"","meta":{"site-sidebar-layout":"default","site-content-layout":"","ast-site-content-layout":"default","site-content-style":"default","site-sidebar-style":"default","ast-global-header-display":"","ast-banner-title-visibility":"","ast-main-header-display":"","ast-hfb-above-header-display":"","ast-hfb-below-header-display":"","ast-hfb-mobile-header-display":"","site-post-title":"","ast-breadcrumbs-content":"","ast-featured-img":"","footer-sml-layout":"","ast-disable-related-posts":"","theme-transparent-header-meta":"default","adv-header-id-meta":"","stick-header-meta":"","header-above-stick-meta":"","header-main-stick-meta":"","header-below-stick-meta":"","astra-migrate-meta-layouts":"set","ast-page-background-enabled":"default","ast-page-background-meta":{"desktop":{"background-color":"var(--ast-global-color-4)","background-image":"","background-repeat":"repeat","background-position":"center center","background-size":"auto","background-attachment":"scroll","background-type":"","background-media":"","overlay-type":"","overlay-color":"","overlay-opacity":"","overlay-gradient":""},"tablet":{"background-color":"","background-image":"","background-repeat":"repeat","background-position":"center center","background-size":"auto","background-attachment":"scroll","background-type":"","background-media":"","overlay-type":"","overlay-color":"","overlay-opacity":"","overlay-gradient":""},"mobile":{"background-color":"","background-image":"","background-repeat":"repeat","background-position":"center center","background-size":"auto","background-attachment":"scroll","background-type":"","background-media":"","overlay-type":"","overlay-color":"","overlay-opacity":"","overlay-gradient":""}},"ast-content-background-meta":{"desktop":{"background-color":"var(--ast-global-color-5)","background-image":"","background-repeat":"repeat","background-position":"center center","background-size":"auto","background-attachment":"scroll","background-type":"","background-media":"","overlay-type":"","overlay-color":"","overlay-opacity":"","overlay-gradient":""},"tablet":{"background-color":"var(--ast-global-color-5)","background-image":"","background-repeat":"repeat","background-position":"center center","background-size":"auto","background-attachment":"scroll","background-type":"","background-media":"","overlay-type":"","overlay-color":"","overlay-opacity":"","overlay-gradient":""},"mobile":{"background-color":"var(--ast-global-color-5)","background-image":"","background-repeat":"repeat","background-position":"center center","background-size":"auto","background-attachment":"scroll","background-type":"","background-media":"","overlay-type":"","overlay-color":"","overlay-opacity":"","overlay-gradient":""}}},"product_brand":[],"product_cat":[129],"product_tag":[],"class_list":{"0":"post-3289","1":"product","2":"type-product","3":"status-publish","4":"has-post-thumbnail","6":"product_cat-masine-i-oprema-opste-namene","7":"desktop-align-center","8":"tablet-align-left","9":"mobile-align-left","11":"first","12":"instock","13":"shipping-taxable","14":"purchasable","15":"product-type-simple","16":"add-to-wishlist-after_add_to_cart"},"_links":{"self":[{"href":"https:\/\/anelsrb.com\/prodavnica\/wp-json\/wp\/v2\/product\/3289","targetHints":{"allow":["GET"]}}],"collection":[{"href":"https:\/\/anelsrb.com\/prodavnica\/wp-json\/wp\/v2\/product"}],"about":[{"href":"https:\/\/anelsrb.com\/prodavnica\/wp-json\/wp\/v2\/types\/product"}],"replies":[{"embeddable":true,"href":"https:\/\/anelsrb.com\/prodavnica\/wp-json\/wp\/v2\/comments?post=3289"}],"wp:featuredmedia":[{"embeddable":true,"href":"https:\/\/anelsrb.com\/prodavnica\/wp-json\/wp\/v2\/media\/3290"}],"wp:attachment":[{"href":"https:\/\/anelsrb.com\/prodavnica\/wp-json\/wp\/v2\/media?parent=3289"}],"wp:term":[{"taxonomy":"product_brand","embeddable":true,"href":"https:\/\/anelsrb.com\/prodavnica\/wp-json\/wp\/v2\/product_brand?post=3289"},{"taxonomy":"product_cat","embeddable":true,"href":"https:\/\/anelsrb.com\/prodavnica\/wp-json\/wp\/v2\/product_cat?post=3289"},{"taxonomy":"product_tag","embeddable":true,"href":"https:\/\/anelsrb.com\/prodavnica\/wp-json\/wp\/v2\/product_tag?post=3289"}],"curies":[{"name":"wp","href":"https:\/\/api.w.org\/{rel}","templated":true}]}}